{"id":16164,"date":"2021-04-19T08:48:07","date_gmt":"2021-04-19T07:48:07","guid":{"rendered":"https:\/\/mamaterra.lt\/parduotuve\/maaratlemata\/doterra-toitainete-kompleks-mikropleks-vmz\/"},"modified":"2021-04-19T08:48:07","modified_gmt":"2021-04-19T07:48:07","slug":"doterra-toitevaartuslikud-koostisosad-kompleks-mikroplex-vmz","status":"publish","type":"product","link":"https:\/\/mamaterra.lt\/et\/parduotuve\/eeterlikud-olid\/doterra-toitevaartuslikud-koostisosad-kompleks-mikroplex-vmz\/","title":{"rendered":"doTERRA toitainete kompleks mikropleks VMz\u2122"},"content":{"rendered":"<p><strong>doTERRA toitainete kompleks mikropleks VMz\u2122<\/strong><\/p>\n<p>120 kapslit<\/p>\n<p>&nbsp;<\/p>\n<p><strong>doTERRA Nutrient Complex mikroplex VMz\u2122 Peamised eelised:<\/strong><\/p>\n<p>doTERRA Microplex VMz on biosaadavate vitamiinide ja mineraalide kompleks, mis t\u00e4nap\u00e4eva toitumises sageli puudub. A-, C-, E- ja B-grupi vitamiinide tasakaalustatud seguga.<\/p>\n<ul>\n<li>Toidust saadud mineraalide ja orgaaniliste mikroelementidega<\/li>\n<li>Taimsed kapslid ei sisalda naatriumlaurilsulfaati<\/li>\n<li>K\u00f5htu rahustava seguga doTERRA piparm\u00fcndi, ingveri ja k\u00f6\u00f6mne seemnete eeterlikest \u00f5lidest<\/li>\n<li>Taimetoitlaste kapslid ei sisalda naatriumlaur\u00fc\u00fclsulfaati<\/li>\n<\/ul>\n<p>&nbsp;<\/p>\n<p>Vaadake videot <strong>selle doTERRA Nutrient Complex mikropleksi VMz\u2122 kohta.<\/strong><\/p>\n<p><iframe title=\"doTERRA elukestev eluj\u00f5upakett koos mikropleksiga VMz\" src=\"https:\/\/www.youtube.com\/embed\/4VKjtbaLZJA\" width=\"946\" height=\"532\" frameborder=\"0\" allowfullscreen=\"allowfullscreen\"><\/iframe><\/p>\n","protected":false},"excerpt":{"rendered":"<ul>\n<li>Toidust saadud mineraalide ja orgaaniliste mikroelementidega<\/li>\n<li>Taimsed kapslid ei sisalda naatriumlaurilsulfaati<\/li>\n<li>K\u00f5htu rahustava seguga doTERRA piparm\u00fcndi, ingveri ja k\u00f6\u00f6mne seemnete eeterlikest \u00f5lidest<\/li>\n<li>Taimetoitlaste kapslid ei sisalda naatriumlaur\u00fc\u00fclsulfaati<\/li>\n<\/ul>\n","protected":false},"featured_media":12881,"template":"","meta":{"site-sidebar-layout":"default","site-content-layout":"default","ast-site-content-layout":"default","site-content-style":"default","site-sidebar-style":"default","ast-global-header-display":"","ast-banner-title-visibility":"","ast-main-header-display":"","ast-hfb-above-header-display":"","ast-hfb-below-header-display":"","ast-hfb-mobile-header-display":"","site-post-title":"","ast-breadcrumbs-content":"","ast-featured-img":"","footer-sml-layout":"","ast-disable-related-posts":"","theme-transparent-header-meta":"default","adv-header-id-meta":"","stick-header-meta":"","header-above-stick-meta":"","header-main-stick-meta":"","header-below-stick-meta":"","astra-migrate-meta-layouts":"default","ast-page-background-enabled":"default","ast-page-background-meta":{"desktop":{"background-color":"","background-image":"","background-repeat":"repeat","background-position":"center center","background-size":"auto","background-attachment":"scroll","background-type":"","background-media":"","overlay-type":"","overlay-color":"","overlay-opacity":"","overlay-gradient":""},"tablet":{"background-color":"","background-image":"","background-repeat":"repeat","background-position":"center center","background-size":"auto","background-attachment":"scroll","background-type":"","background-media":"","overlay-type":"","overlay-color":"","overlay-opacity":"","overlay-gradient":""},"mobile":{"background-color":"","background-image":"","background-repeat":"repeat","background-position":"center center","background-size":"auto","background-attachment":"scroll","background-type":"","background-media":"","overlay-type":"","overlay-color":"","overlay-opacity":"","overlay-gradient":""}},"ast-content-background-meta":{"desktop":{"background-color":"var(--ast-global-color-5)","background-image":"","background-repeat":"repeat","background-position":"center center","background-size":"auto","background-attachment":"scroll","background-type":"","background-media":"","overlay-type":"","overlay-color":"","overlay-opacity":"","overlay-gradient":""},"tablet":{"background-color":"var(--ast-global-color-5)","background-image":"","background-repeat":"repeat","background-position":"center center","background-size":"auto","background-attachment":"scroll","background-type":"","background-media":"","overlay-type":"","overlay-color":"","overlay-opacity":"","overlay-gradient":""},"mobile":{"background-color":"var(--ast-global-color-5)","background-image":"","background-repeat":"repeat","background-position":"center center","background-size":"auto","background-attachment":"scroll","background-type":"","background-media":"","overlay-type":"","overlay-color":"","overlay-opacity":"","overlay-gradient":""}}},"product_brand":[],"product_cat":[1699],"product_tag":[],"class_list":{"0":"post-16164","1":"product","2":"type-product","3":"status-publish","4":"has-post-thumbnail","6":"product_cat-eeterlikud-olid","7":"desktop-align-left","8":"tablet-align-left","9":"mobile-align-left","11":"first","12":"instock","13":"sale","14":"taxable","15":"shipping-taxable","16":"purchasable","17":"product-type-simple"},"_links":{"self":[{"href":"https:\/\/mamaterra.lt\/et\/wp-json\/wp\/v2\/product\/16164","targetHints":{"allow":["GET"]}}],"collection":[{"href":"https:\/\/mamaterra.lt\/et\/wp-json\/wp\/v2\/product"}],"about":[{"href":"https:\/\/mamaterra.lt\/et\/wp-json\/wp\/v2\/types\/product"}],"wp:featuredmedia":[{"embeddable":true,"href":"https:\/\/mamaterra.lt\/et\/wp-json\/wp\/v2\/media\/12881"}],"wp:attachment":[{"href":"https:\/\/mamaterra.lt\/et\/wp-json\/wp\/v2\/media?parent=16164"}],"wp:term":[{"taxonomy":"product_brand","embeddable":true,"href":"https:\/\/mamaterra.lt\/et\/wp-json\/wp\/v2\/product_brand?post=16164"},{"taxonomy":"product_cat","embeddable":true,"href":"https:\/\/mamaterra.lt\/et\/wp-json\/wp\/v2\/product_cat?post=16164"},{"taxonomy":"product_tag","embeddable":true,"href":"https:\/\/mamaterra.lt\/et\/wp-json\/wp\/v2\/product_tag?post=16164"}],"curies":[{"name":"wp","href":"https:\/\/api.w.org\/{rel}","templated":true}]}}