{"id":16153,"date":"2021-09-08T09:53:08","date_gmt":"2021-09-08T08:53:08","guid":{"rendered":"https:\/\/mamaterra.lt\/parduotuve\/maaratlemata\/doterra-on-guard-pastillid-terved-kurgutilgad-120g\/"},"modified":"2021-09-08T09:53:08","modified_gmt":"2021-09-08T08:53:08","slug":"doterra-valvel-pastillid-terved-kurgutilgad-120g","status":"publish","type":"product","link":"https:\/\/mamaterra.lt\/et\/parduotuve\/eeterlikud-olid\/eeterlike-olide-segud\/doterra-valvel-pastillid-terved-kurgutilgad-120g\/","title":{"rendered":"doTERRA On Guard Pastillid (terved kurgutilgad) 120g"},"content":{"rendered":"<p><strong>doTERRA On Guard\u00ae k\u00fclmutavad maiustused &#8211; pastillid (tervislikud kurgutilgad)<\/strong><\/p>\n<p>120g &#8211; 30 pastilli<\/p>\n<p>&nbsp;<\/p>\n<p>doTERRA On Guard pastillid on mugav viis saada immuuns\u00fcsteemi toetava doTERRA On Guardi patenteeritud eeterliku \u00f5li segu kasulikke omadusi kurgu jaoks t\u00e4iesti looduslikes pastillides.<\/p>\n<p><strong>doTERRA On Guard\u00ae k\u00fclmutamine kommid Peamised eelised:<\/strong><\/p>\n<ul>\n<li>Aitab rahustada ja pehmendada kuiva, pundunud kurku.<\/li>\n<li>Aitab tugevdada organismi kaitsev\u00e4gesid.<\/li>\n<li>Patenteeritud segu doTERRA On Guard kurgutilkadest, mis koosneb CPTG-sertifikaadiga puhtast, testitud eeterlikust \u00f5list, sealhulgas metsikust apelsinist, nelgist, kaneelist, eukal\u00fcptist, rosmariini ja m\u00fcrri eeterlikest \u00f5lidest, mis on mugavalt pakitud eraldi tilkadesse.<\/li>\n<li>Segatakse orgaanilise roosuhkru ja orgaanilise pruuni riisisiirupi magusas aluses, ilma kunstlike l\u00f5hna- ja maitseainete v\u00f5i v\u00e4rvaineteta.<\/li>\n<\/ul>\n<p><strong>doTERRA On Guard\u00ae k\u00fclmutamise kommide kasutusjuhised:<\/strong><\/p>\n<p>Haarake \u00fcks doTERRA On Guard Defending Throat pastilli vastavalt vajadusele. Parimate tulemuste saavutamiseks kasutage kogu p\u00e4eva jooksul kurgus doTERRA On Guard pastillid ja peske k\u00e4si sageli doTERRA On Guard s\u00e4deleva k\u00e4sipesuga.<\/p>\n<p>&nbsp;<\/p>\n<p>Lisateave doTERRA On Guardi\u00ae maiustuste kohta.<\/p>\n<p><iframe title=\"doTERRA On Guard\u00ae Terved kurgutilgad\" src=\"https:\/\/www.youtube.com\/embed\/QizrEXA9XqI\" width=\"946\" height=\"532\" frameborder=\"0\" allowfullscreen=\"allowfullscreen\"><\/iframe><\/p>\n","protected":false},"excerpt":{"rendered":"<ul>\n<li>doTERRA On Guard pastillid on mugav viis saada immuuns\u00fcsteemi toetava doTERRA On Guardi patenteeritud eeterliku \u00f5li segu kasulikest omadustest kurgu jaoks t\u00e4iesti looduslikes pastillides<\/li>\n<li>Aitab rahustada ja pehmendada kuiva, pundunud kurku<\/li>\n<li>Aitab tugevdada organismi kaitsev\u00e4ge<\/li>\n<\/ul>\n","protected":false},"featured_media":12824,"template":"","meta":{"site-sidebar-layout":"default","site-content-layout":"default","ast-site-content-layout":"default","site-content-style":"default","site-sidebar-style":"default","ast-global-header-display":"","ast-banner-title-visibility":"","ast-main-header-display":"","ast-hfb-above-header-display":"","ast-hfb-below-header-display":"","ast-hfb-mobile-header-display":"","site-post-title":"","ast-breadcrumbs-content":"","ast-featured-img":"","footer-sml-layout":"","ast-disable-related-posts":"","theme-transparent-header-meta":"default","adv-header-id-meta":"","stick-header-meta":"","header-above-stick-meta":"","header-main-stick-meta":"","header-below-stick-meta":"","astra-migrate-meta-layouts":"default","ast-page-background-enabled":"default","ast-page-background-meta":{"desktop":{"background-color":"","background-image":"","background-repeat":"repeat","background-position":"center center","background-size":"auto","background-attachment":"scroll","background-type":"","background-media":"","overlay-type":"","overlay-color":"","overlay-opacity":"","overlay-gradient":""},"tablet":{"background-color":"","background-image":"","background-repeat":"repeat","background-position":"center center","background-size":"auto","background-attachment":"scroll","background-type":"","background-media":"","overlay-type":"","overlay-color":"","overlay-opacity":"","overlay-gradient":""},"mobile":{"background-color":"","background-image":"","background-repeat":"repeat","background-position":"center center","background-size":"auto","background-attachment":"scroll","background-type":"","background-media":"","overlay-type":"","overlay-color":"","overlay-opacity":"","overlay-gradient":""}},"ast-content-background-meta":{"desktop":{"background-color":"var(--ast-global-color-5)","background-image":"","background-repeat":"repeat","background-position":"center center","background-size":"auto","background-attachment":"scroll","background-type":"","background-media":"","overlay-type":"","overlay-color":"","overlay-opacity":"","overlay-gradient":""},"tablet":{"background-color":"var(--ast-global-color-5)","background-image":"","background-repeat":"repeat","background-position":"center center","background-size":"auto","background-attachment":"scroll","background-type":"","background-media":"","overlay-type":"","overlay-color":"","overlay-opacity":"","overlay-gradient":""},"mobile":{"background-color":"var(--ast-global-color-5)","background-image":"","background-repeat":"repeat","background-position":"center center","background-size":"auto","background-attachment":"scroll","background-type":"","background-media":"","overlay-type":"","overlay-color":"","overlay-opacity":"","overlay-gradient":""}}},"product_brand":[],"product_cat":[1701,1699,1756,1746],"product_tag":[1660,1439,1649],"class_list":{"0":"post-16153","1":"product","2":"type-product","3":"status-publish","4":"has-post-thumbnail","6":"product_cat-eeterlike-olide-segud","7":"product_cat-eeterlikud-olid","8":"product_cat-lastele","9":"product_cat-on-guard-tooted","10":"product_tag-kommid","11":"product_tag-on-guard-et","12":"product_tag-pastillid","13":"desktop-align-left","14":"tablet-align-left","15":"mobile-align-left","17":"first","18":"instock","19":"sale","20":"taxable","21":"shipping-taxable","22":"purchasable","23":"product-type-simple"},"_links":{"self":[{"href":"https:\/\/mamaterra.lt\/et\/wp-json\/wp\/v2\/product\/16153","targetHints":{"allow":["GET"]}}],"collection":[{"href":"https:\/\/mamaterra.lt\/et\/wp-json\/wp\/v2\/product"}],"about":[{"href":"https:\/\/mamaterra.lt\/et\/wp-json\/wp\/v2\/types\/product"}],"wp:featuredmedia":[{"embeddable":true,"href":"https:\/\/mamaterra.lt\/et\/wp-json\/wp\/v2\/media\/12824"}],"wp:attachment":[{"href":"https:\/\/mamaterra.lt\/et\/wp-json\/wp\/v2\/media?parent=16153"}],"wp:term":[{"taxonomy":"product_brand","embeddable":true,"href":"https:\/\/mamaterra.lt\/et\/wp-json\/wp\/v2\/product_brand?post=16153"},{"taxonomy":"product_cat","embeddable":true,"href":"https:\/\/mamaterra.lt\/et\/wp-json\/wp\/v2\/product_cat?post=16153"},{"taxonomy":"product_tag","embeddable":true,"href":"https:\/\/mamaterra.lt\/et\/wp-json\/wp\/v2\/product_tag?post=16153"}],"curies":[{"name":"wp","href":"https:\/\/api.w.org\/{rel}","templated":true}]}}