{"id":16149,"date":"2021-04-19T09:53:39","date_gmt":"2021-04-19T08:53:39","guid":{"rendered":"https:\/\/mamaterra.lt\/parduotuve\/maaratlemata\/varskendav-kehapuhastusvahend-doterra-spa-250ml\/"},"modified":"2021-04-19T09:53:39","modified_gmt":"2021-04-19T08:53:39","slug":"varskendav-kehapuhastaja-doterra-spaa-250ml","status":"publish","type":"product","link":"https:\/\/mamaterra.lt\/et\/parduotuve\/hugieen-ja-nahahooldus\/doterra-spa-et\/varskendav-kehapuhastaja-doterra-spaa-250ml\/","title":{"rendered":"V\u00e4rskendav kehapuhastusvahend doTERRA SPA 250ml"},"content":{"rendered":"<p><strong>V\u00e4rskendav kehapuhastusvahend doTERRA SPA<\/strong><\/p>\n<p>250 ml<\/p>\n<p>&nbsp;<\/p>\n<p><strong>V\u00e4rskendav kehapuhastusvahend doTERRA SPA omadused:<\/strong><\/p>\n<p>V\u00e4rskendav kehapuhastusvahend doTERRA SPA on eeterlike \u00f5lidega rikastatud looduslik puhastusvahend, mis puhastab suurep\u00e4raselt ja tekitab tunde, nagu viibiksid spaasalongis.<\/p>\n<ul>\n<li>Bergamoti eeterlik \u00f5li puhastab ja rahustab nahka ning kiirgab meeli\u00fclendavat, kuid maandavat aroomi<\/li>\n<li>Greibil on energiat andev l\u00f5hn, mis parandab meeleolu<\/li>\n<li>Naatriummet\u00fc\u00fcloleo\u00fc\u00fcltauraat on kerge puhastusvahend, mis on ekstraheeritud taimsetes rasvades ja \u00f5lides leiduvatest rasvhapetest<\/li>\n<\/ul>\n<p>&nbsp;<\/p>\n<p>Rohkem infot <strong>doTERRA SPA v\u00e4rskendava kehapuhastusvahendi kohta.<\/strong><\/p>\n<p><iframe title=\"Alusta oma p\u00e4eva parema jalaga- doTERRA\u00ae SPA v\u00e4rskendav kehapesu\" src=\"https:\/\/www.youtube.com\/embed\/aPICGRT1UUE\" width=\"946\" height=\"532\" frameborder=\"0\" allowfullscreen=\"allowfullscreen\"><\/iframe><\/p>\n","protected":false},"excerpt":{"rendered":"<ul>\n<li>Bergamoti eeterlik \u00f5li puhastab ja rahustab nahka ning kiirgab meeli\u00fclendavat, kuid maandavat aroomi<\/li>\n<li>Greibil on energiat andev l\u00f5hn, mis parandab meeleolu<\/li>\n<li>Naatriummet\u00fc\u00fcloleo\u00fc\u00fcltauraat on kerge puhastusvahend, mis on ekstraheeritud taimsetes rasvades ja \u00f5lides leiduvatest rasvhapetest<\/li>\n<\/ul>\n","protected":false},"featured_media":12473,"template":"","meta":{"site-sidebar-layout":"default","site-content-layout":"default","ast-site-content-layout":"default","site-content-style":"default","site-sidebar-style":"default","ast-global-header-display":"","ast-banner-title-visibility":"","ast-main-header-display":"","ast-hfb-above-header-display":"","ast-hfb-below-header-display":"","ast-hfb-mobile-header-display":"","site-post-title":"","ast-breadcrumbs-content":"","ast-featured-img":"","footer-sml-layout":"","ast-disable-related-posts":"","theme-transparent-header-meta":"default","adv-header-id-meta":"","stick-header-meta":"","header-above-stick-meta":"","header-main-stick-meta":"","header-below-stick-meta":"","astra-migrate-meta-layouts":"default","ast-page-background-enabled":"default","ast-page-background-meta":{"desktop":{"background-color":"","background-image":"","background-repeat":"repeat","background-position":"center center","background-size":"auto","background-attachment":"scroll","background-type":"","background-media":"","overlay-type":"","overlay-color":"","overlay-opacity":"","overlay-gradient":""},"tablet":{"background-color":"","background-image":"","background-repeat":"repeat","background-position":"center center","background-size":"auto","background-attachment":"scroll","background-type":"","background-media":"","overlay-type":"","overlay-color":"","overlay-opacity":"","overlay-gradient":""},"mobile":{"background-color":"","background-image":"","background-repeat":"repeat","background-position":"center center","background-size":"auto","background-attachment":"scroll","background-type":"","background-media":"","overlay-type":"","overlay-color":"","overlay-opacity":"","overlay-gradient":""}},"ast-content-background-meta":{"desktop":{"background-color":"var(--ast-global-color-5)","background-image":"","background-repeat":"repeat","background-position":"center center","background-size":"auto","background-attachment":"scroll","background-type":"","background-media":"","overlay-type":"","overlay-color":"","overlay-opacity":"","overlay-gradient":""},"tablet":{"background-color":"var(--ast-global-color-5)","background-image":"","background-repeat":"repeat","background-position":"center center","background-size":"auto","background-attachment":"scroll","background-type":"","background-media":"","overlay-type":"","overlay-color":"","overlay-opacity":"","overlay-gradient":""},"mobile":{"background-color":"var(--ast-global-color-5)","background-image":"","background-repeat":"repeat","background-position":"center center","background-size":"auto","background-attachment":"scroll","background-type":"","background-media":"","overlay-type":"","overlay-color":"","overlay-opacity":"","overlay-gradient":""}}},"product_brand":[],"product_cat":[1725,1710],"product_tag":[832,1218,1582],"class_list":{"0":"post-16149","1":"product","2":"type-product","3":"status-publish","4":"has-post-thumbnail","6":"product_cat-doterra-spa-et","7":"product_cat-hugieen-ja-nahahooldus","8":"product_tag-250-ml-et","9":"product_tag-doterra-spa-et","10":"product_tag-pesuaine","11":"desktop-align-left","12":"tablet-align-left","13":"mobile-align-left","15":"first","16":"instock","17":"taxable","18":"shipping-taxable","19":"purchasable","20":"product-type-simple"},"_links":{"self":[{"href":"https:\/\/mamaterra.lt\/et\/wp-json\/wp\/v2\/product\/16149","targetHints":{"allow":["GET"]}}],"collection":[{"href":"https:\/\/mamaterra.lt\/et\/wp-json\/wp\/v2\/product"}],"about":[{"href":"https:\/\/mamaterra.lt\/et\/wp-json\/wp\/v2\/types\/product"}],"wp:featuredmedia":[{"embeddable":true,"href":"https:\/\/mamaterra.lt\/et\/wp-json\/wp\/v2\/media\/12473"}],"wp:attachment":[{"href":"https:\/\/mamaterra.lt\/et\/wp-json\/wp\/v2\/media?parent=16149"}],"wp:term":[{"taxonomy":"product_brand","embeddable":true,"href":"https:\/\/mamaterra.lt\/et\/wp-json\/wp\/v2\/product_brand?post=16149"},{"taxonomy":"product_cat","embeddable":true,"href":"https:\/\/mamaterra.lt\/et\/wp-json\/wp\/v2\/product_cat?post=16149"},{"taxonomy":"product_tag","embeddable":true,"href":"https:\/\/mamaterra.lt\/et\/wp-json\/wp\/v2\/product_tag?post=16149"}],"curies":[{"name":"wp","href":"https:\/\/api.w.org\/{rel}","templated":true}]}}