{"id":16146,"date":"2021-04-19T09:50:08","date_gmt":"2021-04-19T08:50:08","guid":{"rendered":"https:\/\/mamaterra.lt\/parduotuve\/maaratlemata\/doterra-citrus-bliss-kosutav-tahke-seep-113g\/"},"modified":"2021-04-19T09:50:08","modified_gmt":"2021-04-19T08:50:08","slug":"doterra-tsitruselised-ondsus-kovaseep-113g","status":"publish","type":"product","link":"https:\/\/mamaterra.lt\/et\/parduotuve\/hugieen-ja-nahahooldus\/doterra-spa-et\/doterra-tsitruselised-ondsus-kovaseep-113g\/","title":{"rendered":"doTERRA CITRUS BLISS\u2122 Kosutav tahke seep 113g"},"content":{"rendered":"<p><strong>doTERRA CITRUS BLISS\u2122 Kosutav tahke seep<\/strong><\/p>\n<p>113 g<\/p>\n<p>&nbsp;<\/p>\n<p><strong>doTERRA CITRUS BLISS\u2122 VIVACITY K\u00f5va seebi andmine \u00dcldomadused:<\/strong><\/p>\n<p>Citrus Bliss kosutav k\u00f5va seep parandab meeleolu, puhastab suurep\u00e4raselt ja annab teie igap\u00e4evasele rutiinile energialaengu. Unikaalne patenteeritud doTERRA eeterlike \u00f5lide segu Citrus Bliss loob harmooniliselt meeli\u00fclendava aroomi.<\/p>\n<ul>\n<li>Loodusliku apelsini, sidruni, greibi, mandariini, bergamoti, punase mandariini ja klementiinide eeterlikud \u00f5lid tsitruselistes \u00f5ndsuses aitavad teil l\u00f5\u00f5gastuda ja meeleolu heledamaks muuta<\/li>\n<li>P\u00e4evalillevaha graanulite ja apelsinikoorepulbri kooriv toime annab nahale maheda pehmuse, sileduse ja stimuleerib naha uuenemist<\/li>\n<li>K\u00f6\u00f6giviljadest ekstraheeritud gl\u00fctseriin niisutab nahka ja aitab s\u00e4ilitada selle niiskust, tagades samal ajal toote h\u00f5lpsa kasutamise ja \u00f5rna vahutamise<\/li>\n<\/ul>\n","protected":false},"excerpt":{"rendered":"<ul>\n<li>Loodusliku apelsini, sidruni, greibi, mandariini, bergamoti, punase mandariini ja klementiinide eeterlikud \u00f5lid tsitruselistes \u00f5ndsuses aitavad teil l\u00f5\u00f5gastuda ja meeleolu heledamaks muuta<\/li>\n<li>P\u00e4evalillevaha graanulite ja apelsinikoorepulbri kooriv toime annab nahale maheda pehmuse, sileduse ja stimuleerib naha uuenemist<\/li>\n<li>K\u00f6\u00f6giviljadest ekstraheeritud gl\u00fctseriin niisutab nahka ja aitab s\u00e4ilitada selle niiskust, tagades samal ajal toote h\u00f5lpsa kasutamise ja \u00f5rna vahutamise<\/li>\n<\/ul>\n","protected":false},"featured_media":12479,"template":"","meta":{"site-sidebar-layout":"default","site-content-layout":"default","ast-site-content-layout":"default","site-content-style":"default","site-sidebar-style":"default","ast-global-header-display":"","ast-banner-title-visibility":"","ast-main-header-display":"","ast-hfb-above-header-display":"","ast-hfb-below-header-display":"","ast-hfb-mobile-header-display":"","site-post-title":"","ast-breadcrumbs-content":"","ast-featured-img":"","footer-sml-layout":"","ast-disable-related-posts":"","theme-transparent-header-meta":"default","adv-header-id-meta":"","stick-header-meta":"","header-above-stick-meta":"","header-main-stick-meta":"","header-below-stick-meta":"","astra-migrate-meta-layouts":"default","ast-page-background-enabled":"default","ast-page-background-meta":{"desktop":{"background-color":"","background-image":"","background-repeat":"repeat","background-position":"center center","background-size":"auto","background-attachment":"scroll","background-type":"","background-media":"","overlay-type":"","overlay-color":"","overlay-opacity":"","overlay-gradient":""},"tablet":{"background-color":"","background-image":"","background-repeat":"repeat","background-position":"center center","background-size":"auto","background-attachment":"scroll","background-type":"","background-media":"","overlay-type":"","overlay-color":"","overlay-opacity":"","overlay-gradient":""},"mobile":{"background-color":"","background-image":"","background-repeat":"repeat","background-position":"center center","background-size":"auto","background-attachment":"scroll","background-type":"","background-media":"","overlay-type":"","overlay-color":"","overlay-opacity":"","overlay-gradient":""}},"ast-content-background-meta":{"desktop":{"background-color":"var(--ast-global-color-5)","background-image":"","background-repeat":"repeat","background-position":"center center","background-size":"auto","background-attachment":"scroll","background-type":"","background-media":"","overlay-type":"","overlay-color":"","overlay-opacity":"","overlay-gradient":""},"tablet":{"background-color":"var(--ast-global-color-5)","background-image":"","background-repeat":"repeat","background-position":"center center","background-size":"auto","background-attachment":"scroll","background-type":"","background-media":"","overlay-type":"","overlay-color":"","overlay-opacity":"","overlay-gradient":""},"mobile":{"background-color":"var(--ast-global-color-5)","background-image":"","background-repeat":"repeat","background-position":"center center","background-size":"auto","background-attachment":"scroll","background-type":"","background-media":"","overlay-type":"","overlay-color":"","overlay-opacity":"","overlay-gradient":""}}},"product_brand":[],"product_cat":[1725,1710],"product_tag":[738,1218,1570],"class_list":{"0":"post-16146","1":"product","2":"type-product","3":"status-publish","4":"has-post-thumbnail","6":"product_cat-doterra-spa-et","7":"product_cat-hugieen-ja-nahahooldus","8":"product_tag-113g-et","9":"product_tag-doterra-spa-et","10":"product_tag-seep","11":"desktop-align-left","12":"tablet-align-left","13":"mobile-align-left","15":"first","16":"instock","17":"sale","18":"taxable","19":"shipping-taxable","20":"purchasable","21":"product-type-simple"},"_links":{"self":[{"href":"https:\/\/mamaterra.lt\/et\/wp-json\/wp\/v2\/product\/16146","targetHints":{"allow":["GET"]}}],"collection":[{"href":"https:\/\/mamaterra.lt\/et\/wp-json\/wp\/v2\/product"}],"about":[{"href":"https:\/\/mamaterra.lt\/et\/wp-json\/wp\/v2\/types\/product"}],"wp:featuredmedia":[{"embeddable":true,"href":"https:\/\/mamaterra.lt\/et\/wp-json\/wp\/v2\/media\/12479"}],"wp:attachment":[{"href":"https:\/\/mamaterra.lt\/et\/wp-json\/wp\/v2\/media?parent=16146"}],"wp:term":[{"taxonomy":"product_brand","embeddable":true,"href":"https:\/\/mamaterra.lt\/et\/wp-json\/wp\/v2\/product_brand?post=16146"},{"taxonomy":"product_cat","embeddable":true,"href":"https:\/\/mamaterra.lt\/et\/wp-json\/wp\/v2\/product_cat?post=16146"},{"taxonomy":"product_tag","embeddable":true,"href":"https:\/\/mamaterra.lt\/et\/wp-json\/wp\/v2\/product_tag?post=16146"}],"curies":[{"name":"wp","href":"https:\/\/api.w.org\/{rel}","templated":true}]}}