{"id":16142,"date":"2021-04-19T09:57:26","date_gmt":"2021-04-19T08:57:26","guid":{"rendered":"https:\/\/mamaterra.lt\/parduotuve\/maaratlemata\/doterra-spa-toitev-kehavoi-198g\/"},"modified":"2021-04-19T09:57:26","modified_gmt":"2021-04-19T08:57:26","slug":"doterra-spaa-toitev-keha-voi-198g","status":"publish","type":"product","link":"https:\/\/mamaterra.lt\/et\/parduotuve\/hugieen-ja-nahahooldus\/doterra-spa-et\/doterra-spaa-toitev-keha-voi-198g\/","title":{"rendered":"doTERRA SPA toitev kehav\u00f5i 198g"},"content":{"rendered":"<p><strong>doTERRA SPA toitev kehav\u00f5i<\/strong><\/p>\n<p>198 g<\/p>\n<p>&nbsp;<\/p>\n<p><strong>doTERRA SPA toitev kehav\u00f5i Kirjeldus:<\/strong><\/p>\n<p>Hellita oma nahka luksusliku niisutava niisutava kehav\u00f5iga doTERRA SPA. Selle loodusliku segu aluseks on liblikas ja kakaoseemnetest valmistatud v\u00f5ided, mis on tuntud oma s\u00fcgava h\u00fcdratatsiooni ja nahale antud elastsuse poolest.<\/p>\n<p><strong>doTERRA Spa toitev kehav\u00f5i omadused:<\/strong><\/p>\n<ul>\n<li>Metsiku apelsini eeterlikul \u00f5lil on stimuleerivad ja puhastavad omadused<\/li>\n<li>Eeterlik \u00f5li suurte l\u00f6\u00f6kide jaoks puhastab nahka ja omab meeleolu t\u00f5stvaid omadusi<\/li>\n<li>Boswellia eeterlik \u00f5li noorendab nahka ja aitab s\u00e4ilitada emotsionaalset tasakaalu<\/li>\n<\/ul>\n<p>&nbsp;<\/p>\n<p>Lisateave selle erilise doterra spaa kehav\u00f5i kohta.<\/p>\n<p><iframe title=\"Luksuslik doTERRA\u00ae SPA t\u00e4iendav kehav\u00f5i\" src=\"https:\/\/www.youtube.com\/embed\/rgLPUlRm7J8\" width=\"946\" height=\"532\" frameborder=\"0\" allowfullscreen=\"allowfullscreen\"><\/iframe><\/p>\n","protected":false},"excerpt":{"rendered":"<ul>\n<li>Metsiku apelsini eeterlikul \u00f5lil on stimuleerivad ja puhastavad omadused<\/li>\n<li>Eeterlik \u00f5li suurte l\u00f6\u00f6kide jaoks puhastab nahka ja omab meeleolu t\u00f5stvaid omadusi<\/li>\n<li>Boswellia eeterlik \u00f5li noorendab nahka ja aitab s\u00e4ilitada emotsionaalset tasakaalu<\/li>\n<\/ul>\n","protected":false},"featured_media":12341,"template":"","meta":{"site-sidebar-layout":"default","site-content-layout":"default","ast-site-content-layout":"default","site-content-style":"default","site-sidebar-style":"default","ast-global-header-display":"","ast-banner-title-visibility":"","ast-main-header-display":"","ast-hfb-above-header-display":"","ast-hfb-below-header-display":"","ast-hfb-mobile-header-display":"","site-post-title":"","ast-breadcrumbs-content":"","ast-featured-img":"","footer-sml-layout":"","ast-disable-related-posts":"","theme-transparent-header-meta":"default","adv-header-id-meta":"","stick-header-meta":"","header-above-stick-meta":"","header-main-stick-meta":"","header-below-stick-meta":"","astra-migrate-meta-layouts":"default","ast-page-background-enabled":"default","ast-page-background-meta":{"desktop":{"background-color":"","background-image":"","background-repeat":"repeat","background-position":"center center","background-size":"auto","background-attachment":"scroll","background-type":"","background-media":"","overlay-type":"","overlay-color":"","overlay-opacity":"","overlay-gradient":""},"tablet":{"background-color":"","background-image":"","background-repeat":"repeat","background-position":"center center","background-size":"auto","background-attachment":"scroll","background-type":"","background-media":"","overlay-type":"","overlay-color":"","overlay-opacity":"","overlay-gradient":""},"mobile":{"background-color":"","background-image":"","background-repeat":"repeat","background-position":"center center","background-size":"auto","background-attachment":"scroll","background-type":"","background-media":"","overlay-type":"","overlay-color":"","overlay-opacity":"","overlay-gradient":""}},"ast-content-background-meta":{"desktop":{"background-color":"var(--ast-global-color-5)","background-image":"","background-repeat":"repeat","background-position":"center center","background-size":"auto","background-attachment":"scroll","background-type":"","background-media":"","overlay-type":"","overlay-color":"","overlay-opacity":"","overlay-gradient":""},"tablet":{"background-color":"var(--ast-global-color-5)","background-image":"","background-repeat":"repeat","background-position":"center center","background-size":"auto","background-attachment":"scroll","background-type":"","background-media":"","overlay-type":"","overlay-color":"","overlay-opacity":"","overlay-gradient":""},"mobile":{"background-color":"var(--ast-global-color-5)","background-image":"","background-repeat":"repeat","background-position":"center center","background-size":"auto","background-attachment":"scroll","background-type":"","background-media":"","overlay-type":"","overlay-color":"","overlay-opacity":"","overlay-gradient":""}}},"product_brand":[],"product_cat":[1725,1710],"product_tag":[818,1218,1667],"class_list":{"0":"post-16142","1":"product","2":"type-product","3":"status-publish","4":"has-post-thumbnail","6":"product_cat-doterra-spa-et","7":"product_cat-hugieen-ja-nahahooldus","8":"product_tag-198g-et","9":"product_tag-doterra-spa-et","10":"product_tag-void","11":"desktop-align-left","12":"tablet-align-left","13":"mobile-align-left","15":"first","16":"instock","17":"taxable","18":"shipping-taxable","19":"purchasable","20":"product-type-simple"},"_links":{"self":[{"href":"https:\/\/mamaterra.lt\/et\/wp-json\/wp\/v2\/product\/16142","targetHints":{"allow":["GET"]}}],"collection":[{"href":"https:\/\/mamaterra.lt\/et\/wp-json\/wp\/v2\/product"}],"about":[{"href":"https:\/\/mamaterra.lt\/et\/wp-json\/wp\/v2\/types\/product"}],"wp:featuredmedia":[{"embeddable":true,"href":"https:\/\/mamaterra.lt\/et\/wp-json\/wp\/v2\/media\/12341"}],"wp:attachment":[{"href":"https:\/\/mamaterra.lt\/et\/wp-json\/wp\/v2\/media?parent=16142"}],"wp:term":[{"taxonomy":"product_brand","embeddable":true,"href":"https:\/\/mamaterra.lt\/et\/wp-json\/wp\/v2\/product_brand?post=16142"},{"taxonomy":"product_cat","embeddable":true,"href":"https:\/\/mamaterra.lt\/et\/wp-json\/wp\/v2\/product_cat?post=16142"},{"taxonomy":"product_tag","embeddable":true,"href":"https:\/\/mamaterra.lt\/et\/wp-json\/wp\/v2\/product_tag?post=16142"}],"curies":[{"name":"wp","href":"https:\/\/api.w.org\/{rel}","templated":true}]}}