{"id":16141,"date":"2021-09-08T09:57:05","date_gmt":"2021-09-08T08:57:05","guid":{"rendered":"https:\/\/mamaterra.lt\/parduotuve\/maaratlemata\/doterra-on-guard-katepuhastussprei-puhastusudu-on-guard-sanitizing-mist-27ml\/"},"modified":"2021-09-08T09:57:05","modified_gmt":"2021-09-08T08:57:05","slug":"doterra-on-guard-arm-cleaning-strap-cleaning-mist-on-guard-sanitising-mist-27ml","status":"publish","type":"product","link":"https:\/\/mamaterra.lt\/et\/parduotuve\/eeterlikud-olid\/eeterlike-olide-segud\/doterra-on-guard-arm-cleaning-strap-cleaning-mist-on-guard-sanitising-mist-27ml\/","title":{"rendered":"doTERRA On Guard k\u00e4tepuhastussprei &#8211; puhastusudu (On Guard\u2122 Sanitizing Mist) 27ml"},"content":{"rendered":"<p><strong>doTERRA On Guard k\u00e4tepuhastuspihusti &#8211; puhastusudu (On Guard\u2122 desinfitseeriv udu)<\/strong><\/p>\n<p>27 ml<\/p>\n<p>&nbsp;<\/p>\n<p><strong>doTERRA On Guard k\u00e4tepuhastuspihusti &#8211; puhastusudu (On Guard\u2122 Sanitizing Mist) Kirjeldus:<\/strong><\/p>\n<p>Eeterlike \u00f5lide segu doTERRA On Guard on \u00fcks populaarsemaid doTERRA segusid t\u00e4nu oma uskumatutele kasutusviisidele ja eelistele.<\/p>\n<p>doTERRA On Guard Spray puhastab nahka puhastava toimega l\u00e4bi \u00e4\u00e4rmiselt peene ja kiiresti kuivava udu. Kompositsioonis sisalduv looduslik \u00f5unaekstrakt, niisutav valem ei kuivata nahka ning k\u00e4ed tunduvad pehmed ja siledad.<\/p>\n<p>DoTERRA On Guard segu metsikutest apelsinidest, nelgist, kaneelist, eukal\u00fcptist ja rosmariini CPTG \u2122 eeterlikest \u00f5lidest annab meeli\u00fclendava tsitruseliste v\u00fcrtsitatud aroomi.<\/p>\n<p>Looduslikult saadud toimeaine, USP-sertifikaadiga et\u00fc\u00fclalkohol, aitab k\u00e4si puhastada, toetades udu puhastamise m\u00f5ju. See on mugav udu, mis sobib ideaalselt reisimiseks, kooliks, t\u00f6\u00f6ks ja perereisideks.<\/p>\n<p><strong>doTERRA On Guard k\u00e4tepuhastuspihusti &#8211; puhastusudu (On Guard\u2122 Sanitizing Mist) \u00dcldised omadused:<\/strong><\/p>\n<ul>\n<li>See on \u00fclipeen, kiiresti kuivav puhastusudu.<\/li>\n<li>Loodusliku \u00f5unaekstraktiga rikastatud niisutav valem ei kuivata nahka ning k\u00e4ed on pehmed ja siledad.<\/li>\n<li>doTERRA On Guard, segu CPTG\u2122 eeterlikest \u00f5lidest metsikutest apelsinidest, nelgist, kaneelist, eukal\u00fcptist ja rosmariinist, annab meeleolu t\u00f5stva tsitruseliste ja v\u00fcrtside aroomi.<\/li>\n<li>Et\u00fc\u00fclalkohol aitab puhastada k\u00e4si, toetades udu puhastavat toimet. Mugav udu sobib suurep\u00e4raselt reisimiseks, koolis, t\u00f6\u00f6l ja reisivatele peredele.<\/li>\n<\/ul>\n<p>&nbsp;<\/p>\n<p>Lisateave toote kohta.<\/p>\n<p><iframe title=\"Lisateave d\u014dTERRA on Guard\u00ae Blend kohta - siit saate teada, kuidas see t\u00f6\u00f6tab ja kuidas see v\u00f5ib teie perele kasu tuua\" src=\"https:\/\/www.youtube.com\/embed\/BLSUp29q3pk\" width=\"946\" height=\"532\" frameborder=\"0\" allowfullscreen=\"allowfullscreen\"><\/iframe><\/p>\n","protected":false},"excerpt":{"rendered":"<ul>\n<li>doTERRA On Guard Spray puhastab nahka puhastava toimega l\u00e4bi \u00e4\u00e4rmiselt peene ja kiiresti kuivava udu<\/li>\n<li>doTERRA On Guard segu metsikutest apelsinidest, nelgist, kaneelist, eukal\u00fcptist ja rosmariini CPTG \u2122 eeterlikest \u00f5lidest annab meeli\u00fclendava tsitruseliste ja v\u00fcrtside aroomi<\/li>\n<li>Loodusliku \u00f5unaekstraktiga rikastatud niisutav valem ei kuivata nahka ning k\u00e4ed on pehmed ja siledad<\/li>\n<li>doTERRA On Guard eeterliku \u00f5li segu metsikutest apelsinidest, nelgist, kaneelist, eukal\u00fcptist ja rosmariinist CPTG\u2122 annab tujut\u00f5stva tsitruseliste ja v\u00fcrtsi aroomi<\/li>\n<li>Et\u00fc\u00fclalkohol aitab puhastada k\u00e4si<\/li>\n<\/ul>\n","protected":false},"featured_media":12830,"template":"","meta":{"site-sidebar-layout":"default","site-content-layout":"default","ast-site-content-layout":"default","site-content-style":"default","site-sidebar-style":"default","ast-global-header-display":"","ast-banner-title-visibility":"","ast-main-header-display":"","ast-hfb-above-header-display":"","ast-hfb-below-header-display":"","ast-hfb-mobile-header-display":"","site-post-title":"","ast-breadcrumbs-content":"","ast-featured-img":"","footer-sml-layout":"","ast-disable-related-posts":"","theme-transparent-header-meta":"default","adv-header-id-meta":"","stick-header-meta":"","header-above-stick-meta":"","header-main-stick-meta":"","header-below-stick-meta":"","astra-migrate-meta-layouts":"default","ast-page-background-enabled":"default","ast-page-background-meta":{"desktop":{"background-color":"","background-image":"","background-repeat":"repeat","background-position":"center center","background-size":"auto","background-attachment":"scroll","background-type":"","background-media":"","overlay-type":"","overlay-color":"","overlay-opacity":"","overlay-gradient":""},"tablet":{"background-color":"","background-image":"","background-repeat":"repeat","background-position":"center center","background-size":"auto","background-attachment":"scroll","background-type":"","background-media":"","overlay-type":"","overlay-color":"","overlay-opacity":"","overlay-gradient":""},"mobile":{"background-color":"","background-image":"","background-repeat":"repeat","background-position":"center center","background-size":"auto","background-attachment":"scroll","background-type":"","background-media":"","overlay-type":"","overlay-color":"","overlay-opacity":"","overlay-gradient":""}},"ast-content-background-meta":{"desktop":{"background-color":"var(--ast-global-color-5)","background-image":"","background-repeat":"repeat","background-position":"center center","background-size":"auto","background-attachment":"scroll","background-type":"","background-media":"","overlay-type":"","overlay-color":"","overlay-opacity":"","overlay-gradient":""},"tablet":{"background-color":"var(--ast-global-color-5)","background-image":"","background-repeat":"repeat","background-position":"center center","background-size":"auto","background-attachment":"scroll","background-type":"","background-media":"","overlay-type":"","overlay-color":"","overlay-opacity":"","overlay-gradient":""},"mobile":{"background-color":"var(--ast-global-color-5)","background-image":"","background-repeat":"repeat","background-position":"center center","background-size":"auto","background-attachment":"scroll","background-type":"","background-media":"","overlay-type":"","overlay-color":"","overlay-opacity":"","overlay-gradient":""}}},"product_brand":[],"product_cat":[1701,1710,1756,1746],"product_tag":[732,1439,1588],"class_list":{"0":"post-16141","1":"product","2":"type-product","3":"status-publish","4":"has-post-thumbnail","6":"product_cat-eeterlike-olide-segud","7":"product_cat-hugieen-ja-nahahooldus","8":"product_cat-lastele","9":"product_cat-on-guard-tooted","10":"product_tag-27-ml-et","11":"product_tag-on-guard-et","12":"product_tag-pihusti","13":"desktop-align-left","14":"tablet-align-left","15":"mobile-align-left","17":"first","18":"instock","19":"sale","20":"featured","21":"taxable","22":"shipping-taxable","23":"purchasable","24":"product-type-simple"},"_links":{"self":[{"href":"https:\/\/mamaterra.lt\/et\/wp-json\/wp\/v2\/product\/16141","targetHints":{"allow":["GET"]}}],"collection":[{"href":"https:\/\/mamaterra.lt\/et\/wp-json\/wp\/v2\/product"}],"about":[{"href":"https:\/\/mamaterra.lt\/et\/wp-json\/wp\/v2\/types\/product"}],"wp:featuredmedia":[{"embeddable":true,"href":"https:\/\/mamaterra.lt\/et\/wp-json\/wp\/v2\/media\/12830"}],"wp:attachment":[{"href":"https:\/\/mamaterra.lt\/et\/wp-json\/wp\/v2\/media?parent=16141"}],"wp:term":[{"taxonomy":"product_brand","embeddable":true,"href":"https:\/\/mamaterra.lt\/et\/wp-json\/wp\/v2\/product_brand?post=16141"},{"taxonomy":"product_cat","embeddable":true,"href":"https:\/\/mamaterra.lt\/et\/wp-json\/wp\/v2\/product_cat?post=16141"},{"taxonomy":"product_tag","embeddable":true,"href":"https:\/\/mamaterra.lt\/et\/wp-json\/wp\/v2\/product_tag?post=16141"}],"curies":[{"name":"wp","href":"https:\/\/api.w.org\/{rel}","templated":true}]}}