{"id":16139,"date":"2021-04-19T09:46:18","date_gmt":"2021-04-19T08:46:18","guid":{"rendered":"https:\/\/mamaterra.lt\/parduotuve\/maaratlemata\/doterra-spa-voorutusmudamask-113g\/"},"modified":"2021-04-19T09:46:18","modified_gmt":"2021-04-19T08:46:18","slug":"doterra-spa-detoksifitseeriv-muda-mask-113g","status":"publish","type":"product","link":"https:\/\/mamaterra.lt\/et\/parduotuve\/hugieen-ja-nahahooldus\/doterra-spa-et\/doterra-spa-detoksifitseeriv-muda-mask-113g\/","title":{"rendered":"doTERRA SPA v\u00f5\u00f5rutusmudamask 113g"},"content":{"rendered":"<p><strong>doTERRA SPA detoksifitseeriv mudamask<\/strong><\/p>\n<p>113,4 g<\/p>\n<p>&nbsp;<\/p>\n<p><strong>doTERRA SPA detoksifitseerivad mudamaskid \u00dcldised omadused:<\/strong><\/p>\n<p>Hellita oma nahka Maa v\u00e4\u00e4rtuslike kingitustega \u2013 CPTG eeterlike \u00f5lide, looduslike savide, puhastavate mineraalide ja toitvate taimedega. Doterra spaa detoksifitseeriv mudamask on savimask, mis v\u00e4hendab selle ebatasasusi, puhastades ja detoksifitseerides nahka.<\/p>\n<ul>\n<li>Rikastatud m\u00fcrri, kadakamarjade ja greibi eeterlike \u00f5lidega, mis annavad nahale tervisliku v\u00e4limuse ja sileduse<\/li>\n<li>Buttercup v\u00f5i niisutab ja s\u00e4ilitab naha tasakaalu<\/li>\n<\/ul>\n<p>&nbsp;<\/p>\n<p>Doterra <strong>spaa detoksifitseerivast mudamaskist l\u00e4hemalt.<\/strong><\/p>\n<p><iframe title=\"Puhastav, detoksifitseeriv kasu- d\u014dTERRA\u00ae SPA detoksifitseeriv mudamask\" src=\"https:\/\/www.youtube.com\/embed\/o2SzpopQZrU\" width=\"946\" height=\"532\" frameborder=\"0\" allowfullscreen=\"allowfullscreen\"><\/iframe><\/p>\n","protected":false},"excerpt":{"rendered":"<ul>\n<li>Rikastatud m\u00fcrri, kadakamarjade ja greibi eeterlike \u00f5lidega, mis annavad nahale tervisliku v\u00e4limuse ja sileduse<\/li>\n<li>Buttercup v\u00f5i niisutab ja s\u00e4ilitab naha tasakaalu<\/li>\n<\/ul>\n","protected":false},"featured_media":12863,"template":"","meta":{"site-sidebar-layout":"default","site-content-layout":"default","ast-site-content-layout":"default","site-content-style":"default","site-sidebar-style":"default","ast-global-header-display":"","ast-banner-title-visibility":"","ast-main-header-display":"","ast-hfb-above-header-display":"","ast-hfb-below-header-display":"","ast-hfb-mobile-header-display":"","site-post-title":"","ast-breadcrumbs-content":"","ast-featured-img":"","footer-sml-layout":"","ast-disable-related-posts":"","theme-transparent-header-meta":"default","adv-header-id-meta":"","stick-header-meta":"","header-above-stick-meta":"","header-main-stick-meta":"","header-below-stick-meta":"","astra-migrate-meta-layouts":"default","ast-page-background-enabled":"default","ast-page-background-meta":{"desktop":{"background-color":"","background-image":"","background-repeat":"repeat","background-position":"center center","background-size":"auto","background-attachment":"scroll","background-type":"","background-media":"","overlay-type":"","overlay-color":"","overlay-opacity":"","overlay-gradient":""},"tablet":{"background-color":"","background-image":"","background-repeat":"repeat","background-position":"center center","background-size":"auto","background-attachment":"scroll","background-type":"","background-media":"","overlay-type":"","overlay-color":"","overlay-opacity":"","overlay-gradient":""},"mobile":{"background-color":"","background-image":"","background-repeat":"repeat","background-position":"center center","background-size":"auto","background-attachment":"scroll","background-type":"","background-media":"","overlay-type":"","overlay-color":"","overlay-opacity":"","overlay-gradient":""}},"ast-content-background-meta":{"desktop":{"background-color":"var(--ast-global-color-5)","background-image":"","background-repeat":"repeat","background-position":"center center","background-size":"auto","background-attachment":"scroll","background-type":"","background-media":"","overlay-type":"","overlay-color":"","overlay-opacity":"","overlay-gradient":""},"tablet":{"background-color":"var(--ast-global-color-5)","background-image":"","background-repeat":"repeat","background-position":"center center","background-size":"auto","background-attachment":"scroll","background-type":"","background-media":"","overlay-type":"","overlay-color":"","overlay-opacity":"","overlay-gradient":""},"mobile":{"background-color":"var(--ast-global-color-5)","background-image":"","background-repeat":"repeat","background-position":"center center","background-size":"auto","background-attachment":"scroll","background-type":"","background-media":"","overlay-type":"","overlay-color":"","overlay-opacity":"","overlay-gradient":""}}},"product_brand":[],"product_cat":[1725,1710],"product_tag":[738,1218,1540,1584,1573],"class_list":{"0":"post-16139","1":"product","2":"type-product","3":"status-publish","4":"has-post-thumbnail","6":"product_cat-doterra-spa-et","7":"product_cat-hugieen-ja-nahahooldus","8":"product_tag-113g-et","9":"product_tag-doterra-spa-et","10":"product_tag-isiklik-hugieen","11":"product_tag-muda-mask","12":"product_tag-nahahooldus","13":"desktop-align-left","14":"tablet-align-left","15":"mobile-align-left","17":"first","18":"outofstock","19":"taxable","20":"shipping-taxable","21":"purchasable","22":"product-type-simple"},"_links":{"self":[{"href":"https:\/\/mamaterra.lt\/et\/wp-json\/wp\/v2\/product\/16139","targetHints":{"allow":["GET"]}}],"collection":[{"href":"https:\/\/mamaterra.lt\/et\/wp-json\/wp\/v2\/product"}],"about":[{"href":"https:\/\/mamaterra.lt\/et\/wp-json\/wp\/v2\/types\/product"}],"wp:featuredmedia":[{"embeddable":true,"href":"https:\/\/mamaterra.lt\/et\/wp-json\/wp\/v2\/media\/12863"}],"wp:attachment":[{"href":"https:\/\/mamaterra.lt\/et\/wp-json\/wp\/v2\/media?parent=16139"}],"wp:term":[{"taxonomy":"product_brand","embeddable":true,"href":"https:\/\/mamaterra.lt\/et\/wp-json\/wp\/v2\/product_brand?post=16139"},{"taxonomy":"product_cat","embeddable":true,"href":"https:\/\/mamaterra.lt\/et\/wp-json\/wp\/v2\/product_cat?post=16139"},{"taxonomy":"product_tag","embeddable":true,"href":"https:\/\/mamaterra.lt\/et\/wp-json\/wp\/v2\/product_tag?post=16139"}],"curies":[{"name":"wp","href":"https:\/\/api.w.org\/{rel}","templated":true}]}}