{"id":16134,"date":"2021-09-08T09:50:33","date_gmt":"2021-09-08T08:50:33","guid":{"rendered":"https:\/\/mamaterra.lt\/parduotuve\/maaratlemata\/doterra-on-guard-vahuveini-katepesu-2-pakki-473ml-iga\/"},"modified":"2021-09-08T09:50:33","modified_gmt":"2021-09-08T08:50:33","slug":"doterra-on-guard-foaming-hand-seib-2-packs-x-473ml","status":"publish","type":"product","link":"https:\/\/mamaterra.lt\/et\/parduotuve\/eeterlikud-olid\/eeterlike-olide-segud\/doterra-on-guard-foaming-hand-seib-2-packs-x-473ml\/","title":{"rendered":"doTERRA On Guard\u00ae Vahuveini k\u00e4tepesu (2 pakki 473ml iga)"},"content":{"rendered":"<p><strong>doTERRA On Guard\u00ae s\u00e4delev k\u00e4tepesu<\/strong><\/p>\n<p>2 tk. p\u00e4rast 473 ml<\/p>\n<p>&nbsp;<\/p>\n<p>doTERRA On Guard vahutav k\u00e4sipesu on \u00f5rn ja tervislik alternatiiv karmidele seepidele, mis v\u00f5ivad tundlikku nahka kuivatada ja \u00e4rritada. Korrutatuna looduslikult ohutute doTERRA CPTG\u00ae eeterlike \u00f5lide v\u00f5imsusega, pakub vahtplastist k\u00e4sipesur doTERRA \u00fche k\u00f5ige populaarsema patenteeritud eeterlike \u00f5lide segu doTERRA kaitsvaid eeliseid.<\/p>\n<p>doTERRA On Guardi s\u00e4delev k\u00e4tepesu puhastab ja pehmendab k\u00e4si, andes v\u00e4rskendava eeterlike \u00f5lide aroomi, mis j\u00e4tab teie k\u00e4ed v\u00e4rskelt l\u00f5hnavaks ja puhtaks.<\/p>\n<div id=\"gtx-trans\" style=\"position: absolute; left: 31px; top: 136px;\">\n<div class=\"gtx-trans-icon\"><\/div>\n<\/div>\n","protected":false},"excerpt":{"rendered":"<ul>\n<li>2 tk. x437ml<\/li>\n<li>doTERRA On Guard s\u00e4delev k\u00e4tepesu on mahe ja tervislik alternatiiv karmidele seepidele, mis v\u00f5ivad tundlikku nahka kuivatada ja \u00e4rritada<\/li>\n<\/ul>\n","protected":false},"featured_media":12821,"template":"","meta":{"site-sidebar-layout":"default","site-content-layout":"default","ast-site-content-layout":"default","site-content-style":"default","site-sidebar-style":"default","ast-global-header-display":"","ast-banner-title-visibility":"","ast-main-header-display":"","ast-hfb-above-header-display":"","ast-hfb-below-header-display":"","ast-hfb-mobile-header-display":"","site-post-title":"","ast-breadcrumbs-content":"","ast-featured-img":"","footer-sml-layout":"","ast-disable-related-posts":"","theme-transparent-header-meta":"default","adv-header-id-meta":"","stick-header-meta":"","header-above-stick-meta":"","header-main-stick-meta":"","header-below-stick-meta":"","astra-migrate-meta-layouts":"default","ast-page-background-enabled":"default","ast-page-background-meta":{"desktop":{"background-color":"","background-image":"","background-repeat":"repeat","background-position":"center center","background-size":"auto","background-attachment":"scroll","background-type":"","background-media":"","overlay-type":"","overlay-color":"","overlay-opacity":"","overlay-gradient":""},"tablet":{"background-color":"","background-image":"","background-repeat":"repeat","background-position":"center center","background-size":"auto","background-attachment":"scroll","background-type":"","background-media":"","overlay-type":"","overlay-color":"","overlay-opacity":"","overlay-gradient":""},"mobile":{"background-color":"","background-image":"","background-repeat":"repeat","background-position":"center center","background-size":"auto","background-attachment":"scroll","background-type":"","background-media":"","overlay-type":"","overlay-color":"","overlay-opacity":"","overlay-gradient":""}},"ast-content-background-meta":{"desktop":{"background-color":"var(--ast-global-color-5)","background-image":"","background-repeat":"repeat","background-position":"center center","background-size":"auto","background-attachment":"scroll","background-type":"","background-media":"","overlay-type":"","overlay-color":"","overlay-opacity":"","overlay-gradient":""},"tablet":{"background-color":"var(--ast-global-color-5)","background-image":"","background-repeat":"repeat","background-position":"center center","background-size":"auto","background-attachment":"scroll","background-type":"","background-media":"","overlay-type":"","overlay-color":"","overlay-opacity":"","overlay-gradient":""},"mobile":{"background-color":"var(--ast-global-color-5)","background-image":"","background-repeat":"repeat","background-position":"center center","background-size":"auto","background-attachment":"scroll","background-type":"","background-media":"","overlay-type":"","overlay-color":"","overlay-opacity":"","overlay-gradient":""}}},"product_brand":[],"product_cat":[1701,1710,1746],"product_tag":[853,1439,1590],"class_list":{"0":"post-16134","1":"product","2":"type-product","3":"status-publish","4":"has-post-thumbnail","6":"product_cat-eeterlike-olide-segud","7":"product_cat-hugieen-ja-nahahooldus","8":"product_cat-on-guard-tooted","9":"product_tag-473ml-et","10":"product_tag-on-guard-et","11":"product_tag-vahutav-katepesu","12":"desktop-align-left","13":"tablet-align-left","14":"mobile-align-left","16":"first","17":"outofstock","18":"sale","19":"taxable","20":"shipping-taxable","21":"purchasable","22":"product-type-simple"},"_links":{"self":[{"href":"https:\/\/mamaterra.lt\/et\/wp-json\/wp\/v2\/product\/16134","targetHints":{"allow":["GET"]}}],"collection":[{"href":"https:\/\/mamaterra.lt\/et\/wp-json\/wp\/v2\/product"}],"about":[{"href":"https:\/\/mamaterra.lt\/et\/wp-json\/wp\/v2\/types\/product"}],"wp:featuredmedia":[{"embeddable":true,"href":"https:\/\/mamaterra.lt\/et\/wp-json\/wp\/v2\/media\/12821"}],"wp:attachment":[{"href":"https:\/\/mamaterra.lt\/et\/wp-json\/wp\/v2\/media?parent=16134"}],"wp:term":[{"taxonomy":"product_brand","embeddable":true,"href":"https:\/\/mamaterra.lt\/et\/wp-json\/wp\/v2\/product_brand?post=16134"},{"taxonomy":"product_cat","embeddable":true,"href":"https:\/\/mamaterra.lt\/et\/wp-json\/wp\/v2\/product_cat?post=16134"},{"taxonomy":"product_tag","embeddable":true,"href":"https:\/\/mamaterra.lt\/et\/wp-json\/wp\/v2\/product_tag?post=16134"}],"curies":[{"name":"wp","href":"https:\/\/api.w.org\/{rel}","templated":true}]}}