{"id":16129,"date":"2021-04-19T09:52:36","date_gmt":"2021-04-19T08:52:36","guid":{"rendered":"https:\/\/mamaterra.lt\/parduotuve\/maaratlemata\/doterra-spa-katekreem-citrus-bliss-75ml\/"},"modified":"2021-04-19T09:52:36","modified_gmt":"2021-04-19T08:52:36","slug":"doterra-spa-kasikreem-tsitruseliste-ondsusega-doterra-oli-segu-75ml","status":"publish","type":"product","link":"https:\/\/mamaterra.lt\/et\/parduotuve\/hugieen-ja-nahahooldus\/doterra-spa-et\/doterra-spa-kasikreem-tsitruseliste-ondsusega-doterra-oli-segu-75ml\/","title":{"rendered":"doTERRA SPA k\u00e4tekreem CITRUS BLISS\u2122 75ml"},"content":{"rendered":"<p><strong>doTERRA SPA k\u00e4tekreem CITRUS BLISS&#8217;iga\u2122<\/strong><\/p>\n<p>75 ml<\/p>\n<p>&nbsp;<\/p>\n<p><strong>doTERRA SPA k\u00e4tekreem CITRUS BLISS\u2122 p\u00f5hiomadustega:<\/strong><\/p>\n<p>K\u00e4tekreem doterra spa Citrus Bliss on siidise tekstuuriga kerge kreem, mis on rikastatud niisutavate seemne\u00f5lide ja taimset p\u00e4ritolu toitvate koostisosadega. Madala rasvasisaldusega valem imendub kiiresti nahka ja niisutab optimaalselt, andes k\u00e4tele terve v\u00e4limuse.<\/p>\n<ul>\n<li>Eeterlike \u00f5lide tsitruseliste Bliss segu v\u00e4rskendav aroom parandab meeleolu<\/li>\n<li>P\u00e4evalilleseemnetel ja makadaamiap\u00e4hkli\u00f5lidel on erakordsed niisutavad omadused ja v\u00f5ime s\u00e4ilitada naha niiskust<\/li>\n<li>Mugava suurusega, ideaalne kasutamiseks reisidel, kodus v\u00f5i t\u00f6\u00f6l<\/li>\n<\/ul>\n<p>&nbsp;<\/p>\n<p><strong>Lisateave Doterra spaa k\u00e4tekreemi kohta CITRUS BLISSiga\u2122.<\/strong><\/p>\n<p><iframe title=\"Niisutav ja kosutav- doTERRA Citrus\u00ae Bliss k\u00e4tekreem\" src=\"https:\/\/www.youtube.com\/embed\/ifrMEG-yBZ0\" width=\"946\" height=\"532\" frameborder=\"0\" allowfullscreen=\"allowfullscreen\"><\/iframe><\/p>\n","protected":false},"excerpt":{"rendered":"<ul>\n<li>Eeterlike \u00f5lide tsitruseliste Bliss segu v\u00e4rskendav aroom parandab meeleolu<\/li>\n<li>P\u00e4evalilleseemnetel ja makadaamiap\u00e4hkli\u00f5lidel on erakordsed niisutavad omadused ja v\u00f5ime s\u00e4ilitada naha niiskust<\/li>\n<li>Mugava suurusega, ideaalne kasutamiseks reisidel, kodus v\u00f5i t\u00f6\u00f6l<\/li>\n<\/ul>\n","protected":false},"featured_media":12419,"template":"","meta":{"site-sidebar-layout":"default","site-content-layout":"default","ast-site-content-layout":"default","site-content-style":"default","site-sidebar-style":"default","ast-global-header-display":"","ast-banner-title-visibility":"","ast-main-header-display":"","ast-hfb-above-header-display":"","ast-hfb-below-header-display":"","ast-hfb-mobile-header-display":"","site-post-title":"","ast-breadcrumbs-content":"","ast-featured-img":"","footer-sml-layout":"","ast-disable-related-posts":"","theme-transparent-header-meta":"default","adv-header-id-meta":"","stick-header-meta":"","header-above-stick-meta":"","header-main-stick-meta":"","header-below-stick-meta":"","astra-migrate-meta-layouts":"default","ast-page-background-enabled":"default","ast-page-background-meta":{"desktop":{"background-color":"","background-image":"","background-repeat":"repeat","background-position":"center center","background-size":"auto","background-attachment":"scroll","background-type":"","background-media":"","overlay-type":"","overlay-color":"","overlay-opacity":"","overlay-gradient":""},"tablet":{"background-color":"","background-image":"","background-repeat":"repeat","background-position":"center center","background-size":"auto","background-attachment":"scroll","background-type":"","background-media":"","overlay-type":"","overlay-color":"","overlay-opacity":"","overlay-gradient":""},"mobile":{"background-color":"","background-image":"","background-repeat":"repeat","background-position":"center center","background-size":"auto","background-attachment":"scroll","background-type":"","background-media":"","overlay-type":"","overlay-color":"","overlay-opacity":"","overlay-gradient":""}},"ast-content-background-meta":{"desktop":{"background-color":"var(--ast-global-color-5)","background-image":"","background-repeat":"repeat","background-position":"center center","background-size":"auto","background-attachment":"scroll","background-type":"","background-media":"","overlay-type":"","overlay-color":"","overlay-opacity":"","overlay-gradient":""},"tablet":{"background-color":"var(--ast-global-color-5)","background-image":"","background-repeat":"repeat","background-position":"center center","background-size":"auto","background-attachment":"scroll","background-type":"","background-media":"","overlay-type":"","overlay-color":"","overlay-opacity":"","overlay-gradient":""},"mobile":{"background-color":"var(--ast-global-color-5)","background-image":"","background-repeat":"repeat","background-position":"center center","background-size":"auto","background-attachment":"scroll","background-type":"","background-media":"","overlay-type":"","overlay-color":"","overlay-opacity":"","overlay-gradient":""}}},"product_brand":[],"product_cat":[1725,1710],"product_tag":[801,1292,1218,1564],"class_list":{"0":"post-16129","1":"product","2":"type-product","3":"status-publish","4":"has-post-thumbnail","6":"product_cat-doterra-spa-et","7":"product_cat-hugieen-ja-nahahooldus","8":"product_tag-75-ml-et","9":"product_tag-citrus-bliss-et","10":"product_tag-doterra-spa-et","11":"product_tag-lotion-et","12":"desktop-align-left","13":"tablet-align-left","14":"mobile-align-left","16":"first","17":"instock","18":"taxable","19":"shipping-taxable","20":"purchasable","21":"product-type-simple"},"_links":{"self":[{"href":"https:\/\/mamaterra.lt\/et\/wp-json\/wp\/v2\/product\/16129","targetHints":{"allow":["GET"]}}],"collection":[{"href":"https:\/\/mamaterra.lt\/et\/wp-json\/wp\/v2\/product"}],"about":[{"href":"https:\/\/mamaterra.lt\/et\/wp-json\/wp\/v2\/types\/product"}],"wp:featuredmedia":[{"embeddable":true,"href":"https:\/\/mamaterra.lt\/et\/wp-json\/wp\/v2\/media\/12419"}],"wp:attachment":[{"href":"https:\/\/mamaterra.lt\/et\/wp-json\/wp\/v2\/media?parent=16129"}],"wp:term":[{"taxonomy":"product_brand","embeddable":true,"href":"https:\/\/mamaterra.lt\/et\/wp-json\/wp\/v2\/product_brand?post=16129"},{"taxonomy":"product_cat","embeddable":true,"href":"https:\/\/mamaterra.lt\/et\/wp-json\/wp\/v2\/product_cat?post=16129"},{"taxonomy":"product_tag","embeddable":true,"href":"https:\/\/mamaterra.lt\/et\/wp-json\/wp\/v2\/product_tag?post=16129"}],"curies":[{"name":"wp","href":"https:\/\/api.w.org\/{rel}","templated":true}]}}