{"id":16125,"date":"2021-04-19T09:48:55","date_gmt":"2021-04-19T08:48:55","guid":{"rendered":"https:\/\/mamaterra.lt\/parduotuve\/maaratlemata\/kolm-doterra-spa-huulepalsamit-originaal-troopiline-taimne-3-palsamit-45g\/"},"modified":"2021-04-19T09:48:55","modified_gmt":"2021-04-19T08:48:55","slug":"kolm-doterra-huulepalsamid-originaal-troopiline-taimne-3-palsamid-x-4g","status":"publish","type":"product","link":"https:\/\/mamaterra.lt\/et\/parduotuve\/hugieen-ja-nahahooldus\/doterra-spa-et\/kolm-doterra-huulepalsamid-originaal-troopiline-taimne-3-palsamid-x-4g\/","title":{"rendered":"Kolm doTERRA SPA huulepalsamit (originaal, troopiline, taimne) &#8211; 3 palsamit 4,5g"},"content":{"rendered":"<p><strong>Kolm doTERRA Spa huulepalsamit (originaal, troopiline, taimne)<\/strong><\/p>\n<p>3 tk. Iga\u00fcks 4,5 g<\/p>\n<p>&nbsp;<\/p>\n<p><strong>doTERRA SPA huulepalsamid (originaal, troopiline, taimne) \u00dcldomadused:<\/strong><\/p>\n<p>Huulepalsam doTERRA SPA koosneb looduslikest ainetest: taime\u00f5lidest, \u00fcrtidest ja eeterlikest \u00f5lidest, mis niisutavad ja rahustavad huuli ning v\u00f5imaldavad teil nautida eeterlike \u00f5lide ainulaadset aroomi ja maitset. P\u00e4rast kompositsiooni v\u00e4rskendamist t\u00e4iendasime algset segu veel kahe \u00f5liga: metsik apelsin ja piparm\u00fcnt. Vii sind paradiisi troopilise huulepalsamiga, mis sisaldab l\u00f5hnavat kanangi (Ylang Ylang), klementiinide ja laimide eeterlikke \u00f5lisid v\u00f5i turguta meeli taimse huulepalsamiga, mis sisaldab sidrunisulamite, majoraani ja spearminti eeterlikke \u00f5lisid.<\/p>\n<ul>\n<li>Iga huulepalsam sisaldab valitud segu eeterlikest \u00f5lidest, mis pakuvad ainulaadseid aistinguid<\/li>\n<li>\u00d5li moringa \u00f5li toimib pehmendajana, aidates parandada huulte v\u00e4limust ja tunnet<\/li>\n<li>Avokaado\u00f5li, mis sisaldab rohkesti asendamatuid rasvhappeid, niisutab ja pehmendab huuli, muutes need terveks<\/li>\n<\/ul>\n","protected":false},"excerpt":{"rendered":"<ul>\n<li>Iga huulepalsam sisaldab valitud segu eeterlikest \u00f5lidest, mis pakuvad ainulaadseid aistinguid<\/li>\n<li>\u00d5li moringa \u00f5li toimib pehmendajana, aidates parandada huulte v\u00e4limust ja tunnet<\/li>\n<li>Avokaado\u00f5li, mis sisaldab rohkesti asendamatuid rasvhappeid, niisutab ja pehmendab huuli, muutes need terveks<\/li>\n<\/ul>\n","protected":false},"featured_media":12803,"template":"","meta":{"site-sidebar-layout":"default","site-content-layout":"default","ast-site-content-layout":"default","site-content-style":"default","site-sidebar-style":"default","ast-global-header-display":"","ast-banner-title-visibility":"","ast-main-header-display":"","ast-hfb-above-header-display":"","ast-hfb-below-header-display":"","ast-hfb-mobile-header-display":"","site-post-title":"","ast-breadcrumbs-content":"","ast-featured-img":"","footer-sml-layout":"","ast-disable-related-posts":"","theme-transparent-header-meta":"default","adv-header-id-meta":"","stick-header-meta":"","header-above-stick-meta":"","header-main-stick-meta":"","header-below-stick-meta":"","astra-migrate-meta-layouts":"default","ast-page-background-enabled":"default","ast-page-background-meta":{"desktop":{"background-color":"","background-image":"","background-repeat":"repeat","background-position":"center center","background-size":"auto","background-attachment":"scroll","background-type":"","background-media":"","overlay-type":"","overlay-color":"","overlay-opacity":"","overlay-gradient":""},"tablet":{"background-color":"","background-image":"","background-repeat":"repeat","background-position":"center center","background-size":"auto","background-attachment":"scroll","background-type":"","background-media":"","overlay-type":"","overlay-color":"","overlay-opacity":"","overlay-gradient":""},"mobile":{"background-color":"","background-image":"","background-repeat":"repeat","background-position":"center center","background-size":"auto","background-attachment":"scroll","background-type":"","background-media":"","overlay-type":"","overlay-color":"","overlay-opacity":"","overlay-gradient":""}},"ast-content-background-meta":{"desktop":{"background-color":"var(--ast-global-color-5)","background-image":"","background-repeat":"repeat","background-position":"center center","background-size":"auto","background-attachment":"scroll","background-type":"","background-media":"","overlay-type":"","overlay-color":"","overlay-opacity":"","overlay-gradient":""},"tablet":{"background-color":"var(--ast-global-color-5)","background-image":"","background-repeat":"repeat","background-position":"center center","background-size":"auto","background-attachment":"scroll","background-type":"","background-media":"","overlay-type":"","overlay-color":"","overlay-opacity":"","overlay-gradient":""},"mobile":{"background-color":"var(--ast-global-color-5)","background-image":"","background-repeat":"repeat","background-position":"center center","background-size":"auto","background-attachment":"scroll","background-type":"","background-media":"","overlay-type":"","overlay-color":"","overlay-opacity":"","overlay-gradient":""}}},"product_brand":[],"product_cat":[1725,1710],"product_tag":[1218,1543],"class_list":{"0":"post-16125","1":"product","2":"type-product","3":"status-publish","4":"has-post-thumbnail","6":"product_cat-doterra-spa-et","7":"product_cat-hugieen-ja-nahahooldus","8":"product_tag-doterra-spa-et","9":"product_tag-palsamid","10":"desktop-align-left","11":"tablet-align-left","12":"mobile-align-left","14":"first","15":"instock","16":"taxable","17":"shipping-taxable","18":"purchasable","19":"product-type-simple"},"_links":{"self":[{"href":"https:\/\/mamaterra.lt\/et\/wp-json\/wp\/v2\/product\/16125","targetHints":{"allow":["GET"]}}],"collection":[{"href":"https:\/\/mamaterra.lt\/et\/wp-json\/wp\/v2\/product"}],"about":[{"href":"https:\/\/mamaterra.lt\/et\/wp-json\/wp\/v2\/types\/product"}],"wp:featuredmedia":[{"embeddable":true,"href":"https:\/\/mamaterra.lt\/et\/wp-json\/wp\/v2\/media\/12803"}],"wp:attachment":[{"href":"https:\/\/mamaterra.lt\/et\/wp-json\/wp\/v2\/media?parent=16125"}],"wp:term":[{"taxonomy":"product_brand","embeddable":true,"href":"https:\/\/mamaterra.lt\/et\/wp-json\/wp\/v2\/product_brand?post=16125"},{"taxonomy":"product_cat","embeddable":true,"href":"https:\/\/mamaterra.lt\/et\/wp-json\/wp\/v2\/product_cat?post=16125"},{"taxonomy":"product_tag","embeddable":true,"href":"https:\/\/mamaterra.lt\/et\/wp-json\/wp\/v2\/product_tag?post=16125"}],"curies":[{"name":"wp","href":"https:\/\/api.w.org\/{rel}","templated":true}]}}