{"id":16123,"date":"2021-09-08T09:55:07","date_gmt":"2021-09-08T08:55:07","guid":{"rendered":"https:\/\/mamaterra.lt\/parduotuve\/maaratlemata\/doterra-on-guard-sadelev-katepesuvahend-27ml-2-dosaatoriga\/"},"modified":"2021-09-08T09:55:07","modified_gmt":"2021-09-08T08:55:07","slug":"doterra-on-guard-foaming-hand-seib-473ml-koos-2-dosaatoritega","status":"publish","type":"product","link":"https:\/\/mamaterra.lt\/et\/parduotuve\/eeterlikud-olid\/eeterlike-olide-segud\/doterra-on-guard-foaming-hand-seib-473ml-koos-2-dosaatoritega\/","title":{"rendered":"doTERRA On Guard\u00ae s\u00e4delev k\u00e4tepesuvahend 27ml 2 dosaatoriga"},"content":{"rendered":"<p><strong>doTERRA On Guard\u00ae s\u00e4delev k\u00e4tepesuvahend 27ml 2 dosaatoriga<\/strong><\/p>\n<p>Vahutav k\u00e4tepesuvahend &#8211; 473ml<br \/>\nDosaator &#8211; 2 tk. p\u00e4rast 236,5ml<\/p>\n<p>&nbsp;<\/p>\n<p><strong>doTERRA On Guard\u00ae s\u00e4delev k\u00e4tepesu<\/strong><\/p>\n<p>doTERRA On Guard vahutav k\u00e4sipesu on \u00f5rn ja tervislik alternatiiv karmidele seepidele, mis v\u00f5ivad tundlikku nahka kuivatada ja \u00e4rritada. Korrutatuna looduslikult ohutute doTERRA CPTG\u00ae eeterlike \u00f5lide v\u00f5imsusega, pakub vahtplastist k\u00e4sipesur doTERRA \u00fche k\u00f5ige populaarsema patenteeritud eeterlike \u00f5lide segu doTERRA kaitsvaid eeliseid.<\/p>\n<p>doTERRA On Guardi s\u00e4delev k\u00e4tepesu puhastab ja pehmendab k\u00e4si, andes v\u00e4rskendava eeterlike \u00f5lide aroomi, mis j\u00e4tab teie k\u00e4ed v\u00e4rskelt l\u00f5hnavaks ja puhtaks.<\/p>\n<p>&nbsp;<\/p>\n<p><strong>Dispenser<br \/>\n<\/strong> <strong>doTERRA merevaigukollased v\u00e4rvid s\u00e4delev k\u00e4sipesu dosaator<\/strong><\/p>\n<p>2 tk. p\u00e4rast 236,5ml<\/p>\n<p><strong>doTERRA merevaigukollased v\u00e4rvid s\u00e4delev k\u00e4tepuhastusvahend Dosaatori omadused:<\/strong><\/p>\n<ul>\n<li>Merevaiguv\u00e4rvi vahutav k\u00e4tepesumasin on ideaalne viis nautida oma lemmikuid doTERRA s\u00e4delevaid k\u00e4teseepe.<\/li>\n<li>Ainulaadse stiilse disainiga<b> 236,5 ml <\/b>dosaator t\u00e4iendab suurep\u00e4raselt iga k\u00f6\u00f6ki v\u00f5i vannituba: t\u00e4nu lihtsale t\u00e4iustatud pumbale saate j\u00e4tkata oma lemmikaroomide nautimist kodus v\u00f5i kontoris!<\/li>\n<\/ul>\n<p>Alates t\u00e4nasest m\u00e4rkate, et On Guard\u2122 k\u00e4sipesu dosaator asendatakse selle t\u00e4iustatud tarvikuga, mis sisaldub valitud doTERRA komplektides. On Guard\u2122 k\u00e4sipesulaparaadi ei ole enam tootmises ja seda ei lisata alates t\u00e4nasest enam komplektidesse. Saate selle jaoturi eraldi osta, kuni meil on nende kaupade saldo.<\/p>\n<p>doTERRA Amber Color s\u00e4delev k\u00e4tepesumasin Dosator on ideaalne viis nautida oma lemmik doterra s\u00e4delevaid k\u00e4teseepe.<\/p>\n<p>&nbsp;<\/p>\n","protected":false},"excerpt":{"rendered":"<ul>\n<li>2 dosaatorit ja 1 vahutav k\u00e4tepuhastusvahend<\/li>\n<li>doTERRA On Guard s\u00e4delev k\u00e4tepesu on mahe ja tervislik alternatiiv karmidele seepidele, mis v\u00f5ivad tundlikku nahka kuivatada ja \u00e4rritada<\/li>\n<li>doTERRA Amber Color s\u00e4delev k\u00e4tepesumasin Dosator on ideaalne viis nautida oma lemmik doterra s\u00e4delevaid k\u00e4teseepe.<\/li>\n<\/ul>\n","protected":false},"featured_media":13556,"template":"","meta":{"site-sidebar-layout":"default","site-content-layout":"default","ast-site-content-layout":"default","site-content-style":"default","site-sidebar-style":"default","ast-global-header-display":"","ast-banner-title-visibility":"","ast-main-header-display":"","ast-hfb-above-header-display":"","ast-hfb-below-header-display":"","ast-hfb-mobile-header-display":"","site-post-title":"","ast-breadcrumbs-content":"","ast-featured-img":"","footer-sml-layout":"","ast-disable-related-posts":"","theme-transparent-header-meta":"default","adv-header-id-meta":"","stick-header-meta":"","header-above-stick-meta":"","header-main-stick-meta":"","header-below-stick-meta":"","astra-migrate-meta-layouts":"default","ast-page-background-enabled":"default","ast-page-background-meta":{"desktop":{"background-color":"","background-image":"","background-repeat":"repeat","background-position":"center center","background-size":"auto","background-attachment":"scroll","background-type":"","background-media":"","overlay-type":"","overlay-color":"","overlay-opacity":"","overlay-gradient":""},"tablet":{"background-color":"","background-image":"","background-repeat":"repeat","background-position":"center center","background-size":"auto","background-attachment":"scroll","background-type":"","background-media":"","overlay-type":"","overlay-color":"","overlay-opacity":"","overlay-gradient":""},"mobile":{"background-color":"","background-image":"","background-repeat":"repeat","background-position":"center center","background-size":"auto","background-attachment":"scroll","background-type":"","background-media":"","overlay-type":"","overlay-color":"","overlay-opacity":"","overlay-gradient":""}},"ast-content-background-meta":{"desktop":{"background-color":"var(--ast-global-color-5)","background-image":"","background-repeat":"repeat","background-position":"center center","background-size":"auto","background-attachment":"scroll","background-type":"","background-media":"","overlay-type":"","overlay-color":"","overlay-opacity":"","overlay-gradient":""},"tablet":{"background-color":"var(--ast-global-color-5)","background-image":"","background-repeat":"repeat","background-position":"center center","background-size":"auto","background-attachment":"scroll","background-type":"","background-media":"","overlay-type":"","overlay-color":"","overlay-opacity":"","overlay-gradient":""},"mobile":{"background-color":"var(--ast-global-color-5)","background-image":"","background-repeat":"repeat","background-position":"center center","background-size":"auto","background-attachment":"scroll","background-type":"","background-media":"","overlay-type":"","overlay-color":"","overlay-opacity":"","overlay-gradient":""}}},"product_brand":[],"product_cat":[1701,1710,1746],"product_tag":[853,1620,1439,1590],"class_list":{"0":"post-16123","1":"product","2":"type-product","3":"status-publish","4":"has-post-thumbnail","6":"product_cat-eeterlike-olide-segud","7":"product_cat-hugieen-ja-nahahooldus","8":"product_cat-on-guard-tooted","9":"product_tag-473ml-et","10":"product_tag-dosaator-et","11":"product_tag-on-guard-et","12":"product_tag-vahutav-katepesu","13":"desktop-align-left","14":"tablet-align-left","15":"mobile-align-left","17":"first","18":"outofstock","19":"sale","20":"taxable","21":"shipping-taxable","22":"purchasable","23":"product-type-simple"},"_links":{"self":[{"href":"https:\/\/mamaterra.lt\/et\/wp-json\/wp\/v2\/product\/16123","targetHints":{"allow":["GET"]}}],"collection":[{"href":"https:\/\/mamaterra.lt\/et\/wp-json\/wp\/v2\/product"}],"about":[{"href":"https:\/\/mamaterra.lt\/et\/wp-json\/wp\/v2\/types\/product"}],"wp:featuredmedia":[{"embeddable":true,"href":"https:\/\/mamaterra.lt\/et\/wp-json\/wp\/v2\/media\/13556"}],"wp:attachment":[{"href":"https:\/\/mamaterra.lt\/et\/wp-json\/wp\/v2\/media?parent=16123"}],"wp:term":[{"taxonomy":"product_brand","embeddable":true,"href":"https:\/\/mamaterra.lt\/et\/wp-json\/wp\/v2\/product_brand?post=16123"},{"taxonomy":"product_cat","embeddable":true,"href":"https:\/\/mamaterra.lt\/et\/wp-json\/wp\/v2\/product_cat?post=16123"},{"taxonomy":"product_tag","embeddable":true,"href":"https:\/\/mamaterra.lt\/et\/wp-json\/wp\/v2\/product_tag?post=16123"}],"curies":[{"name":"wp","href":"https:\/\/api.w.org\/{rel}","templated":true}]}}