{"id":16122,"date":"2021-04-19T09:56:01","date_gmt":"2021-04-19T08:56:01","guid":{"rendered":"https:\/\/mamaterra.lt\/parduotuve\/maaratlemata\/doterra-spa-serenity-kovaseep-113g\/"},"modified":"2021-04-19T09:56:01","modified_gmt":"2021-04-19T08:56:01","slug":"doterra-spaa-rahulikkus-kovaseep-113g","status":"publish","type":"product","link":"https:\/\/mamaterra.lt\/et\/parduotuve\/hugieen-ja-nahahooldus\/doterra-spa-et\/doterra-spaa-rahulikkus-kovaseep-113g\/","title":{"rendered":"doTERRA SPA Serenity k\u00f5vaseep 113g"},"content":{"rendered":"<p><strong>doTERRA SPA Serenity k\u00f5vaseep<\/strong><\/p>\n<p>113 g<\/p>\n<p>&nbsp;<\/p>\n<p><strong>doTERRA SPA Serenity k\u00f5vaseep kirjeldus ja \u00fcldised omadused:<\/strong><\/p>\n<p>doTERRA SPA k\u00f5va vanniseep Serenity pakub erakordset aistingute, vahutamise, aroomi ja pesemise kogemust. Rahustava ja l\u00f5\u00f5gastava rahustava seguga rikastatud k\u00f5va seep doTERRA Serenity aitab teil tunda \u00f5ndsat puhkust.<\/p>\n<ul>\n<li>doTERRA Serenity eeterlike \u00f5lide segu loob rahustava keskkonna<\/li>\n<li>Jojobaseemne\u00f5li on tuntud oma kiire imendumise ja s\u00fcgavalt niisutamise v\u00f5ime poolest<\/li>\n<li>Taimset p\u00e4ritolu gl\u00fctseriin niisutab nahka ja aitab s\u00e4ilitada selle niiskust ning \u00f5rnalt vahutab<\/li>\n<li>Aloe lehemahl puhastab, niisutab, rahustab ja pehmendab nahka<\/li>\n<li>Looduslik kaoliinsavi annab seebile kauni lavendli varjundi<\/li>\n<\/ul>\n<p>&nbsp;<\/p>\n<p>Lisateave selle spetsiaalse <strong>doTERRA SPA Serenity k\u00f5vaseebi kohta.<\/strong><\/p>\n<p><iframe title=\"Puhas, sile, pehme nahk- doTERRA\u00ae SPA niisutav vannibaar\" src=\"https:\/\/www.youtube.com\/embed\/RO47qxaBCo4\" width=\"946\" height=\"532\" frameborder=\"0\" allowfullscreen=\"allowfullscreen\"><\/iframe><\/p>\n","protected":false},"excerpt":{"rendered":"<ul>\n<li>doTERRA Serenity eeterlike \u00f5lide segu loob rahustava keskkonna<\/li>\n<li>Jojobaseemne\u00f5li on tuntud oma kiire imendumise ja s\u00fcgavalt niisutamise v\u00f5ime poolest<\/li>\n<li>Taimset p\u00e4ritolu gl\u00fctseriin niisutab nahka ja aitab s\u00e4ilitada selle niiskust ning \u00f5rnalt vahutab<\/li>\n<li>Aloe lehemahl puhastab, niisutab, rahustab ja pehmendab nahka<\/li>\n<li>Looduslik kaoliinsavi annab seebile kauni lavendli varjundi<\/li>\n<\/ul>\n","protected":false},"featured_media":13781,"template":"","meta":{"site-sidebar-layout":"default","site-content-layout":"default","ast-site-content-layout":"default","site-content-style":"default","site-sidebar-style":"default","ast-global-header-display":"","ast-banner-title-visibility":"","ast-main-header-display":"","ast-hfb-above-header-display":"","ast-hfb-below-header-display":"","ast-hfb-mobile-header-display":"","site-post-title":"","ast-breadcrumbs-content":"","ast-featured-img":"","footer-sml-layout":"","ast-disable-related-posts":"","theme-transparent-header-meta":"default","adv-header-id-meta":"","stick-header-meta":"","header-above-stick-meta":"","header-main-stick-meta":"","header-below-stick-meta":"","astra-migrate-meta-layouts":"default","ast-page-background-enabled":"default","ast-page-background-meta":{"desktop":{"background-color":"","background-image":"","background-repeat":"repeat","background-position":"center center","background-size":"auto","background-attachment":"scroll","background-type":"","background-media":"","overlay-type":"","overlay-color":"","overlay-opacity":"","overlay-gradient":""},"tablet":{"background-color":"","background-image":"","background-repeat":"repeat","background-position":"center center","background-size":"auto","background-attachment":"scroll","background-type":"","background-media":"","overlay-type":"","overlay-color":"","overlay-opacity":"","overlay-gradient":""},"mobile":{"background-color":"","background-image":"","background-repeat":"repeat","background-position":"center center","background-size":"auto","background-attachment":"scroll","background-type":"","background-media":"","overlay-type":"","overlay-color":"","overlay-opacity":"","overlay-gradient":""}},"ast-content-background-meta":{"desktop":{"background-color":"var(--ast-global-color-5)","background-image":"","background-repeat":"repeat","background-position":"center center","background-size":"auto","background-attachment":"scroll","background-type":"","background-media":"","overlay-type":"","overlay-color":"","overlay-opacity":"","overlay-gradient":""},"tablet":{"background-color":"var(--ast-global-color-5)","background-image":"","background-repeat":"repeat","background-position":"center center","background-size":"auto","background-attachment":"scroll","background-type":"","background-media":"","overlay-type":"","overlay-color":"","overlay-opacity":"","overlay-gradient":""},"mobile":{"background-color":"var(--ast-global-color-5)","background-image":"","background-repeat":"repeat","background-position":"center center","background-size":"auto","background-attachment":"scroll","background-type":"","background-media":"","overlay-type":"","overlay-color":"","overlay-opacity":"","overlay-gradient":""}}},"product_brand":[],"product_cat":[1725,1710],"product_tag":[738,1218,1570,1427],"class_list":{"0":"post-16122","1":"product","2":"type-product","3":"status-publish","4":"has-post-thumbnail","6":"product_cat-doterra-spa-et","7":"product_cat-hugieen-ja-nahahooldus","8":"product_tag-113g-et","9":"product_tag-doterra-spa-et","10":"product_tag-seep","11":"product_tag-serenity-et","12":"desktop-align-left","13":"tablet-align-left","14":"mobile-align-left","16":"first","17":"instock","18":"taxable","19":"shipping-taxable","20":"purchasable","21":"product-type-simple"},"_links":{"self":[{"href":"https:\/\/mamaterra.lt\/et\/wp-json\/wp\/v2\/product\/16122","targetHints":{"allow":["GET"]}}],"collection":[{"href":"https:\/\/mamaterra.lt\/et\/wp-json\/wp\/v2\/product"}],"about":[{"href":"https:\/\/mamaterra.lt\/et\/wp-json\/wp\/v2\/types\/product"}],"wp:featuredmedia":[{"embeddable":true,"href":"https:\/\/mamaterra.lt\/et\/wp-json\/wp\/v2\/media\/13781"}],"wp:attachment":[{"href":"https:\/\/mamaterra.lt\/et\/wp-json\/wp\/v2\/media?parent=16122"}],"wp:term":[{"taxonomy":"product_brand","embeddable":true,"href":"https:\/\/mamaterra.lt\/et\/wp-json\/wp\/v2\/product_brand?post=16122"},{"taxonomy":"product_cat","embeddable":true,"href":"https:\/\/mamaterra.lt\/et\/wp-json\/wp\/v2\/product_cat?post=16122"},{"taxonomy":"product_tag","embeddable":true,"href":"https:\/\/mamaterra.lt\/et\/wp-json\/wp\/v2\/product_tag?post=16122"}],"curies":[{"name":"wp","href":"https:\/\/api.w.org\/{rel}","templated":true}]}}