{"id":16116,"date":"2021-04-19T09:51:21","date_gmt":"2021-04-19T08:51:21","guid":{"rendered":"https:\/\/mamaterra.lt\/parduotuve\/maaratlemata\/niisutav-doterra-spa-kehasprei-125ml\/"},"modified":"2021-04-19T09:51:21","modified_gmt":"2021-04-19T08:51:21","slug":"niisutav-doterra-spaa-keha-pihusti-125ml","status":"publish","type":"product","link":"https:\/\/mamaterra.lt\/et\/parduotuve\/hugieen-ja-nahahooldus\/doterra-spa-et\/niisutav-doterra-spaa-keha-pihusti-125ml\/","title":{"rendered":"Niisutav doTERRA Spa kehasprei 125ml"},"content":{"rendered":"<p><strong>Niisutav doTERRA Spa kehasprei<\/strong><\/p>\n<p>125 ml<\/p>\n<p>&nbsp;<\/p>\n<p><strong>Niisutav doTERRA Spa kehasprei p\u00f5hiomadused:<\/strong><\/p>\n<p>Naudi kogu keha niisutatud nahka! Selle kauni lummava eeterliku \u00f5li segu eeliseid, mis hellitavad selle v\u00f5rgutava aroomi ilu, t\u00e4iendavad kookos-, p\u00e4evalille-, avokaado- ja kannatuslille\u00f5lide toitvad omadused. See niisutav kehasprei aitab parandada naha v\u00e4limust: see n\u00e4eb v\u00e4lja terve ja s\u00e4rav.<\/p>\n<ul>\n<li>CPTG\u2122 kaunis lummav eeterlike \u00f5lide segu pakub energiat ja meeli\u00fclendavat<\/li>\n<li>P\u00e4evalille-, avokaado- ja kannatuslille\u00f5lid rahustavad, pehmendavad ja niisutavad nahka, andes sellele tervisliku s\u00e4ra<\/li>\n<li>Kapr\u00fc\u00fclium \/ capri trigl\u00fctseriidid (kookosp\u00e4hklitest) toidavad nahka ja kaitsevad selle loomulikku barj\u00e4\u00e4ri<\/li>\n<\/ul>\n<p>&nbsp;<\/p>\n<p>Lisateave <strong>Doterra Spa kehapihusti kohta.<\/strong><\/p>\n<p><iframe title=\"Kuidas kasutada doTERRA Spa niisutavat kehaudu (t\u00f5lgitud subtiitrid)\" src=\"https:\/\/www.youtube.com\/embed\/sC4rHYseqqA\" width=\"946\" height=\"532\" frameborder=\"0\" allowfullscreen=\"allowfullscreen\"><\/iframe><\/p>\n","protected":false},"excerpt":{"rendered":"<ul>\n<li>CPTG\u2122 kaunis lummav eeterlike \u00f5lide segu pakub energiat ja meeli\u00fclendavat<\/li>\n<li>P\u00e4evalille-, avokaado- ja kannatuslille\u00f5lid rahustavad, pehmendavad ja niisutavad nahka, andes sellele tervisliku s\u00e4ra<\/li>\n<li>Kapr\u00fc\u00fclium \/ capri trigl\u00fctseriidid (kookosp\u00e4hklitest) toidavad nahka ja kaitsevad selle loomulikku barj\u00e4\u00e4ri<\/li>\n<\/ul>\n","protected":false},"featured_media":12470,"template":"","meta":{"site-sidebar-layout":"default","site-content-layout":"default","ast-site-content-layout":"default","site-content-style":"default","site-sidebar-style":"default","ast-global-header-display":"","ast-banner-title-visibility":"","ast-main-header-display":"","ast-hfb-above-header-display":"","ast-hfb-below-header-display":"","ast-hfb-mobile-header-display":"","site-post-title":"","ast-breadcrumbs-content":"","ast-featured-img":"","footer-sml-layout":"","ast-disable-related-posts":"","theme-transparent-header-meta":"default","adv-header-id-meta":"","stick-header-meta":"","header-above-stick-meta":"","header-main-stick-meta":"","header-below-stick-meta":"","astra-migrate-meta-layouts":"default","ast-page-background-enabled":"default","ast-page-background-meta":{"desktop":{"background-color":"","background-image":"","background-repeat":"repeat","background-position":"center center","background-size":"auto","background-attachment":"scroll","background-type":"","background-media":"","overlay-type":"","overlay-color":"","overlay-opacity":"","overlay-gradient":""},"tablet":{"background-color":"","background-image":"","background-repeat":"repeat","background-position":"center center","background-size":"auto","background-attachment":"scroll","background-type":"","background-media":"","overlay-type":"","overlay-color":"","overlay-opacity":"","overlay-gradient":""},"mobile":{"background-color":"","background-image":"","background-repeat":"repeat","background-position":"center center","background-size":"auto","background-attachment":"scroll","background-type":"","background-media":"","overlay-type":"","overlay-color":"","overlay-opacity":"","overlay-gradient":""}},"ast-content-background-meta":{"desktop":{"background-color":"var(--ast-global-color-5)","background-image":"","background-repeat":"repeat","background-position":"center center","background-size":"auto","background-attachment":"scroll","background-type":"","background-media":"","overlay-type":"","overlay-color":"","overlay-opacity":"","overlay-gradient":""},"tablet":{"background-color":"var(--ast-global-color-5)","background-image":"","background-repeat":"repeat","background-position":"center center","background-size":"auto","background-attachment":"scroll","background-type":"","background-media":"","overlay-type":"","overlay-color":"","overlay-opacity":"","overlay-gradient":""},"mobile":{"background-color":"var(--ast-global-color-5)","background-image":"","background-repeat":"repeat","background-position":"center center","background-size":"auto","background-attachment":"scroll","background-type":"","background-media":"","overlay-type":"","overlay-color":"","overlay-opacity":"","overlay-gradient":""}}},"product_brand":[],"product_cat":[1725,1710],"product_tag":[776,1218,1588],"class_list":{"0":"post-16116","1":"product","2":"type-product","3":"status-publish","4":"has-post-thumbnail","6":"product_cat-doterra-spa-et","7":"product_cat-hugieen-ja-nahahooldus","8":"product_tag-125-ml-et","9":"product_tag-doterra-spa-et","10":"product_tag-pihusti","11":"desktop-align-left","12":"tablet-align-left","13":"mobile-align-left","15":"first","16":"outofstock","17":"taxable","18":"shipping-taxable","19":"purchasable","20":"product-type-simple"},"_links":{"self":[{"href":"https:\/\/mamaterra.lt\/et\/wp-json\/wp\/v2\/product\/16116","targetHints":{"allow":["GET"]}}],"collection":[{"href":"https:\/\/mamaterra.lt\/et\/wp-json\/wp\/v2\/product"}],"about":[{"href":"https:\/\/mamaterra.lt\/et\/wp-json\/wp\/v2\/types\/product"}],"wp:featuredmedia":[{"embeddable":true,"href":"https:\/\/mamaterra.lt\/et\/wp-json\/wp\/v2\/media\/12470"}],"wp:attachment":[{"href":"https:\/\/mamaterra.lt\/et\/wp-json\/wp\/v2\/media?parent=16116"}],"wp:term":[{"taxonomy":"product_brand","embeddable":true,"href":"https:\/\/mamaterra.lt\/et\/wp-json\/wp\/v2\/product_brand?post=16116"},{"taxonomy":"product_cat","embeddable":true,"href":"https:\/\/mamaterra.lt\/et\/wp-json\/wp\/v2\/product_cat?post=16116"},{"taxonomy":"product_tag","embeddable":true,"href":"https:\/\/mamaterra.lt\/et\/wp-json\/wp\/v2\/product_tag?post=16116"}],"curies":[{"name":"wp","href":"https:\/\/api.w.org\/{rel}","templated":true}]}}