{"id":16112,"date":"2021-09-08T10:01:02","date_gmt":"2021-09-08T09:01:02","guid":{"rendered":"https:\/\/mamaterra.lt\/parduotuve\/maaratlemata\/doterra-on-guard-looduslik-valgendav-hambapasta-125g\/"},"modified":"2021-09-08T10:01:02","modified_gmt":"2021-09-08T09:01:02","slug":"doterra-on-guard-natural-pleegitav-hambapasta-125g","status":"publish","type":"product","link":"https:\/\/mamaterra.lt\/et\/parduotuve\/eeterlikud-olid\/eeterlike-olide-segud\/doterra-on-guard-natural-pleegitav-hambapasta-125g\/","title":{"rendered":"doTERRA On Guard\u00ae looduslik valgendav hambapasta 125g"},"content":{"rendered":"<p><strong>doTERRA On Guard\u00ae looduslik valgendav hambapasta<\/strong><\/p>\n<p>125 g &#8211; 1 tk.<\/p>\n<p>&nbsp;<\/p>\n<p><strong>doTERRA On Guard\u00ae looduslik valgendav hambapasta koostis ja \u00fcldised omadused:<\/strong><\/p>\n<p>Kas teadsite, et teie keha kasutab kaltsiumh\u00fcdroks\u00fcapatiiti, et aidata s\u00e4ilitada tugevat hambaemaili? Seet\u00f5ttu sisaldab doTERRA On Guard\u00ae looduslik valgendav hambapasta seda olulist mineraali.<\/p>\n<ul>\n<li>Kompositsioonis olevad eeterlikud \u00f5lid t\u00f6\u00f6tavad koos hammaste puhastamiseks ja l\u00f5hna v\u00e4rskendamiseks. Hambapasta \u00fchendab endas patenteeritud doTERRA On Guard eeterliku \u00f5li segu eelised ks\u00fclitooli ja h\u00fcdreeritud r\u00e4niga, et aidata puhastada hambaid, v\u00e4hendada hambakattu ja \u00f5rnalt valgendada hambaid.<\/li>\n<li>Lisaks rahustab Myrrh eeterlik \u00f5li suu limaskesta, igemeid ja kurku ning piparm\u00fcnt doTERRA On Guard seguga annab hingele kaneeli-piparm\u00fcndi l\u00f5hna.<\/li>\n<li>Selle pasta regulaarsel kasutamisel on teie hambad terved ja naeratus on pimestavalt valge.<\/li>\n<\/ul>\n<p>&nbsp;<\/p>\n<p>Lisateavet Guardi loodusliku hambaharjapasta kohta leiate allolevast videost.<\/p>\n<p><iframe title=\"\u00dcmbers\u00f5nastatud doTERRA On Guard\u00ae looduslik valgendav hambapasta\" src=\"https:\/\/www.youtube.com\/embed\/s-1v3-cLP5M\" width=\"946\" height=\"532\" frameborder=\"0\" allowfullscreen=\"allowfullscreen\"><\/iframe><\/p>\n","protected":false},"excerpt":{"rendered":"<ul>\n<li>Koostises olevad eeterlikud \u00f5lid t\u00f6\u00f6tavad koos hammaste puhastamiseks ja l\u00f5hna v\u00e4rskendamiseks<\/li>\n<li>doTERRA On Guard\u00ae looduslik valgendav hambapasta<\/li>\n<li>Selle pasta regulaarsel kasutamisel on teie hambad terved ja naeratus pimestavalt valge<\/li>\n<\/ul>\n","protected":false},"featured_media":12833,"template":"","meta":{"site-sidebar-layout":"default","site-content-layout":"default","ast-site-content-layout":"default","site-content-style":"default","site-sidebar-style":"default","ast-global-header-display":"","ast-banner-title-visibility":"","ast-main-header-display":"","ast-hfb-above-header-display":"","ast-hfb-below-header-display":"","ast-hfb-mobile-header-display":"","site-post-title":"","ast-breadcrumbs-content":"","ast-featured-img":"","footer-sml-layout":"","ast-disable-related-posts":"","theme-transparent-header-meta":"default","adv-header-id-meta":"","stick-header-meta":"","header-above-stick-meta":"","header-main-stick-meta":"","header-below-stick-meta":"","astra-migrate-meta-layouts":"default","ast-page-background-enabled":"default","ast-page-background-meta":{"desktop":{"background-color":"","background-image":"","background-repeat":"repeat","background-position":"center center","background-size":"auto","background-attachment":"scroll","background-type":"","background-media":"","overlay-type":"","overlay-color":"","overlay-opacity":"","overlay-gradient":""},"tablet":{"background-color":"","background-image":"","background-repeat":"repeat","background-position":"center center","background-size":"auto","background-attachment":"scroll","background-type":"","background-media":"","overlay-type":"","overlay-color":"","overlay-opacity":"","overlay-gradient":""},"mobile":{"background-color":"","background-image":"","background-repeat":"repeat","background-position":"center center","background-size":"auto","background-attachment":"scroll","background-type":"","background-media":"","overlay-type":"","overlay-color":"","overlay-opacity":"","overlay-gradient":""}},"ast-content-background-meta":{"desktop":{"background-color":"var(--ast-global-color-5)","background-image":"","background-repeat":"repeat","background-position":"center center","background-size":"auto","background-attachment":"scroll","background-type":"","background-media":"","overlay-type":"","overlay-color":"","overlay-opacity":"","overlay-gradient":""},"tablet":{"background-color":"var(--ast-global-color-5)","background-image":"","background-repeat":"repeat","background-position":"center center","background-size":"auto","background-attachment":"scroll","background-type":"","background-media":"","overlay-type":"","overlay-color":"","overlay-opacity":"","overlay-gradient":""},"mobile":{"background-color":"var(--ast-global-color-5)","background-image":"","background-repeat":"repeat","background-position":"center center","background-size":"auto","background-attachment":"scroll","background-type":"","background-media":"","overlay-type":"","overlay-color":"","overlay-opacity":"","overlay-gradient":""}}},"product_brand":[],"product_cat":[1701,1710,1746],"product_tag":[807,1528,1439,1579],"class_list":{"0":"post-16112","1":"product","2":"type-product","3":"status-publish","4":"has-post-thumbnail","6":"product_cat-eeterlike-olide-segud","7":"product_cat-hugieen-ja-nahahooldus","8":"product_cat-on-guard-tooted","9":"product_tag-125g-et","10":"product_tag-hambapasta","11":"product_tag-on-guard-et","12":"product_tag-populaarne","13":"desktop-align-left","14":"tablet-align-left","15":"mobile-align-left","17":"first","18":"instock","19":"sale","20":"featured","21":"taxable","22":"shipping-taxable","23":"purchasable","24":"product-type-simple"},"_links":{"self":[{"href":"https:\/\/mamaterra.lt\/et\/wp-json\/wp\/v2\/product\/16112","targetHints":{"allow":["GET"]}}],"collection":[{"href":"https:\/\/mamaterra.lt\/et\/wp-json\/wp\/v2\/product"}],"about":[{"href":"https:\/\/mamaterra.lt\/et\/wp-json\/wp\/v2\/types\/product"}],"wp:featuredmedia":[{"embeddable":true,"href":"https:\/\/mamaterra.lt\/et\/wp-json\/wp\/v2\/media\/12833"}],"wp:attachment":[{"href":"https:\/\/mamaterra.lt\/et\/wp-json\/wp\/v2\/media?parent=16112"}],"wp:term":[{"taxonomy":"product_brand","embeddable":true,"href":"https:\/\/mamaterra.lt\/et\/wp-json\/wp\/v2\/product_brand?post=16112"},{"taxonomy":"product_cat","embeddable":true,"href":"https:\/\/mamaterra.lt\/et\/wp-json\/wp\/v2\/product_cat?post=16112"},{"taxonomy":"product_tag","embeddable":true,"href":"https:\/\/mamaterra.lt\/et\/wp-json\/wp\/v2\/product_tag?post=16112"}],"curies":[{"name":"wp","href":"https:\/\/api.w.org\/{rel}","templated":true}]}}