{"id":16110,"date":"2021-09-08T09:46:38","date_gmt":"2021-09-08T08:46:38","guid":{"rendered":"https:\/\/mamaterra.lt\/parduotuve\/maaratlemata\/doterra-toidulisand-on-guard-softgels-60-kapslit\/"},"modified":"2021-09-08T09:46:38","modified_gmt":"2021-09-08T08:46:38","slug":"doterra-supplement-on-guard-softgels-60-kapsel","status":"publish","type":"product","link":"https:\/\/mamaterra.lt\/et\/parduotuve\/eeterlikud-olid\/eeterlike-olide-segud\/doterra-supplement-on-guard-softgels-60-kapsel\/","title":{"rendered":"doTERRA toidulisand On Guard Softgels (60 kapslit)"},"content":{"rendered":"<p><strong>doTERRA toidulisand On Guard Softgels<\/strong><\/p>\n<p>60 kapslit<\/p>\n<p>&nbsp;<\/p>\n<p><strong>doTERRA toidulisand On Guard Softgels \u00dcldomadused:<\/strong><\/p>\n<p>doTERRA On Guard+ Softgels \u00fchendab patenteeritud doTERRA On Guard kaitsesegu musta pipra, pune ja melissi eeterlike \u00f5lidega t\u00e4iendavaks immuunsuse toetamiseks.*<\/p>\n<ul>\n<li>Toetab tervislikku immuun- ja hingamisfunktsiooni*<\/li>\n<li>Toetab organismi loomulikku antioks\u00fcdantset kaitsev\u00f5imet*<\/li>\n<li>Edendab tervislikku vereringet*<\/li>\n<li>Energiat andev ja t\u00f5stev aroom<\/li>\n<li>doTERRA On Guard on suurep\u00e4rane v\u00f5imalus tervisliku immuunfunktsiooni tugevdamiseks ja s\u00e4ilitamiseks, kui hooajalised ohud on suured. *<\/li>\n<li>doTERRA On Guardit tuleks kasutada valesti, aeg-ajalt vajadusel.<\/li>\n<\/ul>\n<p><strong>doTERRA toidulisand On Guard Softgels \u00dcldised kasutusjuhendid:<\/strong><\/p>\n<p><span class=\"Y2IQFc\" lang=\"lt\">Vajadusel v\u00f5tke 1 v\u00f5i enam pehmet geelkapslit, et stimuleerida tervislikku immuunfunktsiooni.<\/span><\/p>\n<p>&nbsp;<\/p>\n<p>Lisateave doTERRA On Guard Softgels toidulisandi kohta.<\/p>\n<p><iframe title=\"Parim immuunsuse suurendamine doTERRA On Guard Softgelsiga\" src=\"https:\/\/www.youtube.com\/embed\/-AZ2DrqulO8\" width=\"944\" height=\"532\" frameborder=\"0\" allowfullscreen=\"allowfullscreen\"><\/iframe><\/p>\n","protected":false},"excerpt":{"rendered":"<ul>\n<li>Toetab tervislikku immuun- ja hingamisfunktsiooni*<\/li>\n<li>Toetab organismi loomulikku antioks\u00fcdantset kaitsev\u00f5imet*<\/li>\n<li>Edendab tervislikku vereringet*<\/li>\n<li>Energiat andev ja t\u00f5stev aroom<\/li>\n<\/ul>\n","protected":false},"featured_media":12818,"template":"","meta":{"site-sidebar-layout":"default","site-content-layout":"default","ast-site-content-layout":"default","site-content-style":"default","site-sidebar-style":"default","ast-global-header-display":"","ast-banner-title-visibility":"","ast-main-header-display":"","ast-hfb-above-header-display":"","ast-hfb-below-header-display":"","ast-hfb-mobile-header-display":"","site-post-title":"","ast-breadcrumbs-content":"","ast-featured-img":"","footer-sml-layout":"","ast-disable-related-posts":"","theme-transparent-header-meta":"default","adv-header-id-meta":"","stick-header-meta":"","header-above-stick-meta":"","header-main-stick-meta":"","header-below-stick-meta":"","astra-migrate-meta-layouts":"default","ast-page-background-enabled":"default","ast-page-background-meta":{"desktop":{"background-color":"","background-image":"","background-repeat":"repeat","background-position":"center center","background-size":"auto","background-attachment":"scroll","background-type":"","background-media":"","overlay-type":"","overlay-color":"","overlay-opacity":"","overlay-gradient":""},"tablet":{"background-color":"","background-image":"","background-repeat":"repeat","background-position":"center center","background-size":"auto","background-attachment":"scroll","background-type":"","background-media":"","overlay-type":"","overlay-color":"","overlay-opacity":"","overlay-gradient":""},"mobile":{"background-color":"","background-image":"","background-repeat":"repeat","background-position":"center center","background-size":"auto","background-attachment":"scroll","background-type":"","background-media":"","overlay-type":"","overlay-color":"","overlay-opacity":"","overlay-gradient":""}},"ast-content-background-meta":{"desktop":{"background-color":"var(--ast-global-color-5)","background-image":"","background-repeat":"repeat","background-position":"center center","background-size":"auto","background-attachment":"scroll","background-type":"","background-media":"","overlay-type":"","overlay-color":"","overlay-opacity":"","overlay-gradient":""},"tablet":{"background-color":"var(--ast-global-color-5)","background-image":"","background-repeat":"repeat","background-position":"center center","background-size":"auto","background-attachment":"scroll","background-type":"","background-media":"","overlay-type":"","overlay-color":"","overlay-opacity":"","overlay-gradient":""},"mobile":{"background-color":"var(--ast-global-color-5)","background-image":"","background-repeat":"repeat","background-position":"center center","background-size":"auto","background-attachment":"scroll","background-type":"","background-media":"","overlay-type":"","overlay-color":"","overlay-opacity":"","overlay-gradient":""}}},"product_brand":[],"product_cat":[1701,1699,1746],"product_tag":[1552,1439],"class_list":{"0":"post-16110","1":"product","2":"type-product","3":"status-publish","4":"has-post-thumbnail","6":"product_cat-eeterlike-olide-segud","7":"product_cat-eeterlikud-olid","8":"product_cat-on-guard-tooted","9":"product_tag-kapslid","10":"product_tag-on-guard-et","11":"desktop-align-left","12":"tablet-align-left","13":"mobile-align-left","15":"first","16":"instock","17":"sale","18":"taxable","19":"shipping-taxable","20":"purchasable","21":"product-type-simple"},"_links":{"self":[{"href":"https:\/\/mamaterra.lt\/et\/wp-json\/wp\/v2\/product\/16110","targetHints":{"allow":["GET"]}}],"collection":[{"href":"https:\/\/mamaterra.lt\/et\/wp-json\/wp\/v2\/product"}],"about":[{"href":"https:\/\/mamaterra.lt\/et\/wp-json\/wp\/v2\/types\/product"}],"wp:featuredmedia":[{"embeddable":true,"href":"https:\/\/mamaterra.lt\/et\/wp-json\/wp\/v2\/media\/12818"}],"wp:attachment":[{"href":"https:\/\/mamaterra.lt\/et\/wp-json\/wp\/v2\/media?parent=16110"}],"wp:term":[{"taxonomy":"product_brand","embeddable":true,"href":"https:\/\/mamaterra.lt\/et\/wp-json\/wp\/v2\/product_brand?post=16110"},{"taxonomy":"product_cat","embeddable":true,"href":"https:\/\/mamaterra.lt\/et\/wp-json\/wp\/v2\/product_cat?post=16110"},{"taxonomy":"product_tag","embeddable":true,"href":"https:\/\/mamaterra.lt\/et\/wp-json\/wp\/v2\/product_tag?post=16110"}],"curies":[{"name":"wp","href":"https:\/\/api.w.org\/{rel}","templated":true}]}}