{"id":16108,"date":"2021-09-08T10:19:27","date_gmt":"2021-09-08T09:19:27","guid":{"rendered":"https:\/\/mamaterra.lt\/parduotuve\/maaratlemata\/doterra-on-guard-puhastuskontsentraat-puhastuskontsentraat-355ml\/"},"modified":"2021-09-08T10:19:27","modified_gmt":"2021-09-08T09:19:27","slug":"doterra-on-guard-puhastus-kontsentraat-puhastaja-kontsentraat-kontsentraat-355ml","status":"publish","type":"product","link":"https:\/\/mamaterra.lt\/et\/parduotuve\/on-guard-tooted\/doterra-on-guard-puhastus-kontsentraat-puhastaja-kontsentraat-kontsentraat-355ml\/","title":{"rendered":"doTERRA On Guard\u00ae puhastuskontsentraat (puhastuskontsentraat) 355ml"},"content":{"rendered":"<p><strong>doTERRA On Guard\u00ae puhastuskontsentraat<\/strong><\/p>\n<p>355 ml<\/p>\n<p>&nbsp;<\/p>\n<p><strong>doTERRA On Guard\u00ae puhastuskontsentraat \u00dcldised omadused ja koostisosad:<\/strong><\/p>\n<ul>\n<li>doTERRA On Guard puhastuskontsentraat on ideaalne looduslik puhastusvahend. See on rikastatud doTERRA On Guardi patenteeritud kaitseseguga loodusliku apelsini, nelgi, kaneeli, eukal\u00fcpti ja rosmariini CPTG\u00ae eeterlikest \u00f5lidest, mis pakuvad looduslikku kaitset teatud keskkonnategurite eest, suurendades samal ajal \u00fcldist puhastusv\u00f5imalust.<\/li>\n<li>See v\u00f5imas eeterlike \u00f5lide segu on kombineeritud taimsete derivaatidega, mis on mittetoksiline ja biolagunev viis l\u00f5hnade puhastamiseks ja k\u00f5rvaldamiseks, muutes selle l\u00e4hedastele ja keskkonnale ohutuks.<\/li>\n<li>Multifunktsionaalne doTERRA On Guard puhastuskontsentraat sobib suurep\u00e4raselt k\u00f5vade pindade professionaalseks puhastamiseks k\u00f6\u00f6gis, vannitoas v\u00f5i mis tahes ruumis, j\u00e4ttes puhta ja \u00fclemeeliku l\u00f5hna.<\/li>\n<\/ul>\n<p>&nbsp;<\/p>\n<p>Vaata videot doTERRA On Guard puhastuskontsentraadist.<\/p>\n<p><iframe title=\"doTERRA on Guard\u00ae Cleaner kontsentraat\" src=\"https:\/\/www.youtube.com\/embed\/Wlb7HSu2Jww\" width=\"946\" height=\"532\" frameborder=\"0\" allowfullscreen=\"allowfullscreen\"><\/iframe><\/p>\n","protected":false},"excerpt":{"rendered":"<ul>\n<li>See v\u00f5imas eeterlike \u00f5lide segu on kombineeritud taimsete derivaatidega, mis on mittetoksiline ja biolagunev viis l\u00f5hnade puhastamiseks ja k\u00f5rvaldamiseks, muutes selle l\u00e4hedastele ja keskkonnale ohutuks.<\/li>\n<li>Multifunktsionaalne DoTERRA On Guard Cleansing Koncentraas sobib suurep\u00e4raselt k\u00f5vade pindade professionaalseks puhastamiseks k\u00f6\u00f6gis, vannitoas v\u00f5i mis tahes ruumis, j\u00e4ttes puhta ja \u00fclemeeliku l\u00f5hna<\/li>\n<\/ul>\n","protected":false},"featured_media":12851,"template":"","meta":{"site-sidebar-layout":"default","site-content-layout":"default","ast-site-content-layout":"default","site-content-style":"default","site-sidebar-style":"default","ast-global-header-display":"","ast-banner-title-visibility":"","ast-main-header-display":"","ast-hfb-above-header-display":"","ast-hfb-below-header-display":"","ast-hfb-mobile-header-display":"","site-post-title":"","ast-breadcrumbs-content":"","ast-featured-img":"","footer-sml-layout":"","ast-disable-related-posts":"","theme-transparent-header-meta":"default","adv-header-id-meta":"","stick-header-meta":"","header-above-stick-meta":"","header-main-stick-meta":"","header-below-stick-meta":"","astra-migrate-meta-layouts":"default","ast-page-background-enabled":"default","ast-page-background-meta":{"desktop":{"background-color":"","background-image":"","background-repeat":"repeat","background-position":"center center","background-size":"auto","background-attachment":"scroll","background-type":"","background-media":"","overlay-type":"","overlay-color":"","overlay-opacity":"","overlay-gradient":""},"tablet":{"background-color":"","background-image":"","background-repeat":"repeat","background-position":"center center","background-size":"auto","background-attachment":"scroll","background-type":"","background-media":"","overlay-type":"","overlay-color":"","overlay-opacity":"","overlay-gradient":""},"mobile":{"background-color":"","background-image":"","background-repeat":"repeat","background-position":"center center","background-size":"auto","background-attachment":"scroll","background-type":"","background-media":"","overlay-type":"","overlay-color":"","overlay-opacity":"","overlay-gradient":""}},"ast-content-background-meta":{"desktop":{"background-color":"var(--ast-global-color-5)","background-image":"","background-repeat":"repeat","background-position":"center center","background-size":"auto","background-attachment":"scroll","background-type":"","background-media":"","overlay-type":"","overlay-color":"","overlay-opacity":"","overlay-gradient":""},"tablet":{"background-color":"var(--ast-global-color-5)","background-image":"","background-repeat":"repeat","background-position":"center center","background-size":"auto","background-attachment":"scroll","background-type":"","background-media":"","overlay-type":"","overlay-color":"","overlay-opacity":"","overlay-gradient":""},"mobile":{"background-color":"var(--ast-global-color-5)","background-image":"","background-repeat":"repeat","background-position":"center center","background-size":"auto","background-attachment":"scroll","background-type":"","background-media":"","overlay-type":"","overlay-color":"","overlay-opacity":"","overlay-gradient":""}}},"product_brand":[],"product_cat":[1746],"product_tag":[843,1636,1439],"class_list":{"0":"post-16108","1":"product","2":"type-product","3":"status-publish","4":"has-post-thumbnail","6":"product_cat-on-guard-tooted","7":"product_tag-355-ml-et","8":"product_tag-keskenduda","9":"product_tag-on-guard-et","10":"desktop-align-left","11":"tablet-align-left","12":"mobile-align-left","14":"first","15":"instock","16":"sale","17":"taxable","18":"shipping-taxable","19":"purchasable","20":"product-type-simple"},"_links":{"self":[{"href":"https:\/\/mamaterra.lt\/et\/wp-json\/wp\/v2\/product\/16108","targetHints":{"allow":["GET"]}}],"collection":[{"href":"https:\/\/mamaterra.lt\/et\/wp-json\/wp\/v2\/product"}],"about":[{"href":"https:\/\/mamaterra.lt\/et\/wp-json\/wp\/v2\/types\/product"}],"wp:featuredmedia":[{"embeddable":true,"href":"https:\/\/mamaterra.lt\/et\/wp-json\/wp\/v2\/media\/12851"}],"wp:attachment":[{"href":"https:\/\/mamaterra.lt\/et\/wp-json\/wp\/v2\/media?parent=16108"}],"wp:term":[{"taxonomy":"product_brand","embeddable":true,"href":"https:\/\/mamaterra.lt\/et\/wp-json\/wp\/v2\/product_brand?post=16108"},{"taxonomy":"product_cat","embeddable":true,"href":"https:\/\/mamaterra.lt\/et\/wp-json\/wp\/v2\/product_cat?post=16108"},{"taxonomy":"product_tag","embeddable":true,"href":"https:\/\/mamaterra.lt\/et\/wp-json\/wp\/v2\/product_tag?post=16108"}],"curies":[{"name":"wp","href":"https:\/\/api.w.org\/{rel}","templated":true}]}}