{"id":16090,"date":"2021-09-11T12:55:48","date_gmt":"2021-09-11T11:55:48","guid":{"rendered":"https:\/\/mamaterra.lt\/parduotuve\/maaratlemata\/eeterlike-olide-kollektsioon-lastele-doterra-kids-collection-7-erinevat-doterra-eeterlikku-oli-igauks-10ml\/"},"modified":"2021-09-11T12:55:48","modified_gmt":"2021-09-11T11:55:48","slug":"eeterlik-oli-kollektsioon-lapsed-doterra-lapsed-kollektsioon-7-erinevad-doterra-eeterlikud-olid-x-10ml","status":"publish","type":"product","link":"https:\/\/mamaterra.lt\/et\/parduotuve\/eeterlikud-olid\/eeterlike-olide-segud\/eeterlik-oli-kollektsioon-lapsed-doterra-lapsed-kollektsioon-7-erinevad-doterra-eeterlikud-olid-x-10ml\/","title":{"rendered":"Eeterlike \u00f5lide kollektsioon lastele &#8211; doTERRA KIDS COLLECTION (7 erinevat doTERRA eeterlikku \u00f5li iga\u00fcks 10ml)"},"content":{"rendered":"<p><strong>Eeterlike \u00f5lide kollektsioon lastele (DOTERRA KIDS KOLLEKTSIOON)<\/strong><\/p>\n<p>7 erinevat doTERRA eeterlikku \u00f5li 10ml<\/p>\n<p>&nbsp;<\/p>\n<p><strong>Eeterlike \u00f5lide kollektsioon lastele (DOTERRA KIDS KOLLEKTSIOON) Kirjeldus<\/strong><\/p>\n<p>Olenemata sellest, kas olete kogenud eeterlike \u00f5lide kasutaja v\u00f5i alles hakkate nende vastu huvi tundma, on DoTERRA Kids Collection for Kids kollektsioon terviklik ja kasutusvalmis eeterlike \u00f5lide t\u00f6\u00f6riist kogu kehale, mis annab vanematele ja hooldajatele v\u00f5imaluse oma v\u00e4ikeste eest enesekindlalt hoolitseda.<\/p>\n<p>Need eeterlike \u00f5lide segud on m\u00f5eldud spetsiaalselt meele, organismi ja emotsioonide arendamiseks ning neid iseloomustavad ainulaadsed tasakaalustatud kombinatsioonid, mis on \u00e4\u00e4rmiselt t\u00f5husad, kuid tundlikule nahale \u00f5rnad.<\/p>\n<p><strong>Laste eeterlike \u00f5lide kollektsioon (doTERRA KIDS COLLECTION) koosneb:<\/strong><\/p>\n<ul>\n<li>Seitse pudelit eeterlikke \u00f5lisid ja nende segusid kuulaplikaatoriga mahus 10 ml (doTERRA Brave doTERRA Calmer\u2122 doTERRA Rescuer\u2122 doTERRA Steady doTERRA Stronger\u2122\u2122 doTERRA Tamer doTERRA Thinker\u2122\u2122)\u2122<\/li>\n<li>Seitse silikoonkorki karabiinidega<\/li>\n<li>Illustreeritud teabekaardid<\/li>\n<\/ul>\n<p>&nbsp;<\/p>\n<p>Vaadake videot doTERRA eeterlike \u00f5lide kogujast lastele.<\/p>\n<p><iframe title=\"Eeterlikud \u00f5lid lastele - doTERRA's Kid eeterlike \u00f5lide kollektsioon\" src=\"https:\/\/www.youtube.com\/embed\/Gs5ujev4va8\" width=\"946\" height=\"532\" frameborder=\"0\" allowfullscreen=\"allowfullscreen\"><\/iframe><\/p>\n","protected":false},"excerpt":{"rendered":"<ul>\n<li>Seitse pudelit eeterlikke \u00f5lisid ja nende segusid kuulaplikaatoriga mahus 10 ml (doTERRA Brave doTERRA Calmer\u2122 doTERRA Rescuer\u2122 doTERRA Steady doTERRA Stronger\u2122\u2122 doTERRA Tamer doTERRA Thinker\u2122\u2122)\u2122<\/li>\n<li>Seitse silikoonkorki karabiinidega<\/li>\n<li>Illustreeritud teabekaardid<\/li>\n<\/ul>\n","protected":false},"featured_media":12902,"template":"","meta":{"site-sidebar-layout":"default","site-content-layout":"default","ast-site-content-layout":"default","site-content-style":"default","site-sidebar-style":"default","ast-global-header-display":"","ast-banner-title-visibility":"","ast-main-header-display":"","ast-hfb-above-header-display":"","ast-hfb-below-header-display":"","ast-hfb-mobile-header-display":"","site-post-title":"","ast-breadcrumbs-content":"","ast-featured-img":"","footer-sml-layout":"","ast-disable-related-posts":"","theme-transparent-header-meta":"default","adv-header-id-meta":"","stick-header-meta":"","header-above-stick-meta":"","header-main-stick-meta":"","header-below-stick-meta":"","astra-migrate-meta-layouts":"default","ast-page-background-enabled":"default","ast-page-background-meta":{"desktop":{"background-color":"","background-image":"","background-repeat":"repeat","background-position":"center center","background-size":"auto","background-attachment":"scroll","background-type":"","background-media":"","overlay-type":"","overlay-color":"","overlay-opacity":"","overlay-gradient":""},"tablet":{"background-color":"","background-image":"","background-repeat":"repeat","background-position":"center center","background-size":"auto","background-attachment":"scroll","background-type":"","background-media":"","overlay-type":"","overlay-color":"","overlay-opacity":"","overlay-gradient":""},"mobile":{"background-color":"","background-image":"","background-repeat":"repeat","background-position":"center center","background-size":"auto","background-attachment":"scroll","background-type":"","background-media":"","overlay-type":"","overlay-color":"","overlay-opacity":"","overlay-gradient":""}},"ast-content-background-meta":{"desktop":{"background-color":"var(--ast-global-color-5)","background-image":"","background-repeat":"repeat","background-position":"center center","background-size":"auto","background-attachment":"scroll","background-type":"","background-media":"","overlay-type":"","overlay-color":"","overlay-opacity":"","overlay-gradient":""},"tablet":{"background-color":"var(--ast-global-color-5)","background-image":"","background-repeat":"repeat","background-position":"center center","background-size":"auto","background-attachment":"scroll","background-type":"","background-media":"","overlay-type":"","overlay-color":"","overlay-opacity":"","overlay-gradient":""},"mobile":{"background-color":"var(--ast-global-color-5)","background-image":"","background-repeat":"repeat","background-position":"center center","background-size":"auto","background-attachment":"scroll","background-type":"","background-media":"","overlay-type":"","overlay-color":"","overlay-opacity":"","overlay-gradient":""}}},"product_brand":[],"product_cat":[1701,1699,1708,1756],"product_tag":[747,1338,1324,1534,1556,1658,1597,1612,989,958,960,966,927],"class_list":{"0":"post-16090","1":"product","2":"type-product","3":"status-publish","4":"has-post-thumbnail","6":"product_cat-eeterlike-olide-segud","7":"product_cat-eeterlikud-olid","8":"product_cat-komplektid-ja-kollektsioonid","9":"product_cat-lastele","10":"product_tag-10ml-et-2","11":"product_tag-brave-et","12":"product_tag-calmer-et","13":"product_tag-eeterliku-oli-segu","14":"product_tag-kollektsioonid","15":"product_tag-komplekt","16":"product_tag-komplektid","17":"product_tag-lastele","18":"product_tag-rescuer-et","19":"product_tag-steady-et","20":"product_tag-stronger-et-2","21":"product_tag-tamer-et","22":"product_tag-thinker-et","23":"desktop-align-left","24":"tablet-align-left","25":"mobile-align-left","27":"first","28":"instock","29":"taxable","30":"shipping-taxable","31":"purchasable","32":"product-type-simple"},"_links":{"self":[{"href":"https:\/\/mamaterra.lt\/et\/wp-json\/wp\/v2\/product\/16090","targetHints":{"allow":["GET"]}}],"collection":[{"href":"https:\/\/mamaterra.lt\/et\/wp-json\/wp\/v2\/product"}],"about":[{"href":"https:\/\/mamaterra.lt\/et\/wp-json\/wp\/v2\/types\/product"}],"wp:featuredmedia":[{"embeddable":true,"href":"https:\/\/mamaterra.lt\/et\/wp-json\/wp\/v2\/media\/12902"}],"wp:attachment":[{"href":"https:\/\/mamaterra.lt\/et\/wp-json\/wp\/v2\/media?parent=16090"}],"wp:term":[{"taxonomy":"product_brand","embeddable":true,"href":"https:\/\/mamaterra.lt\/et\/wp-json\/wp\/v2\/product_brand?post=16090"},{"taxonomy":"product_cat","embeddable":true,"href":"https:\/\/mamaterra.lt\/et\/wp-json\/wp\/v2\/product_cat?post=16090"},{"taxonomy":"product_tag","embeddable":true,"href":"https:\/\/mamaterra.lt\/et\/wp-json\/wp\/v2\/product_tag?post=16090"}],"curies":[{"name":"wp","href":"https:\/\/api.w.org\/{rel}","templated":true}]}}