{"id":16079,"date":"2021-09-10T19:00:15","date_gmt":"2021-09-10T18:00:15","guid":{"rendered":"https:\/\/mamaterra.lt\/parduotuve\/maaratlemata\/doterra-juukse-ja-kehasampoon-imikute-puhastusvahend-295ml\/"},"modified":"2021-09-10T19:00:15","modified_gmt":"2021-09-10T18:00:15","slug":"doterra-juuksed-ja-keha-sampoon-puhastusvahend-beebidele-295ml","status":"publish","type":"product","link":"https:\/\/mamaterra.lt\/et\/parduotuve\/hugieen-ja-nahahooldus\/doterra-juuksed-ja-keha-sampoon-puhastusvahend-beebidele-295ml\/","title":{"rendered":"doTERRA juukse- ja keha\u0161ampoon &#8211; imikute puhastusvahend 295ml"},"content":{"rendered":"<p><strong>doTERRA juukse- ja keha\u0161ampoon &#8211; imikute puhastusvahend<\/strong><\/p>\n<p>295ml<\/p>\n<p>&nbsp;<\/p>\n<p><strong>doTERRA \u0161ampoon &#8211; imikute puhastusvahend \u00dcldomadused:<\/strong><\/p>\n<ul>\n<li>Sisaldab rahustavat segu vaniljeekstraktist CPTG lavendli ja Rooma kummeli eeterlike \u00f5lidega.<\/li>\n<li>Toores Ida-Aafrika Muyao sheav\u00f5i on ainulaadne rasvhape, mis toetab beebi pehmet nahka.<\/li>\n<li>Lihtsad, looduslikud koostisosad puhastavad, rikkumata naha loomulikku tasakaalu.<\/li>\n<li>Kliiniliselt testitud ilma pisarateta<\/li>\n<\/ul>\n<p><strong>doTERRA \u0161ampoon &#8211; imikute puhastusvahend Koostis:<\/strong><\/p>\n<p><span lang=\"lt\">Vesi (Aqua), naatriumlaur\u00fc\u00fclgl\u00fckosiidid H\u00fcdroks\u00fcprop\u00fc\u00fclsulfonaat, kapr\u00fc\u00fcl\/kapr\u00fc\u00fcliumgl\u00fckosiid, Pyrus malus (\u00f5un) puuviljaekstrakt, Butyrospermum parkii (shea) v\u00f5i, Lavandula angustifolia (lavendel) \u00f5li, Anthemis nobilis (rooma kummel) lille\u00f5li Puuviljaekstrakt, gl\u00fctseriin, caprihydroxamic acid, naatriumf\u00fctaat, fenet\u00fc\u00fclalkohol, naatriumkloriid, sidrunhape<\/span><\/p>\n<p><strong>doTERRA \u0161ampoon &#8211; imikute puhastusvahend Kasutusjuhend:<\/strong><\/p>\n<ul>\n<li><span class=\"Y2IQFc\" lang=\"lt\">M\u00f5ne kl\u00f5psuga mugavast dosaatorist v\u00f5tke pesuvahend k\u00e4tte ja kandke juustele ja kehale. Seep ja loputage hoolikalt.<\/span><\/li>\n<li><span class=\"Y2IQFc\" lang=\"lt\">  Piisavalt \u00f5rn igap\u00e4evaseks kasutamiseks.<\/span><\/li>\n<li>Doterra beebikarvade ja kehapuhastusvahendi kasutamine koos mugava ja h\u00f5lpsasti kasutatava pumbaga muudab suplemise lihtsaks ja lihtsaks, nii et teil on rohkem aega oma l\u00f5butsemiseks<br \/>\nv\u00e4ikelapsed vannitoas.<\/li>\n<\/ul>\n<p>&nbsp;<\/p>\n<p>Lisateave selle toote kohta.<\/p>\n<p><iframe title=\"doTERRA beebi juukse- ja kehapesukreem ning m\u00e4hkmel\u00f6\u00f6be kreem (t\u00f5lgitud subtiitrid)\" src=\"https:\/\/www.youtube.com\/embed\/SHz00H7pwL0\" width=\"946\" height=\"532\" frameborder=\"0\" allowfullscreen=\"allowfullscreen\"><\/iframe><\/p>\n","protected":false},"excerpt":{"rendered":"<ul>\n<li>doTERRA beebikarvade ja kehapuhastusvahend on ohutu ja t\u00f5hus viis beebi pesemiseks pealaest jalatallani<\/li>\n<li>See vahutav pisaravaba pesuvahend \u00fchendab lihtsaid, \u00f5rnaid koostisosi, mis toidavad ja niisutavad ka p\u00e4rast pesemist<\/li>\n<li>Vaniljeekstrakti rahustav segu CPTG \u2122 lavendli ja Rooma kummeli eeterlike \u00f5lidega imikutele, v\u00e4ikelastele ja isegi suurtele lastele annab kerge, vasts\u00fcndinu l\u00f5hna<\/li>\n<\/ul>\n","protected":false},"featured_media":13049,"template":"","meta":{"site-sidebar-layout":"default","site-content-layout":"default","ast-site-content-layout":"default","site-content-style":"default","site-sidebar-style":"default","ast-global-header-display":"","ast-banner-title-visibility":"","ast-main-header-display":"","ast-hfb-above-header-display":"","ast-hfb-below-header-display":"","ast-hfb-mobile-header-display":"","site-post-title":"","ast-breadcrumbs-content":"","ast-featured-img":"","footer-sml-layout":"","ast-disable-related-posts":"","theme-transparent-header-meta":"default","adv-header-id-meta":"","stick-header-meta":"","header-above-stick-meta":"","header-main-stick-meta":"","header-below-stick-meta":"","astra-migrate-meta-layouts":"default","ast-page-background-enabled":"default","ast-page-background-meta":{"desktop":{"background-color":"","background-image":"","background-repeat":"repeat","background-position":"center center","background-size":"auto","background-attachment":"scroll","background-type":"","background-media":"","overlay-type":"","overlay-color":"","overlay-opacity":"","overlay-gradient":""},"tablet":{"background-color":"","background-image":"","background-repeat":"repeat","background-position":"center center","background-size":"auto","background-attachment":"scroll","background-type":"","background-media":"","overlay-type":"","overlay-color":"","overlay-opacity":"","overlay-gradient":""},"mobile":{"background-color":"","background-image":"","background-repeat":"repeat","background-position":"center center","background-size":"auto","background-attachment":"scroll","background-type":"","background-media":"","overlay-type":"","overlay-color":"","overlay-opacity":"","overlay-gradient":""}},"ast-content-background-meta":{"desktop":{"background-color":"var(--ast-global-color-5)","background-image":"","background-repeat":"repeat","background-position":"center center","background-size":"auto","background-attachment":"scroll","background-type":"","background-media":"","overlay-type":"","overlay-color":"","overlay-opacity":"","overlay-gradient":""},"tablet":{"background-color":"var(--ast-global-color-5)","background-image":"","background-repeat":"repeat","background-position":"center center","background-size":"auto","background-attachment":"scroll","background-type":"","background-media":"","overlay-type":"","overlay-color":"","overlay-opacity":"","overlay-gradient":""},"mobile":{"background-color":"var(--ast-global-color-5)","background-image":"","background-repeat":"repeat","background-position":"center center","background-size":"auto","background-attachment":"scroll","background-type":"","background-media":"","overlay-type":"","overlay-color":"","overlay-opacity":"","overlay-gradient":""}}},"product_brand":[],"product_cat":[1710,1756],"product_tag":[838,1582,1677],"class_list":{"0":"post-16079","1":"product","2":"type-product","3":"status-publish","4":"has-post-thumbnail","6":"product_cat-hugieen-ja-nahahooldus","7":"product_cat-lastele","8":"product_tag-295ml-et","9":"product_tag-pesuaine","10":"product_tag-sampoon","11":"desktop-align-left","12":"tablet-align-left","13":"mobile-align-left","15":"first","16":"instock","17":"taxable","18":"shipping-taxable","19":"purchasable","20":"product-type-simple"},"_links":{"self":[{"href":"https:\/\/mamaterra.lt\/et\/wp-json\/wp\/v2\/product\/16079","targetHints":{"allow":["GET"]}}],"collection":[{"href":"https:\/\/mamaterra.lt\/et\/wp-json\/wp\/v2\/product"}],"about":[{"href":"https:\/\/mamaterra.lt\/et\/wp-json\/wp\/v2\/types\/product"}],"wp:featuredmedia":[{"embeddable":true,"href":"https:\/\/mamaterra.lt\/et\/wp-json\/wp\/v2\/media\/13049"}],"wp:attachment":[{"href":"https:\/\/mamaterra.lt\/et\/wp-json\/wp\/v2\/media?parent=16079"}],"wp:term":[{"taxonomy":"product_brand","embeddable":true,"href":"https:\/\/mamaterra.lt\/et\/wp-json\/wp\/v2\/product_brand?post=16079"},{"taxonomy":"product_cat","embeddable":true,"href":"https:\/\/mamaterra.lt\/et\/wp-json\/wp\/v2\/product_cat?post=16079"},{"taxonomy":"product_tag","embeddable":true,"href":"https:\/\/mamaterra.lt\/et\/wp-json\/wp\/v2\/product_tag?post=16079"}],"curies":[{"name":"wp","href":"https:\/\/api.w.org\/{rel}","templated":true}]}}