{"id":16078,"date":"2021-09-10T20:11:17","date_gmt":"2021-09-10T19:11:17","guid":{"rendered":"https:\/\/mamaterra.lt\/parduotuve\/maaratlemata\/futoostrogeenid-doterra-lifetime-complex-60-kapslit\/"},"modified":"2021-09-10T20:11:17","modified_gmt":"2021-09-10T19:11:17","slug":"futoostrogeenid-doterra-eluaegne-kompleks-60-kapslid","status":"publish","type":"product","link":"https:\/\/mamaterra.lt\/et\/parduotuve\/naistele\/futoostrogeenid-doterra-eluaegne-kompleks-60-kapslid\/","title":{"rendered":"F\u00fcto\u00f6strogeenid doTERRA Lifetime Complex\u2122 (60 kapslit)"},"content":{"rendered":"<p><strong>F\u00fcto\u00f6strogeenid doTERRA eluaegne kompleks\u2122<\/strong><\/p>\n<p>60 kapslit<\/p>\n<p>&nbsp;<\/p>\n<p><strong>F\u00fcto\u00f6strogeenid doTERRA eluaegsed komplekssed\u2122kasutusjuhised:<\/strong><\/p>\n<ul>\n<li>Premenopausis ja menopausij\u00e4rgses eas naistel \u00fcks (1)- kaks (2) kapslit p\u00e4evas koos toiduga v\u00f5i vajadusel.<\/li>\n<li>Menopausij\u00e4rgses eas naistele v\u00f5tke kaks (2) kapslit p\u00e4evas koos toiduga.<\/li>\n<li>Ideaalne kasutamiseks koos doTERRA Women Bone Nutrient Essential Complexiga, doTERRA ClaryCalm\u00ae eeterlike \u00f5lide seguga ja eluaegse eluj\u00f5u paketiga.<\/li>\n<\/ul>\n<p>&nbsp;<\/p>\n<p>Vaadake videot doTERRA Phytoestrogen Lifetime Complexi kohta.<\/p>\n<p><iframe title=\"Parimad viisid doTERRA f\u00fcto\u00f6strogeenikompleksi kasutamiseks\" src=\"https:\/\/www.youtube.com\/embed\/LWalBiIPwIY\" width=\"944\" height=\"532\" frameborder=\"0\" allowfullscreen=\"allowfullscreen\"><\/iframe><\/p>\n","protected":false},"excerpt":{"rendered":"<ul>\n<li>Reguleerib ja s\u00e4ilitab \u00f6strogeeni taset kehas<\/li>\n<li>Toetab luude, s\u00fcdame, rinnakoe tervist<\/li>\n<li>Aitab leevendada ebameeldivaid premenstruaalseid ja menopausi s\u00fcmptomeid<\/li>\n<li>Lihtne ja mugav kasutada \u2013 1-2 kapslit p\u00e4evas koos toiduga<\/li>\n<\/ul>\n","protected":false},"featured_media":12929,"template":"","meta":{"site-sidebar-layout":"default","site-content-layout":"default","ast-site-content-layout":"default","site-content-style":"default","site-sidebar-style":"default","ast-global-header-display":"","ast-banner-title-visibility":"","ast-main-header-display":"","ast-hfb-above-header-display":"","ast-hfb-below-header-display":"","ast-hfb-mobile-header-display":"","site-post-title":"","ast-breadcrumbs-content":"","ast-featured-img":"","footer-sml-layout":"","ast-disable-related-posts":"","theme-transparent-header-meta":"default","adv-header-id-meta":"","stick-header-meta":"","header-above-stick-meta":"","header-main-stick-meta":"","header-below-stick-meta":"","astra-migrate-meta-layouts":"default","ast-page-background-enabled":"default","ast-page-background-meta":{"desktop":{"background-color":"","background-image":"","background-repeat":"repeat","background-position":"center center","background-size":"auto","background-attachment":"scroll","background-type":"","background-media":"","overlay-type":"","overlay-color":"","overlay-opacity":"","overlay-gradient":""},"tablet":{"background-color":"","background-image":"","background-repeat":"repeat","background-position":"center center","background-size":"auto","background-attachment":"scroll","background-type":"","background-media":"","overlay-type":"","overlay-color":"","overlay-opacity":"","overlay-gradient":""},"mobile":{"background-color":"","background-image":"","background-repeat":"repeat","background-position":"center center","background-size":"auto","background-attachment":"scroll","background-type":"","background-media":"","overlay-type":"","overlay-color":"","overlay-opacity":"","overlay-gradient":""}},"ast-content-background-meta":{"desktop":{"background-color":"var(--ast-global-color-5)","background-image":"","background-repeat":"repeat","background-position":"center center","background-size":"auto","background-attachment":"scroll","background-type":"","background-media":"","overlay-type":"","overlay-color":"","overlay-opacity":"","overlay-gradient":""},"tablet":{"background-color":"var(--ast-global-color-5)","background-image":"","background-repeat":"repeat","background-position":"center center","background-size":"auto","background-attachment":"scroll","background-type":"","background-media":"","overlay-type":"","overlay-color":"","overlay-opacity":"","overlay-gradient":""},"mobile":{"background-color":"var(--ast-global-color-5)","background-image":"","background-repeat":"repeat","background-position":"center center","background-size":"auto","background-attachment":"scroll","background-type":"","background-media":"","overlay-type":"","overlay-color":"","overlay-opacity":"","overlay-gradient":""}}},"product_brand":[],"product_cat":[1741],"product_tag":[1630,1552,1576],"class_list":{"0":"post-16078","1":"product","2":"type-product","3":"status-publish","4":"has-post-thumbnail","6":"product_cat-naistele","7":"product_tag-futoostrogeenid","8":"product_tag-kapslid","9":"product_tag-toidulisandid","10":"desktop-align-left","11":"tablet-align-left","12":"mobile-align-left","14":"first","15":"outofstock","16":"taxable","17":"shipping-taxable","18":"purchasable","19":"product-type-simple"},"_links":{"self":[{"href":"https:\/\/mamaterra.lt\/et\/wp-json\/wp\/v2\/product\/16078","targetHints":{"allow":["GET"]}}],"collection":[{"href":"https:\/\/mamaterra.lt\/et\/wp-json\/wp\/v2\/product"}],"about":[{"href":"https:\/\/mamaterra.lt\/et\/wp-json\/wp\/v2\/types\/product"}],"wp:featuredmedia":[{"embeddable":true,"href":"https:\/\/mamaterra.lt\/et\/wp-json\/wp\/v2\/media\/12929"}],"wp:attachment":[{"href":"https:\/\/mamaterra.lt\/et\/wp-json\/wp\/v2\/media?parent=16078"}],"wp:term":[{"taxonomy":"product_brand","embeddable":true,"href":"https:\/\/mamaterra.lt\/et\/wp-json\/wp\/v2\/product_brand?post=16078"},{"taxonomy":"product_cat","embeddable":true,"href":"https:\/\/mamaterra.lt\/et\/wp-json\/wp\/v2\/product_cat?post=16078"},{"taxonomy":"product_tag","embeddable":true,"href":"https:\/\/mamaterra.lt\/et\/wp-json\/wp\/v2\/product_tag?post=16078"}],"curies":[{"name":"wp","href":"https:\/\/api.w.org\/{rel}","templated":true}]}}