{"id":16077,"date":"2021-09-09T18:42:21","date_gmt":"2021-09-09T17:42:21","guid":{"rendered":"https:\/\/mamaterra.lt\/parduotuve\/maaratlemata\/doterra-sugavsinine-hoorumissalv-lihastele-ebamugavustunne-liigestele-120ml\/"},"modified":"2021-09-09T18:42:21","modified_gmt":"2021-09-09T17:42:21","slug":"doterra-sugav-sinine-hooruge-salvi-jaoks-lihas-ebamugavustunne-120ml","status":"publish","type":"product","link":"https:\/\/mamaterra.lt\/et\/parduotuve\/eeterlikud-olid\/eeterlike-olide-segud\/doterra-sugav-sinine-hooruge-salvi-jaoks-lihas-ebamugavustunne-120ml\/","title":{"rendered":"doTERRA s\u00fcgavsinine\u00ae h\u00f5\u00f5rumissalv lihastele, ebamugavustunne liigestele 120ml"},"content":{"rendered":"<p><strong>doTERRA Deep Blue\u00ae Rub salv lihastele, ebamugavustunne liigestele<\/strong><\/p>\n<p>120ml<\/p>\n<p>&nbsp;<\/p>\n<p><strong>doTERRA Deep Blue\u00ae Rub salv \u00dcldomadused:<\/strong><\/p>\n<ul>\n<li>doTERRA Deep Blue Rub on v\u00e4lispidiselt kasutatav kreem, mis sisaldab 5 ml Deep Blue rahustavat segu CPTG\u00ae eeterlikest \u00f5lidest.<\/li>\n<li>Looduslike taimeekstraktide ja muude v\u00f5imsate koostisosade patenteeritud segu abil loodud Deep Blue Rub pakub probleemsetes piirkondades rahustavat jahutus- ja soojustunnet.<\/li>\n<li>Deep Blue on segatud niisutavate pehmendavate ainetega, mis j\u00e4tavad naha pehmeks ja \u00f5livabaks. See on massaa\u017eiterapeutide ja sportlaste valik, kes hetkel kasutavad oma praktikas doTERRA Deep Blue eeterlike \u00f5lide segu.<\/li>\n<\/ul>\n<p><strong>doTERRA Deep Blue\u00ae Rub salv Koostis:<\/strong><\/p>\n<p>Valmistatud doTERRA enimm\u00fc\u00fcdud Deep Blue eeterlike \u00f5lide segust, mis sisaldab pohla (Wintergreen), kamperit, piparm\u00fcnti, bitchwort (Blue Tansy), saksa kummelit, n\u00e4lkjat (Helichrysum), l\u00f5hnavat Kanangat (Ylang Ylang) ja Osmanthust.<\/p>\n<p>&nbsp;<\/p>\n<p>Vaadake videot doTERRA Deep Blue Rub salvi kohta.<\/p>\n<p><iframe title=\"Kuidas kasutada doTERRA Deep Blue Rub | Joshua Sawtell\" src=\"https:\/\/www.youtube.com\/embed\/kPnU5NG8aXE\" width=\"946\" height=\"532\" frameborder=\"0\" allowfullscreen=\"allowfullscreen\"><\/iframe><\/p>\n","protected":false},"excerpt":{"rendered":"<ul>\n<li>doTERRA Deep Blue Rub on v\u00e4lispidiselt kasutatav kreem, mis sisaldab 5 ml Deep Blue rahustavat CPTG\u00ae eeterliku \u00f5li segu<\/li>\n<li>Deep Blue Rub, mis on loodud looduslike taimeekstraktide ja muude v\u00f5imsate koostisosade patenteeritud segu abil, pakub probleemsetes piirkondades rahustavat jahutus- ja kuumustunnet<\/li>\n<li>Deep Blue salv p\u00f5hineb niisutavatel pehmendavatel ainetel, mis j\u00e4tavad naha pehmeks ja \u00f5livabaks. See on massaa\u017eiterapeutide ja sportlaste valik, kes seda praegu oma praktikas laialdaselt kasutavad.<\/li>\n<\/ul>\n","protected":false},"featured_media":25675,"template":"","meta":{"site-sidebar-layout":"default","site-content-layout":"default","ast-site-content-layout":"default","site-content-style":"default","site-sidebar-style":"default","ast-global-header-display":"","ast-banner-title-visibility":"","ast-main-header-display":"","ast-hfb-above-header-display":"","ast-hfb-below-header-display":"","ast-hfb-mobile-header-display":"","site-post-title":"","ast-breadcrumbs-content":"","ast-featured-img":"","footer-sml-layout":"","ast-disable-related-posts":"","theme-transparent-header-meta":"default","adv-header-id-meta":"","stick-header-meta":"","header-above-stick-meta":"","header-main-stick-meta":"","header-below-stick-meta":"","astra-migrate-meta-layouts":"default","ast-page-background-enabled":"default","ast-page-background-meta":{"desktop":{"background-color":"","background-image":"","background-repeat":"repeat","background-position":"center center","background-size":"auto","background-attachment":"scroll","background-type":"","background-media":"","overlay-type":"","overlay-color":"","overlay-opacity":"","overlay-gradient":""},"tablet":{"background-color":"","background-image":"","background-repeat":"repeat","background-position":"center center","background-size":"auto","background-attachment":"scroll","background-type":"","background-media":"","overlay-type":"","overlay-color":"","overlay-opacity":"","overlay-gradient":""},"mobile":{"background-color":"","background-image":"","background-repeat":"repeat","background-position":"center center","background-size":"auto","background-attachment":"scroll","background-type":"","background-media":"","overlay-type":"","overlay-color":"","overlay-opacity":"","overlay-gradient":""}},"ast-content-background-meta":{"desktop":{"background-color":"var(--ast-global-color-5)","background-image":"","background-repeat":"repeat","background-position":"center center","background-size":"auto","background-attachment":"scroll","background-type":"","background-media":"","overlay-type":"","overlay-color":"","overlay-opacity":"","overlay-gradient":""},"tablet":{"background-color":"var(--ast-global-color-5)","background-image":"","background-repeat":"repeat","background-position":"center center","background-size":"auto","background-attachment":"scroll","background-type":"","background-media":"","overlay-type":"","overlay-color":"","overlay-opacity":"","overlay-gradient":""},"mobile":{"background-color":"var(--ast-global-color-5)","background-image":"","background-repeat":"repeat","background-position":"center center","background-size":"auto","background-attachment":"scroll","background-type":"","background-media":"","overlay-type":"","overlay-color":"","overlay-opacity":"","overlay-gradient":""}}},"product_brand":[],"product_cat":[1683,1701,1699,1690,1696,1734],"product_tag":[778,1505,1608,1579],"class_list":{"0":"post-16077","1":"product","2":"type-product","3":"status-publish","4":"has-post-thumbnail","6":"product_cat-deep-blue-tooted","7":"product_cat-eeterlike-olide-segud","8":"product_cat-eeterlikud-olid","9":"product_cat-kingitused","10":"product_cat-kingitused-meestele","11":"product_cat-massaaz","12":"product_tag-120ml-et","13":"product_tag-deep-blue-et","14":"product_tag-maardeaine","15":"product_tag-populaarne","16":"desktop-align-left","17":"tablet-align-left","18":"mobile-align-left","20":"first","21":"instock","22":"sale","23":"taxable","24":"shipping-taxable","25":"purchasable","26":"product-type-simple"},"_links":{"self":[{"href":"https:\/\/mamaterra.lt\/et\/wp-json\/wp\/v2\/product\/16077","targetHints":{"allow":["GET"]}}],"collection":[{"href":"https:\/\/mamaterra.lt\/et\/wp-json\/wp\/v2\/product"}],"about":[{"href":"https:\/\/mamaterra.lt\/et\/wp-json\/wp\/v2\/types\/product"}],"wp:featuredmedia":[{"embeddable":true,"href":"https:\/\/mamaterra.lt\/et\/wp-json\/wp\/v2\/media\/25675"}],"wp:attachment":[{"href":"https:\/\/mamaterra.lt\/et\/wp-json\/wp\/v2\/media?parent=16077"}],"wp:term":[{"taxonomy":"product_brand","embeddable":true,"href":"https:\/\/mamaterra.lt\/et\/wp-json\/wp\/v2\/product_brand?post=16077"},{"taxonomy":"product_cat","embeddable":true,"href":"https:\/\/mamaterra.lt\/et\/wp-json\/wp\/v2\/product_cat?post=16077"},{"taxonomy":"product_tag","embeddable":true,"href":"https:\/\/mamaterra.lt\/et\/wp-json\/wp\/v2\/product_tag?post=16077"}],"curies":[{"name":"wp","href":"https:\/\/api.w.org\/{rel}","templated":true}]}}