{"id":16072,"date":"2021-09-08T10:07:45","date_gmt":"2021-09-08T09:07:45","guid":{"rendered":"https:\/\/mamaterra.lt\/parduotuve\/maaratlemata\/doterra-on-guard-suuvesi-473ml\/"},"modified":"2021-09-08T10:07:45","modified_gmt":"2021-09-08T09:07:45","slug":"doterra-on-guard-suu-loputusvedelik-473ml","status":"publish","type":"product","link":"https:\/\/mamaterra.lt\/et\/parduotuve\/eeterlikud-olid\/eeterlike-olide-segud\/doterra-on-guard-suu-loputusvedelik-473ml\/","title":{"rendered":"doTERRA On Guard \u2122 suuvesi 473ml"},"content":{"rendered":"<p><strong>doTERRA On Guard \u2122 suuvesi<\/strong><\/p>\n<p>473ml<\/p>\n<p>&nbsp;<\/p>\n<p>Otsime sageli tooteid, mis on ohutud meile ja meie perele. DoTERRA On Guard suuvesi on loodud seda silmas pidades. T\u00f5husaks suupesuks kasutatakse ainult parimaid koostisosi, kasutades doTERRA On Guard eeterlike \u00f5lide segu eeliseid meie igap\u00e4evaelus. doTERRA On Guard suuvett saab n\u00fc\u00fcd kasutada igap\u00e4evase vahendina suuh\u00fcgieeni s\u00e4ilitamiseks.<\/p>\n<p>doTERRA On Guard suuvesi on alkoholivaba ja m\u00f5eldud hammaste ja igemete puhastamiseks ning aitab edendada suu \u00fcldist tervislikku terviklikkust. DoTERRA On Guardi v\u00e4rskendav eeterlike \u00f5lide segu annab v\u00e4rske l\u00f5hna ja naeratuse. Patenteeritud CPTG \u2122 eeterliku \u00f5li segu tugevad kombinatsioonid metsikutest apelsinidest, nelgist, kaneelist, eukal\u00fcptist, rosmariinist ja m\u00fcrrist ning muudest looduslikest koostisosadest soodustavad suu tervisliku terviklikkuse s\u00e4ilitamist. Miswaki ekstrakt aitab elavdada hingamist ja hoida hambad puhtana, v\u00e4hendades liigset hambakatu teket ning ks\u00fclitool aitab s\u00e4ilitada hammaste terviklikkust. Lisage doTERRA On Guard suuvesi oma suuh\u00fcgieenirutiini lisaks tavalistele harja- ja hambaniididele, et s\u00e4ilitada suu tervislik terviklikkus ja kauakestev v\u00e4rske hinge\u00f5hk.<\/p>\n<p>&nbsp;<\/p>\n<p>Vaata videot doTERRA On Guard suuveest.<\/p>\n<p><iframe title=\"doTERRA uus suuvesi\" src=\"https:\/\/www.youtube.com\/embed\/OdFEL1oZ6Hc\" width=\"946\" height=\"532\" frameborder=\"0\" allowfullscreen=\"allowfullscreen\"><\/iframe><\/p>\n","protected":false},"excerpt":{"rendered":"<ul>\n<li>doTERRA On Guard suuvesi on alkoholivaba ja m\u00f5eldud hammaste ja igemete puhastamiseks ning aitab edendada suu \u00fcldist tervislikku terviklikkust<\/li>\n<li>V\u00e4rskendav segu doTERRA On Guard eeterlikest \u00f5lidest annab v\u00e4rske l\u00f5hna ja naeratuse<\/li>\n<li>Looduslikest apelsinidest, nelgist, kaneelist, eukal\u00fcptist, rosmariinist ja m\u00fcrrist ning muudest looduslikest koostisosadest valmistatud patenteeritud CPTG \u2122 eeterlike \u00f5lide segud soodustavad suu tervislikku terviklikkust<\/li>\n<\/ul>\n","protected":false},"featured_media":12842,"template":"","meta":{"site-sidebar-layout":"default","site-content-layout":"default","ast-site-content-layout":"default","site-content-style":"default","site-sidebar-style":"default","ast-global-header-display":"","ast-banner-title-visibility":"","ast-main-header-display":"","ast-hfb-above-header-display":"","ast-hfb-below-header-display":"","ast-hfb-mobile-header-display":"","site-post-title":"","ast-breadcrumbs-content":"","ast-featured-img":"","footer-sml-layout":"","ast-disable-related-posts":"","theme-transparent-header-meta":"default","adv-header-id-meta":"","stick-header-meta":"","header-above-stick-meta":"","header-main-stick-meta":"","header-below-stick-meta":"","astra-migrate-meta-layouts":"default","ast-page-background-enabled":"default","ast-page-background-meta":{"desktop":{"background-color":"","background-image":"","background-repeat":"repeat","background-position":"center center","background-size":"auto","background-attachment":"scroll","background-type":"","background-media":"","overlay-type":"","overlay-color":"","overlay-opacity":"","overlay-gradient":""},"tablet":{"background-color":"","background-image":"","background-repeat":"repeat","background-position":"center center","background-size":"auto","background-attachment":"scroll","background-type":"","background-media":"","overlay-type":"","overlay-color":"","overlay-opacity":"","overlay-gradient":""},"mobile":{"background-color":"","background-image":"","background-repeat":"repeat","background-position":"center center","background-size":"auto","background-attachment":"scroll","background-type":"","background-media":"","overlay-type":"","overlay-color":"","overlay-opacity":"","overlay-gradient":""}},"ast-content-background-meta":{"desktop":{"background-color":"var(--ast-global-color-5)","background-image":"","background-repeat":"repeat","background-position":"center center","background-size":"auto","background-attachment":"scroll","background-type":"","background-media":"","overlay-type":"","overlay-color":"","overlay-opacity":"","overlay-gradient":""},"tablet":{"background-color":"var(--ast-global-color-5)","background-image":"","background-repeat":"repeat","background-position":"center center","background-size":"auto","background-attachment":"scroll","background-type":"","background-media":"","overlay-type":"","overlay-color":"","overlay-opacity":"","overlay-gradient":""},"mobile":{"background-color":"var(--ast-global-color-5)","background-image":"","background-repeat":"repeat","background-position":"center center","background-size":"auto","background-attachment":"scroll","background-type":"","background-media":"","overlay-type":"","overlay-color":"","overlay-opacity":"","overlay-gradient":""}}},"product_brand":[],"product_cat":[1701,1710,1746],"product_tag":[847,1439,1547],"class_list":{"0":"post-16072","1":"product","2":"type-product","3":"status-publish","4":"has-post-thumbnail","6":"product_cat-eeterlike-olide-segud","7":"product_cat-hugieen-ja-nahahooldus","8":"product_cat-on-guard-tooted","9":"product_tag-473-ml-et","10":"product_tag-on-guard-et","11":"product_tag-suuvesi","12":"desktop-align-left","13":"tablet-align-left","14":"mobile-align-left","16":"first","17":"instock","18":"sale","19":"taxable","20":"shipping-taxable","21":"purchasable","22":"product-type-simple"},"_links":{"self":[{"href":"https:\/\/mamaterra.lt\/et\/wp-json\/wp\/v2\/product\/16072","targetHints":{"allow":["GET"]}}],"collection":[{"href":"https:\/\/mamaterra.lt\/et\/wp-json\/wp\/v2\/product"}],"about":[{"href":"https:\/\/mamaterra.lt\/et\/wp-json\/wp\/v2\/types\/product"}],"wp:featuredmedia":[{"embeddable":true,"href":"https:\/\/mamaterra.lt\/et\/wp-json\/wp\/v2\/media\/12842"}],"wp:attachment":[{"href":"https:\/\/mamaterra.lt\/et\/wp-json\/wp\/v2\/media?parent=16072"}],"wp:term":[{"taxonomy":"product_brand","embeddable":true,"href":"https:\/\/mamaterra.lt\/et\/wp-json\/wp\/v2\/product_brand?post=16072"},{"taxonomy":"product_cat","embeddable":true,"href":"https:\/\/mamaterra.lt\/et\/wp-json\/wp\/v2\/product_cat?post=16072"},{"taxonomy":"product_tag","embeddable":true,"href":"https:\/\/mamaterra.lt\/et\/wp-json\/wp\/v2\/product_tag?post=16072"}],"curies":[{"name":"wp","href":"https:\/\/api.w.org\/{rel}","templated":true}]}}