{"id":16063,"date":"2021-09-08T10:15:46","date_gmt":"2021-09-08T09:15:46","guid":{"rendered":"https:\/\/mamaterra.lt\/parduotuve\/maaratlemata\/doterra-amber-vahutav-kasipesu-dosaator-3-x-2365ml\/"},"modified":"2021-09-08T10:15:46","modified_gmt":"2021-09-08T09:15:46","slug":"doterra-merevaik-vahutav-kasipesu-dosaator-3-x-236ml","status":"publish","type":"product","link":"https:\/\/mamaterra.lt\/et\/parduotuve\/on-guard-tooted\/doterra-merevaik-vahutav-kasipesu-dosaator-3-x-236ml\/","title":{"rendered":"doTERRA Amber vahutav k\u00e4sipesu dosaator (3 x 236,5ml)"},"content":{"rendered":"<p><strong>doTERRA merevaigukollased v\u00e4rvid s\u00e4delev k\u00e4sipesu dosaator<\/strong><\/p>\n<p>3 tk. p\u00e4rast 236,5ml<\/p>\n<p>&nbsp;<\/p>\n<p><strong>doTERRA merevaigukollased v\u00e4rvid s\u00e4delev k\u00e4tepuhastusvahend Dosaatori omadused:<\/strong><\/p>\n<ul>\n<li>Merevaiguv\u00e4rvi vahutav k\u00e4tepesumasin on ideaalne viis nautida oma lemmikuid doTERRA s\u00e4delevaid k\u00e4teseepe.<\/li>\n<li>Ainulaadse stiilse disainiga<b> 236,5 ml <\/b>dosaator t\u00e4iendab suurep\u00e4raselt iga k\u00f6\u00f6ki v\u00f5i vannituba: t\u00e4nu lihtsale t\u00e4iustatud pumbale saate j\u00e4tkata oma lemmikaroomide nautimist kodus v\u00f5i kontoris!<\/li>\n<\/ul>\n<p>Alates t\u00e4nasest m\u00e4rkate, et On Guard\u2122 k\u00e4sipesu dosaator asendatakse selle t\u00e4iustatud tarvikuga, mis sisaldub valitud doTERRA komplektides. On Guard\u2122 k\u00e4sipesulaparaadi ei ole enam tootmises ja seda ei lisata alates t\u00e4nasest enam komplektidesse. Saate selle jaoturi eraldi osta, kuni meil on nende kaupade saldo.<\/p>\n","protected":false},"excerpt":{"rendered":"<ul>\n<li>3 tk.  <strong>x 236,5ml<\/strong><\/li>\n<li>Merevaiguv\u00e4rvi vahutav k\u00e4tepesumasin on ideaalne viis nautida oma lemmikuid doTERRA s\u00e4delevaid k\u00e4teseepe.<\/li>\n<li>Ainulaadse stiilse disainiga<b> 236,5 ml <\/b>dosaator t\u00e4iendab suurep\u00e4raselt iga k\u00f6\u00f6ki v\u00f5i vannituba: t\u00e4nu lihtsale t\u00e4iustatud pumbale saate j\u00e4tkata oma lemmikaroomide nautimist kodus v\u00f5i kontoris!<\/li>\n<\/ul>\n","protected":false},"featured_media":13553,"template":"","meta":{"site-sidebar-layout":"default","site-content-layout":"default","ast-site-content-layout":"default","site-content-style":"default","site-sidebar-style":"default","ast-global-header-display":"","ast-banner-title-visibility":"","ast-main-header-display":"","ast-hfb-above-header-display":"","ast-hfb-below-header-display":"","ast-hfb-mobile-header-display":"","site-post-title":"","ast-breadcrumbs-content":"","ast-featured-img":"","footer-sml-layout":"","ast-disable-related-posts":"","theme-transparent-header-meta":"default","adv-header-id-meta":"","stick-header-meta":"","header-above-stick-meta":"","header-main-stick-meta":"","header-below-stick-meta":"","astra-migrate-meta-layouts":"default","ast-page-background-enabled":"default","ast-page-background-meta":{"desktop":{"background-color":"","background-image":"","background-repeat":"repeat","background-position":"center center","background-size":"auto","background-attachment":"scroll","background-type":"","background-media":"","overlay-type":"","overlay-color":"","overlay-opacity":"","overlay-gradient":""},"tablet":{"background-color":"","background-image":"","background-repeat":"repeat","background-position":"center center","background-size":"auto","background-attachment":"scroll","background-type":"","background-media":"","overlay-type":"","overlay-color":"","overlay-opacity":"","overlay-gradient":""},"mobile":{"background-color":"","background-image":"","background-repeat":"repeat","background-position":"center center","background-size":"auto","background-attachment":"scroll","background-type":"","background-media":"","overlay-type":"","overlay-color":"","overlay-opacity":"","overlay-gradient":""}},"ast-content-background-meta":{"desktop":{"background-color":"var(--ast-global-color-5)","background-image":"","background-repeat":"repeat","background-position":"center center","background-size":"auto","background-attachment":"scroll","background-type":"","background-media":"","overlay-type":"","overlay-color":"","overlay-opacity":"","overlay-gradient":""},"tablet":{"background-color":"var(--ast-global-color-5)","background-image":"","background-repeat":"repeat","background-position":"center center","background-size":"auto","background-attachment":"scroll","background-type":"","background-media":"","overlay-type":"","overlay-color":"","overlay-opacity":"","overlay-gradient":""},"mobile":{"background-color":"var(--ast-global-color-5)","background-image":"","background-repeat":"repeat","background-position":"center center","background-size":"auto","background-attachment":"scroll","background-type":"","background-media":"","overlay-type":"","overlay-color":"","overlay-opacity":"","overlay-gradient":""}}},"product_brand":[],"product_cat":[1746],"product_tag":[1620,1439,1590],"class_list":{"0":"post-16063","1":"product","2":"type-product","3":"status-publish","4":"has-post-thumbnail","6":"product_cat-on-guard-tooted","7":"product_tag-dosaator-et","8":"product_tag-on-guard-et","9":"product_tag-vahutav-katepesu","10":"desktop-align-left","11":"tablet-align-left","12":"mobile-align-left","14":"first","15":"outofstock","16":"taxable","17":"shipping-taxable","18":"purchasable","19":"product-type-simple"},"_links":{"self":[{"href":"https:\/\/mamaterra.lt\/et\/wp-json\/wp\/v2\/product\/16063","targetHints":{"allow":["GET"]}}],"collection":[{"href":"https:\/\/mamaterra.lt\/et\/wp-json\/wp\/v2\/product"}],"about":[{"href":"https:\/\/mamaterra.lt\/et\/wp-json\/wp\/v2\/types\/product"}],"wp:featuredmedia":[{"embeddable":true,"href":"https:\/\/mamaterra.lt\/et\/wp-json\/wp\/v2\/media\/13553"}],"wp:attachment":[{"href":"https:\/\/mamaterra.lt\/et\/wp-json\/wp\/v2\/media?parent=16063"}],"wp:term":[{"taxonomy":"product_brand","embeddable":true,"href":"https:\/\/mamaterra.lt\/et\/wp-json\/wp\/v2\/product_brand?post=16063"},{"taxonomy":"product_cat","embeddable":true,"href":"https:\/\/mamaterra.lt\/et\/wp-json\/wp\/v2\/product_cat?post=16063"},{"taxonomy":"product_tag","embeddable":true,"href":"https:\/\/mamaterra.lt\/et\/wp-json\/wp\/v2\/product_tag?post=16063"}],"curies":[{"name":"wp","href":"https:\/\/api.w.org\/{rel}","templated":true}]}}