{"id":16059,"date":"2021-09-11T12:57:31","date_gmt":"2021-09-11T11:57:31","guid":{"rendered":"https:\/\/mamaterra.lt\/parduotuve\/maaratlemata\/doterra-brave-eeterlike-olide-segu-10ml\/"},"modified":"2024-01-07T15:21:38","modified_gmt":"2024-01-07T14:21:38","slug":"doterra-vapper-eeterlik-oli-mustiline-segu-10ml","status":"publish","type":"product","link":"https:\/\/mamaterra.lt\/et\/parduotuve\/eeterlikud-olid\/eeterlike-olide-segud\/doterra-vapper-eeterlik-oli-mustiline-segu-10ml\/","title":{"rendered":"doTERRA Brave\u2122 eeterlike \u00f5lide segu 10ml"},"content":{"rendered":"<p><strong>doTERRA Brave\u2122 eeterlike \u00f5lide segu<\/strong><\/p>\n<p>10 ml pudel kuuli aplikaatoriga<\/p>\n<p>&nbsp;<\/p>\n<p><strong>doTERRA Brave\u2122 eeterlike \u00f5lide segu kasutamine:<\/strong><\/p>\n<p>Ereda ja sooja aroomiga Brave on ideaalne segu, mis annab teile energiat ja j\u00f5udu, kui tunnete motivatsioonipuudust.<\/p>\n<p><strong>doTERRA Brave\u2122 eeterlike \u00f5lide segu \u00fcldised omadused:<\/strong><\/p>\n<ul>\n<li>Looduslike apelsinide, palsamit\u00f5rvapuude, kaunistatud quepenide ja kaneeli eeterlikud \u00f5lid fraktsioneeritud kookos\u00f5lis<\/li>\n<li>Kasutage julgust andvat segu Vapper kogu p\u00e4eva jooksul, et tugevdada oma usku<\/li>\n<li>Kasutage segu Brave uute v\u00f5i ebatavaliste olukordade vastu, et tugevdada julgust ja enesekindlust<\/li>\n<\/ul>\n<p>&nbsp;<\/p>\n<p>Vaata videot doTERRA Brave eeterlike\u2122 \u00f5lide segust.<\/p>\n<p><iframe title=\"doTERRA uus vapra julguse segu lastele\" src=\"https:\/\/www.youtube.com\/embed\/JxzPgMn6Hgc\" width=\"946\" height=\"532\" frameborder=\"0\" allowfullscreen=\"allowfullscreen\"><\/iframe><\/p>\n","protected":false},"excerpt":{"rendered":"<ul>\n<li>Looduslike apelsinide, palsamit\u00f5rvapuude, kaunistatud quepenide ja kaneeli eeterlikud \u00f5lid fraktsioneeritud kookos\u00f5lis<\/li>\n<li>Kasutage julgust andvat segu Vapper kogu p\u00e4eva jooksul, et tugevdada oma usku<\/li>\n<li>Kasutage segu Brave uute v\u00f5i ebatavaliste olukordade vastu, et tugevdada julgust ja enesekindlust<\/li>\n<\/ul>\n","protected":false},"featured_media":12905,"template":"","meta":{"site-sidebar-layout":"default","site-content-layout":"default","ast-site-content-layout":"default","site-content-style":"default","site-sidebar-style":"default","ast-global-header-display":"","ast-banner-title-visibility":"","ast-main-header-display":"","ast-hfb-above-header-display":"","ast-hfb-below-header-display":"","ast-hfb-mobile-header-display":"","site-post-title":"","ast-breadcrumbs-content":"","ast-featured-img":"","footer-sml-layout":"","ast-disable-related-posts":"","theme-transparent-header-meta":"default","adv-header-id-meta":"","stick-header-meta":"","header-above-stick-meta":"","header-main-stick-meta":"","header-below-stick-meta":"","astra-migrate-meta-layouts":"default","ast-page-background-enabled":"default","ast-page-background-meta":{"desktop":{"background-color":"","background-image":"","background-repeat":"repeat","background-position":"center center","background-size":"auto","background-attachment":"scroll","background-type":"","background-media":"","overlay-type":"","overlay-color":"","overlay-opacity":"","overlay-gradient":""},"tablet":{"background-color":"","background-image":"","background-repeat":"repeat","background-position":"center center","background-size":"auto","background-attachment":"scroll","background-type":"","background-media":"","overlay-type":"","overlay-color":"","overlay-opacity":"","overlay-gradient":""},"mobile":{"background-color":"","background-image":"","background-repeat":"repeat","background-position":"center center","background-size":"auto","background-attachment":"scroll","background-type":"","background-media":"","overlay-type":"","overlay-color":"","overlay-opacity":"","overlay-gradient":""}},"ast-content-background-meta":{"desktop":{"background-color":"var(--ast-global-color-5)","background-image":"","background-repeat":"repeat","background-position":"center center","background-size":"auto","background-attachment":"scroll","background-type":"","background-media":"","overlay-type":"","overlay-color":"","overlay-opacity":"","overlay-gradient":""},"tablet":{"background-color":"var(--ast-global-color-5)","background-image":"","background-repeat":"repeat","background-position":"center center","background-size":"auto","background-attachment":"scroll","background-type":"","background-media":"","overlay-type":"","overlay-color":"","overlay-opacity":"","overlay-gradient":""},"mobile":{"background-color":"var(--ast-global-color-5)","background-image":"","background-repeat":"repeat","background-position":"center center","background-size":"auto","background-attachment":"scroll","background-type":"","background-media":"","overlay-type":"","overlay-color":"","overlay-opacity":"","overlay-gradient":""}}},"product_brand":[],"product_cat":[1701,1756],"product_tag":[721,1338,1534,1612],"class_list":{"0":"post-16059","1":"product","2":"type-product","3":"status-publish","4":"has-post-thumbnail","6":"product_cat-eeterlike-olide-segud","7":"product_cat-lastele","8":"product_tag-10-ml-et","9":"product_tag-brave-et","10":"product_tag-eeterliku-oli-segu","11":"product_tag-lastele","12":"desktop-align-left","13":"tablet-align-left","14":"mobile-align-left","16":"first","17":"instock","18":"taxable","19":"shipping-taxable","20":"purchasable","21":"product-type-simple"},"_links":{"self":[{"href":"https:\/\/mamaterra.lt\/et\/wp-json\/wp\/v2\/product\/16059","targetHints":{"allow":["GET"]}}],"collection":[{"href":"https:\/\/mamaterra.lt\/et\/wp-json\/wp\/v2\/product"}],"about":[{"href":"https:\/\/mamaterra.lt\/et\/wp-json\/wp\/v2\/types\/product"}],"wp:featuredmedia":[{"embeddable":true,"href":"https:\/\/mamaterra.lt\/et\/wp-json\/wp\/v2\/media\/12905"}],"wp:attachment":[{"href":"https:\/\/mamaterra.lt\/et\/wp-json\/wp\/v2\/media?parent=16059"}],"wp:term":[{"taxonomy":"product_brand","embeddable":true,"href":"https:\/\/mamaterra.lt\/et\/wp-json\/wp\/v2\/product_brand?post=16059"},{"taxonomy":"product_cat","embeddable":true,"href":"https:\/\/mamaterra.lt\/et\/wp-json\/wp\/v2\/product_cat?post=16059"},{"taxonomy":"product_tag","embeddable":true,"href":"https:\/\/mamaterra.lt\/et\/wp-json\/wp\/v2\/product_tag?post=16059"}],"curies":[{"name":"wp","href":"https:\/\/api.w.org\/{rel}","templated":true}]}}