{"id":16057,"date":"2021-09-11T13:00:32","date_gmt":"2021-09-11T12:00:32","guid":{"rendered":"https:\/\/mamaterra.lt\/parduotuve\/maaratlemata\/doterra-paastja-valu-leevendav-eeterlike-olide-segu-10ml\/"},"modified":"2021-09-11T13:00:32","modified_gmt":"2021-09-11T12:00:32","slug":"doterra-paastja-eeterlik-oli-segu-10ml","status":"publish","type":"product","link":"https:\/\/mamaterra.lt\/et\/parduotuve\/eeterlikud-olid\/eeterlike-olide-segud\/doterra-paastja-eeterlik-oli-segu-10ml\/","title":{"rendered":"doTERRA p\u00e4\u00e4stja\u2122 valu leevendav eeterlike \u00f5lide segu 10ml"},"content":{"rendered":"<p><strong>doTERRA p\u00e4\u00e4stja\u2122 valu leevendav eeterlike \u00f5lide segu<\/strong><\/p>\n<p>10 ml pudel kuuli aplikaatoriga<\/p>\n<p>&nbsp;<\/p>\n<p><strong>doTERRA p\u00e4\u00e4stja\u2122 valu leevendav eeterlike \u00f5lide segu kasutamine:<\/strong><\/p>\n<p>P\u00e4rast p\u00f5genemist, h\u00fcppamist ja m\u00e4ngimist kandke P\u00e4\u00e4stja jalgu, jalgu ja selga \u2013 see rahustab aktiivset keha.<\/p>\n<p><strong>doTERRA P\u00e4\u00e4stja\u2122 Valuvaigisti eeterlike \u00f5lide segu \u00dcldised omadused:<\/strong><\/p>\n<ul>\n<li>Lavendli, odapaela ja madaliku eeterlikud \u00f5lid fraktsioneeritud kookos\u00f5lis<\/li>\n<li>Masseerige oma kasvavaid v\u00f5i v\u00e4sinud jalgu, et v\u00e4hendada pinget, mida tunnete<\/li>\n<li>Pakub rahustavat ja valu leevendavat leevendust<\/li>\n<\/ul>\n<p>&nbsp;<\/p>\n<p>Vaata videot doTERRA Rescuer\u2122 eeterlike \u00f5lide segust.<\/p>\n<p><iframe title=\"doTERRA p\u00e4\u00e4stja\" src=\"https:\/\/www.youtube.com\/embed\/Wnnticm1n60\" width=\"946\" height=\"532\" frameborder=\"0\" allowfullscreen=\"allowfullscreen\"><\/iframe><\/p>\n","protected":false},"excerpt":{"rendered":"<ul>\n<li>Lavendli-, t\u0161illi-, kopaal- ja l\u00f5hna\u00f5lide eeterlikud \u00f5lid fraktsioneeritud kookos\u00f5lis<\/li>\n<li>Masseerige oma kasvavaid v\u00f5i v\u00e4sinud jalgu, et v\u00e4hendada pinget, mida tunnete<\/li>\n<li>Pakub rahustavat ja valu leevendavat leevendust<\/li>\n<\/ul>\n","protected":false},"featured_media":12911,"template":"","meta":{"site-sidebar-layout":"default","site-content-layout":"default","ast-site-content-layout":"default","site-content-style":"default","site-sidebar-style":"default","ast-global-header-display":"","ast-banner-title-visibility":"","ast-main-header-display":"","ast-hfb-above-header-display":"","ast-hfb-below-header-display":"","ast-hfb-mobile-header-display":"","site-post-title":"","ast-breadcrumbs-content":"","ast-featured-img":"","footer-sml-layout":"","ast-disable-related-posts":"","theme-transparent-header-meta":"default","adv-header-id-meta":"","stick-header-meta":"","header-above-stick-meta":"","header-main-stick-meta":"","header-below-stick-meta":"","astra-migrate-meta-layouts":"default","ast-page-background-enabled":"default","ast-page-background-meta":{"desktop":{"background-color":"","background-image":"","background-repeat":"repeat","background-position":"center center","background-size":"auto","background-attachment":"scroll","background-type":"","background-media":"","overlay-type":"","overlay-color":"","overlay-opacity":"","overlay-gradient":""},"tablet":{"background-color":"","background-image":"","background-repeat":"repeat","background-position":"center center","background-size":"auto","background-attachment":"scroll","background-type":"","background-media":"","overlay-type":"","overlay-color":"","overlay-opacity":"","overlay-gradient":""},"mobile":{"background-color":"","background-image":"","background-repeat":"repeat","background-position":"center center","background-size":"auto","background-attachment":"scroll","background-type":"","background-media":"","overlay-type":"","overlay-color":"","overlay-opacity":"","overlay-gradient":""}},"ast-content-background-meta":{"desktop":{"background-color":"var(--ast-global-color-5)","background-image":"","background-repeat":"repeat","background-position":"center center","background-size":"auto","background-attachment":"scroll","background-type":"","background-media":"","overlay-type":"","overlay-color":"","overlay-opacity":"","overlay-gradient":""},"tablet":{"background-color":"var(--ast-global-color-5)","background-image":"","background-repeat":"repeat","background-position":"center center","background-size":"auto","background-attachment":"scroll","background-type":"","background-media":"","overlay-type":"","overlay-color":"","overlay-opacity":"","overlay-gradient":""},"mobile":{"background-color":"var(--ast-global-color-5)","background-image":"","background-repeat":"repeat","background-position":"center center","background-size":"auto","background-attachment":"scroll","background-type":"","background-media":"","overlay-type":"","overlay-color":"","overlay-opacity":"","overlay-gradient":""}}},"product_brand":[],"product_cat":[1701,1756],"product_tag":[721,1534,1612,989],"class_list":{"0":"post-16057","1":"product","2":"type-product","3":"status-publish","4":"has-post-thumbnail","6":"product_cat-eeterlike-olide-segud","7":"product_cat-lastele","8":"product_tag-10-ml-et","9":"product_tag-eeterliku-oli-segu","10":"product_tag-lastele","11":"product_tag-rescuer-et","12":"desktop-align-left","13":"tablet-align-left","14":"mobile-align-left","16":"first","17":"instock","18":"taxable","19":"shipping-taxable","20":"purchasable","21":"product-type-simple"},"_links":{"self":[{"href":"https:\/\/mamaterra.lt\/et\/wp-json\/wp\/v2\/product\/16057","targetHints":{"allow":["GET"]}}],"collection":[{"href":"https:\/\/mamaterra.lt\/et\/wp-json\/wp\/v2\/product"}],"about":[{"href":"https:\/\/mamaterra.lt\/et\/wp-json\/wp\/v2\/types\/product"}],"wp:featuredmedia":[{"embeddable":true,"href":"https:\/\/mamaterra.lt\/et\/wp-json\/wp\/v2\/media\/12911"}],"wp:attachment":[{"href":"https:\/\/mamaterra.lt\/et\/wp-json\/wp\/v2\/media?parent=16057"}],"wp:term":[{"taxonomy":"product_brand","embeddable":true,"href":"https:\/\/mamaterra.lt\/et\/wp-json\/wp\/v2\/product_brand?post=16057"},{"taxonomy":"product_cat","embeddable":true,"href":"https:\/\/mamaterra.lt\/et\/wp-json\/wp\/v2\/product_cat?post=16057"},{"taxonomy":"product_tag","embeddable":true,"href":"https:\/\/mamaterra.lt\/et\/wp-json\/wp\/v2\/product_tag?post=16057"}],"curies":[{"name":"wp","href":"https:\/\/api.w.org\/{rel}","templated":true}]}}