{"id":16054,"date":"2021-09-12T10:26:40","date_gmt":"2021-09-12T09:26:40","guid":{"rendered":"https:\/\/mamaterra.lt\/parduotuve\/maaratlemata\/doterra-serenity-pehmed-kapslid-rahustav-kompleks-60-kapslit\/"},"modified":"2021-09-12T10:26:40","modified_gmt":"2021-09-12T09:26:40","slug":"doterra-serenity-sotkumine-kapslid-rahustav-kompleks-60-kapslid","status":"publish","type":"product","link":"https:\/\/mamaterra.lt\/et\/parduotuve\/eeterlikud-olid\/eeterlike-olide-segud\/doterra-serenity-sotkumine-kapslid-rahustav-kompleks-60-kapslid\/","title":{"rendered":"doTERRA SERENITY\u2122 pehmed kapslid &#8211; rahustav kompleks (60 kapslit)"},"content":{"rendered":"<p><strong>doTERRA SERENITY\u2122 pehmed kapslid &#8211; rahustav kompleks<\/strong><\/p>\n<p>60 taimetoitlast pehmet kapslit<\/p>\n<p>&nbsp;<\/p>\n<p><strong>doTERRA SERENITY\u2122 rahustav kompleks kirjeldus<\/strong><\/p>\n<p>doTERRA Serenity pehmed kapslid v\u00f5imaldavad teil h\u00f5lpsasti nautida doTERRA rahustava segu Serenity eeliseid, \u00fchendades taimetoitlase pehmes kapslis ainulaadselt lavendli eeterliku \u00f5li ja L-teaniini t\u00e4iuslikult uuritud eelised meditsiinilise melissi, kannatuslille ja kummeli ekstraktidega.<\/p>\n<p>Eksperdid soovitavad, et t\u00e4iskasvanud magaksid igal \u00f5htul v\u00e4hemalt 7-8 tundi. Kahjuks ei maga umbes 33 protsenti inimestest soovitatud tunde \u00f6\u00f6sel ja umbes 1 t\u00e4iskasvanu 5-st kogeb unetust. Unepuudus on seotud paljude terviseriskidega. Une puudumine m\u00f5jutab meie v\u00f5imet kaalust alla v\u00f5tta v\u00f5i tervislikku kaalu s\u00e4ilitada; m\u00f5jutab meie tundeid, \u00f5ppimist ja k\u00e4itumist; m\u00f5jutab negatiivselt meie s\u00fcdame-veresoonkonna tervist ja \u00fcldist heaolu; v\u00f5ib v\u00e4hendada reaktsiooniaega ja kahjustada meie juhtimisv\u00f5imet. \u00d5ige uni on vajalik selleks, et f\u00fc\u00fcsiliselt ja vaimselt taastuda igap\u00e4evaelu vajadustest. Kvaliteetne uni on teie heaolu jaoks iga p\u00e4ev v\u00e4ga oluline, sest keha jaoks on v\u00e4ga oluline igal \u00f5htul loomulikult taastuda. N\u00e4iteks puhastab aju end toksiinidest ainult une ajal. Seal on sadu erinevaid soovitusi, pereretsepte, tooteid ja toidulisandeid, mis k\u00f5ik v\u00e4idavad, et aitavad. Kuid see, mis v\u00f5ib olla \u00fche inimese jaoks t\u00f5hus, ei pruugi teist \u00fcldse aidata. N\u00fc\u00fcd on meil lahendus, mis kasutab nii ajalooliselt kasutatud kui ka parimaid kaasaegse teaduse poolt heaks kiidetud koostisosi.<\/p>\n<ul>\n<li>Lihtne viis kasutada doTERRA Serenity rahustava segu eeliseid mugavas pehmete kapslite vormis<\/li>\n<li>See ainulaadne Serenity segu aitab teil kogeda s\u00fcgavat rahu ja l\u00f5\u00f5gastust<\/li>\n<li>K\u00f5rvaldab juhusliku unetuse<\/li>\n<li>Edendab tervislikku l\u00f5\u00f5gastumist ja und<\/li>\n<li>Aitab teil v\u00e4rskendavat und saada ja mitte j\u00e4rgmisel p\u00e4eval unisust tunda<\/li>\n<li>Parandab unekvaliteeti ja h\u00f5lbustab uinumist<\/li>\n<li>Soodustab rahulikku und<\/li>\n<li>Rahustab n\u00e4rvis\u00fcsteemi<\/li>\n<li>Aitab leevendada stressi<\/li>\n<\/ul>\n<p><strong>doTERRA SERENITY\u2122 rahustav kompleksne kasutamine:<\/strong><\/p>\n<p>Pool tundi enne magamaminekut v\u00f5tke 1-2 kapslit.<\/p>\n<p>&nbsp;<\/p>\n<p>Vaadake videot doTERRA SERENITY\u2122 rahustikompleksi kohta:<\/p>\n<p><iframe title=\"Maga nagu beebi doTERRA Serenity softgeelidega\" src=\"https:\/\/www.youtube.com\/embed\/WdowVJaa82c\" width=\"946\" height=\"532\" frameborder=\"0\" allowfullscreen=\"allowfullscreen\"><\/iframe><\/p>\n","protected":false},"excerpt":{"rendered":"<p>doTERRA Serenity pehmed kapslid v\u00f5imaldavad teil h\u00f5lpsalt nautida Serenity doTERRA rahustava segu eeliseid.<\/p>\n<ul>\n<li>Soodustab rahulikku und<\/li>\n<li>See ainulaadne Serenity segu aitab teil kogeda s\u00fcgavat rahu ja l\u00f5\u00f5gastust<\/li>\n<li>Parandab une kvaliteeti<\/li>\n<\/ul>\n","protected":false},"featured_media":12956,"template":"","meta":{"site-sidebar-layout":"default","site-content-layout":"default","ast-site-content-layout":"default","site-content-style":"default","site-sidebar-style":"default","ast-global-header-display":"","ast-banner-title-visibility":"","ast-main-header-display":"","ast-hfb-above-header-display":"","ast-hfb-below-header-display":"","ast-hfb-mobile-header-display":"","site-post-title":"","ast-breadcrumbs-content":"","ast-featured-img":"","footer-sml-layout":"","ast-disable-related-posts":"","theme-transparent-header-meta":"default","adv-header-id-meta":"","stick-header-meta":"","header-above-stick-meta":"","header-main-stick-meta":"","header-below-stick-meta":"","astra-migrate-meta-layouts":"default","ast-page-background-enabled":"default","ast-page-background-meta":{"desktop":{"background-color":"","background-image":"","background-repeat":"repeat","background-position":"center center","background-size":"auto","background-attachment":"scroll","background-type":"","background-media":"","overlay-type":"","overlay-color":"","overlay-opacity":"","overlay-gradient":""},"tablet":{"background-color":"","background-image":"","background-repeat":"repeat","background-position":"center center","background-size":"auto","background-attachment":"scroll","background-type":"","background-media":"","overlay-type":"","overlay-color":"","overlay-opacity":"","overlay-gradient":""},"mobile":{"background-color":"","background-image":"","background-repeat":"repeat","background-position":"center center","background-size":"auto","background-attachment":"scroll","background-type":"","background-media":"","overlay-type":"","overlay-color":"","overlay-opacity":"","overlay-gradient":""}},"ast-content-background-meta":{"desktop":{"background-color":"var(--ast-global-color-5)","background-image":"","background-repeat":"repeat","background-position":"center center","background-size":"auto","background-attachment":"scroll","background-type":"","background-media":"","overlay-type":"","overlay-color":"","overlay-opacity":"","overlay-gradient":""},"tablet":{"background-color":"var(--ast-global-color-5)","background-image":"","background-repeat":"repeat","background-position":"center center","background-size":"auto","background-attachment":"scroll","background-type":"","background-media":"","overlay-type":"","overlay-color":"","overlay-opacity":"","overlay-gradient":""},"mobile":{"background-color":"var(--ast-global-color-5)","background-image":"","background-repeat":"repeat","background-position":"center center","background-size":"auto","background-attachment":"scroll","background-type":"","background-media":"","overlay-type":"","overlay-color":"","overlay-opacity":"","overlay-gradient":""}}},"product_brand":[],"product_cat":[1701,1699,1737],"product_tag":[1552,1427],"class_list":{"0":"post-16054","1":"product","2":"type-product","3":"status-publish","4":"has-post-thumbnail","6":"product_cat-eeterlike-olide-segud","7":"product_cat-eeterlikud-olid","8":"product_cat-magamiseks","9":"product_tag-kapslid","10":"product_tag-serenity-et","11":"desktop-align-left","12":"tablet-align-left","13":"mobile-align-left","15":"first","16":"instock","17":"taxable","18":"shipping-taxable","19":"purchasable","20":"product-type-simple"},"_links":{"self":[{"href":"https:\/\/mamaterra.lt\/et\/wp-json\/wp\/v2\/product\/16054","targetHints":{"allow":["GET"]}}],"collection":[{"href":"https:\/\/mamaterra.lt\/et\/wp-json\/wp\/v2\/product"}],"about":[{"href":"https:\/\/mamaterra.lt\/et\/wp-json\/wp\/v2\/types\/product"}],"wp:featuredmedia":[{"embeddable":true,"href":"https:\/\/mamaterra.lt\/et\/wp-json\/wp\/v2\/media\/12956"}],"wp:attachment":[{"href":"https:\/\/mamaterra.lt\/et\/wp-json\/wp\/v2\/media?parent=16054"}],"wp:term":[{"taxonomy":"product_brand","embeddable":true,"href":"https:\/\/mamaterra.lt\/et\/wp-json\/wp\/v2\/product_brand?post=16054"},{"taxonomy":"product_cat","embeddable":true,"href":"https:\/\/mamaterra.lt\/et\/wp-json\/wp\/v2\/product_cat?post=16054"},{"taxonomy":"product_tag","embeddable":true,"href":"https:\/\/mamaterra.lt\/et\/wp-json\/wp\/v2\/product_tag?post=16054"}],"curies":[{"name":"wp","href":"https:\/\/api.w.org\/{rel}","templated":true}]}}