{"id":16050,"date":"2022-02-15T20:47:12","date_gmt":"2022-02-15T19:47:12","guid":{"rendered":"https:\/\/mamaterra.lt\/parduotuve\/maaratlemata\/vanill-madagascar-vanilje-puhas-doterra-eeterlik-oli-5ml\/"},"modified":"2022-02-15T20:47:12","modified_gmt":"2022-02-15T19:47:12","slug":"vanile-madagaskar-vanilje-doterra-eeterlik-oli-5ml","status":"publish","type":"product","link":"https:\/\/mamaterra.lt\/et\/parduotuve\/eeterlikud-olid\/puhtad-eeterlikud-olid\/vanile-madagaskar-vanilje-doterra-eeterlik-oli-5ml\/","title":{"rendered":"Vanill (MADAGASCAR VANILJE) Puhas doTERRA eeterlik \u00f5li 5ml"},"content":{"rendered":"<p><strong>Vanill (MADAGASKAR VANILJE) Puhas doTERRA eeterlik \u00f5li<\/strong><\/p>\n<p>Vanilje planifolia | 5ml<\/p>\n<p>&nbsp;<\/p>\n<p>Tuttav ja nostalgiline. P\u00f5nev ja romantiline. Lopsakas ja soe, magus ja hubane doTERRA vanilje (MADAGASCAR VANILLA) eeterlik \u00f5li.<\/p>\n<p>Alates iidsete asteegide aegadest, mida hinnatakse ja sageli kasutatakse parf\u00fc\u00fcmides, on vanilje \u00fcks populaarsemaid l\u00f5hnaaineid maailmas ja \u00fcks neist, mille ekstraheerimine on kallis.<\/p>\n<p>Mitmeaastane ronitaim, mis kasvab kuni 75 jalga, Vanilje planifolia taim kuulub kollakasvalgete \u00f5itega orhideeperekonda, millest kasvavad l\u00f5hnatud kaunad v\u00f5i oad.<\/p>\n<p>Huvitav fakt Madagaskarilt p\u00e4rit vanilje kohta: On v\u00e4hem kui 1% t\u00f5en\u00e4osus, et vaniljelill tolmeldab ise, nii et p\u00f5llumajandustootjad peavad tolmeldama iga lille k\u00e4sitsi hommikul, kui see \u00f5itseb, ja vaniljelill \u00f5itseb tavaliselt ainult \u00fchel p\u00e4eval aastas!<\/p>\n<p>Vaniljetaimel kulub ubade kasvatamisega alustamiseks kolm-neli aastat, mille saak tuleb ka k\u00e4sitsi koristada. Oad l\u00e4bivad aegan\u00f5udva ja t\u00f6\u00f6mahuka protsessi, kuni nad omandavad oma aroomi ja maitse. Seej\u00e4rel jahvatatakse need ja vanilli loodusliku aroomi s\u00e4ilitamiseks kasutatakse kokkusurutud CO2 kaheastmelises ekstraheerimisprotsessis, mis kogub ubade aromaatsed koostisosad, et luua absoluutne. Kombineerides seda absoluutset fraktsioneeritud kookos\u00f5liga, on tulemuseks doTERRA Madagaskari vanilje.<\/p>\n<p><strong>Vanilje (MADAGASKAR VANILJE) Pure doTERRA eeterlik \u00f5li Kasutamine:<\/strong><\/p>\n<ul>\n<li>T\u00e4ida oma kodu lohutava maagiaga, lisades Madagaskari vanilje oma lemmikhajutisegule.<\/li>\n<li>Andke oma hommikukohvile, teele, kokteilile meeldivalt mahe maitse koos vaid Madagaskari vanilje puudutusega.<\/li>\n<li>Kasutage v\u00f5luva isikliku l\u00f5hnana v\u00f5i lisage paar tilka vanni\u00f5lile v\u00f5i kehakreemile, et nautida luksuslikku hetke, hingates samal ajal Madagaskari vanilli peent aroomi.<\/li>\n<\/ul>\n<p><strong>Vanilje (MADAGASKAR VANILJE) Puhta DoTERRA eeterliku \u00f5li kasutamine loodusliku parf\u00fc\u00fcmi valmistamiseks:<\/strong><\/p>\n<ol>\n<li>lisage palli aplikaatoriga 10 ml pudelisse\n<ul>\n<li>5 tilka Madagaskari vanilli<\/li>\n<li>3 tilka lavendlit<\/li>\n<li>3 tilka Wild Orange&#8217;i<\/li>\n<li>2 tilka Santalwoodi<\/li>\n<\/ul>\n<\/li>\n<li>T\u00e4ida pealt fraktsioneeritud kookos\u00f5liga<\/li>\n<\/ol>\n<p>&nbsp;<\/p>\n<p>Vaadake videot selle doTERRA eeterliku \u00f5li kohta.<\/p>\n<p><iframe title=\"YouTube'i videopleier\" src=\"https:\/\/www.youtube-nocookie.com\/embed\/53_ph9e7SbI\" width=\"560\" height=\"315\" frameborder=\"0\" allowfullscreen=\"allowfullscreen\"><\/iframe><\/p>\n","protected":false},"excerpt":{"rendered":"<ul>\n<li>Alates iidsete asteegide aegadest, mida hinnatakse ja sageli kasutatakse parf\u00fc\u00fcmides, on vanilje \u00fcks populaarsemaid l\u00f5hnaaineid maailmas ja \u00fcks neist, mille ekstraheerimine on kallis.<\/li>\n<li>Tuttav ja nostalgiline. P\u00f5nev ja romantiline. Lopsakas ja soe, magus ja hubane doTERRA vanilje (MADAGASCAR VANILLA) eeterlik \u00f5li.<\/li>\n<\/ul>\n","protected":false},"featured_media":13361,"template":"","meta":{"site-sidebar-layout":"default","site-content-layout":"default","ast-site-content-layout":"default","site-content-style":"default","site-sidebar-style":"default","ast-global-header-display":"","ast-banner-title-visibility":"","ast-main-header-display":"","ast-hfb-above-header-display":"","ast-hfb-below-header-display":"","ast-hfb-mobile-header-display":"","site-post-title":"","ast-breadcrumbs-content":"","ast-featured-img":"","footer-sml-layout":"","ast-disable-related-posts":"","theme-transparent-header-meta":"default","adv-header-id-meta":"","stick-header-meta":"","header-above-stick-meta":"","header-main-stick-meta":"","header-below-stick-meta":"","astra-migrate-meta-layouts":"default","ast-page-background-enabled":"default","ast-page-background-meta":{"desktop":{"background-color":"","background-image":"","background-repeat":"repeat","background-position":"center center","background-size":"auto","background-attachment":"scroll","background-type":"","background-media":"","overlay-type":"","overlay-color":"","overlay-opacity":"","overlay-gradient":""},"tablet":{"background-color":"","background-image":"","background-repeat":"repeat","background-position":"center center","background-size":"auto","background-attachment":"scroll","background-type":"","background-media":"","overlay-type":"","overlay-color":"","overlay-opacity":"","overlay-gradient":""},"mobile":{"background-color":"","background-image":"","background-repeat":"repeat","background-position":"center center","background-size":"auto","background-attachment":"scroll","background-type":"","background-media":"","overlay-type":"","overlay-color":"","overlay-opacity":"","overlay-gradient":""}},"ast-content-background-meta":{"desktop":{"background-color":"var(--ast-global-color-5)","background-image":"","background-repeat":"repeat","background-position":"center center","background-size":"auto","background-attachment":"scroll","background-type":"","background-media":"","overlay-type":"","overlay-color":"","overlay-opacity":"","overlay-gradient":""},"tablet":{"background-color":"var(--ast-global-color-5)","background-image":"","background-repeat":"repeat","background-position":"center center","background-size":"auto","background-attachment":"scroll","background-type":"","background-media":"","overlay-type":"","overlay-color":"","overlay-opacity":"","overlay-gradient":""},"mobile":{"background-color":"var(--ast-global-color-5)","background-image":"","background-repeat":"repeat","background-position":"center center","background-size":"auto","background-attachment":"scroll","background-type":"","background-media":"","overlay-type":"","overlay-color":"","overlay-opacity":"","overlay-gradient":""}}},"product_brand":[],"product_cat":[1699,1705],"product_tag":[715,1532,1077],"class_list":{"0":"post-16050","1":"product","2":"type-product","3":"status-publish","4":"has-post-thumbnail","6":"product_cat-eeterlikud-olid","7":"product_cat-puhtad-eeterlikud-olid","8":"product_tag-5ml-et-2","9":"product_tag-eeterlikud-olid","10":"product_tag-madagascar-vanilla-et","11":"desktop-align-left","12":"tablet-align-left","13":"mobile-align-left","15":"first","16":"instock","17":"sale","18":"taxable","19":"shipping-taxable","20":"purchasable","21":"product-type-simple"},"_links":{"self":[{"href":"https:\/\/mamaterra.lt\/et\/wp-json\/wp\/v2\/product\/16050","targetHints":{"allow":["GET"]}}],"collection":[{"href":"https:\/\/mamaterra.lt\/et\/wp-json\/wp\/v2\/product"}],"about":[{"href":"https:\/\/mamaterra.lt\/et\/wp-json\/wp\/v2\/types\/product"}],"wp:featuredmedia":[{"embeddable":true,"href":"https:\/\/mamaterra.lt\/et\/wp-json\/wp\/v2\/media\/13361"}],"wp:attachment":[{"href":"https:\/\/mamaterra.lt\/et\/wp-json\/wp\/v2\/media?parent=16050"}],"wp:term":[{"taxonomy":"product_brand","embeddable":true,"href":"https:\/\/mamaterra.lt\/et\/wp-json\/wp\/v2\/product_brand?post=16050"},{"taxonomy":"product_cat","embeddable":true,"href":"https:\/\/mamaterra.lt\/et\/wp-json\/wp\/v2\/product_cat?post=16050"},{"taxonomy":"product_tag","embeddable":true,"href":"https:\/\/mamaterra.lt\/et\/wp-json\/wp\/v2\/product_tag?post=16050"}],"curies":[{"name":"wp","href":"https:\/\/api.w.org\/{rel}","templated":true}]}}