{"id":16049,"date":"2021-09-24T18:18:52","date_gmt":"2021-09-24T17:18:52","guid":{"rendered":"https:\/\/mamaterra.lt\/parduotuve\/maaratlemata\/doterra-balance-touch-eeterlike-olide-segu-10ml\/"},"modified":"2021-09-24T18:18:52","modified_gmt":"2021-09-24T17:18:52","slug":"doterra-balance-touch-essential-oil-blend-10ml","status":"publish","type":"product","link":"https:\/\/mamaterra.lt\/et\/parduotuve\/eeterlikud-olid\/eeterlike-olide-segud\/doterra-balance-touch-essential-oil-blend-10ml\/","title":{"rendered":"doTERRA BALANCE TOUCH eeterlike \u00f5lide segu 10ml"},"content":{"rendered":"<p><strong>doTERRA BALANCE TOUCH eeterlike \u00f5lide segu<\/strong><\/p>\n<p>10ml<\/p>\n<p>&nbsp;<\/p>\n<p><strong>doTERRA BALANCE TOUCH eeterlike \u00f5lide segu omadused:<\/strong><\/p>\n<ul>\n<li class=\"bi6gxh9e\"><span class=\"d2edcug0 hpfvmrgz qv66sw1b c1et5uql lr9zc1uh jq4qci2q a3bd9o3v b1v8xokw oo9gr5id\">Maandav doterra balance segu annab rahuliku aroomi, mis pakub harmooniat vaimule ja kehale ning tasakaalu emotsioonidele.  <\/span><\/li>\n<li class=\"bi6gxh9e\"><span class=\"d2edcug0 hpfvmrgz qv66sw1b c1et5uql lr9zc1uh jq4qci2q a3bd9o3v b1v8xokw oo9gr5id\">See \u00f5li sobib v\u00e4ga h\u00e4sti stressi, \u00e4revuse, hirmude, viha, usaldamatuse, kurbuse korral.  <\/span><\/li>\n<li class=\"bi6gxh9e\"><span class=\"d2edcug0 hpfvmrgz qv66sw1b c1et5uql lr9zc1uh jq4qci2q a3bd9o3v b1v8xokw oo9gr5id\">Sobib kasutamiseks lastele.  <\/span><\/li>\n<li class=\"bi6gxh9e\"><span class=\"d2edcug0 hpfvmrgz qv66sw1b c1et5uql lr9zc1uh jq4qci2q a3bd9o3v b1v8xokw oo9gr5id\">Tasakaalu\u00f5li v\u00f5ib aidata imikutel, kes \u00f5pivad k\u00f5ndima, s\u00e4ilitada tasakaalu.  <\/span><\/li>\n<li class=\"bi6gxh9e\"><span style=\"font-size: 16px;\">L\u00f5dvestab hingamisteid.<\/span><\/li>\n<\/ul>\n<div><strong>doTERRA BALANCE TOUCH eeterlike \u00f5lide segu kasutamine:<\/strong><\/div>\n<ul>\n<li class=\"bi6gxh9e\"><span class=\"d2edcug0 hpfvmrgz qv66sw1b c1et5uql lr9zc1uh jq4qci2q a3bd9o3v b1v8xokw oo9gr5id\"><strong>Reisi ajal:<\/strong> hingake peopesadest sisse Balance \u00f5li ja kandke seda otsaesisele, k\u00f5rvadele ja kaelale. See aitab teie ajul taask\u00e4ivitada ja rahustada teid reisimise ajal. Aitab kehal ajav\u00f6\u00f6ndite \u00fcletamisel kergemini kohaneda.  <\/span><\/li>\n<li class=\"bi6gxh9e\"><span class=\"d2edcug0 hpfvmrgz qv66sw1b c1et5uql lr9zc1uh jq4qci2q a3bd9o3v b1v8xokw oo9gr5id\"> <strong>Pikkadel vahemaadel s\u00f5ites:<\/strong> enne pikka s\u00f5itu, selle ajal ja p\u00e4rast seda kandke Balnace alaseljale, randmetele ja kaelale. See toetab keha s\u00fcsteeme loomulikul viisil- lihased ja liigesed on paindlikud, n\u00e4rvid rahulikud ja fookus fokusseeritud.<\/span><\/li>\n<li class=\"bi6gxh9e\"><span class=\"d2edcug0 hpfvmrgz qv66sw1b c1et5uql lr9zc1uh jq4qci2q a3bd9o3v b1v8xokw oo9gr5id\"><strong>Meeleolumuutuste korral:<\/strong> hingake kogu p\u00e4eva jooksul sisse palju kombineeritud tasakaalu\u00f5li. Kandke Balance otsmikule, k\u00f5rvadele, kaelale ja k\u00e4ppade suurte varvaste p\u00f5hjale. Tehke seda \u00f5htul hommikul. Kandke ripatsi hajutit.<\/span><\/li>\n<li class=\"bi6gxh9e\"><span class=\"d2edcug0 hpfvmrgz qv66sw1b c1et5uql lr9zc1uh jq4qci2q a3bd9o3v b1v8xokw oo9gr5id\"><strong>M\u00e4lu toetamiseks toimige j\u00e4rgmiselt.<\/strong> Hingake Balance \u00f5li peopesadest sisse ja kandke Balance oma suurte varvaste otsaesisele, k\u00f5rvadele, kaelale ja p\u00f5hjale. Tehke seda iga p\u00e4ev.<\/span><\/li>\n<li class=\"bi6gxh9e\"><span class=\"d2edcug0 hpfvmrgz qv66sw1b c1et5uql lr9zc1uh jq4qci2q a3bd9o3v b1v8xokw oo9gr5id\"><strong>Une ajal:<\/strong> masseerige enne magamaminekut tasakaalu\u00f5li piki selgroogu, et uni oleks rahulikum.  <\/span><\/li>\n<\/ul>\n<div class=\"bi6gxh9e\"><span class=\"d2edcug0 hpfvmrgz qv66sw1b c1et5uql lr9zc1uh jq4qci2q a3bd9o3v b1v8xokw oo9gr5id\"><strong>doTERRA BALANCE TOUCH eeterlike \u00f5lide segu koostisosad:<\/strong><\/span><\/div>\n<div class=\"bi6gxh9e\"><span class=\"d2edcug0 hpfvmrgz qv66sw1b c1et5uql lr9zc1uh jq4qci2q a3bd9o3v b1v8xokw oo9gr5id\">Fraktsioneeritud kookos\u00f5li, sinine kanada kuusk, sinine p\u00f6\u00f6k, sinine kummel, viiruk(boswellia), Osmanthus.<\/span><\/div>\n","protected":false},"excerpt":{"rendered":"<ul>\n<li>10ml pudel kuuli aplikaatoriga<\/li>\n<li class=\"bi6gxh9e\"><span class=\"d2edcug0 hpfvmrgz qv66sw1b c1et5uql lr9zc1uh jq4qci2q a3bd9o3v b1v8xokw oo9gr5id\">Annab rahuliku aroomi, mis pakub meelele ja kehale harmooniat ning emotsioonide tasakaalu<\/span><\/li>\n<li class=\"bi6gxh9e\"><span class=\"d2edcug0 hpfvmrgz qv66sw1b c1et5uql lr9zc1uh jq4qci2q a3bd9o3v b1v8xokw oo9gr5id\">See \u00f5li sobib v\u00e4ga h\u00e4sti stressi, \u00e4revuse, hirmude, viha, usaldamatuse, kurbuse korral<\/span><\/li>\n<li class=\"bi6gxh9e\"><span class=\"d2edcug0 hpfvmrgz qv66sw1b c1et5uql lr9zc1uh jq4qci2q a3bd9o3v b1v8xokw oo9gr5id\">L\u00f5dvestab hingamisteid<\/span><\/li>\n<\/ul>\n","protected":false},"featured_media":12980,"template":"","meta":{"site-sidebar-layout":"default","site-content-layout":"default","ast-site-content-layout":"default","site-content-style":"default","site-sidebar-style":"default","ast-global-header-display":"","ast-banner-title-visibility":"","ast-main-header-display":"","ast-hfb-above-header-display":"","ast-hfb-below-header-display":"","ast-hfb-mobile-header-display":"","site-post-title":"","ast-breadcrumbs-content":"","ast-featured-img":"","footer-sml-layout":"","ast-disable-related-posts":"","theme-transparent-header-meta":"default","adv-header-id-meta":"","stick-header-meta":"","header-above-stick-meta":"","header-main-stick-meta":"","header-below-stick-meta":"","astra-migrate-meta-layouts":"default","ast-page-background-enabled":"default","ast-page-background-meta":{"desktop":{"background-color":"","background-image":"","background-repeat":"repeat","background-position":"center center","background-size":"auto","background-attachment":"scroll","background-type":"","background-media":"","overlay-type":"","overlay-color":"","overlay-opacity":"","overlay-gradient":""},"tablet":{"background-color":"","background-image":"","background-repeat":"repeat","background-position":"center center","background-size":"auto","background-attachment":"scroll","background-type":"","background-media":"","overlay-type":"","overlay-color":"","overlay-opacity":"","overlay-gradient":""},"mobile":{"background-color":"","background-image":"","background-repeat":"repeat","background-position":"center center","background-size":"auto","background-attachment":"scroll","background-type":"","background-media":"","overlay-type":"","overlay-color":"","overlay-opacity":"","overlay-gradient":""}},"ast-content-background-meta":{"desktop":{"background-color":"var(--ast-global-color-5)","background-image":"","background-repeat":"repeat","background-position":"center center","background-size":"auto","background-attachment":"scroll","background-type":"","background-media":"","overlay-type":"","overlay-color":"","overlay-opacity":"","overlay-gradient":""},"tablet":{"background-color":"var(--ast-global-color-5)","background-image":"","background-repeat":"repeat","background-position":"center center","background-size":"auto","background-attachment":"scroll","background-type":"","background-media":"","overlay-type":"","overlay-color":"","overlay-opacity":"","overlay-gradient":""},"mobile":{"background-color":"var(--ast-global-color-5)","background-image":"","background-repeat":"repeat","background-position":"center center","background-size":"auto","background-attachment":"scroll","background-type":"","background-media":"","overlay-type":"","overlay-color":"","overlay-opacity":"","overlay-gradient":""}}},"product_brand":[],"product_cat":[1701,1699,1756,1737,1753],"product_tag":[747,1386,1534],"class_list":{"0":"post-16049","1":"product","2":"type-product","3":"status-publish","4":"has-post-thumbnail","6":"product_cat-eeterlike-olide-segud","7":"product_cat-eeterlikud-olid","8":"product_cat-lastele","9":"product_cat-magamiseks","10":"product_cat-stressi-juhtimine","11":"product_tag-10ml-et-2","12":"product_tag-balance-touch-et","13":"product_tag-eeterliku-oli-segu","14":"desktop-align-left","15":"tablet-align-left","16":"mobile-align-left","18":"first","19":"instock","20":"taxable","21":"shipping-taxable","22":"purchasable","23":"product-type-simple"},"_links":{"self":[{"href":"https:\/\/mamaterra.lt\/et\/wp-json\/wp\/v2\/product\/16049","targetHints":{"allow":["GET"]}}],"collection":[{"href":"https:\/\/mamaterra.lt\/et\/wp-json\/wp\/v2\/product"}],"about":[{"href":"https:\/\/mamaterra.lt\/et\/wp-json\/wp\/v2\/types\/product"}],"wp:featuredmedia":[{"embeddable":true,"href":"https:\/\/mamaterra.lt\/et\/wp-json\/wp\/v2\/media\/12980"}],"wp:attachment":[{"href":"https:\/\/mamaterra.lt\/et\/wp-json\/wp\/v2\/media?parent=16049"}],"wp:term":[{"taxonomy":"product_brand","embeddable":true,"href":"https:\/\/mamaterra.lt\/et\/wp-json\/wp\/v2\/product_brand?post=16049"},{"taxonomy":"product_cat","embeddable":true,"href":"https:\/\/mamaterra.lt\/et\/wp-json\/wp\/v2\/product_cat?post=16049"},{"taxonomy":"product_tag","embeddable":true,"href":"https:\/\/mamaterra.lt\/et\/wp-json\/wp\/v2\/product_tag?post=16049"}],"curies":[{"name":"wp","href":"https:\/\/api.w.org\/{rel}","templated":true}]}}