{"id":16040,"date":"2021-12-28T11:15:54","date_gmt":"2021-12-28T10:15:54","guid":{"rendered":"https:\/\/mamaterra.lt\/parduotuve\/maaratlemata\/doterra-sissejuhatav-eeterlike-olide-komplekt-sissejuhatav-komplekt-3-erinevat-doterra-eeterlikku-oli-igauks-5ml\/"},"modified":"2021-12-28T11:15:54","modified_gmt":"2021-12-28T10:15:54","slug":"doterra-eeterlik-oli-sissejuhatus-komplekt-3-erinevad-doterra-eeterlikud-olid-5ml","status":"publish","type":"product","link":"https:\/\/mamaterra.lt\/et\/parduotuve\/eeterlikud-olid\/puhtad-eeterlikud-olid\/doterra-eeterlik-oli-sissejuhatus-komplekt-3-erinevad-doterra-eeterlikud-olid-5ml\/","title":{"rendered":"doTERRA sissejuhatav eeterlike \u00f5lide komplekt (SISSEJUHATAV KOMPLEKT) (3 erinevat doTERRA eeterlikku \u00f5li, iga\u00fcks 5ml)"},"content":{"rendered":"<p><strong>doTERRA sissejuhatav eeterlike \u00f5lide komplekt (SISSEJUHATAV KOMPLEKT) (3 erinevat doTERRA eeterlikku \u00f5li)<\/strong><\/p>\n<p>3 eeterlikku \u00f5li 5ml<\/p>\n<p>&nbsp;<\/p>\n<p><strong>doTERRA sissejuhatav eeterlike \u00f5lide komplekt Kirjeldus:<\/strong><\/p>\n<p>Kui midagi alustate, on k\u00f5ige parem alustada p\u00f5hit\u00f5dedest. Sellep\u00e4rast oleme \u00fchendanud kolm k\u00f5ige populaarsemat ja v\u00f5imsamat eeterlikku \u00f5li, mida on lihtne kasutada ja veelgi lihtsam armuda! K\u00f5igile, kes alles hakkavad eeterlikke \u00f5lisid kasutama, annab sissejuhatav komplekt suurep\u00e4rase v\u00f5imaluse neid puudutada.<\/p>\n<p>Kolm enimm\u00fc\u00fcdud doterra CPTG sertifitseeritud puhast t\u00f5estatud eeterlikku \u00f5li \u2013 sidrun, lavendel ja piparm\u00fcnt \u2013 on ideaalne l\u00e4htepunkt k\u00f5igile, kes loodavad oma elu loodusj\u00f5ududega muuta. Komplekt on esitatud mugavas pakendis, samuti lisatud kirjelduses pakutud kasutusviisid aitavad teil korralikult t\u00f6\u00f6tada.<\/p>\n<p>&nbsp;<\/p>\n<p><strong>doTERRA sissejuhatav eeterlike \u00f5lide komplekt (SISSEJUHATAV KIT) Koosneb j\u00e4rgmistest 3 erinevast doTERRA eeterlikust \u00f5list, iga\u00fcks 5ml:<\/strong><\/p>\n<ul>\n<li>Sidruni eeterlik \u00f5li<\/li>\n<li>Piparm\u00fcndi eeterlik \u00f5li<\/li>\n<li>Lavendli eeterlik \u00f5li<\/li>\n<\/ul>\n<p><strong>doTERRA Sidruni eeterlik \u00f5li 5ml<\/strong><\/p>\n<p>S\u00e4rav ja r\u00f5\u00f5msameelne, <strong>sidrun oluline<\/strong> \u00f5li aroom on tok p\u00e4ikeseline. Puhast doTERRA sidruni eeterlikku \u00f5li v\u00f5ib kasutada aromaatselt, paikselt ja sissepoole. Levitage sidruni meeleolukat aroomi nii, et iga keskkond muutuks r\u00f5\u00f5msaks, energiat andvaks ruumiks. Sidrunit v\u00f5ib seedimise toetamiseks tarbida sissepoole. * Lisaks maitseb see suurep\u00e4raselt! Lisage tilk jookidele, jogurtile, salatikastmetele jne, et saada suurep\u00e4rane maitse ja sisemine kasu (k\u00f5ik, mida vajate, on \u00fcks v\u00f5i kaks tilka). T\u00e4nu looduslikult puhastatavatele keemilistele komponentidele, nagu limoneen, sobib sidruni eeterlik \u00f5li ideaalselt pindade puhastamiseks. Rohelise puhastusvahendi saate ise teha, kasutades pihustuspudelis paar tilka sidrunit veega. Teine v\u00f5imalus sidruni j\u00f5u kasutamiseks on kanda tilk v\u00f5i kaks otse raskesti puhastatavale plekile, liimile, seintele markeriga joonistele, mittevalgetele tossutalladele. See sobib eriti h\u00e4sti kleepuvate j\u00e4\u00e4kide p\u00fchkimiseks.<\/p>\n<p>Sidrun on v\u00f5imas puhastusvahend, mis puhastab pindu ja mida saab kodus kasutada mittetoksilise puhastusvahendina.<\/p>\n<p><strong>doTERRA piparm\u00fcndi eeterlik \u00f5li 5ml<\/strong><\/p>\n<p>Piparm\u00fcnt aitab leevendada aeg-ajalt mao\u00e4rritust ja soodustab sissepoole tarbimisel tervislikku hingamisfunktsiooni.<\/p>\n<p><strong>Piparm\u00fcndi<\/strong> eeterliku \u00f5li v\u00e4rske aroom t\u00e4idab iga ruumi energiaga! Selle maitse on sama hea kui magus l\u00f5hn. Puhast doTERRA piparm\u00fcnti saab kasutada aromaatselt, paikselt ja seespidiselt. V\u00fcrtsikas ja v\u00e4rskendav, piparm\u00fcndi eeterliku \u00f5li l\u00f5hn \u00e4rkab hommikul suurep\u00e4raselt. Samuti t\u00e4iesti \u00e4rkvel p\u00e4rast s\u00fcdamlikku l\u00f5unas\u00f6\u00f6ki v\u00f5i pikemat s\u00f5itu reisil. Levitage seda oma kontoris v\u00f5i kodus lastele, kes t\u00f6\u00f6tavad projekti kallal v\u00f5i \u00f5pivad. V\u00e4liselt annab piparm\u00fcnt tugeva jahutustunde. Kandke v\u00e4ike kogus kolju ja l\u00f5ikehammaste alusele v\u00f5i kasutage paar tilka \u00f5lgade v\u00f5i selja rahustavaks massaa\u017eiks. Suurep\u00e4rane suvine trikk on lisada paar tilka v\u00e4ikesele pihustuspudelile veega. V\u00f5ite pihustada oma k\u00e4si, kaela ja muid nahapiirkondi, et tunda end p\u00e4evakuumuses jahedana. Piparm\u00fcndi eeterlikul \u00f5lil on suurep\u00e4rane maitse ja see toob kehale palju kasu. * Seespidiselt tarvitatuna v\u00f5ib see aidata aeg-ajalt halvenenud seedimise korral. * Piparm\u00fcndi allaneelamine toetab ka hingamisteede tervist. * Lisa tilk oma lemmikkokteilile, valgukokteilidele jne jookidele ja roogadele. Lavendel on \u00fcks armastatumaid eeterlikke \u00f5lisid maailmas. Selle \u00f5rn, magus lilleline aroom loob rahustava ja l\u00f5\u00f5gastava atmosf\u00e4\u00e4ri.<\/p>\n<p><strong>doTERRA Lavendli eeterlik \u00f5li 5ml<\/strong><\/p>\n<p>Puhas doTERRA <strong>lavendel<\/strong>  Eeterlikku \u00f5li v\u00f5ib kasutada aromaatselt, paikselt ja seespidiselt. Lavendli aromaatne-rahustav l\u00f5hn sobib suurep\u00e4raselt k\u00e4te peopesadest aurutamiseks v\u00f5i sissehingamiseks \u00f5htul enne magamaminekut. Sees kasutatuna v\u00f5ib lavendel rahustada ja m\u00f5tteid l\u00f5dvestada.* Lisage enne magamaminekut oma omatehtud teele tilk omatehtud teed, mis on \u00fcks viis selle imelise loodusliku kasu \u00e4rakasutamiseks. Lavendel rahustab nahka. Kasutage seda paikselt v\u00e4iksemate kriimustuste ja \u00e4rrituste korral, nahahooldusrutiini osana v\u00f5i jalgadel enne magamaminekut. Lavendli eeterliku \u00f5li eeliseid saab nautida kogu pere. V\u00f5ite seda kasutada paikselt v\u00f5i aromaatselt koos oma lastega, isegi rahutute imikutega. Kui seda kasutatakse paikselt v\u00e4ikelastel, on vaja ainult \u00fchte v\u00f5i kahte tilka. Lahjenda baas\u00f5liga, n\u00e4iteks fraktsioneeritud kookos\u00f5liga \u2013 toimib ka oliivi\u00f5li v\u00f5i avokaado\u00f5li \u2013, et v\u00e4hendada naha tundlikkust ja suurendada imendumist.<\/p>\n<p>Lavendlil on rahustav ja l\u00f5\u00f5gastav aroom, mis loob rahuliku keskkonna enne magamaminekut. Samuti v\u00f5ib see soodustada rahulikku und, kui seda kasutatakse sees. *<\/p>\n<p>&nbsp;<\/p>\n<p><strong>doTERRA sissejuhatava komplekti n\u00e4pun\u00e4ited eeterlike \u00f5lide komplekti kasutamiseks:<\/strong><\/p>\n<ul>\n<li>Enne magamaminekut kandke padjale tilk lavendlit.<\/li>\n<li>V\u00f5tke paar tilka piparm\u00fcnti sees, et leevendada aeg-ajalt mao\u00e4rritust. *<\/li>\n<li>Lisage veele tilk sidrunit, et s\u00e4ilitada seedimist ja tunda v\u00e4rskendavat maitset.<\/li>\n<li>Kasutage lavendlit aeg-ajalt esineva naha\u00e4rrituse leevendamiseks.<\/li>\n<li>Hajutiga aurutatud piparm\u00fcnt kiirgab energiat andvat aroomi.<\/li>\n<li>Puhastage maja loomulikult sidruni abil.<\/li>\n<\/ul>\n<p>&nbsp;<\/p>\n<p>Vaata videot doTERRA eeterlike \u00f5lide tutvustavast komplektist.<\/p>\n<p><iframe title=\"YouTube'i videopleier\" src=\"https:\/\/www.youtube-nocookie.com\/embed\/W6U61OWGkK0\" width=\"560\" height=\"315\" frameborder=\"0\" allowfullscreen=\"allowfullscreen\"><\/iframe><\/p>\n","protected":false},"excerpt":{"rendered":"<ul>\n<li>Kolm enimm\u00fc\u00fcdud doterra CPTG sertifitseeritud puhast testitud eeterlikku \u00f5li, iga\u00fcks 5ml \u2013 sidrun, lavendel ja piparm\u00fcnt.<\/li>\n<li>Ideaalne l\u00e4htepunkt k\u00f5igile, kes loodavad oma elu looduse j\u00f5ududega muuta.<\/li>\n<li>Komplekt on esitatud mugavas pakendis, samuti lisatud kirjelduses pakutud kasutusviisid aitavad teil korralikult t\u00f6\u00f6tada.<\/li>\n<\/ul>\n","protected":false},"featured_media":13085,"template":"","meta":{"site-sidebar-layout":"default","site-content-layout":"default","ast-site-content-layout":"default","site-content-style":"default","site-sidebar-style":"default","ast-global-header-display":"","ast-banner-title-visibility":"","ast-main-header-display":"","ast-hfb-above-header-display":"","ast-hfb-below-header-display":"","ast-hfb-mobile-header-display":"","site-post-title":"","ast-breadcrumbs-content":"","ast-featured-img":"","footer-sml-layout":"","ast-disable-related-posts":"","theme-transparent-header-meta":"default","adv-header-id-meta":"","stick-header-meta":"","header-above-stick-meta":"","header-main-stick-meta":"","header-below-stick-meta":"","astra-migrate-meta-layouts":"default","ast-page-background-enabled":"default","ast-page-background-meta":{"desktop":{"background-color":"","background-image":"","background-repeat":"repeat","background-position":"center center","background-size":"auto","background-attachment":"scroll","background-type":"","background-media":"","overlay-type":"","overlay-color":"","overlay-opacity":"","overlay-gradient":""},"tablet":{"background-color":"","background-image":"","background-repeat":"repeat","background-position":"center center","background-size":"auto","background-attachment":"scroll","background-type":"","background-media":"","overlay-type":"","overlay-color":"","overlay-opacity":"","overlay-gradient":""},"mobile":{"background-color":"","background-image":"","background-repeat":"repeat","background-position":"center center","background-size":"auto","background-attachment":"scroll","background-type":"","background-media":"","overlay-type":"","overlay-color":"","overlay-opacity":"","overlay-gradient":""}},"ast-content-background-meta":{"desktop":{"background-color":"var(--ast-global-color-5)","background-image":"","background-repeat":"repeat","background-position":"center center","background-size":"auto","background-attachment":"scroll","background-type":"","background-media":"","overlay-type":"","overlay-color":"","overlay-opacity":"","overlay-gradient":""},"tablet":{"background-color":"var(--ast-global-color-5)","background-image":"","background-repeat":"repeat","background-position":"center center","background-size":"auto","background-attachment":"scroll","background-type":"","background-media":"","overlay-type":"","overlay-color":"","overlay-opacity":"","overlay-gradient":""},"mobile":{"background-color":"var(--ast-global-color-5)","background-image":"","background-repeat":"repeat","background-position":"center center","background-size":"auto","background-attachment":"scroll","background-type":"","background-media":"","overlay-type":"","overlay-color":"","overlay-opacity":"","overlay-gradient":""}}},"product_brand":[],"product_cat":[1699,1690,1708,1756,1737,1705,1759,1753],"product_tag":[1597],"class_list":{"0":"post-16040","1":"product","2":"type-product","3":"status-publish","4":"has-post-thumbnail","6":"product_cat-eeterlikud-olid","7":"product_cat-kingitused","8":"product_cat-komplektid-ja-kollektsioonid","9":"product_cat-lastele","10":"product_cat-magamiseks","11":"product_cat-puhtad-eeterlikud-olid","12":"product_cat-seedimine","13":"product_cat-stressi-juhtimine","14":"product_tag-komplektid","15":"desktop-align-left","16":"tablet-align-left","17":"mobile-align-left","19":"first","20":"instock","21":"taxable","22":"shipping-taxable","23":"purchasable","24":"product-type-simple"},"_links":{"self":[{"href":"https:\/\/mamaterra.lt\/et\/wp-json\/wp\/v2\/product\/16040","targetHints":{"allow":["GET"]}}],"collection":[{"href":"https:\/\/mamaterra.lt\/et\/wp-json\/wp\/v2\/product"}],"about":[{"href":"https:\/\/mamaterra.lt\/et\/wp-json\/wp\/v2\/types\/product"}],"wp:featuredmedia":[{"embeddable":true,"href":"https:\/\/mamaterra.lt\/et\/wp-json\/wp\/v2\/media\/13085"}],"wp:attachment":[{"href":"https:\/\/mamaterra.lt\/et\/wp-json\/wp\/v2\/media?parent=16040"}],"wp:term":[{"taxonomy":"product_brand","embeddable":true,"href":"https:\/\/mamaterra.lt\/et\/wp-json\/wp\/v2\/product_brand?post=16040"},{"taxonomy":"product_cat","embeddable":true,"href":"https:\/\/mamaterra.lt\/et\/wp-json\/wp\/v2\/product_cat?post=16040"},{"taxonomy":"product_tag","embeddable":true,"href":"https:\/\/mamaterra.lt\/et\/wp-json\/wp\/v2\/product_tag?post=16040"}],"curies":[{"name":"wp","href":"https:\/\/api.w.org\/{rel}","templated":true}]}}