{"id":16035,"date":"2021-09-11T13:05:42","date_gmt":"2021-09-11T12:05:42","guid":{"rendered":"https:\/\/mamaterra.lt\/parduotuve\/maaratlemata\/doterra-thinker-kontsentraat-aitav-eeterlike-olide-segu-10ml\/"},"modified":"2021-09-11T13:05:42","modified_gmt":"2021-09-11T12:05:42","slug":"doterra-motleja-kontsentraat-aitav-eeterlik-oli-segu-segu-10ml","status":"publish","type":"product","link":"https:\/\/mamaterra.lt\/et\/parduotuve\/eeterlikud-olid\/eeterlike-olide-segud\/doterra-motleja-kontsentraat-aitav-eeterlik-oli-segu-segu-10ml\/","title":{"rendered":"doTERRA Thinker\u2122 kontsentraat Aitav eeterlike \u00f5lide segu 10ml"},"content":{"rendered":"<p><strong>doTERRA m\u00f5tleja\u2122 kontsentraat aitab eeterlike \u00f5lide segunemist  <\/strong><\/p>\n<p>10 ml pudel kuuli aplikaatoriga<\/p>\n<p>&nbsp;<\/p>\n<p><strong>doTERRA Thinker\u2122 eeterlike \u00f5lide segu koostisosad:<\/strong><\/p>\n<p>L\u00f5hnava kuldraha, klementiinide, piparm\u00fcndi ja rosmariini eeterlikud \u00f5lid fraktsioneeritud kookos\u00f5lis<\/p>\n<p><strong>doTERRA Thinker\u2122 eeterlike \u00f5lide segu \u00fcldised omadused:<\/strong><\/p>\n<ul>\n<li>Kui saabub aeg olla loominguline ja keskendunud, tugevdab doTERRA Thinker vaimseid v\u00f5imeid ja aitab teil \u00f5ppida.<\/li>\n<li>Kas see on k\u00e4ep\u00e4rast, kui on oluline keskenduda ja mitte \u00fclesandest k\u00f5rvale kalduda<\/li>\n<li>Kandke randmetele v\u00f5i k\u00e4tele ja hingake sisse: see annab selguse ja erksuse<\/li>\n<\/ul>\n<p>&nbsp;<\/p>\n<p>Vaata videot doTERRA Thinker\u2122 eeterlike \u00f5lide segust.<\/p>\n<p><iframe title=\"Suurep\u00e4rane doTERRA Thinker \u00f5lisegu kasutamine\" src=\"https:\/\/www.youtube.com\/embed\/voVLtRugukk\" width=\"946\" height=\"532\" frameborder=\"0\" allowfullscreen=\"allowfullscreen\"><\/iframe><\/p>\n","protected":false},"excerpt":{"rendered":"<ul>\n<li>L\u00f5hnava kuldraha, klementiinide, piparm\u00fcndi ja rosmariini eeterlikud \u00f5lid fraktsioneeritud kookos\u00f5lis<\/li>\n<li>Kas see on k\u00e4ep\u00e4rast, kui on oluline keskenduda ja mitte \u00fclesandest k\u00f5rvale kalduda<\/li>\n<li>Kandke randmetele v\u00f5i k\u00e4tele ja hingake sisse: see annab selguse ja erksuse<\/li>\n<\/ul>\n","protected":false},"featured_media":12923,"template":"","meta":{"site-sidebar-layout":"default","site-content-layout":"default","ast-site-content-layout":"default","site-content-style":"default","site-sidebar-style":"default","ast-global-header-display":"","ast-banner-title-visibility":"","ast-main-header-display":"","ast-hfb-above-header-display":"","ast-hfb-below-header-display":"","ast-hfb-mobile-header-display":"","site-post-title":"","ast-breadcrumbs-content":"","ast-featured-img":"","footer-sml-layout":"","ast-disable-related-posts":"","theme-transparent-header-meta":"default","adv-header-id-meta":"","stick-header-meta":"","header-above-stick-meta":"","header-main-stick-meta":"","header-below-stick-meta":"","astra-migrate-meta-layouts":"default","ast-page-background-enabled":"default","ast-page-background-meta":{"desktop":{"background-color":"","background-image":"","background-repeat":"repeat","background-position":"center center","background-size":"auto","background-attachment":"scroll","background-type":"","background-media":"","overlay-type":"","overlay-color":"","overlay-opacity":"","overlay-gradient":""},"tablet":{"background-color":"","background-image":"","background-repeat":"repeat","background-position":"center center","background-size":"auto","background-attachment":"scroll","background-type":"","background-media":"","overlay-type":"","overlay-color":"","overlay-opacity":"","overlay-gradient":""},"mobile":{"background-color":"","background-image":"","background-repeat":"repeat","background-position":"center center","background-size":"auto","background-attachment":"scroll","background-type":"","background-media":"","overlay-type":"","overlay-color":"","overlay-opacity":"","overlay-gradient":""}},"ast-content-background-meta":{"desktop":{"background-color":"var(--ast-global-color-5)","background-image":"","background-repeat":"repeat","background-position":"center center","background-size":"auto","background-attachment":"scroll","background-type":"","background-media":"","overlay-type":"","overlay-color":"","overlay-opacity":"","overlay-gradient":""},"tablet":{"background-color":"var(--ast-global-color-5)","background-image":"","background-repeat":"repeat","background-position":"center center","background-size":"auto","background-attachment":"scroll","background-type":"","background-media":"","overlay-type":"","overlay-color":"","overlay-opacity":"","overlay-gradient":""},"mobile":{"background-color":"var(--ast-global-color-5)","background-image":"","background-repeat":"repeat","background-position":"center center","background-size":"auto","background-attachment":"scroll","background-type":"","background-media":"","overlay-type":"","overlay-color":"","overlay-opacity":"","overlay-gradient":""}}},"product_brand":[],"product_cat":[1701,1731,1756],"product_tag":[721,1534,1612,927],"class_list":{"0":"post-16035","1":"product","2":"type-product","3":"status-publish","4":"has-post-thumbnail","6":"product_cat-eeterlike-olide-segud","7":"product_cat-keskendumiseks","8":"product_cat-lastele","9":"product_tag-10-ml-et","10":"product_tag-eeterliku-oli-segu","11":"product_tag-lastele","12":"product_tag-thinker-et","13":"desktop-align-left","14":"tablet-align-left","15":"mobile-align-left","17":"first","18":"instock","19":"taxable","20":"shipping-taxable","21":"purchasable","22":"product-type-simple"},"_links":{"self":[{"href":"https:\/\/mamaterra.lt\/et\/wp-json\/wp\/v2\/product\/16035","targetHints":{"allow":["GET"]}}],"collection":[{"href":"https:\/\/mamaterra.lt\/et\/wp-json\/wp\/v2\/product"}],"about":[{"href":"https:\/\/mamaterra.lt\/et\/wp-json\/wp\/v2\/types\/product"}],"wp:featuredmedia":[{"embeddable":true,"href":"https:\/\/mamaterra.lt\/et\/wp-json\/wp\/v2\/media\/12923"}],"wp:attachment":[{"href":"https:\/\/mamaterra.lt\/et\/wp-json\/wp\/v2\/media?parent=16035"}],"wp:term":[{"taxonomy":"product_brand","embeddable":true,"href":"https:\/\/mamaterra.lt\/et\/wp-json\/wp\/v2\/product_brand?post=16035"},{"taxonomy":"product_cat","embeddable":true,"href":"https:\/\/mamaterra.lt\/et\/wp-json\/wp\/v2\/product_cat?post=16035"},{"taxonomy":"product_tag","embeddable":true,"href":"https:\/\/mamaterra.lt\/et\/wp-json\/wp\/v2\/product_tag?post=16035"}],"curies":[{"name":"wp","href":"https:\/\/api.w.org\/{rel}","templated":true}]}}