{"id":16034,"date":"2021-09-21T18:43:47","date_gmt":"2021-09-21T17:43:47","guid":{"rendered":"https:\/\/mamaterra.lt\/parduotuve\/maaratlemata\/harvest-spice-doterra-eeterlike-olide-segu-15ml\/"},"modified":"2021-09-21T18:43:47","modified_gmt":"2021-09-21T17:43:47","slug":"harvest-spice-essential-oil-mystic-blend-15ml","status":"publish","type":"product","link":"https:\/\/mamaterra.lt\/et\/parduotuve\/eeterlikud-olid\/eeterlike-olide-segud\/harvest-spice-essential-oil-mystic-blend-15ml\/","title":{"rendered":"Harvest Spice doTERRA eeterlike \u00f5lide segu 15ml"},"content":{"rendered":"<p><strong>Harvest Spice doTERRA eeterlike \u00f5lide segu<\/strong><\/p>\n<p>15ml<\/p>\n<p>&nbsp;<\/p>\n<p><strong>Ideaalne segu s\u00fcgiseks!<\/strong>  T\u00e4ida oma kodu selle sooja, r\u00f5\u00f5msa ja meeli\u00fclendava aroomiga!<\/p>\n<p>Cedar selles segus toimib kombineeriva, maandava j\u00f5una. Eukal\u00fcpt annab meeli\u00fclendava tunde, kaneel, hiina kaneel, nelk, muskaatp\u00e4hkel stimuleerivad optimismi, annavad soojuse ja turvatunde.<\/p>\n<p>Ja see ei ole asjata, et see annab turvatunde &#8211; k\u00f5ik kompositsioonis olevad eeterlikud \u00f5lid on antibakteriaalsed, viirusevastased, seenevastased ja seet\u00f5ttu puhastavad maja \u00f5hku.<\/p>\n<p><strong>Harvest Spice doTERRA eeterlike \u00f5lide segu kasutamine:<\/strong><\/p>\n<ul>\n<li>Et saada veelgi rohkem kasu tervisele, lahjendage 1:10 tilka taime\u00f5liga, kandke nahale.<\/li>\n<li>Kandke tallad immuunsuse s\u00e4ilitamiseks<\/li>\n<li>R\u00f6gaerituse parandamiseks &#8211; rindkere<\/li>\n<li>Vereringe parandamiseks v\u00f5i j\u00f5ulude ajal l\u00f5hna tundmiseks &#8211; kandke randmetele.<\/li>\n<\/ul>\n","protected":false},"excerpt":{"rendered":"<ul>\n<li dir=\"auto\">Ideaalne segu s\u00fcgiseks!<\/li>\n<li dir=\"auto\"><span style=\"font-size: 16px;\">T\u00e4ida oma kodu selle sooja, r\u00f5\u00f5msa ja meeli\u00fclendava aroomiga!<\/span><\/li>\n<li dir=\"auto\">Cedar selles segus toimib kombineeriva, maandava j\u00f5una, eukal\u00fcpt annab meeli\u00fclendava tunde, kaneel, hiina kaneel, nelk, muskaatp\u00e4hkel stimuleerib optimismi, annab soojuse ja turvalisuse tunde.<\/li>\n<\/ul>\n","protected":false},"featured_media":12971,"template":"","meta":{"site-sidebar-layout":"default","site-content-layout":"default","ast-site-content-layout":"default","site-content-style":"default","site-sidebar-style":"default","ast-global-header-display":"","ast-banner-title-visibility":"","ast-main-header-display":"","ast-hfb-above-header-display":"","ast-hfb-below-header-display":"","ast-hfb-mobile-header-display":"","site-post-title":"","ast-breadcrumbs-content":"","ast-featured-img":"","footer-sml-layout":"","ast-disable-related-posts":"","theme-transparent-header-meta":"default","adv-header-id-meta":"","stick-header-meta":"","header-above-stick-meta":"","header-main-stick-meta":"","header-below-stick-meta":"","astra-migrate-meta-layouts":"default","ast-page-background-enabled":"default","ast-page-background-meta":{"desktop":{"background-color":"","background-image":"","background-repeat":"repeat","background-position":"center center","background-size":"auto","background-attachment":"scroll","background-type":"","background-media":"","overlay-type":"","overlay-color":"","overlay-opacity":"","overlay-gradient":""},"tablet":{"background-color":"","background-image":"","background-repeat":"repeat","background-position":"center center","background-size":"auto","background-attachment":"scroll","background-type":"","background-media":"","overlay-type":"","overlay-color":"","overlay-opacity":"","overlay-gradient":""},"mobile":{"background-color":"","background-image":"","background-repeat":"repeat","background-position":"center center","background-size":"auto","background-attachment":"scroll","background-type":"","background-media":"","overlay-type":"","overlay-color":"","overlay-opacity":"","overlay-gradient":""}},"ast-content-background-meta":{"desktop":{"background-color":"var(--ast-global-color-5)","background-image":"","background-repeat":"repeat","background-position":"center center","background-size":"auto","background-attachment":"scroll","background-type":"","background-media":"","overlay-type":"","overlay-color":"","overlay-opacity":"","overlay-gradient":""},"tablet":{"background-color":"var(--ast-global-color-5)","background-image":"","background-repeat":"repeat","background-position":"center center","background-size":"auto","background-attachment":"scroll","background-type":"","background-media":"","overlay-type":"","overlay-color":"","overlay-opacity":"","overlay-gradient":""},"mobile":{"background-color":"var(--ast-global-color-5)","background-image":"","background-repeat":"repeat","background-position":"center center","background-size":"auto","background-attachment":"scroll","background-type":"","background-media":"","overlay-type":"","overlay-color":"","overlay-opacity":"","overlay-gradient":""}}},"product_brand":[],"product_cat":[1701,1699,1729],"product_tag":[724,1534,1184],"class_list":{"0":"post-16034","1":"product","2":"type-product","3":"status-publish","4":"has-post-thumbnail","6":"product_cat-eeterlike-olide-segud","7":"product_cat-eeterlikud-olid","8":"product_cat-immuunsuse-tugevdamiseks","9":"product_tag-15-ml-et-2","10":"product_tag-eeterliku-oli-segu","11":"product_tag-harvest-spice-et","12":"desktop-align-left","13":"tablet-align-left","14":"mobile-align-left","16":"first","17":"outofstock","18":"taxable","19":"shipping-taxable","20":"purchasable","21":"product-type-simple"},"_links":{"self":[{"href":"https:\/\/mamaterra.lt\/et\/wp-json\/wp\/v2\/product\/16034","targetHints":{"allow":["GET"]}}],"collection":[{"href":"https:\/\/mamaterra.lt\/et\/wp-json\/wp\/v2\/product"}],"about":[{"href":"https:\/\/mamaterra.lt\/et\/wp-json\/wp\/v2\/types\/product"}],"wp:featuredmedia":[{"embeddable":true,"href":"https:\/\/mamaterra.lt\/et\/wp-json\/wp\/v2\/media\/12971"}],"wp:attachment":[{"href":"https:\/\/mamaterra.lt\/et\/wp-json\/wp\/v2\/media?parent=16034"}],"wp:term":[{"taxonomy":"product_brand","embeddable":true,"href":"https:\/\/mamaterra.lt\/et\/wp-json\/wp\/v2\/product_brand?post=16034"},{"taxonomy":"product_cat","embeddable":true,"href":"https:\/\/mamaterra.lt\/et\/wp-json\/wp\/v2\/product_cat?post=16034"},{"taxonomy":"product_tag","embeddable":true,"href":"https:\/\/mamaterra.lt\/et\/wp-json\/wp\/v2\/product_tag?post=16034"}],"curies":[{"name":"wp","href":"https:\/\/api.w.org\/{rel}","templated":true}]}}