{"id":16026,"date":"2021-09-12T16:51:13","date_gmt":"2021-09-12T15:51:13","guid":{"rendered":"https:\/\/mamaterra.lt\/parduotuve\/maaratlemata\/doterra-correct-x-salv-15ml\/"},"modified":"2021-09-12T16:51:13","modified_gmt":"2021-09-12T15:51:13","slug":"doterra-correct-x-cream-15ml","status":"publish","type":"product","link":"https:\/\/mamaterra.lt\/et\/parduotuve\/eeterlikud-olid\/eeterlike-olide-segud\/doterra-correct-x-cream-15ml\/","title":{"rendered":"doTERRA Correct-X salv 15ml"},"content":{"rendered":"<p><strong>doTERRA Correct-X salv<\/strong><\/p>\n<p>15ml<\/p>\n<p>&nbsp;<\/p>\n<p><strong>doTERRA Correct-X salv \u00dcldised omadused:<\/strong><\/p>\n<p>T\u00e4nu oma looduslikule koostisele imendub Correct-X kiiresti ja nahk ei j\u00e4\u00e4 kleepuvaks.<\/p>\n<p>See mitmek\u00fclgne, looduslik salv aitab nahka rahustada ja hoida seda puhtana, kui see taastub kahjustusest (suppuratsioon, verevalumid, haav, herpese algus).<\/p>\n<p>See sobib suurep\u00e4raselt taskusse v\u00f5i seljakotti panemiseks, kui olete v\u00e4ljas telkimas, trenni tegemas v\u00f5i m\u00e4nguv\u00e4ljakul k\u00e4ies.<\/p>\n<p><strong>doTERRA Correct-X<\/strong> salv v\u00f5imsate eeterlike \u00f5lide ja botaaniliste ekstraktidega rahustab \u00e4rritunud, p\u00f5lenud, kahjustatud nahka.<\/p>\n<p>\u00dcks tilk aitab hoida nahka puhtana ja niisutatuna, kuni see taastub \u00e4rritusest v\u00f5i kahjustustest.<\/p>\n<p>See \u00f5rn koostis toidab nahka, rahustab \u00e4rritust, hoiab niiskust ja kaitseb seega kahjustatud nahka t\u00e4iendavate kahjustuste eest.<\/p>\n<p>Correct-X pakub niiskust\u00f5ket, mis aitab nahka rahustades ja niisutades kaitsta. See \u00f5livaba salv, ilma s\u00e4ilitusaineteta, imendub kiiresti, on \u00f5rn ja ei \u00e4rrita, seega sobib see ideaalselt tundlikule nahale.<\/p>\n<p>&nbsp;<\/p>\n<p><strong>doTERRA Correct-X salvi koostisosad:<\/strong><\/p>\n<ul>\n<li>Boswellia eeterlikud \u00f5lid, Itaalia udukogu, lavendel, seeder ja teepuu puhastavad ja rahustavad nahka.<\/li>\n<li>Bisabolol on tuntud oma rahustava toime ja v\u00f5ime poolest stimuleerida terve v\u00e4limusega nahka.<\/li>\n<li>Jojoba, nagu ka nahas sisalduvad looduslikud rasvad, tagab optimaalse niisutuse ja aitab parandada naha tekstuuri.<\/li>\n<li>Phellodendron Amurense kooreekstrakti kasutatakse nahahoolduseks.<\/li>\n<\/ul>\n<p>doTERRA Correct-X salv <strong>on m\u00f5eldud ainult v\u00e4lispidiseks kasutamiseks<\/strong>.<\/p>\n<p>&nbsp;<\/p>\n<p>Vaadake videot Correct-X salvi kasutamise kohta.<\/p>\n<p><iframe title=\"Rahustab nahka- Correct-X\u00ae Essential salv\" src=\"https:\/\/www.youtube.com\/embed\/MPxPrLA7HMk\" width=\"946\" height=\"532\" frameborder=\"0\" allowfullscreen=\"allowfullscreen\"><\/iframe><\/p>\n","protected":false},"excerpt":{"rendered":"<ul>\n<li>Boswellia, Itaalia udukogu, lavendli, seedri ja teepuu eeterlikud \u00f5lid koos teatud botaaniliste niisutajate ja ekstraktidega rahustavad ja toidavad naha sihtpiirkondi.<\/li>\n<li>See mitmek\u00fclgne, looduslik salv aitab nahka rahustada ja hoida seda puhtana, kui see taastub kahjustusest (suppuratsioon, verevalumid, haav, herpese algus).<\/li>\n<li>\u00dcks tilk aitab hoida nahka puhtana ja niisutatuna, kuni see taastub \u00e4rritusest v\u00f5i kahjustustest.<\/li>\n<\/ul>\n","protected":false},"featured_media":12962,"template":"","meta":{"site-sidebar-layout":"default","site-content-layout":"default","ast-site-content-layout":"default","site-content-style":"default","site-sidebar-style":"default","ast-global-header-display":"","ast-banner-title-visibility":"","ast-main-header-display":"","ast-hfb-above-header-display":"","ast-hfb-below-header-display":"","ast-hfb-mobile-header-display":"","site-post-title":"","ast-breadcrumbs-content":"","ast-featured-img":"","footer-sml-layout":"","ast-disable-related-posts":"","theme-transparent-header-meta":"default","adv-header-id-meta":"","stick-header-meta":"","header-above-stick-meta":"","header-main-stick-meta":"","header-below-stick-meta":"","astra-migrate-meta-layouts":"default","ast-page-background-enabled":"default","ast-page-background-meta":{"desktop":{"background-color":"","background-image":"","background-repeat":"repeat","background-position":"center center","background-size":"auto","background-attachment":"scroll","background-type":"","background-media":"","overlay-type":"","overlay-color":"","overlay-opacity":"","overlay-gradient":""},"tablet":{"background-color":"","background-image":"","background-repeat":"repeat","background-position":"center center","background-size":"auto","background-attachment":"scroll","background-type":"","background-media":"","overlay-type":"","overlay-color":"","overlay-opacity":"","overlay-gradient":""},"mobile":{"background-color":"","background-image":"","background-repeat":"repeat","background-position":"center center","background-size":"auto","background-attachment":"scroll","background-type":"","background-media":"","overlay-type":"","overlay-color":"","overlay-opacity":"","overlay-gradient":""}},"ast-content-background-meta":{"desktop":{"background-color":"var(--ast-global-color-5)","background-image":"","background-repeat":"repeat","background-position":"center center","background-size":"auto","background-attachment":"scroll","background-type":"","background-media":"","overlay-type":"","overlay-color":"","overlay-opacity":"","overlay-gradient":""},"tablet":{"background-color":"var(--ast-global-color-5)","background-image":"","background-repeat":"repeat","background-position":"center center","background-size":"auto","background-attachment":"scroll","background-type":"","background-media":"","overlay-type":"","overlay-color":"","overlay-opacity":"","overlay-gradient":""},"mobile":{"background-color":"var(--ast-global-color-5)","background-image":"","background-repeat":"repeat","background-position":"center center","background-size":"auto","background-attachment":"scroll","background-type":"","background-media":"","overlay-type":"","overlay-color":"","overlay-opacity":"","overlay-gradient":""}}},"product_brand":[],"product_cat":[1701,1699,1710,1756],"product_tag":[731,1253,1608],"class_list":{"0":"post-16026","1":"product","2":"type-product","3":"status-publish","4":"has-post-thumbnail","6":"product_cat-eeterlike-olide-segud","7":"product_cat-eeterlikud-olid","8":"product_cat-hugieen-ja-nahahooldus","9":"product_cat-lastele","10":"product_tag-15ml-et","11":"product_tag-correct-x-et","12":"product_tag-maardeaine","13":"desktop-align-left","14":"tablet-align-left","15":"mobile-align-left","17":"first","18":"instock","19":"sale","20":"taxable","21":"shipping-taxable","22":"purchasable","23":"product-type-simple"},"_links":{"self":[{"href":"https:\/\/mamaterra.lt\/et\/wp-json\/wp\/v2\/product\/16026","targetHints":{"allow":["GET"]}}],"collection":[{"href":"https:\/\/mamaterra.lt\/et\/wp-json\/wp\/v2\/product"}],"about":[{"href":"https:\/\/mamaterra.lt\/et\/wp-json\/wp\/v2\/types\/product"}],"wp:featuredmedia":[{"embeddable":true,"href":"https:\/\/mamaterra.lt\/et\/wp-json\/wp\/v2\/media\/12962"}],"wp:attachment":[{"href":"https:\/\/mamaterra.lt\/et\/wp-json\/wp\/v2\/media?parent=16026"}],"wp:term":[{"taxonomy":"product_brand","embeddable":true,"href":"https:\/\/mamaterra.lt\/et\/wp-json\/wp\/v2\/product_brand?post=16026"},{"taxonomy":"product_cat","embeddable":true,"href":"https:\/\/mamaterra.lt\/et\/wp-json\/wp\/v2\/product_cat?post=16026"},{"taxonomy":"product_tag","embeddable":true,"href":"https:\/\/mamaterra.lt\/et\/wp-json\/wp\/v2\/product_tag?post=16026"}],"curies":[{"name":"wp","href":"https:\/\/api.w.org\/{rel}","templated":true}]}}