{"id":16022,"date":"2021-11-18T12:32:22","date_gmt":"2021-11-18T11:32:22","guid":{"rendered":"https:\/\/mamaterra.lt\/parduotuve\/maaratlemata\/doterra-holiday-peace-eeterlike-olide-segu-15ml\/"},"modified":"2021-11-18T12:32:22","modified_gmt":"2021-11-18T11:32:22","slug":"doterra-puhkus-rahu-eeterlik-oli-segu-15ml","status":"publish","type":"product","link":"https:\/\/mamaterra.lt\/et\/parduotuve\/eeterlikud-olid\/eeterlike-olide-segud\/doterra-puhkus-rahu-eeterlik-oli-segu-15ml\/","title":{"rendered":"doTERRA HOLIDAY PEACE eeterlike \u00f5lide segu 15ml"},"content":{"rendered":"<p><strong>doTERRA HOLIDAY PEACE eeterlike \u00f5lide segu<\/strong><\/p>\n<p>15ml<\/p>\n<p>&nbsp;<\/p>\n<p>Kutsu oma koju harmoonia, tasakaalu ja rahu atmosf\u00e4\u00e4r koos DOTERRA PUHKUSERAHUGA.<\/p>\n<p>H\u00e4mmastav, rahulik, hubane, peresarnane. Vagune, v\u00e4rskendav, tsitruseline, puitunud aroom.<\/p>\n<p>Maandage end Holiday Peace&#8217;i \u00f5rnade toonidega ja kolme kuusepuu \u2013 Siberi, Douglase ja Himaalaja \u2013 rahustavate aroomidega, mida t\u00e4iendavad greip, boswellia ja vetiverid.<\/p>\n<p>P\u00fchaderahu on eeterlike \u00f5lide segu pidulikuks rahuks, leppimiseks ja \u00f5ndsuseks. Aurutage seda eeterlike \u00f5lide segu, et luua hubane ja harmooniline \u00f5hkkond j\u00f5ulude kogunemiseks v\u00f5i vaikseks \u00f5htuks kodus.<\/p>\n<p><strong>doTERRA HOLIDAY PEACE eeterlike \u00f5lide segu kasutab:<\/strong><\/p>\n<ul>\n<li>Aur, et t\u00f5sta meeleolu ja luua<strong> rahulik harmooniline \u00f5hkkond<\/strong> kiirel p\u00fchadehooajal.<\/li>\n<li>Aur &#8211;<strong> sise\u00f5hk puhastatakse ja v\u00e4rskendatakse.<\/strong><\/li>\n<li>Kandke \u00fcks v\u00f5i kaks tilka dolomiidist v\u00f5i savist ehetele, luues seel\u00e4bi majas <strong>piduliku vaimu<\/strong> .<\/li>\n<li>Pihustage veega ja paar tilka Holiday Peace&#8217;i, pihustage oma pidulikku sisekujundust, mis omandab maandava, metsal\u00f5hna.<\/li>\n<li>Kandke pulsipunkte (lahjendatud baas\u00f5liga)- <strong>l\u00f5dvestate ja rahunete<\/strong>.<\/li>\n<\/ul>\n<p><strong>doTERRA HOLIDAY PEACE Eeterlike \u00f5lide segu emotsionaalsed m\u00f5jud:<\/strong><\/p>\n<ul>\n<li>See \u00f5lide segu leevendab stressi, maandab, soodustab enesekontrolli.<\/li>\n<li>Nende looduslike koostisosade liit annab inimesele enesekindlust ja n\u00e4itab, et ta v\u00f5ib olla see elav side, mis tervendab perekonnaliini eelmiste ja tulevaste p\u00f5lvkondade jaoks \u00b7<\/li>\n<li>See aroom aitab leida rahu nii seest kui v\u00e4ljast.<\/li>\n<\/ul>\n<p><strong>doTERRA HOLIDAY PEACE eeterlike \u00f5lide segu koostisosad:<\/strong><\/p>\n<p>Siberi j\u00e4nes, greibikoor, suur poci\u016bge, Himaalaja kuuse eeterlikud \u00f5lid, boswellia, vetiveria juured.<\/p>\n<p>&nbsp;<\/p>\n<p>Vaata videot doTERRA Holiday Peace eeterlike \u00f5lide segust.<\/p>\n<p><iframe title=\"YouTube'i videopleier\" src=\"https:\/\/www.youtube-nocookie.com\/embed\/W8XE0c_QZxA?start=9\" width=\"560\" height=\"315\" frameborder=\"0\" allowfullscreen=\"allowfullscreen\"><\/iframe><\/p>\n","protected":false},"excerpt":{"rendered":"<ul>\n<li>Maandage end Holiday Peace&#8217;i \u00f5rnade toonidega ja kolme kuusepuu \u2013 Siberi, Douglase ja Himaalaja \u2013 rahustavate aroomidega, mida t\u00e4iendavad greip, boswellia ja vetiver<\/li>\n<li>Kutsu oma koju harmoonia, tasakaalu ja rahu \u00f5hkkonda doTERRA Holiday Peace<\/li>\n<li>H\u00e4mmastav, rahulik, hubane, peresarnane. Vagune, v\u00e4rskendav, tsitruseline, puitunud aroom<\/li>\n<\/ul>\n","protected":false},"featured_media":13028,"template":"","meta":{"site-sidebar-layout":"default","site-content-layout":"default","ast-site-content-layout":"default","site-content-style":"default","site-sidebar-style":"default","ast-global-header-display":"","ast-banner-title-visibility":"","ast-main-header-display":"","ast-hfb-above-header-display":"","ast-hfb-below-header-display":"","ast-hfb-mobile-header-display":"","site-post-title":"","ast-breadcrumbs-content":"","ast-featured-img":"","footer-sml-layout":"","ast-disable-related-posts":"","theme-transparent-header-meta":"default","adv-header-id-meta":"","stick-header-meta":"","header-above-stick-meta":"","header-main-stick-meta":"","header-below-stick-meta":"","astra-migrate-meta-layouts":"default","ast-page-background-enabled":"default","ast-page-background-meta":{"desktop":{"background-color":"","background-image":"","background-repeat":"repeat","background-position":"center center","background-size":"auto","background-attachment":"scroll","background-type":"","background-media":"","overlay-type":"","overlay-color":"","overlay-opacity":"","overlay-gradient":""},"tablet":{"background-color":"","background-image":"","background-repeat":"repeat","background-position":"center center","background-size":"auto","background-attachment":"scroll","background-type":"","background-media":"","overlay-type":"","overlay-color":"","overlay-opacity":"","overlay-gradient":""},"mobile":{"background-color":"","background-image":"","background-repeat":"repeat","background-position":"center center","background-size":"auto","background-attachment":"scroll","background-type":"","background-media":"","overlay-type":"","overlay-color":"","overlay-opacity":"","overlay-gradient":""}},"ast-content-background-meta":{"desktop":{"background-color":"var(--ast-global-color-5)","background-image":"","background-repeat":"repeat","background-position":"center center","background-size":"auto","background-attachment":"scroll","background-type":"","background-media":"","overlay-type":"","overlay-color":"","overlay-opacity":"","overlay-gradient":""},"tablet":{"background-color":"var(--ast-global-color-5)","background-image":"","background-repeat":"repeat","background-position":"center center","background-size":"auto","background-attachment":"scroll","background-type":"","background-media":"","overlay-type":"","overlay-color":"","overlay-opacity":"","overlay-gradient":""},"mobile":{"background-color":"var(--ast-global-color-5)","background-image":"","background-repeat":"repeat","background-position":"center center","background-size":"auto","background-attachment":"scroll","background-type":"","background-media":"","overlay-type":"","overlay-color":"","overlay-opacity":"","overlay-gradient":""}}},"product_brand":[],"product_cat":[1701,1699,1753],"product_tag":[731,1534,1137],"class_list":{"0":"post-16022","1":"product","2":"type-product","3":"status-publish","4":"has-post-thumbnail","6":"product_cat-eeterlike-olide-segud","7":"product_cat-eeterlikud-olid","8":"product_cat-stressi-juhtimine","9":"product_tag-15ml-et","10":"product_tag-eeterliku-oli-segu","11":"product_tag-holiday-peace-et","12":"desktop-align-left","13":"tablet-align-left","14":"mobile-align-left","16":"first","17":"instock","18":"taxable","19":"shipping-taxable","20":"purchasable","21":"product-type-simple"},"_links":{"self":[{"href":"https:\/\/mamaterra.lt\/et\/wp-json\/wp\/v2\/product\/16022","targetHints":{"allow":["GET"]}}],"collection":[{"href":"https:\/\/mamaterra.lt\/et\/wp-json\/wp\/v2\/product"}],"about":[{"href":"https:\/\/mamaterra.lt\/et\/wp-json\/wp\/v2\/types\/product"}],"wp:featuredmedia":[{"embeddable":true,"href":"https:\/\/mamaterra.lt\/et\/wp-json\/wp\/v2\/media\/13028"}],"wp:attachment":[{"href":"https:\/\/mamaterra.lt\/et\/wp-json\/wp\/v2\/media?parent=16022"}],"wp:term":[{"taxonomy":"product_brand","embeddable":true,"href":"https:\/\/mamaterra.lt\/et\/wp-json\/wp\/v2\/product_brand?post=16022"},{"taxonomy":"product_cat","embeddable":true,"href":"https:\/\/mamaterra.lt\/et\/wp-json\/wp\/v2\/product_cat?post=16022"},{"taxonomy":"product_tag","embeddable":true,"href":"https:\/\/mamaterra.lt\/et\/wp-json\/wp\/v2\/product_tag?post=16022"}],"curies":[{"name":"wp","href":"https:\/\/api.w.org\/{rel}","templated":true}]}}