{"id":16018,"date":"2021-09-11T13:04:35","date_gmt":"2021-09-11T12:04:35","guid":{"rendered":"https:\/\/mamaterra.lt\/parduotuve\/maaratlemata\/doterra-tamer-eeterlike-olide-segu-seedimiseks-parandage-10ml\/"},"modified":"2021-09-11T13:04:35","modified_gmt":"2021-09-11T12:04:35","slug":"doterra-taltsutaja-eeterlik-oli-segu-10ml","status":"publish","type":"product","link":"https:\/\/mamaterra.lt\/et\/parduotuve\/eeterlikud-olid\/eeterlike-olide-segud\/doterra-taltsutaja-eeterlik-oli-segu-10ml\/","title":{"rendered":"doTERRA Tamer\u2122 eeterlike \u00f5lide segu seedimiseks Parandage 10ml"},"content":{"rendered":"<p><strong>doTERRA Tamer\u2122 eeterlike \u00f5lide segu seedimise parandamiseks<\/strong><\/p>\n<p>10 ml pudel kuuli aplikaatoriga<\/p>\n<p>&nbsp;<\/p>\n<p><strong>doTERRA Tamer\u2122 eeterlike \u00f5lide segu koostisosad:<\/strong><\/p>\n<p>Tameri segus on CPTG eeterlike \u00f5lide ainulaadsed kasulikud omadused nagu spearmint, Jaapani piparm\u00fcnt ja ingver segu doTERRA fraktsioneeritud kookos\u00f5liga. Koos kasutatuna annavad need \u00f5lid kergustunde p\u00e4rast rikkalikku toiduportsjonit.<\/p>\n<p><strong>doTERRA Tamer\u2122 eeterlike \u00f5lide segu \u00fcldised omadused:<\/strong><\/p>\n<ul>\n<li>Rahustav aroom aitab teil end paremini tunda, kui seda k\u00f5ige rohkem vajate<\/li>\n<li>V\u00f5imaldab nautida rahustavat k\u00f5humassaa\u017ei<\/li>\n<li>Lahjendatud doterra fraktsioneeriva kookos\u00f5liga, nii et see sobib ideaalselt lastele ja tundliku nahaga inimestele<\/li>\n<li>T\u00e4nu mugavale palli aplikaatorile on segu lihtne probleemsetele piirkondadele kanda<\/li>\n<\/ul>\n<p>&nbsp;<\/p>\n<p>Vaata videot doTERRA Tamer\u2122 eeterlike \u00f5lide segust.<\/p>\n<p><iframe title=\"UUS doTERRA Tamer\u2122 eeterlik \u00f5li LASTELE\" src=\"https:\/\/www.youtube.com\/embed\/5TQ5R2oOUYU\" width=\"946\" height=\"532\" frameborder=\"0\" allowfullscreen=\"allowfullscreen\"><\/iframe><\/p>\n","protected":false},"excerpt":{"rendered":"<ul>\n<li>V\u00f5imaldab nautida rahustavat k\u00f5humassaa\u017ei<\/li>\n<li>Lahjendatud doterra fraktsioneeriva kookos\u00f5liga, nii et see sobib ideaalselt lastele ja tundliku nahaga inimestele<\/li>\n<li>T\u00e4nu mugavale palli aplikaatorile on segu lihtne probleemsetele piirkondadele kanda<\/li>\n<li>Rahustav aroom aitab teil end paremini tunda, kui seda k\u00f5ige rohkem vajate<\/li>\n<\/ul>\n","protected":false},"featured_media":12920,"template":"","meta":{"site-sidebar-layout":"default","site-content-layout":"default","ast-site-content-layout":"default","site-content-style":"default","site-sidebar-style":"default","ast-global-header-display":"","ast-banner-title-visibility":"","ast-main-header-display":"","ast-hfb-above-header-display":"","ast-hfb-below-header-display":"","ast-hfb-mobile-header-display":"","site-post-title":"","ast-breadcrumbs-content":"","ast-featured-img":"","footer-sml-layout":"","ast-disable-related-posts":"","theme-transparent-header-meta":"default","adv-header-id-meta":"","stick-header-meta":"","header-above-stick-meta":"","header-main-stick-meta":"","header-below-stick-meta":"","astra-migrate-meta-layouts":"default","ast-page-background-enabled":"default","ast-page-background-meta":{"desktop":{"background-color":"","background-image":"","background-repeat":"repeat","background-position":"center center","background-size":"auto","background-attachment":"scroll","background-type":"","background-media":"","overlay-type":"","overlay-color":"","overlay-opacity":"","overlay-gradient":""},"tablet":{"background-color":"","background-image":"","background-repeat":"repeat","background-position":"center center","background-size":"auto","background-attachment":"scroll","background-type":"","background-media":"","overlay-type":"","overlay-color":"","overlay-opacity":"","overlay-gradient":""},"mobile":{"background-color":"","background-image":"","background-repeat":"repeat","background-position":"center center","background-size":"auto","background-attachment":"scroll","background-type":"","background-media":"","overlay-type":"","overlay-color":"","overlay-opacity":"","overlay-gradient":""}},"ast-content-background-meta":{"desktop":{"background-color":"var(--ast-global-color-5)","background-image":"","background-repeat":"repeat","background-position":"center center","background-size":"auto","background-attachment":"scroll","background-type":"","background-media":"","overlay-type":"","overlay-color":"","overlay-opacity":"","overlay-gradient":""},"tablet":{"background-color":"var(--ast-global-color-5)","background-image":"","background-repeat":"repeat","background-position":"center center","background-size":"auto","background-attachment":"scroll","background-type":"","background-media":"","overlay-type":"","overlay-color":"","overlay-opacity":"","overlay-gradient":""},"mobile":{"background-color":"var(--ast-global-color-5)","background-image":"","background-repeat":"repeat","background-position":"center center","background-size":"auto","background-attachment":"scroll","background-type":"","background-media":"","overlay-type":"","overlay-color":"","overlay-opacity":"","overlay-gradient":""}}},"product_brand":[],"product_cat":[1701,1756,1759],"product_tag":[721,1534,1612,966],"class_list":{"0":"post-16018","1":"product","2":"type-product","3":"status-publish","4":"has-post-thumbnail","6":"product_cat-eeterlike-olide-segud","7":"product_cat-lastele","8":"product_cat-seedimine","9":"product_tag-10-ml-et","10":"product_tag-eeterliku-oli-segu","11":"product_tag-lastele","12":"product_tag-tamer-et","13":"desktop-align-left","14":"tablet-align-left","15":"mobile-align-left","17":"first","18":"instock","19":"taxable","20":"shipping-taxable","21":"purchasable","22":"product-type-simple"},"_links":{"self":[{"href":"https:\/\/mamaterra.lt\/et\/wp-json\/wp\/v2\/product\/16018","targetHints":{"allow":["GET"]}}],"collection":[{"href":"https:\/\/mamaterra.lt\/et\/wp-json\/wp\/v2\/product"}],"about":[{"href":"https:\/\/mamaterra.lt\/et\/wp-json\/wp\/v2\/types\/product"}],"wp:featuredmedia":[{"embeddable":true,"href":"https:\/\/mamaterra.lt\/et\/wp-json\/wp\/v2\/media\/12920"}],"wp:attachment":[{"href":"https:\/\/mamaterra.lt\/et\/wp-json\/wp\/v2\/media?parent=16018"}],"wp:term":[{"taxonomy":"product_brand","embeddable":true,"href":"https:\/\/mamaterra.lt\/et\/wp-json\/wp\/v2\/product_brand?post=16018"},{"taxonomy":"product_cat","embeddable":true,"href":"https:\/\/mamaterra.lt\/et\/wp-json\/wp\/v2\/product_cat?post=16018"},{"taxonomy":"product_tag","embeddable":true,"href":"https:\/\/mamaterra.lt\/et\/wp-json\/wp\/v2\/product_tag?post=16018"}],"curies":[{"name":"wp","href":"https:\/\/api.w.org\/{rel}","templated":true}]}}