{"id":16013,"date":"2021-09-19T19:24:48","date_gmt":"2021-09-19T18:24:48","guid":{"rendered":"https:\/\/mamaterra.lt\/parduotuve\/maaratlemata\/ohk-hinga-doterra-eeterlike-olide-segu-15ml\/"},"modified":"2021-09-19T19:24:48","modified_gmt":"2021-09-19T18:24:48","slug":"doterra-ohk-eeterlik-oli-segu-15ml","status":"publish","type":"product","link":"https:\/\/mamaterra.lt\/et\/parduotuve\/eeterlikud-olid\/eeterlike-olide-segud\/doterra-ohk-eeterlik-oli-segu-15ml\/","title":{"rendered":"\u00d5HK\/HINGA doTERRA eeterlike \u00f5lide segu 15ml"},"content":{"rendered":"<p><strong>\u00d5HK\/HINGA doTERRA eeterlike \u00f5lide segu<\/strong><\/p>\n<p>15ml<\/p>\n<p>&nbsp;<\/p>\n<p><strong>AIR\/BREATHE doTERRA eeterlike \u00f5lide segu \u00dcldomadused:<\/strong><\/p>\n<ul>\n<li>doTERRA Air\/Breathe toetab vabade hingamisteede tunnet ja kerget hingamist, v\u00e4hendades samal ajal hooajaliste muutuste m\u00f5ju.<\/li>\n<li>doTERRA Air\/Breathe&#8217;i v\u00f5ib kanda paikselt rinnale, seljale v\u00f5i jalgadele v\u00f5i levitada \u00f6\u00f6sel, et rahustada meeli ja soodustada rahulikku und.<\/li>\n<li>\u00d5huauru hajutiga, kandke refleksipunkte, rinda, kaela, kui teid k\u00fclastab ebamugavustunne ja kui magate rahutult.<\/li>\n<\/ul>\n<p><strong>AIR\/BREATHE doTERRA eeterlike \u00f5lide segu koostis:<\/strong><\/p>\n<p>loorberileht, piparm\u00fcnt, eukal\u00fcpt, teepuu, sidrun, kardemon, Ravintsara ja Ravensara<\/p>\n<p><strong>AIR\/BREATHE doTERRA eeterlike \u00f5lide segu kasutamine:<\/strong><\/p>\n<ul>\n<li>Aurutage hajutiga, hingake otse peopesadest v\u00f5i h\u00f5\u00f5ruge rinda v\u00f5i jalgu.<\/li>\n<li>Kasutage \u00f5ue minnes.<\/li>\n<li>Aur enne magamaminekut, et luua rahulik keskkond.<\/li>\n<li>Enne treeningut m\u00e4\u00e4rige rindkere, h\u00f5lbustades seel\u00e4bi hingamist ja hapniku imendumist.<\/li>\n<li>Kui olete \u00f5ietolmu suhtes tundlik, hingake hingamise h\u00f5lbustamiseks hooaja jooksul sisse.<\/li>\n<li>Aroom on jahutav, rahustava toimega, aitab \u00f6\u00f6sel paremini l\u00f5\u00f5gastuda ja puhata, aitab \u00fcle saada kurbusest, suletusest, emotsionaalsest valust, aitab emotsioonidest lahti lasta.<\/li>\n<\/ul>\n<p><strong>Aurutamiseks<\/strong> kasutage valitud hajutis kolm v\u00f5i neli tilka.<\/p>\n<p><strong>Kohalik kasutamine:<\/strong> lahjendage 1-2 tilka vastavalt vanuse soovitustele ja kandke soovitud alale. Lahjendage doTERRA fraktsioneeriva kookos\u00f5liga, et v\u00e4hendada naha tundlikkust.<\/p>\n<p>Seda segu EI KASUTATA SEES.<\/p>\n<p>&nbsp;<\/p>\n<p>Lisateave selle AIR\/BREATHE doTERRA eeterlike \u00f5lide segu kohta.<\/p>\n<p><iframe title=\"Kuidas kasutada doTERRA Breathe eeterlike \u00f5lide segu\" src=\"https:\/\/www.youtube.com\/embed\/TRpOEtBYYRE\" width=\"946\" height=\"532\" frameborder=\"0\" allowfullscreen=\"allowfullscreen\"><\/iframe><\/p>\n","protected":false},"excerpt":{"rendered":"<ul>\n<li>15ml<\/li>\n<li>doTERRA Air\/Breathe toetab vabade hingamisteede tunnet ja kerget hingamist, v\u00e4hendades samal ajal hooajaliste muutuste m\u00f5ju.<\/li>\n<li>doTERRA Air\/Breathe&#8217;i v\u00f5ib kanda paikselt rinnale, seljale v\u00f5i jalgadele v\u00f5i levitada \u00f6\u00f6sel, et rahustada meeli ja soodustada rahulikku und.<\/li>\n<\/ul>\n","protected":false},"featured_media":13061,"template":"","meta":{"site-sidebar-layout":"default","site-content-layout":"default","ast-site-content-layout":"default","site-content-style":"default","site-sidebar-style":"default","ast-global-header-display":"","ast-banner-title-visibility":"","ast-main-header-display":"","ast-hfb-above-header-display":"","ast-hfb-below-header-display":"","ast-hfb-mobile-header-display":"","site-post-title":"","ast-breadcrumbs-content":"","ast-featured-img":"","footer-sml-layout":"","ast-disable-related-posts":"","theme-transparent-header-meta":"default","adv-header-id-meta":"","stick-header-meta":"","header-above-stick-meta":"","header-main-stick-meta":"","header-below-stick-meta":"","astra-migrate-meta-layouts":"default","ast-page-background-enabled":"default","ast-page-background-meta":{"desktop":{"background-color":"","background-image":"","background-repeat":"repeat","background-position":"center center","background-size":"auto","background-attachment":"scroll","background-type":"","background-media":"","overlay-type":"","overlay-color":"","overlay-opacity":"","overlay-gradient":""},"tablet":{"background-color":"","background-image":"","background-repeat":"repeat","background-position":"center center","background-size":"auto","background-attachment":"scroll","background-type":"","background-media":"","overlay-type":"","overlay-color":"","overlay-opacity":"","overlay-gradient":""},"mobile":{"background-color":"","background-image":"","background-repeat":"repeat","background-position":"center center","background-size":"auto","background-attachment":"scroll","background-type":"","background-media":"","overlay-type":"","overlay-color":"","overlay-opacity":"","overlay-gradient":""}},"ast-content-background-meta":{"desktop":{"background-color":"var(--ast-global-color-5)","background-image":"","background-repeat":"repeat","background-position":"center center","background-size":"auto","background-attachment":"scroll","background-type":"","background-media":"","overlay-type":"","overlay-color":"","overlay-opacity":"","overlay-gradient":""},"tablet":{"background-color":"var(--ast-global-color-5)","background-image":"","background-repeat":"repeat","background-position":"center center","background-size":"auto","background-attachment":"scroll","background-type":"","background-media":"","overlay-type":"","overlay-color":"","overlay-opacity":"","overlay-gradient":""},"mobile":{"background-color":"var(--ast-global-color-5)","background-image":"","background-repeat":"repeat","background-position":"center center","background-size":"auto","background-attachment":"scroll","background-type":"","background-media":"","overlay-type":"","overlay-color":"","overlay-opacity":"","overlay-gradient":""}}},"product_brand":[],"product_cat":[1701,1699,1737],"product_tag":[731,1353,1534],"class_list":{"0":"post-16013","1":"product","2":"type-product","3":"status-publish","4":"has-post-thumbnail","6":"product_cat-eeterlike-olide-segud","7":"product_cat-eeterlikud-olid","8":"product_cat-magamiseks","9":"product_tag-15ml-et","10":"product_tag-air-et","11":"product_tag-eeterliku-oli-segu","12":"desktop-align-left","13":"tablet-align-left","14":"mobile-align-left","16":"first","17":"instock","18":"featured","19":"taxable","20":"shipping-taxable","21":"purchasable","22":"product-type-simple"},"_links":{"self":[{"href":"https:\/\/mamaterra.lt\/et\/wp-json\/wp\/v2\/product\/16013","targetHints":{"allow":["GET"]}}],"collection":[{"href":"https:\/\/mamaterra.lt\/et\/wp-json\/wp\/v2\/product"}],"about":[{"href":"https:\/\/mamaterra.lt\/et\/wp-json\/wp\/v2\/types\/product"}],"wp:featuredmedia":[{"embeddable":true,"href":"https:\/\/mamaterra.lt\/et\/wp-json\/wp\/v2\/media\/13061"}],"wp:attachment":[{"href":"https:\/\/mamaterra.lt\/et\/wp-json\/wp\/v2\/media?parent=16013"}],"wp:term":[{"taxonomy":"product_brand","embeddable":true,"href":"https:\/\/mamaterra.lt\/et\/wp-json\/wp\/v2\/product_brand?post=16013"},{"taxonomy":"product_cat","embeddable":true,"href":"https:\/\/mamaterra.lt\/et\/wp-json\/wp\/v2\/product_cat?post=16013"},{"taxonomy":"product_tag","embeddable":true,"href":"https:\/\/mamaterra.lt\/et\/wp-json\/wp\/v2\/product_tag?post=16013"}],"curies":[{"name":"wp","href":"https:\/\/api.w.org\/{rel}","templated":true}]}}