{"id":16003,"date":"2021-11-02T12:11:12","date_gmt":"2021-11-02T11:11:12","guid":{"rendered":"https:\/\/mamaterra.lt\/parduotuve\/maaratlemata\/doterra-dawn-aroominiisutaja-niisutaja\/"},"modified":"2021-11-02T12:11:12","modified_gmt":"2021-11-02T11:11:12","slug":"doterra-koit-aroominiisutaja","status":"publish","type":"product","link":"https:\/\/mamaterra.lt\/et\/parduotuve\/hajutid\/doterra-koit-aroominiisutaja\/","title":{"rendered":"doTERRA Dawn aroominiisutaja (niisutaja)"},"content":{"rendered":"<p><strong>doTERRA Dawn aroominiisutaja (niisutaja)<\/strong><\/p>\n<p>Kohtuge oma uue s\u00f5braga enne magamaminekut &#8211; Dawn aroominiisutajaga. Kui olete kunagi tahtnud \u00fchendada hajuti t\u00e4iusliku aroomi niisutaja mugavate seadistustega, saate seda n\u00fc\u00fcd teha!<\/p>\n<p>&nbsp;<\/p>\n<p><strong>doTERRA Dawn Aroma niisutaja (niisutaja) Kirjeldus:<\/strong><\/p>\n<p>Kuna eeterlikud \u00f5lid on nii v\u00f5imsad ja tugevad, ei soovita eksperdid tavaliselt tilgutatud eeterlikke \u00f5lisid tavalisse niisutajasse, kuna need on tavaliselt kokkusobimatud. Nii on doTERRA v\u00e4lja t\u00f6\u00f6tanud Dawn Aroma niisutaja, mis annab teile v\u00f5imaluse nautida oma lemmik eeterlike \u00f5lide rahustavaid aroome, s\u00e4ilitades samal ajal optimaalse niiskustaseme igas toas.<\/p>\n<p>Dawn Aroma niisutajal on nutikas unere\u017eiim, mis kohandub automaatselt kogu \u00f6\u00f6 jooksul t\u00e4iesti niiskeks, mis t\u00e4hendab, et luua hea une jaoks \u00f5ige keskkond. Hajutil on ka madal m\u00fcratase, seega sobib see eriti h\u00e4sti \u00f6\u00f6seks. Lisaks on sellel automaatne ohutu v\u00e4ljal\u00fclitamine, nii et te ei pea muretsema vee otsa saamise p\u00e4rast. \u00dclemise t\u00e4itefunktsiooni abil ei pea te \u00fchtegi katet eemaldama. Lisage lihtsalt eeterlikud \u00f5lid ja vesi.<\/p>\n<ul>\n<li>  Vee maht: 1,8 l<\/li>\n<li>  Soovitatav ruumi suurus: kuni 25 ruutmeetrit. m<\/li>\n<li>  Pidev t\u00f6\u00f6: k\u00f5rge intensiivsusega re\u017eiimis \u2013 kuni 7 tundi, keskmise intensiivsusega re\u017eiimis \u2013 kuni 12 tundi, madala intensiivsusega re\u017eiimis \u2013 kuni 22 tundi\u00b7<\/li>\n<li>  Unere\u017eiim &#8211; kohandub automaatselt optimaalse niiskustaseme s\u00e4ilitamiseks\u00b7<\/li>\n<li>  Lihtne puhastada: Lihtne puhastamiseks lahti v\u00f5tta\u00b7<\/li>\n<li>  \u00dclemine t\u00e4itmisfunktsioon: vett ja eeterlikke \u00f5lisid v\u00f5ib lisada ilma korke eemaldamata\u00b7<\/li>\n<li>  Madal m\u00fcratase\u00b7<\/li>\n<li>  Automaatne kaitsel\u00fcliti<\/li>\n<li>  2-aastane garantii.<\/li>\n<li>M\u00f5\u00f5dud: 15 x 27 cm.<\/li>\n<\/ul>\n<p><strong>doTERRA Dawn Aroma niisutaja (niisutaja) kasutamine:<\/strong><\/p>\n<ul>\n<li>Enne magamaminekut lisage hajutisse paar tilka doTERRA Serenityt\u00ae, et luua ideaalne keskkond rahulikuks uneks.\u00b7<\/li>\n<li>Voodiks valmistudes ja l\u00f5\u00f5gastudes lisa Koidu aroominiisutajale rahustavaid eeterlikke \u00f5lisid nagu lavendel, sandlipuu v\u00f5i vetiver ja aseta see \u00f6\u00f6kapile.\u00b7<\/li>\n<li>Sel ajal, kui teie lapsed loevad enne magamaminekut muinasjutte ja pesevad hambaid, aurutage Rooma kummelit, luues sellega rahuliku \u00f5hkkonna\u00b7<\/li>\n<li>Kui tunnete end halvasti, aurutage eeterlikke \u00f5lisid ja segusid, n\u00e4iteks doTERRA Breathe\u00ae v\u00f5i doTERRA On Guard\u00ae \u00f6\u00f6sel.<\/li>\n<\/ul>\n<p>&nbsp;<\/p>\n<p>Vaadake videot aroomi koidiku niisutajast.<\/p>\n<p><iframe title=\"Kuidas kasutada doTERRA Dawn aroominiisutajat\" src=\"https:\/\/www.youtube.com\/embed\/dFB_C4SSPA4\" width=\"946\" height=\"532\" frameborder=\"0\" allowfullscreen=\"allowfullscreen\"><\/iframe><\/p>\n","protected":false},"excerpt":{"rendered":"<ul>\n<li>doTERRA Dawn aroominiisutaja, mis on loodud selleks, et luua k\u00f5rgeim mugavustase igas toas<\/li>\n<li>Mugavad niisutaja seaded<\/li>\n<li>Nutikas unere\u017eiim s\u00e4ilitab ideaalse niiskustaseme kogu \u00f6\u00f6 jooksul ja aitab luua ideaalse keskkonna hea une jaoks<\/li>\n<\/ul>\n","protected":false},"featured_media":13043,"template":"","meta":{"site-sidebar-layout":"default","site-content-layout":"default","ast-site-content-layout":"default","site-content-style":"default","site-sidebar-style":"default","ast-global-header-display":"","ast-banner-title-visibility":"","ast-main-header-display":"","ast-hfb-above-header-display":"","ast-hfb-below-header-display":"","ast-hfb-mobile-header-display":"","site-post-title":"","ast-breadcrumbs-content":"","ast-featured-img":"","footer-sml-layout":"","ast-disable-related-posts":"","theme-transparent-header-meta":"default","adv-header-id-meta":"","stick-header-meta":"","header-above-stick-meta":"","header-main-stick-meta":"","header-below-stick-meta":"","astra-migrate-meta-layouts":"default","ast-page-background-enabled":"default","ast-page-background-meta":{"desktop":{"background-color":"","background-image":"","background-repeat":"repeat","background-position":"center center","background-size":"auto","background-attachment":"scroll","background-type":"","background-media":"","overlay-type":"","overlay-color":"","overlay-opacity":"","overlay-gradient":""},"tablet":{"background-color":"","background-image":"","background-repeat":"repeat","background-position":"center center","background-size":"auto","background-attachment":"scroll","background-type":"","background-media":"","overlay-type":"","overlay-color":"","overlay-opacity":"","overlay-gradient":""},"mobile":{"background-color":"","background-image":"","background-repeat":"repeat","background-position":"center center","background-size":"auto","background-attachment":"scroll","background-type":"","background-media":"","overlay-type":"","overlay-color":"","overlay-opacity":"","overlay-gradient":""}},"ast-content-background-meta":{"desktop":{"background-color":"var(--ast-global-color-5)","background-image":"","background-repeat":"repeat","background-position":"center center","background-size":"auto","background-attachment":"scroll","background-type":"","background-media":"","overlay-type":"","overlay-color":"","overlay-opacity":"","overlay-gradient":""},"tablet":{"background-color":"var(--ast-global-color-5)","background-image":"","background-repeat":"repeat","background-position":"center center","background-size":"auto","background-attachment":"scroll","background-type":"","background-media":"","overlay-type":"","overlay-color":"","overlay-opacity":"","overlay-gradient":""},"mobile":{"background-color":"var(--ast-global-color-5)","background-image":"","background-repeat":"repeat","background-position":"center center","background-size":"auto","background-attachment":"scroll","background-type":"","background-media":"","overlay-type":"","overlay-color":"","overlay-opacity":"","overlay-gradient":""}}},"product_brand":[],"product_cat":[1687],"product_tag":[1260,1526,1626],"class_list":{"0":"post-16003","1":"product","2":"type-product","3":"status-publish","4":"has-post-thumbnail","6":"product_cat-hajutid","7":"product_tag-dawn-aroma-et","8":"product_tag-hajuti","9":"product_tag-niisutaja","10":"desktop-align-left","11":"tablet-align-left","12":"mobile-align-left","14":"first","15":"outofstock","16":"taxable","17":"shipping-taxable","18":"purchasable","19":"product-type-simple"},"_links":{"self":[{"href":"https:\/\/mamaterra.lt\/et\/wp-json\/wp\/v2\/product\/16003","targetHints":{"allow":["GET"]}}],"collection":[{"href":"https:\/\/mamaterra.lt\/et\/wp-json\/wp\/v2\/product"}],"about":[{"href":"https:\/\/mamaterra.lt\/et\/wp-json\/wp\/v2\/types\/product"}],"wp:featuredmedia":[{"embeddable":true,"href":"https:\/\/mamaterra.lt\/et\/wp-json\/wp\/v2\/media\/13043"}],"wp:attachment":[{"href":"https:\/\/mamaterra.lt\/et\/wp-json\/wp\/v2\/media?parent=16003"}],"wp:term":[{"taxonomy":"product_brand","embeddable":true,"href":"https:\/\/mamaterra.lt\/et\/wp-json\/wp\/v2\/product_brand?post=16003"},{"taxonomy":"product_cat","embeddable":true,"href":"https:\/\/mamaterra.lt\/et\/wp-json\/wp\/v2\/product_cat?post=16003"},{"taxonomy":"product_tag","embeddable":true,"href":"https:\/\/mamaterra.lt\/et\/wp-json\/wp\/v2\/product_tag?post=16003"}],"curies":[{"name":"wp","href":"https:\/\/api.w.org\/{rel}","templated":true}]}}