{"id":15998,"date":"2022-03-06T21:31:10","date_gmt":"2022-03-06T20:31:10","guid":{"rendered":"https:\/\/mamaterra.lt\/parduotuve\/maaratlemata\/puha-basiilik-tulsi-puha-basiilik-ocimum-sanctum-puhas-doterra-eeterlik-oli-5ml\/"},"modified":"2022-03-06T21:31:10","modified_gmt":"2022-03-06T20:31:10","slug":"tulsi-puha-basiilik-ocimum-sanctum-pure-doterra-eeterlik-oli-5ml","status":"publish","type":"product","link":"https:\/\/mamaterra.lt\/et\/parduotuve\/eeterlikud-olid\/puhtad-eeterlikud-olid\/tulsi-puha-basiilik-ocimum-sanctum-pure-doterra-eeterlik-oli-5ml\/","title":{"rendered":"P\u00fcha basiilik (TULSI P\u00dcHA BASIILIK &#8211; Ocimum Sanctum) Puhas doterra eeterlik \u00f5li 5ml"},"content":{"rendered":"<p><strong>P\u00fcha basiilik (TULSI P\u00dcHA BASIILIK) Puhas doTERRA eeterlik \u00f5li<\/strong><\/p>\n<p>Ocimum Sanctum | 5 ml<\/p>\n<p>&nbsp;<\/p>\n<p><strong>Saint Basil&#8217;s Pure doTERRA eeterliku \u00f5li kirjeldus:<\/strong><\/p>\n<p>Tulsi (p\u00fcha basiilik) kasutati k\u00f5igis hindu kultuurides heaolu ja vaimse valgustatuse edendamiseks. Seda kasutatakse traditsiooniliselt kogu maailmas rituaalide ja kaitse osana paljudes kultuurides. Erinevalt n\u00f5bu magusast basiilikust on Tulsil rikkalik, v\u00fcrtsikas aroom, mis meenutab v\u00e4rskelt hakitud basiilikut. Selle m\u00f5ju soojendab, helendab ja t\u00f5stab meeleolu.<\/p>\n<p>Algselt Kagu-Aasiast p\u00e4rit v\u00e4ike roheline p\u00f5\u00f5sas, millel on lavendli varjundi lilled, on osa piparm\u00fcndi perekonnast. Sellel on India tervishoiupraktikas ajalugu paljude probleemide loomuliku lahendusena. Tulsi (p\u00fcha basiilik), mis t\u00e4hendab &#8220;\u00fcletamatut&#8221;, peetakse &#8220;maitsetaimede kuningannaks&#8221;. Eksperimentaalsed uuringud n\u00e4itavad, et eugenool ja beeta-kar\u00fcof\u00fclleen, mis on Tulsi komponendid, aitavad kaasa selle puhastavatele omadustele ja kasulikkusele nahale. CPTG\u00ae Tulsi meenutab traditsioonilise basiiliku\u00f5li ja nelgi\u00f5li segu. V\u00e4rskelt viilutatud basiilikut meenutav soe magus aroom loob atraktiivse atmosf\u00e4\u00e4ri. Seda kasutatakse traditsiooniliselt kogu maailmas rituaalide ja kaitse osana paljudes kultuurides. Kandke nahale, et v\u00e4limus oleks puhas ja terve.<\/p>\n<p><strong>Saint Basil&#8217;s Pure doTERRA eeterliku \u00f5li kasutamine:<\/strong><\/p>\n<ul>\n<li>Aur difuusoriga rahustava atmosf\u00e4\u00e4ri jaoks.<\/li>\n<li>Lisage \u00fcks tilk veele ja kuristage.<\/li>\n<li>Lisage \u00fcks tilk kreemile osana oma nahahooldusrutiinist.<\/li>\n<li>Tilgutage \u00fcks tilk peopesasse, h\u00f5\u00f5ruge k\u00e4si ja hingake peopesadest sisse.<\/li>\n<li>Lahjendage kandja\u00f5liga ja kandke nahale.<\/li>\n<\/ul>\n<p><strong>P\u00fcha Basiilik Pure doTERRA eeterlik \u00f5li Populaarsed kasutusalad:<\/strong><\/p>\n<ul>\n<li>Kui tunnete lihastes ebamugavust &#8211; lahjendage Tulsi baas\u00f5liga ja kandke probleemsetele piirkondadele kaks korda p\u00e4evas.<\/li>\n<li>Kui soolestikus on ebameeldiv tunne &#8211; masseerige k\u00f5htu 1-2 tilga Tulsi ja baas\u00f5liga p\u00e4rip\u00e4eva.<\/li>\n<li>Kui te ei kontrolli emotsioone &#8211; h\u00f5\u00f5ruge 1-2 tilka l\u00f5ikehammastesse ning kaela ja \u00f5la piirkonda.<\/li>\n<li>Kui tunnete peas pinget &#8211; kandke 1-2 tilka l\u00f5ikehammastele ja otsmikule, juuksepiirile ja kolju alusele, siis veelgi enam paranevad aistingud, lisades tilga Frankincense&#8217;i \u00f5li.<\/li>\n<li>Hingamisraskused &#8211; m\u00e4\u00e4rige rindkere, lahjendage baas\u00f5liga, kasutage 1\u20134 tilka Tulsi, aurutage hajutiga, hingake peopesadest sisse.<\/li>\n<li>Kui te ei maga \u00f6\u00f6sel &#8211; kandke enne magamaminekut taldadele, l\u00f5ikehammastele 1-2 tilka, aurutage hajutiga.<\/li>\n<\/ul>\n<p>Vaata videot ja tutvu l\u00e4hemalt doTERRA P\u00fcha Basiiliku erilise eeterliku \u00f5liga.<\/p>\n<p><iframe title=\"YouTube'i videopleier\" src=\"https:\/\/www.youtube-nocookie.com\/embed\/n893zbJFl70\" width=\"560\" height=\"315\" frameborder=\"0\" allowfullscreen=\"allowfullscreen\"><\/iframe><\/p>\n","protected":false},"excerpt":{"rendered":"<ul>\n<li>Tulsi (p\u00fcha basiilik) kasutati k\u00f5igis hindu kultuurides heaolu ja vaimse valgustatuse edendamiseks.<\/li>\n<li>P\u00fcha basiiliku eeterlikku \u00f5li kasutatakse traditsiooniliselt kogu maailmas rituaalide ja kaitse osana paljudes kultuurides.<\/li>\n<li>doTERRA Tulsi eeterlik \u00f5li soojendab, helendab ja t\u00f5stab tuju.<\/li>\n<\/ul>\n","protected":false},"featured_media":13385,"template":"","meta":{"site-sidebar-layout":"default","site-content-layout":"default","ast-site-content-layout":"default","site-content-style":"default","site-sidebar-style":"default","ast-global-header-display":"","ast-banner-title-visibility":"","ast-main-header-display":"","ast-hfb-above-header-display":"","ast-hfb-below-header-display":"","ast-hfb-mobile-header-display":"","site-post-title":"","ast-breadcrumbs-content":"","ast-featured-img":"","footer-sml-layout":"","ast-disable-related-posts":"","theme-transparent-header-meta":"default","adv-header-id-meta":"","stick-header-meta":"","header-above-stick-meta":"","header-main-stick-meta":"","header-below-stick-meta":"","astra-migrate-meta-layouts":"default","ast-page-background-enabled":"default","ast-page-background-meta":{"desktop":{"background-color":"","background-image":"","background-repeat":"repeat","background-position":"center center","background-size":"auto","background-attachment":"scroll","background-type":"","background-media":"","overlay-type":"","overlay-color":"","overlay-opacity":"","overlay-gradient":""},"tablet":{"background-color":"","background-image":"","background-repeat":"repeat","background-position":"center center","background-size":"auto","background-attachment":"scroll","background-type":"","background-media":"","overlay-type":"","overlay-color":"","overlay-opacity":"","overlay-gradient":""},"mobile":{"background-color":"","background-image":"","background-repeat":"repeat","background-position":"center center","background-size":"auto","background-attachment":"scroll","background-type":"","background-media":"","overlay-type":"","overlay-color":"","overlay-opacity":"","overlay-gradient":""}},"ast-content-background-meta":{"desktop":{"background-color":"var(--ast-global-color-5)","background-image":"","background-repeat":"repeat","background-position":"center center","background-size":"auto","background-attachment":"scroll","background-type":"","background-media":"","overlay-type":"","overlay-color":"","overlay-opacity":"","overlay-gradient":""},"tablet":{"background-color":"var(--ast-global-color-5)","background-image":"","background-repeat":"repeat","background-position":"center center","background-size":"auto","background-attachment":"scroll","background-type":"","background-media":"","overlay-type":"","overlay-color":"","overlay-opacity":"","overlay-gradient":""},"mobile":{"background-color":"var(--ast-global-color-5)","background-image":"","background-repeat":"repeat","background-position":"center center","background-size":"auto","background-attachment":"scroll","background-type":"","background-media":"","overlay-type":"","overlay-color":"","overlay-opacity":"","overlay-gradient":""}}},"product_brand":[],"product_cat":[1699,1737,1705],"product_tag":[715,1532,936],"class_list":{"0":"post-15998","1":"product","2":"type-product","3":"status-publish","4":"has-post-thumbnail","6":"product_cat-eeterlikud-olid","7":"product_cat-magamiseks","8":"product_cat-puhtad-eeterlikud-olid","9":"product_tag-5ml-et-2","10":"product_tag-eeterlikud-olid","11":"product_tag-tulsi-holy-basil-et","12":"desktop-align-left","13":"tablet-align-left","14":"mobile-align-left","16":"first","17":"instock","18":"sale","19":"taxable","20":"shipping-taxable","21":"purchasable","22":"product-type-simple"},"_links":{"self":[{"href":"https:\/\/mamaterra.lt\/et\/wp-json\/wp\/v2\/product\/15998","targetHints":{"allow":["GET"]}}],"collection":[{"href":"https:\/\/mamaterra.lt\/et\/wp-json\/wp\/v2\/product"}],"about":[{"href":"https:\/\/mamaterra.lt\/et\/wp-json\/wp\/v2\/types\/product"}],"wp:featuredmedia":[{"embeddable":true,"href":"https:\/\/mamaterra.lt\/et\/wp-json\/wp\/v2\/media\/13385"}],"wp:attachment":[{"href":"https:\/\/mamaterra.lt\/et\/wp-json\/wp\/v2\/media?parent=15998"}],"wp:term":[{"taxonomy":"product_brand","embeddable":true,"href":"https:\/\/mamaterra.lt\/et\/wp-json\/wp\/v2\/product_brand?post=15998"},{"taxonomy":"product_cat","embeddable":true,"href":"https:\/\/mamaterra.lt\/et\/wp-json\/wp\/v2\/product_cat?post=15998"},{"taxonomy":"product_tag","embeddable":true,"href":"https:\/\/mamaterra.lt\/et\/wp-json\/wp\/v2\/product_tag?post=15998"}],"curies":[{"name":"wp","href":"https:\/\/api.w.org\/{rel}","templated":true}]}}