{"id":15994,"date":"2022-04-27T12:58:19","date_gmt":"2022-04-27T11:58:19","guid":{"rendered":"https:\/\/mamaterra.lt\/parduotuve\/maaratlemata\/doterra-ingveri-ja-sidrunipastilleed-paremaks-seedimiseks-doterra-ingveritilgad-120g\/"},"modified":"2022-04-27T12:58:19","modified_gmt":"2022-04-27T11:58:19","slug":"doterra-ingver-ja-sidrunitilgad-pastillid-paremaks-seedimiseks-doterra-ingveri-tilgad-120g","status":"publish","type":"product","link":"https:\/\/mamaterra.lt\/et\/parduotuve\/eeterlikud-olid\/eeterlike-olide-segud\/doterra-ingver-ja-sidrunitilgad-pastillid-paremaks-seedimiseks-doterra-ingveri-tilgad-120g\/","title":{"rendered":"doTERRA ingveri- ja sidrunipastilleed paremaks seedimiseks (doTERRA ingveritilgad) 120g"},"content":{"rendered":"<p><strong>doTERRA ingveri- ja sidrunipastilleed paremaks seedimiseks (doTERRA ingveritilgad) 120g<\/strong><\/p>\n<ul>\n<li>Ingveri ja sidruni magus, v\u00fcrtsikas maitse aitab v\u00e4hendada liikumisega seotud iiveldust<\/li>\n<li>Toetab tervislikku seedimist<\/li>\n<li>Aitab leevendada juhuslikke maovaevusi<\/li>\n<li>Need pastillid, mis on valmistatud orgaanilise roomahla ja pruuni riisisiirupi baasil, millele on lisatud CPTG-sertifikaadiga, t\u00f5estatud doTERRA eeterlikud \u00f5lid, ei sisalda iseenesest kunstlikke v\u00e4rvaineid ega maitseaineid.<\/li>\n<li>Seda on lihtne k\u00e4ep\u00e4rast hoida reisimise ajal v\u00f5i siis, kui seda k\u00f5ige rohkem vajate &#8211; kui tunnete ebamugavustunnet k\u00f5hus, kui j\u00e4\u00e4te s\u00f5idu ajal kinni.<\/li>\n<\/ul>\n<p><strong>doTERRA ingveri ja sidruni pastillid paremaks seedimiseks (doTERRA GingerDrops) Kirjeldus:<\/strong><\/p>\n<p>Ingveritaime on juba ammu kasutatud traditsioonilises heaolupraktikas ja selle rahustavaid omadusi usaldatakse t\u00e4naseni. DoTERRA Ginger Drops ingveri eeterliku \u00f5li CPTG\u00ae eeliseid v\u00f5ib tunda looduslikes pastillides. Ingveri magus ja v\u00fcrtsikas maitse segatakse sidruni eeterliku \u00f5li pritsimisega, et suurendada pastillide eeliseid ja maitset. M\u00f5nikord tunnevad liikumisega seotud iiveldust, ingveritilga omadused aitavad leevendada ebameeldivaid aistinguid ja rahustada k\u00f5htu. Ingveri sisemised eelised soodustavad ka tervislikku seedimist ja aitavad leevendada aeg-ajalt esinevaid maovaevusi.<\/p>\n<p><strong>doTERRA ingveri ja sidruni pastillid paremaks seedimiseks (doTERRA GingerDrops) Kasutusjuhend:<\/strong><\/p>\n<ul>\n<li>Haarake pastill vastavalt vajadusele, see on v\u00f5imalik iga paari tunni tagant.<\/li>\n<\/ul>\n<p><strong>doTERRA ingveri- ja sidrunipastilleed paremaks seedimiseks (doTERRA ingveritilgad) Koosneb:<\/strong><\/p>\n<p>Pakendis 30 t\u00fckki pastillid.<\/p>\n","protected":false},"excerpt":{"rendered":"<ul>\n<li dir=\"auto\">Kasutage pastillid, kui tunnete ebamugavustunnet maos, kui tunnete s\u00f5idu ajal iiveldust<\/li>\n<li dir=\"auto\">Ka koostises tugevdavad ingveri ja sidruni eeterlikud \u00f5lid immuunsust ja toetavad tervislikku seedimist<\/li>\n<li dir=\"auto\">Pakis 30 t\u00fckki pastillid<\/li>\n<\/ul>\n","protected":false},"featured_media":13412,"template":"","meta":{"site-sidebar-layout":"default","site-content-layout":"default","ast-site-content-layout":"default","site-content-style":"default","site-sidebar-style":"default","ast-global-header-display":"","ast-banner-title-visibility":"","ast-main-header-display":"","ast-hfb-above-header-display":"","ast-hfb-below-header-display":"","ast-hfb-mobile-header-display":"","site-post-title":"","ast-breadcrumbs-content":"","ast-featured-img":"","footer-sml-layout":"","ast-disable-related-posts":"","theme-transparent-header-meta":"default","adv-header-id-meta":"","stick-header-meta":"","header-above-stick-meta":"","header-main-stick-meta":"","header-below-stick-meta":"","astra-migrate-meta-layouts":"default","ast-page-background-enabled":"default","ast-page-background-meta":{"desktop":{"background-color":"","background-image":"","background-repeat":"repeat","background-position":"center center","background-size":"auto","background-attachment":"scroll","background-type":"","background-media":"","overlay-type":"","overlay-color":"","overlay-opacity":"","overlay-gradient":""},"tablet":{"background-color":"","background-image":"","background-repeat":"repeat","background-position":"center center","background-size":"auto","background-attachment":"scroll","background-type":"","background-media":"","overlay-type":"","overlay-color":"","overlay-opacity":"","overlay-gradient":""},"mobile":{"background-color":"","background-image":"","background-repeat":"repeat","background-position":"center center","background-size":"auto","background-attachment":"scroll","background-type":"","background-media":"","overlay-type":"","overlay-color":"","overlay-opacity":"","overlay-gradient":""}},"ast-content-background-meta":{"desktop":{"background-color":"var(--ast-global-color-5)","background-image":"","background-repeat":"repeat","background-position":"center center","background-size":"auto","background-attachment":"scroll","background-type":"","background-media":"","overlay-type":"","overlay-color":"","overlay-opacity":"","overlay-gradient":""},"tablet":{"background-color":"var(--ast-global-color-5)","background-image":"","background-repeat":"repeat","background-position":"center center","background-size":"auto","background-attachment":"scroll","background-type":"","background-media":"","overlay-type":"","overlay-color":"","overlay-opacity":"","overlay-gradient":""},"mobile":{"background-color":"var(--ast-global-color-5)","background-image":"","background-repeat":"repeat","background-position":"center center","background-size":"auto","background-attachment":"scroll","background-type":"","background-media":"","overlay-type":"","overlay-color":"","overlay-opacity":"","overlay-gradient":""}}},"product_brand":[],"product_cat":[1701,1699,1759],"product_tag":[1660,1649],"class_list":{"0":"post-15994","1":"product","2":"type-product","3":"status-publish","4":"has-post-thumbnail","6":"product_cat-eeterlike-olide-segud","7":"product_cat-eeterlikud-olid","8":"product_cat-seedimine","9":"product_tag-kommid","10":"product_tag-pastillid","11":"desktop-align-left","12":"tablet-align-left","13":"mobile-align-left","15":"first","16":"instock","17":"taxable","18":"shipping-taxable","19":"purchasable","20":"product-type-simple"},"_links":{"self":[{"href":"https:\/\/mamaterra.lt\/et\/wp-json\/wp\/v2\/product\/15994","targetHints":{"allow":["GET"]}}],"collection":[{"href":"https:\/\/mamaterra.lt\/et\/wp-json\/wp\/v2\/product"}],"about":[{"href":"https:\/\/mamaterra.lt\/et\/wp-json\/wp\/v2\/types\/product"}],"wp:featuredmedia":[{"embeddable":true,"href":"https:\/\/mamaterra.lt\/et\/wp-json\/wp\/v2\/media\/13412"}],"wp:attachment":[{"href":"https:\/\/mamaterra.lt\/et\/wp-json\/wp\/v2\/media?parent=15994"}],"wp:term":[{"taxonomy":"product_brand","embeddable":true,"href":"https:\/\/mamaterra.lt\/et\/wp-json\/wp\/v2\/product_brand?post=15994"},{"taxonomy":"product_cat","embeddable":true,"href":"https:\/\/mamaterra.lt\/et\/wp-json\/wp\/v2\/product_cat?post=15994"},{"taxonomy":"product_tag","embeddable":true,"href":"https:\/\/mamaterra.lt\/et\/wp-json\/wp\/v2\/product_tag?post=15994"}],"curies":[{"name":"wp","href":"https:\/\/api.w.org\/{rel}","templated":true}]}}