{"id":15992,"date":"2022-04-01T19:19:42","date_gmt":"2022-04-01T18:19:42","guid":{"rendered":"https:\/\/mamaterra.lt\/parduotuve\/maaratlemata\/komplekt-doterra-koos-12-erineva-doterra-eeterliku-oli-ja-doterra-laluz-hajutiga\/"},"modified":"2022-04-01T19:19:42","modified_gmt":"2022-04-01T18:19:42","slug":"doterra-koos-komplekt-koos-12-erinev-doterra-eeterlik-oli-ja-doterra-laluz-hajuti","status":"publish","type":"product","link":"https:\/\/mamaterra.lt\/et\/parduotuve\/eeterlikud-olid\/komplektid-ja-kollektsioonid\/doterra-koos-komplekt-koos-12-erinev-doterra-eeterlik-oli-ja-doterra-laluz-hajuti\/","title":{"rendered":"Komplekt doTERRA koos 12 erineva doTERRA eeterliku \u00f5li ja doTERRA Laluz hajutiga"},"content":{"rendered":"<p><strong>Komplekt doTERRA koos doTERRA Laluz hajutiga<\/strong><\/p>\n<p>&nbsp;<\/p>\n<p><strong>Rinkinys doTERRA koos komplekt<\/strong><br \/>\ndoTERRA koos Komplekt on loodud selleks, et aidata inimestel looduse j\u00f5udu kasutades \u00fchineda. Jagage emakese looduse eeterlike \u00f5lide imelisi kingitusi, mis aitavad luua paremat atmosf\u00e4\u00e4ri. Sellest komplektist leiate k\u00f5ik, mida vajate, et muuta mis tahes professionaalne, avalik v\u00f5i avalik ruum aromaatseks oaasiks. V\u00f5ite saada ka \u00fcheks esimeseks, kes proovib ainult selles komplektis sisalduvat uut doterra Laluz\u2122 Difuusorit.<\/p>\n<p>Looge ja levitage oma valitud atmosf\u00e4\u00e4ri, kasutades doTERRA koos komplekti.<\/p>\n<p><strong>Komplekt doTERRA koos komplekt koosneb:<\/strong><\/p>\n<ol>\n<li>12 Erinevad doTERRA eeterlike \u00f5lide ja eeterlike \u00f5lide segud.<\/li>\n<li>Komplekti kuulub doTERRA Laluz hajuti.<\/li>\n<li>doTERRA Essentialsi raamat.<\/li>\n<li>Komplektist leiate graveeritud doTERRA logoga puidust kasti \u00f5lide paigaldamiseks. H\u00e4mmastavast korduvkasutatavast karbist leiate pakutavate segude jaoks lihtsad kaardid, millel on huvitavad \u00f5likombinatsioonid, mis inspireerivad teid ja teid \u00fcmbritsevaid inimesi.<\/li>\n<\/ol>\n<p><strong>doTERRA Together Kit Koosneb j\u00e4rgmistest 15ml eeterlikest \u00f5lidest:<\/strong><\/p>\n<ul>\n<li>Lavendel<\/li>\n<li>Piparm\u00fcnti<\/li>\n<li>Sidrun<\/li>\n<li>Valvel\u2122<\/li>\n<li>Eukal\u00fcpt<\/li>\n<li>Sidrun (SIDRUNHEIN)<\/li>\n<li>Metsik apelsin<\/li>\n<li>Roheline mandariin<\/li>\n<li>Tsitruselised \u00f5ndsad\u2122<\/li>\n<li>doTERRA Adaptiv\u2122<\/li>\n<li>doTERRA tasakaal\u2122<\/li>\n<\/ul>\n<p><strong>doTERRA Together Kit Koosneb sellest eeterlikust \u00f5list 5ml:<\/strong><\/p>\n<ul>\n<li>doTERRA motiveerida\u2122<\/li>\n<\/ul>\n<p>&nbsp;<\/p>\n<p><strong>doTERRA Laluz hajuti  <\/strong><\/p>\n<p>See skulpturaalse kujuga hajuti kiirgab ultraheli vibratsioone, mis muudavad vee ja eeterlikud \u00f5lid aromaatseks uduks. Hajuti t\u00f6\u00f6tab kuni kaheksa tundi, nii et saate oma lemmik eeterlikke \u00f5lisid levitada kogu p\u00e4eva v\u00f5i \u00f6\u00f6 jooksul ning sellel on ka kolm \u00fcmbritseva valguse seadet, mis sobivad teie meeleoluga.<\/p>\n<p>Lisaks t\u00e4iendab see t\u00e4nu oma elegantsele ja kaasaegsele disainile kindlasti teie kodu iga ruumi esteetikat.<\/p>\n<ul>\n<li>L\u00fclitage see elutoas sisse ja levitage tsitruselisi Bliss\u00ae kutsuvat, energiat andvat l\u00f5hna.<\/li>\n<li>Kasutage vannitoas koos doTERRA On Guardiga\u00ae, et muuta \u00f5hk v\u00e4rskemaks ja puhtamaks.<\/li>\n<li>Asetage see \u00f6\u00f6kapile ja levitage enne magamaminekut rahulikkuse v\u00f5i lavendli ja seedripuu l\u00f5hna, et puhata ja rahuneda.<\/li>\n<\/ul>\n<p><strong>doTERRA Laluz hajuti spetsifikatsioonid ja funktsioonid:<\/strong><\/p>\n<ul>\n<li><strong>Vee maht:<\/strong> 120 ml \/ 4,06 vedeliku untsi<\/li>\n<li><strong>Pakutud ruumi suurus:<\/strong> 30 ruutmeetrit. m.<\/li>\n<li><strong>Pidev t\u00f6\u00f6:<\/strong> K\u00f5rge suitsu j\u00f5udlus &#8211; kuni 4 tundi, madal udu j\u00f5udlus &#8211; kuni 8 tundi<\/li>\n<li><strong>Taimer:<\/strong> 1 tund. \/ 2 tundi. \/ 4 tundi<\/li>\n<li>Tume ja s\u00e4rav soe ja lavendli valgustus<\/li>\n<li>Automaatne kaitsel\u00fcliti<\/li>\n<li><strong>Tarvikud:<\/strong> AC 100-240V seinapistik ja kasutusjuhend<\/li>\n<li><strong>V\u00f5imsus:<\/strong> DC24V 0.5A<\/li>\n<li><strong>Aine:<\/strong> Materjal: Klaasist pealmine kate + pol\u00fcprop\u00fcleen<\/li>\n<\/ul>\n<p>Vaadake videot doTERRA Laluz hajutist.<\/p>\n<p><iframe title=\"YouTube'i videopleier\" src=\"https:\/\/www.youtube-nocookie.com\/embed\/p64600tKCwg\" width=\"560\" height=\"315\" frameborder=\"0\" allowfullscreen=\"allowfullscreen\" data-mce-fragment=\"1\"><\/iframe><\/p>\n<p>&nbsp;<\/p>\n<p>Loe doTERRA Laluz Difuusori <strong><br \/>\n kohta l\u00e4hemalt <a href=\"https:\/\/mamaterra.lt\/laluz-difuzorius-su-citrus-bliss-misiniu\/\" target=\"_blank\" rel=\"noopener\">siit<\/a><br \/>\n  <\/strong>.<\/p>\n","protected":false},"excerpt":{"rendered":"<div dir=\"auto\">\n<ul>\n<li>12 erinevat doTERRA eeterlikku \u00f5li ja eeterlike \u00f5lide segusid<\/li>\n<li>Sisaldab doTERRA Laluz hajutit<\/li>\n<li>doTERRA Essentialsi raamat<\/li>\n<li>Komplektist leiad graveeritud doTERRA logoga puidust karbi \u00f5lide paigaldamiseks<\/li>\n<\/ul>\n<\/div>\n","protected":false},"featured_media":13403,"template":"","meta":{"site-sidebar-layout":"default","site-content-layout":"default","ast-site-content-layout":"default","site-content-style":"default","site-sidebar-style":"default","ast-global-header-display":"","ast-banner-title-visibility":"","ast-main-header-display":"","ast-hfb-above-header-display":"","ast-hfb-below-header-display":"","ast-hfb-mobile-header-display":"","site-post-title":"","ast-breadcrumbs-content":"","ast-featured-img":"","footer-sml-layout":"","ast-disable-related-posts":"","theme-transparent-header-meta":"default","adv-header-id-meta":"","stick-header-meta":"","header-above-stick-meta":"","header-main-stick-meta":"","header-below-stick-meta":"","astra-migrate-meta-layouts":"default","ast-page-background-enabled":"default","ast-page-background-meta":{"desktop":{"background-color":"","background-image":"","background-repeat":"repeat","background-position":"center center","background-size":"auto","background-attachment":"scroll","background-type":"","background-media":"","overlay-type":"","overlay-color":"","overlay-opacity":"","overlay-gradient":""},"tablet":{"background-color":"","background-image":"","background-repeat":"repeat","background-position":"center center","background-size":"auto","background-attachment":"scroll","background-type":"","background-media":"","overlay-type":"","overlay-color":"","overlay-opacity":"","overlay-gradient":""},"mobile":{"background-color":"","background-image":"","background-repeat":"repeat","background-position":"center center","background-size":"auto","background-attachment":"scroll","background-type":"","background-media":"","overlay-type":"","overlay-color":"","overlay-opacity":"","overlay-gradient":""}},"ast-content-background-meta":{"desktop":{"background-color":"var(--ast-global-color-5)","background-image":"","background-repeat":"repeat","background-position":"center center","background-size":"auto","background-attachment":"scroll","background-type":"","background-media":"","overlay-type":"","overlay-color":"","overlay-opacity":"","overlay-gradient":""},"tablet":{"background-color":"var(--ast-global-color-5)","background-image":"","background-repeat":"repeat","background-position":"center center","background-size":"auto","background-attachment":"scroll","background-type":"","background-media":"","overlay-type":"","overlay-color":"","overlay-opacity":"","overlay-gradient":""},"mobile":{"background-color":"var(--ast-global-color-5)","background-image":"","background-repeat":"repeat","background-position":"center center","background-size":"auto","background-attachment":"scroll","background-type":"","background-media":"","overlay-type":"","overlay-color":"","overlay-opacity":"","overlay-gradient":""}}},"product_brand":[],"product_cat":[1687,1708],"product_tag":[731,715,860,1383,868,1534,1532,1510,1494,1526,1114,1468,1457,1466,1439,1028,935,885],"class_list":{"0":"post-15992","1":"product","2":"type-product","3":"status-publish","4":"has-post-thumbnail","6":"product_cat-hajutid","7":"product_cat-komplektid-ja-kollektsioonid","8":"product_tag-15ml-et","9":"product_tag-5ml-et-2","10":"product_tag-adaptiv-et","11":"product_tag-balance-et","12":"product_tag-citrusbliss-et","13":"product_tag-eeterliku-oli-segu","14":"product_tag-eeterlikud-olid","15":"product_tag-eucalyptus-et","16":"product_tag-green-mandarin-et","17":"product_tag-hajuti","18":"product_tag-laluz-et","19":"product_tag-lavender-et-2","20":"product_tag-lemon-et","21":"product_tag-lemongrass-et","22":"product_tag-on-guard-et","23":"product_tag-peppermint-et","24":"product_tag-together-et","25":"product_tag-wild-orange-et","26":"desktop-align-left","27":"tablet-align-left","28":"mobile-align-left","30":"first","31":"instock","32":"taxable","33":"shipping-taxable","34":"purchasable","35":"product-type-simple"},"_links":{"self":[{"href":"https:\/\/mamaterra.lt\/et\/wp-json\/wp\/v2\/product\/15992","targetHints":{"allow":["GET"]}}],"collection":[{"href":"https:\/\/mamaterra.lt\/et\/wp-json\/wp\/v2\/product"}],"about":[{"href":"https:\/\/mamaterra.lt\/et\/wp-json\/wp\/v2\/types\/product"}],"wp:featuredmedia":[{"embeddable":true,"href":"https:\/\/mamaterra.lt\/et\/wp-json\/wp\/v2\/media\/13403"}],"wp:attachment":[{"href":"https:\/\/mamaterra.lt\/et\/wp-json\/wp\/v2\/media?parent=15992"}],"wp:term":[{"taxonomy":"product_brand","embeddable":true,"href":"https:\/\/mamaterra.lt\/et\/wp-json\/wp\/v2\/product_brand?post=15992"},{"taxonomy":"product_cat","embeddable":true,"href":"https:\/\/mamaterra.lt\/et\/wp-json\/wp\/v2\/product_cat?post=15992"},{"taxonomy":"product_tag","embeddable":true,"href":"https:\/\/mamaterra.lt\/et\/wp-json\/wp\/v2\/product_tag?post=15992"}],"curies":[{"name":"wp","href":"https:\/\/api.w.org\/{rel}","templated":true}]}}