{"id":15990,"date":"2021-11-05T08:23:08","date_gmt":"2021-11-05T07:23:08","guid":{"rendered":"https:\/\/mamaterra.lt\/parduotuve\/maaratlemata\/doterra-nootka-eeterlik-oli-5ml-ja-kingitud-ullatus\/"},"modified":"2021-11-05T08:23:08","modified_gmt":"2021-11-05T07:23:08","slug":"doterra-nootka-eeterlik-oli-5ml-ja-annetatud-ullatus","status":"publish","type":"product","link":"https:\/\/mamaterra.lt\/et\/parduotuve\/eeterlikud-olid\/doterra-nootka-eeterlik-oli-5ml-ja-annetatud-ullatus\/","title":{"rendered":"doTERRA Nootka eeterlik \u00f5li 5ml ja kingitud \u00fcllatus"},"content":{"rendered":"<p><strong>doTERRA Nootka eeterlik \u00f5li ja kingitud \u00fcllatus<\/strong><\/p>\n<p>5ml<\/p>\n<p>Nootka eeterlik \u00f5li ja \u00fcllatus, mille kingime!<\/p>\n<p>Naudi Nootkat \u2013 Arborvitae eeterliku \u00f5li moodi puidu\u00f5li \u2013 ja meie tasuta \u00fcllatust! Kingitusi saab varieerida.<\/p>\n<p>Nootka eeterlik \u00f5li destilleeritakse Nootka majesteetlikest puudest tuja l\u00e4hedal. Need puud kasvavad Ameerika \u00dchendriikide Vaikse ookeani loodeosas. Nootka puud on tuntud kui \u00fcks tugevamaid seedriliike maailmas ja neid nimetatakse sageli kollasteks seedriteks v\u00f5i kollasteks k\u00fcpressideks. Keskkonna kaitsmiseks eraldab doTERRA Nootka eeterlikku \u00f5li puiduj\u00e4\u00e4kidest, mida puidut\u00f6\u00f6stuses ei kasutata. Vastasel juhul visatakse need puiduj\u00e4\u00e4gid \u00e4ra.<\/p>\n<p><strong>doTERRA Nootka eeterliku \u00f5li kasutusalad:<\/strong><\/p>\n<ul>\n<li><strong>Massaa\u017e:<\/strong> Lisage \u00fcks v\u00f5i kaks tilka Nootka \u00f5li 10 tilga fraktsioneeritud kookos\u00f5liga ja h\u00f5\u00f5ruge rahustava massaa\u017ei osana soovitud piirkondadesse.<\/li>\n<li><strong>Vann: <\/strong> Lisage Epsomi soolavannile kaks tilka Nootka \u00f5li, et l\u00f5\u00f5gastuda, leotades soojalt, v\u00e4rskendavas, metsasarnases aroomis.<\/li>\n<li><strong>Nahahooldus:<\/strong> lisage igap\u00e4evasele n\u00e4opuhastusvahendile \u00fcks tilk Nootka \u00f5li, et parandada puhastavaid omadusi ja anda nahale tervislik v\u00e4limus. V\u00f5ite tilgutada niisutajasse.<\/li>\n<li><strong>Pindade puhastamine:<\/strong> Lisage viis tilka Nootka \u00f5li veega pihustuspudelisse ja pihustage t\u00f5husa puhastusvahendina pindadele v\u00f5i k\u00e4tele.<\/li>\n<li><strong>Aurutatud:<\/strong> Aurutage toas kolm v\u00f5i viis tilka Nootka \u00f5li, t\u00e4ites ruumi rahuliku metsaaroomiga.<\/li>\n<\/ul>\n<p>&nbsp;<\/p>\n<p>Vaata videot ja tutvu Nootka puu ja doTERRA Nootka eeterliku \u00f5liga.<\/p>\n<p><iframe title=\"YouTube'i videopleier\" src=\"https:\/\/www.youtube-nocookie.com\/embed\/30S1k5zNBAg\" width=\"560\" height=\"315\" frameborder=\"0\" allowfullscreen=\"allowfullscreen\"><\/iframe><\/p>\n","protected":false},"excerpt":{"rendered":"<ul>\n<li>doTERRA Nootka eeterlik \u00f5li<\/li>\n<li>Naudi Nootka \u2013 Arborvitae (Thuja) eeterlikku \u00f5lilaadset puidu\u00f5li \u2013 ja meie tasuta \u00fcllatust<\/li>\n<li>Nootka eeterlik \u00f5li on destilleeritud majesteetlikest Nootka puudest tuja l\u00e4hedal<\/li>\n<\/ul>\n","protected":false},"featured_media":13019,"template":"","meta":{"site-sidebar-layout":"default","site-content-layout":"default","ast-site-content-layout":"default","site-content-style":"default","site-sidebar-style":"default","ast-global-header-display":"","ast-banner-title-visibility":"","ast-main-header-display":"","ast-hfb-above-header-display":"","ast-hfb-below-header-display":"","ast-hfb-mobile-header-display":"","site-post-title":"","ast-breadcrumbs-content":"","ast-featured-img":"","footer-sml-layout":"","ast-disable-related-posts":"","theme-transparent-header-meta":"default","adv-header-id-meta":"","stick-header-meta":"","header-above-stick-meta":"","header-main-stick-meta":"","header-below-stick-meta":"","astra-migrate-meta-layouts":"default","ast-page-background-enabled":"default","ast-page-background-meta":{"desktop":{"background-color":"","background-image":"","background-repeat":"repeat","background-position":"center center","background-size":"auto","background-attachment":"scroll","background-type":"","background-media":"","overlay-type":"","overlay-color":"","overlay-opacity":"","overlay-gradient":""},"tablet":{"background-color":"","background-image":"","background-repeat":"repeat","background-position":"center center","background-size":"auto","background-attachment":"scroll","background-type":"","background-media":"","overlay-type":"","overlay-color":"","overlay-opacity":"","overlay-gradient":""},"mobile":{"background-color":"","background-image":"","background-repeat":"repeat","background-position":"center center","background-size":"auto","background-attachment":"scroll","background-type":"","background-media":"","overlay-type":"","overlay-color":"","overlay-opacity":"","overlay-gradient":""}},"ast-content-background-meta":{"desktop":{"background-color":"var(--ast-global-color-5)","background-image":"","background-repeat":"repeat","background-position":"center center","background-size":"auto","background-attachment":"scroll","background-type":"","background-media":"","overlay-type":"","overlay-color":"","overlay-opacity":"","overlay-gradient":""},"tablet":{"background-color":"var(--ast-global-color-5)","background-image":"","background-repeat":"repeat","background-position":"center center","background-size":"auto","background-attachment":"scroll","background-type":"","background-media":"","overlay-type":"","overlay-color":"","overlay-opacity":"","overlay-gradient":""},"mobile":{"background-color":"var(--ast-global-color-5)","background-image":"","background-repeat":"repeat","background-position":"center center","background-size":"auto","background-attachment":"scroll","background-type":"","background-media":"","overlay-type":"","overlay-color":"","overlay-opacity":"","overlay-gradient":""}}},"product_brand":[],"product_cat":[1699],"product_tag":[731,1532,1048],"class_list":{"0":"post-15990","1":"product","2":"type-product","3":"status-publish","4":"has-post-thumbnail","6":"product_cat-eeterlikud-olid","7":"product_tag-15ml-et","8":"product_tag-eeterlikud-olid","9":"product_tag-nootka-et","10":"desktop-align-left","11":"tablet-align-left","12":"mobile-align-left","14":"first","15":"outofstock","16":"taxable","17":"shipping-taxable","18":"purchasable","19":"product-type-simple"},"_links":{"self":[{"href":"https:\/\/mamaterra.lt\/et\/wp-json\/wp\/v2\/product\/15990","targetHints":{"allow":["GET"]}}],"collection":[{"href":"https:\/\/mamaterra.lt\/et\/wp-json\/wp\/v2\/product"}],"about":[{"href":"https:\/\/mamaterra.lt\/et\/wp-json\/wp\/v2\/types\/product"}],"wp:featuredmedia":[{"embeddable":true,"href":"https:\/\/mamaterra.lt\/et\/wp-json\/wp\/v2\/media\/13019"}],"wp:attachment":[{"href":"https:\/\/mamaterra.lt\/et\/wp-json\/wp\/v2\/media?parent=15990"}],"wp:term":[{"taxonomy":"product_brand","embeddable":true,"href":"https:\/\/mamaterra.lt\/et\/wp-json\/wp\/v2\/product_brand?post=15990"},{"taxonomy":"product_cat","embeddable":true,"href":"https:\/\/mamaterra.lt\/et\/wp-json\/wp\/v2\/product_cat?post=15990"},{"taxonomy":"product_tag","embeddable":true,"href":"https:\/\/mamaterra.lt\/et\/wp-json\/wp\/v2\/product_tag?post=15990"}],"curies":[{"name":"wp","href":"https:\/\/api.w.org\/{rel}","templated":true}]}}