{"id":15989,"date":"2022-02-09T20:30:34","date_gmt":"2022-02-09T19:30:34","guid":{"rendered":"https:\/\/mamaterra.lt\/parduotuve\/maaratlemata\/doterra-valge-volo-hajuti\/"},"modified":"2022-02-09T20:30:34","modified_gmt":"2022-02-09T19:30:34","slug":"doterra-valge-rull-hajuti","status":"publish","type":"product","link":"https:\/\/mamaterra.lt\/et\/parduotuve\/hajutid\/doterra-valge-rull-hajuti\/","title":{"rendered":"doTERRA valge VOLO hajuti"},"content":{"rendered":"<p><strong>doTERRA valge rullhajuti  <\/strong><\/p>\n<p>M\u00f5nikord tunneme end \u00fclekoormatuna, sest kanname koormat, mis ei kuulu meile. Kas v\u00f5ib olla, et sul puudub emotsionaalne energia, sest sa v\u00f5tad vastutuse teiste eest? M\u00f5elge sellele, kui proovite avada oma s\u00fcdant s\u00fcgava ja kestva emotsionaalse uuenemise v\u00f5imalusele.<\/p>\n<p><strong>doTERRA rullhajuti<\/strong><\/p>\n<p>Ilus doTERRA Roller\u2122 ultraheli hajuti. Sellel ainulaadsel hajutil on reguleeritav auru intensiivsuse seade, millel on mitu teile sobivat ajaseadet.<\/p>\n<p>V\u00f5imas ja ainulaadselt rafineeritud Volo on suurep\u00e4rane lisand, mis t\u00e4iustab iga keskkonda CPTG\u00ae eeterlike \u00f5lide aromaatsete eelistega.<\/p>\n<p>&nbsp;<\/p>\n<p>Vaadake videot doterra rullhajuti kohta.<\/p>\n<p><iframe title=\"YouTube'i videopleier\" src=\"https:\/\/www.youtube-nocookie.com\/embed\/r8Qy24FYIkA\" width=\"560\" height=\"315\" frameborder=\"0\" allowfullscreen=\"allowfullscreen\" data-mce-fragment=\"1\"><\/iframe><\/p>\n<p>&nbsp;<\/p>\n<p><strong>doTERRA Roller hajuti toote kirjeldus:  <\/strong><\/p>\n<ul>\n<li>V\u00f5ite seadistada tegutsema tund, kolm ja kuus tundi, isegi kui eraldub k\u00f5ige tugevam aur.<\/li>\n<li>Toimib kuni 14 tundi, eraldades n\u00f5rgima auru.<\/li>\n<li>Katab kuni 28 ruutmeetrit. m. Tuba.<\/li>\n<li>Ajastustuli h\u00e4mardub automaatselt.<\/li>\n<li>Valgustusseaded valitakse: ilma valgustuseta, sooja valguse v\u00f5i ereda merevaigukollase valguseta.<\/li>\n<\/ul>\n","protected":false},"excerpt":{"rendered":"<ul>\n<li>V\u00f5ite seadistada tegutsema tund, kolm ja kuus tundi, isegi kui k\u00f5ige tugevam aur eraldub<\/li>\n<li>T\u00f6\u00f6tab kuni 14 tundi, eraldades n\u00f5rgimat auru<\/li>\n<li>Katab kuni 28 ruutmeetrit. m. Tuba<\/li>\n<li>Taimeri valgustus on automaatselt h\u00e4mardatud<\/li>\n<li>Valikulised valgustusseaded: ilma valgustuseta, sooja valguse v\u00f5i ereda merevaigukollase valguseta<\/li>\n<\/ul>\n","protected":false},"featured_media":13358,"template":"","meta":{"site-sidebar-layout":"default","site-content-layout":"default","ast-site-content-layout":"default","site-content-style":"default","site-sidebar-style":"default","ast-global-header-display":"","ast-banner-title-visibility":"","ast-main-header-display":"","ast-hfb-above-header-display":"","ast-hfb-below-header-display":"","ast-hfb-mobile-header-display":"","site-post-title":"","ast-breadcrumbs-content":"","ast-featured-img":"","footer-sml-layout":"","ast-disable-related-posts":"","theme-transparent-header-meta":"default","adv-header-id-meta":"","stick-header-meta":"","header-above-stick-meta":"","header-main-stick-meta":"","header-below-stick-meta":"","astra-migrate-meta-layouts":"default","ast-page-background-enabled":"default","ast-page-background-meta":{"desktop":{"background-color":"","background-image":"","background-repeat":"repeat","background-position":"center center","background-size":"auto","background-attachment":"scroll","background-type":"","background-media":"","overlay-type":"","overlay-color":"","overlay-opacity":"","overlay-gradient":""},"tablet":{"background-color":"","background-image":"","background-repeat":"repeat","background-position":"center center","background-size":"auto","background-attachment":"scroll","background-type":"","background-media":"","overlay-type":"","overlay-color":"","overlay-opacity":"","overlay-gradient":""},"mobile":{"background-color":"","background-image":"","background-repeat":"repeat","background-position":"center center","background-size":"auto","background-attachment":"scroll","background-type":"","background-media":"","overlay-type":"","overlay-color":"","overlay-opacity":"","overlay-gradient":""}},"ast-content-background-meta":{"desktop":{"background-color":"var(--ast-global-color-5)","background-image":"","background-repeat":"repeat","background-position":"center center","background-size":"auto","background-attachment":"scroll","background-type":"","background-media":"","overlay-type":"","overlay-color":"","overlay-opacity":"","overlay-gradient":""},"tablet":{"background-color":"var(--ast-global-color-5)","background-image":"","background-repeat":"repeat","background-position":"center center","background-size":"auto","background-attachment":"scroll","background-type":"","background-media":"","overlay-type":"","overlay-color":"","overlay-opacity":"","overlay-gradient":""},"mobile":{"background-color":"var(--ast-global-color-5)","background-image":"","background-repeat":"repeat","background-position":"center center","background-size":"auto","background-attachment":"scroll","background-type":"","background-media":"","overlay-type":"","overlay-color":"","overlay-opacity":"","overlay-gradient":""}}},"product_brand":[],"product_cat":[1687],"product_tag":[1526,876],"class_list":{"0":"post-15989","1":"product","2":"type-product","3":"status-publish","4":"has-post-thumbnail","6":"product_cat-hajutid","7":"product_tag-hajuti","8":"product_tag-volo-et","9":"desktop-align-left","10":"tablet-align-left","11":"mobile-align-left","13":"first","14":"outofstock","15":"taxable","16":"shipping-taxable","17":"purchasable","18":"product-type-simple"},"_links":{"self":[{"href":"https:\/\/mamaterra.lt\/et\/wp-json\/wp\/v2\/product\/15989","targetHints":{"allow":["GET"]}}],"collection":[{"href":"https:\/\/mamaterra.lt\/et\/wp-json\/wp\/v2\/product"}],"about":[{"href":"https:\/\/mamaterra.lt\/et\/wp-json\/wp\/v2\/types\/product"}],"wp:featuredmedia":[{"embeddable":true,"href":"https:\/\/mamaterra.lt\/et\/wp-json\/wp\/v2\/media\/13358"}],"wp:attachment":[{"href":"https:\/\/mamaterra.lt\/et\/wp-json\/wp\/v2\/media?parent=15989"}],"wp:term":[{"taxonomy":"product_brand","embeddable":true,"href":"https:\/\/mamaterra.lt\/et\/wp-json\/wp\/v2\/product_brand?post=15989"},{"taxonomy":"product_cat","embeddable":true,"href":"https:\/\/mamaterra.lt\/et\/wp-json\/wp\/v2\/product_cat?post=15989"},{"taxonomy":"product_tag","embeddable":true,"href":"https:\/\/mamaterra.lt\/et\/wp-json\/wp\/v2\/product_tag?post=15989"}],"curies":[{"name":"wp","href":"https:\/\/api.w.org\/{rel}","templated":true}]}}