{"id":15986,"date":"2022-04-01T19:48:36","date_gmt":"2022-04-01T18:48:36","guid":{"rendered":"https:\/\/mamaterra.lt\/parduotuve\/maaratlemata\/doterra-northern-escape-habeme-eeterlike-olide-segu-30ml\/"},"modified":"2022-04-01T19:48:36","modified_gmt":"2022-04-01T18:48:36","slug":"doterra-pohja-pogenemine-habemed-eeterlik-oli-segu-30ml","status":"publish","type":"product","link":"https:\/\/mamaterra.lt\/et\/parduotuve\/eeterlikud-olid\/eeterlike-olide-segud\/doterra-pohja-pogenemine-habemed-eeterlik-oli-segu-30ml\/","title":{"rendered":"doTERRA Northern Escape Habeme eeterlike \u00f5lide segu 30ml"},"content":{"rendered":"<p><strong>doTERRA Northern Escape Habeme eeterlike \u00f5lide segu  <\/strong><\/p>\n<p>30ml<\/p>\n<p>&nbsp;<\/p>\n<p><strong>doTERRA Northern Escape habeme eeterlike \u00f5lide segu peamised eelised:<\/strong><\/p>\n<p>Kasutades doTERRA Northern Escape Beard \u00f5li, unustad j\u00e4medad juuksed. Vaid paar tilka p\u00e4evas aitab hoida juukseid pehmena, elastsena ja niisutatuna.<\/p>\n<ul>\n<li>Niisutab ja toidab nahka ning s\u00e4ilitab n\u00e4okarvade kuju.<\/li>\n<li>Niisutab nahka ja pehmendab habet argaani-, jojoba-, avokaado- ja p\u00e4evalille\u00f5lidega.<\/li>\n<li>Sisaldab v\u00e4rsket ja v\u00e4rskendavat Northern Escape\u2122 Woodland Blend segu, nii et tunnete metsa atmosf\u00e4\u00e4ri.<\/li>\n<\/ul>\n<p><strong>doTERRA Northern Escape Habeme eeterlike \u00f5lide segu koosneb:<\/strong><\/p>\n<p>doTERRA Northern Escape\u2122 Beard Oil (Habeme\u00f5li) sisaldab: Argania spinosa (argan) tuuma\u00f5li, Simmondsia chinensis (jojoba) seemne\u00f5li, Persea gratissima (avokaado) \u00f5li, Helianthus annuus (p\u00e4evalille) seemne\u00f5li, Picea mariana (must kuusk) oksa- ja lehe\u00f5li, Abies sibirica (Siberi kuusk) \u00f5li, Abies balsamea (palsam Kanada kuusk) koore\u00f5li, Lavandula hybrida (lavendel) \u00f5li, Juniperus virginiana (seeder) puidu\u00f5li,  Cupressus sempervirens (k\u00fcpress) oksa- ja lehe\u00f5li, Chamaecyparis obtusa (hinoki) \u00f5li, Boswellia serrata (viiruk) \u00f5li, Cupressus nootkatensis (Nootka) puidu\u00f5li, Cananga odorata (canang) lille\u00f5li, Eugenia caryophyllus (nelgi) punga\u00f5li, tokoferool.<\/p>\n","protected":false},"excerpt":{"rendered":"<ul>\n<li>Niisutab ja toidab nahka ning s\u00e4ilitab n\u00e4okarvade kuju<\/li>\n<li>Niisutab nahka ja pehmendab habet argaani-, jojoba-, avokaado- ja p\u00e4evalille\u00f5lidega<\/li>\n<li>Sisaldab v\u00e4rsket ja v\u00e4rskendavat Northern Escape\u2122 Woodland Blend segu, nii et tunnete metsa atmosf\u00e4\u00e4ri<\/li>\n<\/ul>\n","protected":false},"featured_media":13409,"template":"","meta":{"site-sidebar-layout":"default","site-content-layout":"default","ast-site-content-layout":"default","site-content-style":"default","site-sidebar-style":"default","ast-global-header-display":"","ast-banner-title-visibility":"","ast-main-header-display":"","ast-hfb-above-header-display":"","ast-hfb-below-header-display":"","ast-hfb-mobile-header-display":"","site-post-title":"","ast-breadcrumbs-content":"","ast-featured-img":"","footer-sml-layout":"","ast-disable-related-posts":"","theme-transparent-header-meta":"default","adv-header-id-meta":"","stick-header-meta":"","header-above-stick-meta":"","header-main-stick-meta":"","header-below-stick-meta":"","astra-migrate-meta-layouts":"default","ast-page-background-enabled":"default","ast-page-background-meta":{"desktop":{"background-color":"","background-image":"","background-repeat":"repeat","background-position":"center center","background-size":"auto","background-attachment":"scroll","background-type":"","background-media":"","overlay-type":"","overlay-color":"","overlay-opacity":"","overlay-gradient":""},"tablet":{"background-color":"","background-image":"","background-repeat":"repeat","background-position":"center center","background-size":"auto","background-attachment":"scroll","background-type":"","background-media":"","overlay-type":"","overlay-color":"","overlay-opacity":"","overlay-gradient":""},"mobile":{"background-color":"","background-image":"","background-repeat":"repeat","background-position":"center center","background-size":"auto","background-attachment":"scroll","background-type":"","background-media":"","overlay-type":"","overlay-color":"","overlay-opacity":"","overlay-gradient":""}},"ast-content-background-meta":{"desktop":{"background-color":"var(--ast-global-color-5)","background-image":"","background-repeat":"repeat","background-position":"center center","background-size":"auto","background-attachment":"scroll","background-type":"","background-media":"","overlay-type":"","overlay-color":"","overlay-opacity":"","overlay-gradient":""},"tablet":{"background-color":"var(--ast-global-color-5)","background-image":"","background-repeat":"repeat","background-position":"center center","background-size":"auto","background-attachment":"scroll","background-type":"","background-media":"","overlay-type":"","overlay-color":"","overlay-opacity":"","overlay-gradient":""},"mobile":{"background-color":"var(--ast-global-color-5)","background-image":"","background-repeat":"repeat","background-position":"center center","background-size":"auto","background-attachment":"scroll","background-type":"","background-media":"","overlay-type":"","overlay-color":"","overlay-opacity":"","overlay-gradient":""}}},"product_brand":[],"product_cat":[1701,1710,1690,1696],"product_tag":[740,1534,1052],"class_list":{"0":"post-15986","1":"product","2":"type-product","3":"status-publish","4":"has-post-thumbnail","6":"product_cat-eeterlike-olide-segud","7":"product_cat-hugieen-ja-nahahooldus","8":"product_cat-kingitused","9":"product_cat-kingitused-meestele","10":"product_tag-30ml-et","11":"product_tag-eeterliku-oli-segu","12":"product_tag-northern-escape-et","13":"desktop-align-left","14":"tablet-align-left","15":"mobile-align-left","17":"first","18":"outofstock","19":"taxable","20":"shipping-taxable","21":"purchasable","22":"product-type-simple"},"_links":{"self":[{"href":"https:\/\/mamaterra.lt\/et\/wp-json\/wp\/v2\/product\/15986","targetHints":{"allow":["GET"]}}],"collection":[{"href":"https:\/\/mamaterra.lt\/et\/wp-json\/wp\/v2\/product"}],"about":[{"href":"https:\/\/mamaterra.lt\/et\/wp-json\/wp\/v2\/types\/product"}],"wp:featuredmedia":[{"embeddable":true,"href":"https:\/\/mamaterra.lt\/et\/wp-json\/wp\/v2\/media\/13409"}],"wp:attachment":[{"href":"https:\/\/mamaterra.lt\/et\/wp-json\/wp\/v2\/media?parent=15986"}],"wp:term":[{"taxonomy":"product_brand","embeddable":true,"href":"https:\/\/mamaterra.lt\/et\/wp-json\/wp\/v2\/product_brand?post=15986"},{"taxonomy":"product_cat","embeddable":true,"href":"https:\/\/mamaterra.lt\/et\/wp-json\/wp\/v2\/product_cat?post=15986"},{"taxonomy":"product_tag","embeddable":true,"href":"https:\/\/mamaterra.lt\/et\/wp-json\/wp\/v2\/product_tag?post=15986"}],"curies":[{"name":"wp","href":"https:\/\/api.w.org\/{rel}","templated":true}]}}