{"id":15980,"date":"2021-11-04T19:34:51","date_gmt":"2021-11-04T18:34:51","guid":{"rendered":"https:\/\/mamaterra.lt\/parduotuve\/maaratlemata\/difuusor-lumo-ja-doterra-serenity-eeterlike-olide-segu-15ml\/"},"modified":"2021-11-04T19:34:51","modified_gmt":"2021-11-04T18:34:51","slug":"lumo-difuuser-ja-doterra-serenity-eeterlik-oli-segu-15ml","status":"publish","type":"product","link":"https:\/\/mamaterra.lt\/et\/parduotuve\/eeterlikud-olid\/eeterlike-olide-segud\/lumo-difuuser-ja-doterra-serenity-eeterlik-oli-segu-15ml\/","title":{"rendered":"Difuusor Lumo ja doTERRA Serenity\u2122 eeterlike \u00f5lide segu 15ml"},"content":{"rendered":"<p><strong>doTERRA difuusor Lumo ja doTERRA Serenity\u2122 eeterlike \u00f5lide segu<\/strong><\/p>\n<p>15ml<\/p>\n<p>Suure populaarsuse saavutanud imeline Lumase difuusori duo ja \u00fcks meie populaarsemaid eeterlike \u00f5lide segusid \u2013 doTERRA Serenity \u2013 on taas tagasi!<\/p>\n<p>&nbsp;<\/p>\n<p><strong>doTERRA hajuti Lumo<\/strong><\/p>\n<p>Loodusest inspireeritud Lumase hajutil on vahtrapuust alus ja mitmed looduse elementidest inspireeritud valgusseaded. Sellel on 2 ja 5 tundi pidevat ja 10-tunnist vahelduvat re\u017eiimi (5 min puhub, 5 minutit ei puhu).<\/p>\n<p>Nagu teised doTERRA hajutid, on Lumo hajuti ultraheli hajuti. Ultraheli hajutid kasutavad vett ja elektroonilisi sagedusi, et luua eeterlikust \u00f5list ja veest peen udu. Ultraheli vibratsiooni tekitab v\u00e4ike ketas veepinna all, mille t\u00f5ttu eeterlik \u00f5li laguneb v\u00e4ikesteks mikroosakesteks, mis organismis kergemini imenduvad.<\/p>\n<ul>\n<li>Ideaalne kuni 25 ruutmeetrit. ruumi suurus.<\/li>\n<li>doTERRA Serenity on segu rahustavatest eeterlikest \u00f5lidest, mis aitavad teil mured unustada ja enne magamaminekut l\u00f5\u00f5gastuda.<\/li>\n<li>M\u00f5lemad tooted on kaasaegsetes kodudes asendamatud aastaringselt.<\/li>\n<li>Serenity eeterlike \u00f5lide segu soodustab stressi, \u00e4revuse ja \u00fclet\u00f6\u00f6tamise vabanemist.<\/li>\n<li>Rahulikkus v\u00f5ib aidata neid, kes kannatavad h\u00fcperaktiivsuse all ja kellel on raske l\u00f5\u00f5gastuda, ning aitab ka rahustada m\u00f5tteid, erutust ja soodustab rahulikku tunnet.<\/li>\n<\/ul>\n<p><strong>doTERRA Serenity\u2122 eeterlike \u00f5lide segu peamised kasutusalad:<\/strong><\/p>\n<ul>\n<li>Unetus ja uneh\u00e4ired &#8211; aur, kandke nina alla v\u00f5i tilgutage padjale, laste m\u00e4nguasjale, samuti kandke jalgadele p\u00e4rast taime\u00f5liga lahjendamist.<\/li>\n<li>Stress &#8211; kandke nina alla, hingake sisse peopesadest, kandke kaelale ja \/ v\u00f5i aurule.<\/li>\n<li>Rahutud beebid ja v\u00e4simatud \/ v\u00e4simatud lapsed &#8211; aurutatud, m\u00e4\u00e4ritud selg ja jalad.<\/li>\n<li>Pinge ja meeleolumuutused &#8211; hingake peopesadest sisse, aurutage p\u00e4eva jooksul ja m\u00e4\u00e4rige rinda, kaela randmetega k\u00f5rvade taga.<\/li>\n<li>Lihaspinge &#8211; m\u00e4\u00e4rige probleemne piirkond.<\/li>\n<li>N\u00e4rvilisuse ja hirmude v\u00e4hendamine &#8211; m\u00e4\u00e4rige kael, k\u00f5rvade taga, randmed, aur, hingake peopesadest sisse.<\/li>\n<li>Rahustav vann enne magamaminekut &#8211; tilgutage vanni, kasutage koos mere, epsomi soolade, p\u00f5hi\u00f5lide, meega jne.<\/li>\n<li>Enne kehale kandmist lahjendage baas\u00f5liga.<\/li>\n<li>Imikutele kasutage \u00fchte tilka Serenity ja supilusikat\u00e4it v\u00f5i kaks supilusikat\u00e4it baas\u00f5li.<\/li>\n<li>V\u00e4ikese lapse jaoks 1 tilk Serenity ja supilusikat\u00e4is baas\u00f5li<\/li>\n<\/ul>\n<p><strong>doTERRA Serenity eeterlike \u00f5lide segu koosneb j\u00e4rgmistest CPTG eeterlikest \u00f5lidest:<\/strong><\/p>\n<ul>\n<li>Lavendel<\/li>\n<li>Seeder<\/li>\n<li>Kamperlik kaneel,<\/li>\n<li>Kanangid<\/li>\n<li>Majoraan<\/li>\n<li>\u00dcllad bleiserid<\/li>\n<li>Vetiverian<\/li>\n<li>Vanilje<\/li>\n<\/ul>\n<p>&nbsp;<\/p>\n<p><strong>Lisateavet Lumase hajuti kohta leiate allolevast videost<\/strong>.<\/p>\n<p><iframe title=\"doTERRA Lumo hajuti \u00fclevaade\" src=\"https:\/\/www.youtube.com\/embed\/huY5AIQFDlc\" width=\"946\" height=\"532\" frameborder=\"0\" allowfullscreen=\"allowfullscreen\"><\/iframe><\/p>\n","protected":false},"excerpt":{"rendered":"<ul>\n<li>doTERRA Lumo hajuti<\/li>\n<li>doTERRA Serenity on segu rahustavatest eeterlikest \u00f5lidest, mis aitavad teil mured unustada ja enne magamaminekut l\u00f5\u00f5gastuda<\/li>\n<\/ul>\n","protected":false},"featured_media":13475,"template":"","meta":{"site-sidebar-layout":"default","site-content-layout":"default","ast-site-content-layout":"default","site-content-style":"default","site-sidebar-style":"default","ast-global-header-display":"","ast-banner-title-visibility":"","ast-main-header-display":"","ast-hfb-above-header-display":"","ast-hfb-below-header-display":"","ast-hfb-mobile-header-display":"","site-post-title":"","ast-breadcrumbs-content":"","ast-featured-img":"","footer-sml-layout":"","ast-disable-related-posts":"","theme-transparent-header-meta":"default","adv-header-id-meta":"","stick-header-meta":"","header-above-stick-meta":"","header-main-stick-meta":"","header-below-stick-meta":"","astra-migrate-meta-layouts":"default","ast-page-background-enabled":"default","ast-page-background-meta":{"desktop":{"background-color":"","background-image":"","background-repeat":"repeat","background-position":"center center","background-size":"auto","background-attachment":"scroll","background-type":"","background-media":"","overlay-type":"","overlay-color":"","overlay-opacity":"","overlay-gradient":""},"tablet":{"background-color":"","background-image":"","background-repeat":"repeat","background-position":"center center","background-size":"auto","background-attachment":"scroll","background-type":"","background-media":"","overlay-type":"","overlay-color":"","overlay-opacity":"","overlay-gradient":""},"mobile":{"background-color":"","background-image":"","background-repeat":"repeat","background-position":"center center","background-size":"auto","background-attachment":"scroll","background-type":"","background-media":"","overlay-type":"","overlay-color":"","overlay-opacity":"","overlay-gradient":""}},"ast-content-background-meta":{"desktop":{"background-color":"var(--ast-global-color-5)","background-image":"","background-repeat":"repeat","background-position":"center center","background-size":"auto","background-attachment":"scroll","background-type":"","background-media":"","overlay-type":"","overlay-color":"","overlay-opacity":"","overlay-gradient":""},"tablet":{"background-color":"var(--ast-global-color-5)","background-image":"","background-repeat":"repeat","background-position":"center center","background-size":"auto","background-attachment":"scroll","background-type":"","background-media":"","overlay-type":"","overlay-color":"","overlay-opacity":"","overlay-gradient":""},"mobile":{"background-color":"var(--ast-global-color-5)","background-image":"","background-repeat":"repeat","background-position":"center center","background-size":"auto","background-attachment":"scroll","background-type":"","background-media":"","overlay-type":"","overlay-color":"","overlay-opacity":"","overlay-gradient":""}}},"product_brand":[],"product_cat":[1701,1699,1687,1737],"product_tag":[731,1534,1526,1134],"class_list":{"0":"post-15980","1":"product","2":"type-product","3":"status-publish","4":"has-post-thumbnail","6":"product_cat-eeterlike-olide-segud","7":"product_cat-eeterlikud-olid","8":"product_cat-hajutid","9":"product_cat-magamiseks","10":"product_tag-15ml-et","11":"product_tag-eeterliku-oli-segu","12":"product_tag-hajuti","13":"product_tag-lumo-et","14":"desktop-align-left","15":"tablet-align-left","16":"mobile-align-left","18":"first","19":"instock","20":"taxable","21":"shipping-taxable","22":"purchasable","23":"product-type-simple"},"_links":{"self":[{"href":"https:\/\/mamaterra.lt\/et\/wp-json\/wp\/v2\/product\/15980","targetHints":{"allow":["GET"]}}],"collection":[{"href":"https:\/\/mamaterra.lt\/et\/wp-json\/wp\/v2\/product"}],"about":[{"href":"https:\/\/mamaterra.lt\/et\/wp-json\/wp\/v2\/types\/product"}],"wp:featuredmedia":[{"embeddable":true,"href":"https:\/\/mamaterra.lt\/et\/wp-json\/wp\/v2\/media\/13475"}],"wp:attachment":[{"href":"https:\/\/mamaterra.lt\/et\/wp-json\/wp\/v2\/media?parent=15980"}],"wp:term":[{"taxonomy":"product_brand","embeddable":true,"href":"https:\/\/mamaterra.lt\/et\/wp-json\/wp\/v2\/product_brand?post=15980"},{"taxonomy":"product_cat","embeddable":true,"href":"https:\/\/mamaterra.lt\/et\/wp-json\/wp\/v2\/product_cat?post=15980"},{"taxonomy":"product_tag","embeddable":true,"href":"https:\/\/mamaterra.lt\/et\/wp-json\/wp\/v2\/product_tag?post=15980"}],"curies":[{"name":"wp","href":"https:\/\/api.w.org\/{rel}","templated":true}]}}