{"id":15976,"date":"2022-03-06T21:39:43","date_gmt":"2022-03-06T20:39:43","guid":{"rendered":"https:\/\/mamaterra.lt\/parduotuve\/maaratlemata\/doterra-air-x-eeterlike-olide-segu-15ml\/"},"modified":"2022-03-06T21:39:43","modified_gmt":"2022-03-06T20:39:43","slug":"doterra-ohk-x-eeterlik-oli-segu-15ml","status":"publish","type":"product","link":"https:\/\/mamaterra.lt\/et\/parduotuve\/eeterlikud-olid\/eeterlike-olide-segud\/doterra-ohk-x-eeterlik-oli-segu-15ml\/","title":{"rendered":"doTERRA AIR-X eeterlike \u00f5lide segu 15ml"},"content":{"rendered":"<p><strong>doTERRA AIR-X eeterlike \u00f5lide segu<\/strong><\/p>\n<p>15 ml<\/p>\n<p>&nbsp;<\/p>\n<p>Sulgege silmad. Hommik on vilgas ja selge. Hinga s\u00fcgavalt sisse. Teie \u00fcmber hakkab levima v\u00e4rske, magus aroom. Hingata. On olemas viis, kuidas seda tunnet igal ajal luua, kus iganes sa oled: AIR-X. Intensiivse tsitruselise, puitunud ja n\u00f5rgalt taimse aroomiga AIR-X on loodud selleks, et aidata difuusoriga aurutades \u00f5hku v\u00e4rskendada.<\/p>\n<p>Eksperimentaalsed uuringud n\u00e4itavad, et AIR-X koostises olev litsea eeterlik \u00f5li rahustab ja soodustab avatuse tunnet.<\/p>\n<p>Varajaste uuringute tulemused n\u00e4itavad, et AIR-X p\u00f5hikomponent limoneen v\u00f5ib olla kasulik puhastamiseks. See on eeterlike \u00f5lide segu, millel on hingamisteid, soolestikku ja siseorganeid puhastav toime<\/p>\n<p><strong>doTERRA AIR-X eeterlike \u00f5lide segu koostisosad:<\/strong><\/p>\n<p>Air-X, looduslike doTERRA eeterlike \u00f5lide segu, sisaldab lithsey, mandariine, greipi, boswelliat ja kardemoni.<\/p>\n<p><strong>doTERRA AIR-X eeterlike \u00f5lide segu kasutab:<\/strong><\/p>\n<ol>\n<li dir=\"auto\">Sissepoole kasutamine soodustab positiivset ja puhastavat toimet hingamis- ja seedes\u00fcsteemile, samuti immuuns\u00fcsteemile.<\/li>\n<li dir=\"auto\">Nahale kandmisel avaldab see soodsat m\u00f5ju kogu kehale, annab j\u00f5udu, t\u00e4idab puhastavat ja tugevdavat toimet.<\/li>\n<li dir=\"auto\">Aurutamine hajutiga, pudelist v\u00f5i peopesadest sissehingamine stimuleerib keskendumist, meele selgust, soodustab r\u00f5\u00f5msaid emotsioone, k\u00fcllust ja valgust.<\/li>\n<\/ol>\n<p>&nbsp;<\/p>\n<p>Vaadake videot selle doTERRA eeterliku \u00f5li kohta.<\/p>\n<p><iframe title=\"YouTube'i videopleier\" src=\"https:\/\/www.youtube-nocookie.com\/embed\/sYIw41CgCf0\" width=\"560\" height=\"315\" frameborder=\"0\" allowfullscreen=\"allowfullscreen\"><\/iframe><\/p>\n","protected":false},"excerpt":{"rendered":"<ul>\n<li>Intensiivse tsitruseliste, puitunud ja n\u00f5rgalt taimse aroomiga Air-X on loodud selleks, et aidata difuusoriga aurutades \u00f5hku v\u00e4rskendada.<\/li>\n<li>Air-X segu looduslikest doTERRA eeterlikest \u00f5lidest sisaldab lithsey, mandariine, greipi, boswelliat ja kardemoni.<\/li>\n<\/ul>\n<p>&nbsp;<\/p>\n","protected":false},"featured_media":13391,"template":"","meta":{"site-sidebar-layout":"default","site-content-layout":"default","ast-site-content-layout":"default","site-content-style":"default","site-sidebar-style":"default","ast-global-header-display":"","ast-banner-title-visibility":"","ast-main-header-display":"","ast-hfb-above-header-display":"","ast-hfb-below-header-display":"","ast-hfb-mobile-header-display":"","site-post-title":"","ast-breadcrumbs-content":"","ast-featured-img":"","footer-sml-layout":"","ast-disable-related-posts":"","theme-transparent-header-meta":"default","adv-header-id-meta":"","stick-header-meta":"","header-above-stick-meta":"","header-main-stick-meta":"","header-below-stick-meta":"","astra-migrate-meta-layouts":"default","ast-page-background-enabled":"default","ast-page-background-meta":{"desktop":{"background-color":"","background-image":"","background-repeat":"repeat","background-position":"center center","background-size":"auto","background-attachment":"scroll","background-type":"","background-media":"","overlay-type":"","overlay-color":"","overlay-opacity":"","overlay-gradient":""},"tablet":{"background-color":"","background-image":"","background-repeat":"repeat","background-position":"center center","background-size":"auto","background-attachment":"scroll","background-type":"","background-media":"","overlay-type":"","overlay-color":"","overlay-opacity":"","overlay-gradient":""},"mobile":{"background-color":"","background-image":"","background-repeat":"repeat","background-position":"center center","background-size":"auto","background-attachment":"scroll","background-type":"","background-media":"","overlay-type":"","overlay-color":"","overlay-opacity":"","overlay-gradient":""}},"ast-content-background-meta":{"desktop":{"background-color":"var(--ast-global-color-5)","background-image":"","background-repeat":"repeat","background-position":"center center","background-size":"auto","background-attachment":"scroll","background-type":"","background-media":"","overlay-type":"","overlay-color":"","overlay-opacity":"","overlay-gradient":""},"tablet":{"background-color":"var(--ast-global-color-5)","background-image":"","background-repeat":"repeat","background-position":"center center","background-size":"auto","background-attachment":"scroll","background-type":"","background-media":"","overlay-type":"","overlay-color":"","overlay-opacity":"","overlay-gradient":""},"mobile":{"background-color":"var(--ast-global-color-5)","background-image":"","background-repeat":"repeat","background-position":"center center","background-size":"auto","background-attachment":"scroll","background-type":"","background-media":"","overlay-type":"","overlay-color":"","overlay-opacity":"","overlay-gradient":""}}},"product_brand":[],"product_cat":[1701,1699,1734],"product_tag":[731,1356,1534],"class_list":{"0":"post-15976","1":"product","2":"type-product","3":"status-publish","4":"has-post-thumbnail","6":"product_cat-eeterlike-olide-segud","7":"product_cat-eeterlikud-olid","8":"product_cat-massaaz","9":"product_tag-15ml-et","10":"product_tag-air-x-et","11":"product_tag-eeterliku-oli-segu","12":"desktop-align-left","13":"tablet-align-left","14":"mobile-align-left","16":"first","17":"instock","18":"sale","19":"taxable","20":"shipping-taxable","21":"purchasable","22":"product-type-simple"},"_links":{"self":[{"href":"https:\/\/mamaterra.lt\/et\/wp-json\/wp\/v2\/product\/15976","targetHints":{"allow":["GET"]}}],"collection":[{"href":"https:\/\/mamaterra.lt\/et\/wp-json\/wp\/v2\/product"}],"about":[{"href":"https:\/\/mamaterra.lt\/et\/wp-json\/wp\/v2\/types\/product"}],"wp:featuredmedia":[{"embeddable":true,"href":"https:\/\/mamaterra.lt\/et\/wp-json\/wp\/v2\/media\/13391"}],"wp:attachment":[{"href":"https:\/\/mamaterra.lt\/et\/wp-json\/wp\/v2\/media?parent=15976"}],"wp:term":[{"taxonomy":"product_brand","embeddable":true,"href":"https:\/\/mamaterra.lt\/et\/wp-json\/wp\/v2\/product_brand?post=15976"},{"taxonomy":"product_cat","embeddable":true,"href":"https:\/\/mamaterra.lt\/et\/wp-json\/wp\/v2\/product_cat?post=15976"},{"taxonomy":"product_tag","embeddable":true,"href":"https:\/\/mamaterra.lt\/et\/wp-json\/wp\/v2\/product_tag?post=15976"}],"curies":[{"name":"wp","href":"https:\/\/api.w.org\/{rel}","templated":true}]}}