{"id":15973,"date":"2022-04-27T13:22:40","date_gmt":"2022-04-27T12:22:40","guid":{"rendered":"https:\/\/mamaterra.lt\/parduotuve\/maaratlemata\/doterra-breathe-pastillid-hingamissusteem-doterra-ohutilgad-120g\/"},"modified":"2022-04-27T13:22:40","modified_gmt":"2022-04-27T12:22:40","slug":"doterra-hingeohk-pastillid-hingamiseks-ohutilgad-120g","status":"publish","type":"product","link":"https:\/\/mamaterra.lt\/et\/parduotuve\/eeterlikud-olid\/eeterlike-olide-segud\/doterra-hingeohk-pastillid-hingamiseks-ohutilgad-120g\/","title":{"rendered":"doTERRA Breathe Pastillid Hingamiss\u00fcsteem (doTERRA \u00f5hutilgad) 120g"},"content":{"rendered":"<p><strong>doTERRA Breathe Pastillid Hingamiss\u00fcsteem (doTERRA \u00f5hutilgad) 120g<\/strong><\/p>\n<p>Hingake pastillid &#8211; suurep\u00e4rase maitsega mugavad pastillid.<\/p>\n<p>doTERRA AIR on segu eeterlikest \u00f5lidest, mida on juba ammu usaldatud. doTERRA Breath pastillid muudavad selle j\u00e4releproovitud eeterlike \u00f5lide kombinatsiooni veelgi mugavamaks kui kunagi varem. Nautige sidruni, piparm\u00fcndi, eukal\u00fcpti, t\u00fc\u00fcmiani, melissi ja kardemoni eeterlike \u00f5lide eeliseid, mida pakuvad suurep\u00e4rase maitsega pastillid<\/p>\n<ul>\n<li>Toetab puhtaid hingamisteid ja soodustab kerget, selget hingamist.<\/li>\n<li>Toetab \u00fcldist hingamisteede tervist.<\/li>\n<li>Ebamugavustunne hingamisel.<\/li>\n<\/ul>\n<p><strong>doTERRA Breathe Pastillid hingamiss\u00fcsteemile (doTERRA Air Drops) Kasutamine:<\/strong><\/p>\n<ul>\n<li>Kasutage kiire ja mugava alternatiivina DoTERRA AIR segule.<\/li>\n<li>Hoidke neid k\u00e4ep\u00e4rast rahakotis v\u00f5i reisikotis, et saaksite reisil olles sihikindlalt oma heaolu s\u00e4ilitada. Jaga doterra \u00f5hku lihtsalt pere ja s\u00f5pradega!<\/li>\n<li>Parimate tulemuste saavutamiseks kasutage koos teiste doterra air toodetega.<\/li>\n<\/ul>\n<p><strong>doTERRA Breathe Pastillid hingamiss\u00fcsteemile (doTERRA Air Drops) Kasutusjuhend:<\/strong><\/p>\n<p>Portsjoni suurus: 1 tilk (4 g) p\u00e4evas.<\/p>\n<p><strong>doTERRA hingamispastillid hingamiss\u00fcsteemile (doTERRA \u00f5hutilgad) Koosneb:<\/strong><\/p>\n<p>Pakendis 30 t\u00fckki pastillid.<\/p>\n","protected":false},"excerpt":{"rendered":"<ul>\n<li>Kasutage kiire ja mugava alternatiivina DoTERRA AIR segule<\/li>\n<li>Hoidke neid k\u00e4ep\u00e4rast rahakotis v\u00f5i reisikotis, et saaksite neid reisil sihikindlalt toetada. Jaga doTERRA AIRi h\u00f5lpsalt pere ja s\u00f5pradega<\/li>\n<li>Parimate tulemuste saavutamiseks kasutage koos teiste doterra air toodetega<\/li>\n<li>Pakis 30 t\u00fckki pastillid<\/li>\n<\/ul>\n","protected":false},"featured_media":13415,"template":"","meta":{"site-sidebar-layout":"default","site-content-layout":"default","ast-site-content-layout":"default","site-content-style":"default","site-sidebar-style":"default","ast-global-header-display":"","ast-banner-title-visibility":"","ast-main-header-display":"","ast-hfb-above-header-display":"","ast-hfb-below-header-display":"","ast-hfb-mobile-header-display":"","site-post-title":"","ast-breadcrumbs-content":"","ast-featured-img":"","footer-sml-layout":"","ast-disable-related-posts":"","theme-transparent-header-meta":"default","adv-header-id-meta":"","stick-header-meta":"","header-above-stick-meta":"","header-main-stick-meta":"","header-below-stick-meta":"","astra-migrate-meta-layouts":"default","ast-page-background-enabled":"default","ast-page-background-meta":{"desktop":{"background-color":"","background-image":"","background-repeat":"repeat","background-position":"center center","background-size":"auto","background-attachment":"scroll","background-type":"","background-media":"","overlay-type":"","overlay-color":"","overlay-opacity":"","overlay-gradient":""},"tablet":{"background-color":"","background-image":"","background-repeat":"repeat","background-position":"center center","background-size":"auto","background-attachment":"scroll","background-type":"","background-media":"","overlay-type":"","overlay-color":"","overlay-opacity":"","overlay-gradient":""},"mobile":{"background-color":"","background-image":"","background-repeat":"repeat","background-position":"center center","background-size":"auto","background-attachment":"scroll","background-type":"","background-media":"","overlay-type":"","overlay-color":"","overlay-opacity":"","overlay-gradient":""}},"ast-content-background-meta":{"desktop":{"background-color":"var(--ast-global-color-5)","background-image":"","background-repeat":"repeat","background-position":"center center","background-size":"auto","background-attachment":"scroll","background-type":"","background-media":"","overlay-type":"","overlay-color":"","overlay-opacity":"","overlay-gradient":""},"tablet":{"background-color":"var(--ast-global-color-5)","background-image":"","background-repeat":"repeat","background-position":"center center","background-size":"auto","background-attachment":"scroll","background-type":"","background-media":"","overlay-type":"","overlay-color":"","overlay-opacity":"","overlay-gradient":""},"mobile":{"background-color":"var(--ast-global-color-5)","background-image":"","background-repeat":"repeat","background-position":"center center","background-size":"auto","background-attachment":"scroll","background-type":"","background-media":"","overlay-type":"","overlay-color":"","overlay-opacity":"","overlay-gradient":""}}},"product_brand":[],"product_cat":[1701,1699],"product_tag":[1660,1649],"class_list":{"0":"post-15973","1":"product","2":"type-product","3":"status-publish","4":"has-post-thumbnail","6":"product_cat-eeterlike-olide-segud","7":"product_cat-eeterlikud-olid","8":"product_tag-kommid","9":"product_tag-pastillid","10":"desktop-align-left","11":"tablet-align-left","12":"mobile-align-left","14":"first","15":"instock","16":"taxable","17":"shipping-taxable","18":"purchasable","19":"product-type-simple"},"_links":{"self":[{"href":"https:\/\/mamaterra.lt\/et\/wp-json\/wp\/v2\/product\/15973","targetHints":{"allow":["GET"]}}],"collection":[{"href":"https:\/\/mamaterra.lt\/et\/wp-json\/wp\/v2\/product"}],"about":[{"href":"https:\/\/mamaterra.lt\/et\/wp-json\/wp\/v2\/types\/product"}],"wp:featuredmedia":[{"embeddable":true,"href":"https:\/\/mamaterra.lt\/et\/wp-json\/wp\/v2\/media\/13415"}],"wp:attachment":[{"href":"https:\/\/mamaterra.lt\/et\/wp-json\/wp\/v2\/media?parent=15973"}],"wp:term":[{"taxonomy":"product_brand","embeddable":true,"href":"https:\/\/mamaterra.lt\/et\/wp-json\/wp\/v2\/product_brand?post=15973"},{"taxonomy":"product_cat","embeddable":true,"href":"https:\/\/mamaterra.lt\/et\/wp-json\/wp\/v2\/product_cat?post=15973"},{"taxonomy":"product_tag","embeddable":true,"href":"https:\/\/mamaterra.lt\/et\/wp-json\/wp\/v2\/product_tag?post=15973"}],"curies":[{"name":"wp","href":"https:\/\/api.w.org\/{rel}","templated":true}]}}