{"id":15970,"date":"2022-06-01T10:34:22","date_gmt":"2022-06-01T09:34:22","guid":{"rendered":"https:\/\/mamaterra.lt\/parduotuve\/maaratlemata\/kitchen-spice-collection-doterra-cuisine-blend-collection-doterra-mehhiko-doterra-itaalia-ja-doterra-exotic-essential-oil-segud-3-pudelit-15ml-kumbagi\/"},"modified":"2022-06-01T10:34:22","modified_gmt":"2022-06-01T09:34:22","slug":"koogid-vurtsikollektsioon-doterra-kook-segu-kollektsioon-doterra-mehhiko-doterra-itaalia-ja-doterra-eksootiline-eeterlik-oli-segu-3-pudelid-x-15ml","status":"publish","type":"product","link":"https:\/\/mamaterra.lt\/et\/parduotuve\/eeterlikud-olid\/koogid-vurtsikollektsioon-doterra-kook-segu-kollektsioon-doterra-mehhiko-doterra-itaalia-ja-doterra-eksootiline-eeterlik-oli-segu-3-pudelid-x-15ml\/","title":{"rendered":"Kitchen Spice Collection &#8211; DoTERRA Cuisine Blend Collection (doTERRA Mehhiko, doTERRA Itaalia ja doTERRA Exotic Essential Oil segud) (3 pudelit 15ml kumbagi)"},"content":{"rendered":"<p><strong>K\u00f6\u00f6giv\u00fcrtside kollektsioon &#8211; doTERRA Mehhiko, doTERRA Itaalia ja doTERRA eksootiliste eeterlike \u00f5lide segud (3 pudelit 15ml kumbagi)<\/strong><\/p>\n<p>3 eeterlikku \u00f5li iga\u00fcks 15 ml<\/p>\n<p>&nbsp;<\/p>\n<p><strong>doTERRA k\u00f6\u00f6giv\u00fcrtside kollektsioon<\/strong><\/p>\n<p>T\u00e4iusliku s\u00f6\u00f6gilaua loomine on teie \u00e4ri. Olgu see siis maal\u00e4hedane Toscana puhkus perele, Mehhiko fiesta l\u00e4hedaste s\u00f5pradega v\u00f5i troopiline tikipidu kogu perele.<\/p>\n<p>doTERRA Kitchen Spice kollektsioon aitab teil oma lemmikretseptidele erksat aroomi lisada.<\/p>\n<p>&nbsp;<\/p>\n<p><strong>doTERRA Kitchen Spice kollektsioonid Kirjeldus:<\/strong><\/p>\n<p>See kollektsioon koosneb kolmest aroomi pakatavast doTERRA eeterlikust segust, millest iga\u00fcks on 15ml, mis on loodud CPTG\u00ae eeterlike \u00f5lide abil.<\/p>\n<ul>\n<li>doTERRA Mehhiko<\/li>\n<li>doTERRA itaalia keel<\/li>\n<li>doTERRA eksootiline<\/li>\n<\/ul>\n<p>Itaalia segu sisaldab oliivi\u00f5li t\u00fc\u00fcmiani, rosmariini, basiiliku, majoraani ja punega, mis sobib ideaalselt liha, pasta v\u00f5i salatikastmete jaoks.<\/p>\n<p>Roheline sidrun, k\u00f6\u00f6mned, must pipar, koriander ja majoraan avokaado\u00f5lis annavad Mehhiko segu Ladina-Ameerikast inspireeritud ereda maitse. Fajit, tacos, burritos v\u00f5i nachos.<\/p>\n<p>Valmistage v\u00f5rgutav saareroog troopilise seguga, mis on segatud kookos\u00f5li apelsinide, sidrunite, laimide, greibi, roheliste mandariinide, bergamoti, yuzu ja ylang ylangiga. Sobib krevettide, grillitud kala v\u00f5i teie lemmikkokteili retsepti jaoks.<\/p>\n<p><strong>doTERRA Kitchen Spice Collection <\/strong> on meelte pidup\u00e4ev.<\/p>\n<ul>\n<li>Laske oma kujutlusv\u00f5imel ja maitsemeeltel olla teie teejuht<\/li>\n<li>Parimate tulemuste saavutamiseks pange p\u00e4rast k\u00fcpsetusprotsessi<\/li>\n<li>J\u00e4rgige pakutud juhiseid, et luua oma lemmikroogade imeline maitse<\/li>\n<\/ul>\n<p>Loe doterra k\u00f6\u00f6gi <strong><br \/>\n erikollektsiooni kohta l\u00e4hemalt <a href=\"https:\/\/mamaterra.lt\/cuisine-collection-virtuves-kolekcija\/\" target=\"_blank\" rel=\"noopener\">siit<\/a><br \/>\n  <\/strong>.<\/p>\n","protected":false},"excerpt":{"rendered":"<ul>\n<li>doTERRA Kitchen Spice kollektsioon aitab teil oma lemmikretseptidele elavat aroomi lisada<\/li>\n<li>See kollektsioon koosneb kolmest aroomi ahvatlevast segust, mis on loodud CPTG\u00ae eeterlike \u00f5lide abil &#8211; doTERRA Mexican, doTERRA Italian ja doTERRA Exotic eeterlike \u00f5lide segud iga\u00fcks 15ml<\/li>\n<\/ul>\n","protected":false},"featured_media":13496,"template":"","meta":{"site-sidebar-layout":"default","site-content-layout":"default","ast-site-content-layout":"default","site-content-style":"default","site-sidebar-style":"default","ast-global-header-display":"","ast-banner-title-visibility":"","ast-main-header-display":"","ast-hfb-above-header-display":"","ast-hfb-below-header-display":"","ast-hfb-mobile-header-display":"","site-post-title":"","ast-breadcrumbs-content":"","ast-featured-img":"","footer-sml-layout":"","ast-disable-related-posts":"","theme-transparent-header-meta":"default","adv-header-id-meta":"","stick-header-meta":"","header-above-stick-meta":"","header-main-stick-meta":"","header-below-stick-meta":"","astra-migrate-meta-layouts":"default","ast-page-background-enabled":"default","ast-page-background-meta":{"desktop":{"background-color":"","background-image":"","background-repeat":"repeat","background-position":"center center","background-size":"auto","background-attachment":"scroll","background-type":"","background-media":"","overlay-type":"","overlay-color":"","overlay-opacity":"","overlay-gradient":""},"tablet":{"background-color":"","background-image":"","background-repeat":"repeat","background-position":"center center","background-size":"auto","background-attachment":"scroll","background-type":"","background-media":"","overlay-type":"","overlay-color":"","overlay-opacity":"","overlay-gradient":""},"mobile":{"background-color":"","background-image":"","background-repeat":"repeat","background-position":"center center","background-size":"auto","background-attachment":"scroll","background-type":"","background-media":"","overlay-type":"","overlay-color":"","overlay-opacity":"","overlay-gradient":""}},"ast-content-background-meta":{"desktop":{"background-color":"var(--ast-global-color-5)","background-image":"","background-repeat":"repeat","background-position":"center center","background-size":"auto","background-attachment":"scroll","background-type":"","background-media":"","overlay-type":"","overlay-color":"","overlay-opacity":"","overlay-gradient":""},"tablet":{"background-color":"var(--ast-global-color-5)","background-image":"","background-repeat":"repeat","background-position":"center center","background-size":"auto","background-attachment":"scroll","background-type":"","background-media":"","overlay-type":"","overlay-color":"","overlay-opacity":"","overlay-gradient":""},"mobile":{"background-color":"var(--ast-global-color-5)","background-image":"","background-repeat":"repeat","background-position":"center center","background-size":"auto","background-attachment":"scroll","background-type":"","background-media":"","overlay-type":"","overlay-color":"","overlay-opacity":"","overlay-gradient":""}}},"product_brand":[],"product_cat":[1699],"product_tag":[731,1534,1230,1160,1645,1556,1100],"class_list":{"0":"post-15970","1":"product","2":"type-product","3":"status-publish","4":"has-post-thumbnail","6":"product_cat-eeterlikud-olid","7":"product_tag-15ml-et","8":"product_tag-eeterliku-oli-segu","9":"product_tag-exotic-et","10":"product_tag-italian-et","11":"product_tag-kokkamine","12":"product_tag-kollektsioonid","13":"product_tag-mexican-et","14":"desktop-align-left","15":"tablet-align-left","16":"mobile-align-left","18":"first","19":"outofstock","20":"sale","21":"taxable","22":"shipping-taxable","23":"purchasable","24":"product-type-simple"},"_links":{"self":[{"href":"https:\/\/mamaterra.lt\/et\/wp-json\/wp\/v2\/product\/15970","targetHints":{"allow":["GET"]}}],"collection":[{"href":"https:\/\/mamaterra.lt\/et\/wp-json\/wp\/v2\/product"}],"about":[{"href":"https:\/\/mamaterra.lt\/et\/wp-json\/wp\/v2\/types\/product"}],"wp:featuredmedia":[{"embeddable":true,"href":"https:\/\/mamaterra.lt\/et\/wp-json\/wp\/v2\/media\/13496"}],"wp:attachment":[{"href":"https:\/\/mamaterra.lt\/et\/wp-json\/wp\/v2\/media?parent=15970"}],"wp:term":[{"taxonomy":"product_brand","embeddable":true,"href":"https:\/\/mamaterra.lt\/et\/wp-json\/wp\/v2\/product_brand?post=15970"},{"taxonomy":"product_cat","embeddable":true,"href":"https:\/\/mamaterra.lt\/et\/wp-json\/wp\/v2\/product_cat?post=15970"},{"taxonomy":"product_tag","embeddable":true,"href":"https:\/\/mamaterra.lt\/et\/wp-json\/wp\/v2\/product_tag?post=15970"}],"curies":[{"name":"wp","href":"https:\/\/api.w.org\/{rel}","templated":true}]}}