{"id":15965,"date":"2022-07-03T15:02:13","date_gmt":"2022-07-03T14:02:13","guid":{"rendered":"https:\/\/mamaterra.lt\/parduotuve\/maaratlemata\/doterra-on-guard-suuvesi-100-ml\/"},"modified":"2022-07-03T15:02:13","modified_gmt":"2022-07-03T14:02:13","slug":"doterra-on-guard-suu-loputa-vedelik-suuvesi-100-ml","status":"publish","type":"product","link":"https:\/\/mamaterra.lt\/et\/parduotuve\/eeterlikud-olid\/eeterlike-olide-segud\/doterra-on-guard-suu-loputa-vedelik-suuvesi-100-ml\/","title":{"rendered":"doTERRA On Guard\u2122 suuvesi 100 ml"},"content":{"rendered":"<p><strong>doTERRA On Guard\u2122 suuvesi 100 ml<\/strong><\/p>\n<p>Nautige seda v\u00e4ikest reisisuuruses versiooni The Guardi suuveest, mis sobib kasutamiseks siis, kui olete majast v\u00e4ljas!<\/p>\n<p>Maailmas, kus on palju tugevaid kemikaale ja kunstlikke l\u00f5hnaaineid, otsime sageli ohutuid tooteid, mida saaksime oma peredes kasutada. Populaarsed kaubanduslikud suuhooldustooted v\u00f5ivad kuivatada ja \u00e4rritada tundlikke suukudesid.<\/p>\n<ul>\n<li>doTERRA On Guard\u2122 alkoholivaba suuvesi on m\u00f5eldud hammaste ja igemete puhastamiseks, hambakatu v\u00e4hendamiseks ja tervisliku v\u00e4limusega naeratuse edendamiseks, kasutades seda igap\u00e4evase h\u00fcgieeni osana.<\/li>\n<li>Miswaki puu ekstrakt (mida kasutati juba 7000 aastat tagasi hammaste harjamiseks) aitab taaselustada hingamist ja hoida hambad puhtana, v\u00e4hendab hambakatu kogunemist ning ks\u00fclitool aitab s\u00e4ilitada terveid ja tugevaid hambaid.<\/li>\n<li>Tavap\u00e4rases suuh\u00fcgieeni protseduuris lisage niidi ja harja k\u00f5rvale doTERRA On Guard suuvesi, et s\u00e4ilitada terve suu limaskest ja pikaajaline v\u00e4rskendav hingamine.<\/li>\n<\/ul>\n","protected":false},"excerpt":{"rendered":"<ul>\n<li>doTERRA On Guard\u2122 alkoholivaba suuvesi on m\u00f5eldud hammaste ja igemete puhastamiseks, hambakatu v\u00e4hendamiseks ja tervisliku v\u00e4limusega naeratuse edendamiseks, kasutades seda igap\u00e4evase h\u00fcgieeni osana<\/li>\n<li>Miswaki puu ekstrakt (kasutati 7000 aastat tagasi hammaste harjamiseks) aitab elavdada hingamist ja hoida hambad puhtana, v\u00e4hendab hambakatu kogunemist ning ks\u00fclitool aitab s\u00e4ilitada terveid ja tugevaid hambaid<\/li>\n<\/ul>\n","protected":false},"featured_media":13559,"template":"","meta":{"site-sidebar-layout":"default","site-content-layout":"default","ast-site-content-layout":"default","site-content-style":"default","site-sidebar-style":"default","ast-global-header-display":"","ast-banner-title-visibility":"","ast-main-header-display":"","ast-hfb-above-header-display":"","ast-hfb-below-header-display":"","ast-hfb-mobile-header-display":"","site-post-title":"","ast-breadcrumbs-content":"","ast-featured-img":"","footer-sml-layout":"","ast-disable-related-posts":"","theme-transparent-header-meta":"default","adv-header-id-meta":"","stick-header-meta":"","header-above-stick-meta":"","header-main-stick-meta":"","header-below-stick-meta":"","astra-migrate-meta-layouts":"default","ast-page-background-enabled":"default","ast-page-background-meta":{"desktop":{"background-color":"","background-image":"","background-repeat":"repeat","background-position":"center center","background-size":"auto","background-attachment":"scroll","background-type":"","background-media":"","overlay-type":"","overlay-color":"","overlay-opacity":"","overlay-gradient":""},"tablet":{"background-color":"","background-image":"","background-repeat":"repeat","background-position":"center center","background-size":"auto","background-attachment":"scroll","background-type":"","background-media":"","overlay-type":"","overlay-color":"","overlay-opacity":"","overlay-gradient":""},"mobile":{"background-color":"","background-image":"","background-repeat":"repeat","background-position":"center center","background-size":"auto","background-attachment":"scroll","background-type":"","background-media":"","overlay-type":"","overlay-color":"","overlay-opacity":"","overlay-gradient":""}},"ast-content-background-meta":{"desktop":{"background-color":"var(--ast-global-color-5)","background-image":"","background-repeat":"repeat","background-position":"center center","background-size":"auto","background-attachment":"scroll","background-type":"","background-media":"","overlay-type":"","overlay-color":"","overlay-opacity":"","overlay-gradient":""},"tablet":{"background-color":"var(--ast-global-color-5)","background-image":"","background-repeat":"repeat","background-position":"center center","background-size":"auto","background-attachment":"scroll","background-type":"","background-media":"","overlay-type":"","overlay-color":"","overlay-opacity":"","overlay-gradient":""},"mobile":{"background-color":"var(--ast-global-color-5)","background-image":"","background-repeat":"repeat","background-position":"center center","background-size":"auto","background-attachment":"scroll","background-type":"","background-media":"","overlay-type":"","overlay-color":"","overlay-opacity":"","overlay-gradient":""}}},"product_brand":[],"product_cat":[1701,1710,1746],"product_tag":[795,1439,1547],"class_list":{"0":"post-15965","1":"product","2":"type-product","3":"status-publish","4":"has-post-thumbnail","6":"product_cat-eeterlike-olide-segud","7":"product_cat-hugieen-ja-nahahooldus","8":"product_cat-on-guard-tooted","9":"product_tag-100ml-et","10":"product_tag-on-guard-et","11":"product_tag-suuvesi","12":"desktop-align-left","13":"tablet-align-left","14":"mobile-align-left","16":"first","17":"outofstock","18":"sale","19":"taxable","20":"shipping-taxable","21":"purchasable","22":"product-type-simple"},"_links":{"self":[{"href":"https:\/\/mamaterra.lt\/et\/wp-json\/wp\/v2\/product\/15965","targetHints":{"allow":["GET"]}}],"collection":[{"href":"https:\/\/mamaterra.lt\/et\/wp-json\/wp\/v2\/product"}],"about":[{"href":"https:\/\/mamaterra.lt\/et\/wp-json\/wp\/v2\/types\/product"}],"wp:featuredmedia":[{"embeddable":true,"href":"https:\/\/mamaterra.lt\/et\/wp-json\/wp\/v2\/media\/13559"}],"wp:attachment":[{"href":"https:\/\/mamaterra.lt\/et\/wp-json\/wp\/v2\/media?parent=15965"}],"wp:term":[{"taxonomy":"product_brand","embeddable":true,"href":"https:\/\/mamaterra.lt\/et\/wp-json\/wp\/v2\/product_brand?post=15965"},{"taxonomy":"product_cat","embeddable":true,"href":"https:\/\/mamaterra.lt\/et\/wp-json\/wp\/v2\/product_cat?post=15965"},{"taxonomy":"product_tag","embeddable":true,"href":"https:\/\/mamaterra.lt\/et\/wp-json\/wp\/v2\/product_tag?post=15965"}],"curies":[{"name":"wp","href":"https:\/\/api.w.org\/{rel}","templated":true}]}}