{"id":15963,"date":"2022-07-13T15:05:12","date_gmt":"2022-07-13T14:05:12","guid":{"rendered":"https:\/\/mamaterra.lt\/parduotuve\/maaratlemata\/sidrunmurt-pure-doterra-eeterlik-oli-5ml\/"},"modified":"2022-07-13T15:05:12","modified_gmt":"2022-07-13T14:05:12","slug":"sidrun-murt-puhas-doterra-eeterlik-oli-5ml","status":"publish","type":"product","link":"https:\/\/mamaterra.lt\/et\/parduotuve\/eeterlikud-olid\/puhtad-eeterlikud-olid\/sidrun-murt-puhas-doterra-eeterlik-oli-5ml\/","title":{"rendered":"SIDRUNM\u00dcRT Pure doterra eeterlik \u00f5li 5ml"},"content":{"rendered":"<p><strong>doTERRA SIDRUNIM\u00dcRTI EETERLIK \u00d5LI<\/strong><\/p>\n<p>Lemon Myrtle Backhousia citriodora | 5 ml<\/p>\n<p>&nbsp;<\/p>\n<p><strong>SIDRUN MYRTLE Pure doterra eeterlik \u00f5li<\/strong><\/p>\n<p>Austraaliast p\u00e4rit sidrunim\u00fcrti on aborigeenide ja Torrese saarte elanike toitumises juba ammu kasutatud. Sidrunm\u00fcrti eeterlik \u00f5li destilleeritakse tsitruseliste l\u00f5hnaga subtroopiliste sidrunim\u00fcrtlimelli taimede lehtedest. Sidrunm\u00fcrti eeterlikul \u00f5lil on rahustav ja l\u00f5\u00f5gastav aroom.<\/p>\n<p><strong>Millised on sidrunim\u00fcrti eelised?<\/strong><\/p>\n<p>Citralis, millel on puhastavad omadused, on sidruni m\u00fcrti peamine keemiline komponent. Kasutage sidrunim\u00fcrti naha v\u00f5i pindade puhastamiseks v\u00f5i \u00f5hu puhastamiseks. Et mitte nahka sensibiliseerida, lahjendage sidruni m\u00fcrt alati \u00f5liga.<\/p>\n<p>Magus, sidruni ja kergelt taimne aroom &#8211; sidruni m\u00fcrti l\u00f5hn samal ajal rahustab ja t\u00f5stab meeleolu.<\/p>\n<p><strong>LEMON MYRTLE Pure Doterra eeterlik \u00f5li Kasutab:<\/strong><\/p>\n<ul>\n<li>Levitage ruumis ultraheli hajutiga nii, et ruumi aroom rahustab ja l\u00f5dvestab.<\/li>\n<li>Lisa veele tilk sidrunim\u00fcrti eeterlikku \u00f5li, smuutit, smuutit, et tunda v\u00e4rskust.<\/li>\n<li>Lisage vee ja valge \u00e4\u00e4dikaga pihustisse paar tilka sidrunim\u00fcrti ja metsikut apelsini ning teil on imelise l\u00f5hnaga pinnapuhastaja.<\/li>\n<li>Lisage 1 tilk n\u00e4opuhastus- v\u00f5i niisutajale, et parandada puhastavaid omadusi ja l\u00f5hnata maitsvalt.<\/li>\n<\/ul>\n<p><strong>LEMON MYRTLE Pure doTERRA eeterliku \u00f5li kasutusjuhend:<\/strong><\/p>\n<ul>\n<li><strong>Difusiooni teel:<\/strong> Kasutage valitud hajutis 3-4 tilka.<\/li>\n<li><strong>Kasutage toidu aroomi jaoks:<\/strong> Lisage toidule 1-2 tilka.<\/li>\n<\/ul>\n","protected":false},"excerpt":{"rendered":"<ul>\n<li>Sidrunm\u00fcrti eeterlikul \u00f5lil on rahustav ja l\u00f5\u00f5gastav aroom<\/li>\n<li>Sidrunim\u00fcrti l\u00f5hn koos rahustab ja t\u00f5stab tuju<\/li>\n<li>Kasutage sidrunim\u00fcrti naha v\u00f5i pindade puhastamiseks v\u00f5i \u00f5hu puhastamiseks<\/li>\n<\/ul>\n","protected":false},"featured_media":13640,"template":"","meta":{"site-sidebar-layout":"default","site-content-layout":"default","ast-site-content-layout":"default","site-content-style":"default","site-sidebar-style":"default","ast-global-header-display":"","ast-banner-title-visibility":"","ast-main-header-display":"","ast-hfb-above-header-display":"","ast-hfb-below-header-display":"","ast-hfb-mobile-header-display":"","site-post-title":"","ast-breadcrumbs-content":"","ast-featured-img":"","footer-sml-layout":"","ast-disable-related-posts":"","theme-transparent-header-meta":"default","adv-header-id-meta":"","stick-header-meta":"","header-above-stick-meta":"","header-main-stick-meta":"","header-below-stick-meta":"","astra-migrate-meta-layouts":"default","ast-page-background-enabled":"default","ast-page-background-meta":{"desktop":{"background-color":"","background-image":"","background-repeat":"repeat","background-position":"center center","background-size":"auto","background-attachment":"scroll","background-type":"","background-media":"","overlay-type":"","overlay-color":"","overlay-opacity":"","overlay-gradient":""},"tablet":{"background-color":"","background-image":"","background-repeat":"repeat","background-position":"center center","background-size":"auto","background-attachment":"scroll","background-type":"","background-media":"","overlay-type":"","overlay-color":"","overlay-opacity":"","overlay-gradient":""},"mobile":{"background-color":"","background-image":"","background-repeat":"repeat","background-position":"center center","background-size":"auto","background-attachment":"scroll","background-type":"","background-media":"","overlay-type":"","overlay-color":"","overlay-opacity":"","overlay-gradient":""}},"ast-content-background-meta":{"desktop":{"background-color":"var(--ast-global-color-5)","background-image":"","background-repeat":"repeat","background-position":"center center","background-size":"auto","background-attachment":"scroll","background-type":"","background-media":"","overlay-type":"","overlay-color":"","overlay-opacity":"","overlay-gradient":""},"tablet":{"background-color":"var(--ast-global-color-5)","background-image":"","background-repeat":"repeat","background-position":"center center","background-size":"auto","background-attachment":"scroll","background-type":"","background-media":"","overlay-type":"","overlay-color":"","overlay-opacity":"","overlay-gradient":""},"mobile":{"background-color":"var(--ast-global-color-5)","background-image":"","background-repeat":"repeat","background-position":"center center","background-size":"auto","background-attachment":"scroll","background-type":"","background-media":"","overlay-type":"","overlay-color":"","overlay-opacity":"","overlay-gradient":""}}},"product_brand":[],"product_cat":[1699,1705],"product_tag":[715,1532,1461],"class_list":{"0":"post-15963","1":"product","2":"type-product","3":"status-publish","4":"has-post-thumbnail","6":"product_cat-eeterlikud-olid","7":"product_cat-puhtad-eeterlikud-olid","8":"product_tag-5ml-et-2","9":"product_tag-eeterlikud-olid","10":"product_tag-lemon-myrtle-et","11":"desktop-align-left","12":"tablet-align-left","13":"mobile-align-left","15":"first","16":"outofstock","17":"sale","18":"taxable","19":"shipping-taxable","20":"purchasable","21":"product-type-simple"},"_links":{"self":[{"href":"https:\/\/mamaterra.lt\/et\/wp-json\/wp\/v2\/product\/15963","targetHints":{"allow":["GET"]}}],"collection":[{"href":"https:\/\/mamaterra.lt\/et\/wp-json\/wp\/v2\/product"}],"about":[{"href":"https:\/\/mamaterra.lt\/et\/wp-json\/wp\/v2\/types\/product"}],"wp:featuredmedia":[{"embeddable":true,"href":"https:\/\/mamaterra.lt\/et\/wp-json\/wp\/v2\/media\/13640"}],"wp:attachment":[{"href":"https:\/\/mamaterra.lt\/et\/wp-json\/wp\/v2\/media?parent=15963"}],"wp:term":[{"taxonomy":"product_brand","embeddable":true,"href":"https:\/\/mamaterra.lt\/et\/wp-json\/wp\/v2\/product_brand?post=15963"},{"taxonomy":"product_cat","embeddable":true,"href":"https:\/\/mamaterra.lt\/et\/wp-json\/wp\/v2\/product_cat?post=15963"},{"taxonomy":"product_tag","embeddable":true,"href":"https:\/\/mamaterra.lt\/et\/wp-json\/wp\/v2\/product_tag?post=15963"}],"curies":[{"name":"wp","href":"https:\/\/api.w.org\/{rel}","templated":true}]}}