{"id":15959,"date":"2022-06-23T10:33:59","date_gmt":"2022-06-23T09:33:59","guid":{"rendered":"https:\/\/mamaterra.lt\/parduotuve\/maaratlemata\/doterra-volo-difuusor-doterra-rohelise-mandariini-eeterliku-oliga-15ml\/"},"modified":"2022-06-23T10:33:59","modified_gmt":"2022-06-23T09:33:59","slug":"doterra-volo-difuusor-ja-doterra-roheline-mandariin-eeterlik-oli-15ml","status":"publish","type":"product","link":"https:\/\/mamaterra.lt\/et\/parduotuve\/eeterlikud-olid\/puhtad-eeterlikud-olid\/doterra-volo-difuusor-ja-doterra-roheline-mandariin-eeterlik-oli-15ml\/","title":{"rendered":"doTERRA Volo difuusor doTERRA ROHELISE MANDARIINI eeterliku \u00f5liga 15ml"},"content":{"rendered":"<p><strong>doTERRA Volo difuusor doTERRA ROHELISE MANDARIINI eeterliku \u00f5liga 15ml<\/strong><\/p>\n<p>M\u00f5nikord tunneme end \u00fclekoormatuna, sest kanname koormat, mis ei kuulu meile. Kas v\u00f5ib olla, et sul puudub emotsionaalne energia, sest sa v\u00f5tad vastutuse teiste eest? M\u00f5elge sellele, kui proovite avada oma s\u00fcdant s\u00fcgava ja kestva emotsionaalse uuenemise v\u00f5imalusele.<\/p>\n<p>Lisaboonusena saab Volo\u2122 difuusorit osta koos doTERRA roheliste mandariinide eeterliku \u00f5liga (15 ml). Teile meeldib see fantastiline duo!<\/p>\n<p>&nbsp;<\/p>\n<p>Vaadake videot doterra rullhajuti kohta.<\/p>\n<p><iframe title=\"YouTube'i videopleier\" src=\"https:\/\/www.youtube-nocookie.com\/embed\/r8Qy24FYIkA\" width=\"560\" height=\"315\" frameborder=\"0\" allowfullscreen=\"allowfullscreen\"><\/iframe><\/p>\n<p>&nbsp;<\/p>\n<p><strong>doTERRA rullhajuti<\/strong><\/p>\n<p>Kaunis doterra rull-ultraheli\u2122 hajuti on marmorist viimistlusega oon\u00fcks, mis sobib ideaalselt igasse kodu- v\u00f5i kontoriruumi. Rullhajutil on k\u00e4sitsi valmistatud pol\u00fcesiinkivist \u00fclaosa, millel on kohandatud teemantmuster ja valikulised valgustusfunktsioonid: valgusvaba, soe ja s\u00e4rav merevaik. Sellel ainulaadsel hajutil on reguleeritav auru intensiivsuse seade, millel on mitu teile sobivat ajaseadet.<\/p>\n<p><strong>ddoTERRA rullhajuti toote kirjeldus:  <\/strong><\/p>\n<ul>\n<li>V\u00f5ite seadistada tegutsema tund, kolm ja kuus tundi, isegi kui eraldub k\u00f5ige tugevam aur.<\/li>\n<li>Toimib kuni 14 tundi, eraldades n\u00f5rgima auru.<\/li>\n<li>Katab kuni 28 ruutmeetrit. m. Tuba.<\/li>\n<li>Ajastustuli h\u00e4mardub automaatselt.<\/li>\n<li>Valgustusseaded valitakse: ilma valgustuseta, sooja valguse v\u00f5i ereda merevaigukollase valguseta.<\/li>\n<\/ul>\n<p>&nbsp;<\/p>\n<p><strong>ROHELINE MANDARIIN Pure doTERRA eeterlik \u00f5li 15ml<\/strong><\/p>\n<p>Kasutage seda eeterlikku \u00f5li 21 p\u00e4eva j\u00e4rjest k\u00f5igil 3 viisil ja kogete mitte ainult emotsionaalset paranemist, vaid ka muid eeliseid f\u00fc\u00fcsilisele kehale.<\/p>\n<p><strong>Rohelise mandariini doTERRA eeterliku \u00f5li kasutamine:<\/strong><\/p>\n<ul>\n<li>See \u00f5li sobib eriti h\u00e4sti lastele ja eriti tundlikele inimestele. Kui kasutad koos Lavendli, Vetiveri, Roosi ja\/v\u00f5i Nerolisega, aitad rahustada negatiivseid emotsioone ning tagad f\u00fc\u00fcsilise ja emotsionaalse stabiilsuse.<\/li>\n<li>Viha, n\u00e4rvilisuse kontrollimiseks ja sisemise lapse \u00e4ratamiseks &#8211; aur, tilgutage \u00fcks tilk keele alla v\u00f5i jooge veega ning rakendage ka pulseerivat piirkonda (v\u00f5idetud alad ei tohiks kell 12 p\u00e4ikest ega muid ultraviolettkiiri saada).<\/li>\n<li>Kui tunnete end m\u00f5nikord \u00f5hupallina, kandke peale k\u00f5hu lahjendamist, jooge veega.<\/li>\n<\/ul>\n","protected":false},"excerpt":{"rendered":"<ul>\n<li>Ilus doTERRA Roller\u2122 ultraheli hajuti<\/li>\n<li>doTERRA Roller hajuti on oon\u00fcksi v\u00e4rvi marmorist viimistlus, mis sobib ideaalselt igasse kodu- v\u00f5i kontoriruumi<\/li>\n<li>doTERRA Roller on ainulaadne hajuti, millel on reguleeritav auru intensiivsuse seadistus koos mitme teile sobiva ajaseadega<\/li>\n<li>Lisab Green Mandarin pure doTERRA eeterlikku \u00f5li 15ml<\/li>\n<\/ul>\n","protected":false},"featured_media":13532,"template":"","meta":{"site-sidebar-layout":"default","site-content-layout":"default","ast-site-content-layout":"default","site-content-style":"default","site-sidebar-style":"default","ast-global-header-display":"","ast-banner-title-visibility":"","ast-main-header-display":"","ast-hfb-above-header-display":"","ast-hfb-below-header-display":"","ast-hfb-mobile-header-display":"","site-post-title":"","ast-breadcrumbs-content":"","ast-featured-img":"","footer-sml-layout":"","ast-disable-related-posts":"","theme-transparent-header-meta":"default","adv-header-id-meta":"","stick-header-meta":"","header-above-stick-meta":"","header-main-stick-meta":"","header-below-stick-meta":"","astra-migrate-meta-layouts":"default","ast-page-background-enabled":"default","ast-page-background-meta":{"desktop":{"background-color":"","background-image":"","background-repeat":"repeat","background-position":"center center","background-size":"auto","background-attachment":"scroll","background-type":"","background-media":"","overlay-type":"","overlay-color":"","overlay-opacity":"","overlay-gradient":""},"tablet":{"background-color":"","background-image":"","background-repeat":"repeat","background-position":"center center","background-size":"auto","background-attachment":"scroll","background-type":"","background-media":"","overlay-type":"","overlay-color":"","overlay-opacity":"","overlay-gradient":""},"mobile":{"background-color":"","background-image":"","background-repeat":"repeat","background-position":"center center","background-size":"auto","background-attachment":"scroll","background-type":"","background-media":"","overlay-type":"","overlay-color":"","overlay-opacity":"","overlay-gradient":""}},"ast-content-background-meta":{"desktop":{"background-color":"var(--ast-global-color-5)","background-image":"","background-repeat":"repeat","background-position":"center center","background-size":"auto","background-attachment":"scroll","background-type":"","background-media":"","overlay-type":"","overlay-color":"","overlay-opacity":"","overlay-gradient":""},"tablet":{"background-color":"var(--ast-global-color-5)","background-image":"","background-repeat":"repeat","background-position":"center center","background-size":"auto","background-attachment":"scroll","background-type":"","background-media":"","overlay-type":"","overlay-color":"","overlay-opacity":"","overlay-gradient":""},"mobile":{"background-color":"var(--ast-global-color-5)","background-image":"","background-repeat":"repeat","background-position":"center center","background-size":"auto","background-attachment":"scroll","background-type":"","background-media":"","overlay-type":"","overlay-color":"","overlay-opacity":"","overlay-gradient":""}}},"product_brand":[],"product_cat":[1687,1705,1759,1753],"product_tag":[731,1221,1532,1526,876],"class_list":{"0":"post-15959","1":"product","2":"type-product","3":"status-publish","4":"has-post-thumbnail","6":"product_cat-hajutid","7":"product_cat-puhtad-eeterlikud-olid","8":"product_cat-seedimine","9":"product_cat-stressi-juhtimine","10":"product_tag-15ml-et","11":"product_tag-doterra-et","12":"product_tag-eeterlikud-olid","13":"product_tag-hajuti","14":"product_tag-volo-et","15":"desktop-align-left","16":"tablet-align-left","17":"mobile-align-left","19":"first","20":"outofstock","21":"taxable","22":"shipping-taxable","23":"purchasable","24":"product-type-simple"},"_links":{"self":[{"href":"https:\/\/mamaterra.lt\/et\/wp-json\/wp\/v2\/product\/15959","targetHints":{"allow":["GET"]}}],"collection":[{"href":"https:\/\/mamaterra.lt\/et\/wp-json\/wp\/v2\/product"}],"about":[{"href":"https:\/\/mamaterra.lt\/et\/wp-json\/wp\/v2\/types\/product"}],"wp:featuredmedia":[{"embeddable":true,"href":"https:\/\/mamaterra.lt\/et\/wp-json\/wp\/v2\/media\/13532"}],"wp:attachment":[{"href":"https:\/\/mamaterra.lt\/et\/wp-json\/wp\/v2\/media?parent=15959"}],"wp:term":[{"taxonomy":"product_brand","embeddable":true,"href":"https:\/\/mamaterra.lt\/et\/wp-json\/wp\/v2\/product_brand?post=15959"},{"taxonomy":"product_cat","embeddable":true,"href":"https:\/\/mamaterra.lt\/et\/wp-json\/wp\/v2\/product_cat?post=15959"},{"taxonomy":"product_tag","embeddable":true,"href":"https:\/\/mamaterra.lt\/et\/wp-json\/wp\/v2\/product_tag?post=15959"}],"curies":[{"name":"wp","href":"https:\/\/api.w.org\/{rel}","templated":true}]}}