{"id":15949,"date":"2022-05-10T18:05:21","date_gmt":"2022-05-10T17:05:21","guid":{"rendered":"https:\/\/mamaterra.lt\/parduotuve\/maaratlemata\/doterra-toidulisandite-pikaealisuse-kompleks-elukestva-elujou-pakett-3-toidulisandikarpi\/"},"modified":"2022-05-10T18:05:21","modified_gmt":"2022-05-10T17:05:21","slug":"doterra-toidulisandid-kompleks-llv-elukestev-elujoud-pakend-3-tekid","status":"publish","type":"product","link":"https:\/\/mamaterra.lt\/et\/parduotuve\/vitamiinid-ja-toidulisandid\/doterra-toidulisandid-kompleks-llv-elukestev-elujoud-pakend-3-tekid\/","title":{"rendered":"doTERRA toidulisandite pikaealisuse kompleks &#8211; elukestva eluj\u00f5u pakett (3 toidulisandikarpi)"},"content":{"rendered":"<p><strong>doTERRA toidulisandite pikaealisuse kompleks &#8211; elukestva eluj\u00f5u pakett (3 toidulisandikarpi)<\/strong><\/p>\n<p>doTERRA elukestev eluj\u00f5upakett &#8211; pikaealisuse kompleks &#8211; on \u00fcks populaarsemaid doTERRA tooteid, mis sisaldab palju olulisi toitaineid, ainevahetusele kasulikke aineid ja v\u00f5imsaid antioks\u00fcdante, et edendada energiat, tervist ja elukestvat eluj\u00f5udu.<\/p>\n<p><strong>doTERRA toidulisandite pikaealisuse kompleks &#8211; LLV elukestev eluj\u00f5u pakett (3 toidulisandikarpi) Koosneb:<\/strong><\/p>\n<ol>\n<li>doTERRA eeterlikud \u00f5lid ja omega rasvhapete kompleks xEO MEGA\u2122 (120 kapslit)<\/li>\n<li>doTERRA toidulisandite kompleks rakkude eluj\u00f5ulisuse tagamiseks Alpha CRS\u2122 +<\/li>\n<li>doTERRA toitainete kompleks mikropleks VMz\u2122<\/li>\n<\/ol>\n<p>&nbsp;<\/p>\n<p>Vaadake videot selle h\u00e4mmastava doterra toidulisandite kompleksi kohta.<br \/>\n<iframe title=\"YouTube'i videopleier\" src=\"https:\/\/www.youtube-nocookie.com\/embed\/eC8j7UUpWN8\" width=\"560\" height=\"315\" frameborder=\"0\" allowfullscreen=\"allowfullscreen\"><\/iframe><\/p>\n<p>&nbsp;<\/p>\n<p><strong>doTERRA t\u00e4iendab pikaealisuse kompleksi &#8211; LLV elukestva eluj\u00f5u paketi peamised eelised:<\/strong><\/p>\n<ul>\n<li>\u00dcldine heaolu ja eluj\u00f5ud<\/li>\n<li>Antioks\u00fcdandid ja DNA kaitse<\/li>\n<li>Energia ainevahetus<\/li>\n<li>Luude tervis<\/li>\n<li>Immuunfunktsioon<\/li>\n<li>Stressi juhtimine<\/li>\n<li>S\u00fcdame-veresoonkonna tervis<\/li>\n<li>Terved juuksed, nahk ja k\u00fc\u00fcned<\/li>\n<li>Silmad, aju, n\u00e4rvis\u00fcsteem<\/li>\n<li>Maksafunktsioon ja seedes\u00fcsteemi tervis<\/li>\n<li>Kopsude ja hingamisteede tervis<\/li>\n<li>\u00d5rn k\u00f5hule<\/li>\n<li>Ei sisalda geneetiliselt muundatud aineid, ilma piimatoodeteta<\/li>\n<\/ul>\n<p><strong>doTERRA toidulisandite pikaajaline kompleks &#8211; LLV elukestev eluj\u00f5u pakett Pikk kirjeldus:<\/strong><\/p>\n<p>doTERRA elukestev eluj\u00f5ud &#8211; pikaealisuse programm v\u00f5imaldab teil astuda esimese sammu eluj\u00f5u ja heaolu poole kogu elu jooksul &#8211; see on mugav ja odav. Meie tervis ja eluj\u00f5ud kogu elu jooksul s\u00f5ltuvad paljudest teguritest, sealhulgas toitumisest, kehalisest aktiivsusest, kehakaalu reguleerimisest, puhkusest, stressijuhtimisest, kokkupuutest toksiinidega ja p\u00e4rilikust geneetilisest eelsoodumusest haigusele v\u00f5i taastumisele. Kuigi m\u00f5ned neist muutujatest ei ole meil absoluutselt mingit kontrolli, n\u00e4itavad arenenud uuringud mitmeid viise, kuidas me saame m\u00f5jutada &#8211; ja isegi kontrollida &#8211; vananemise ja heaolu olulisi tegureid. Pikk eluiga, mis on t\u00e4is eluj\u00f5udu ja tervislikku vananemist, algab asjaolust, et pakume rakkudele vajalikke toitaineid ja metaboolseid tegureid, mis aitavad neil optimaalselt toimida. S\u00e4\u00e4stke m\u00e4rkimisv\u00e4\u00e4rne summa, ostes need kolm toodet kokku mugavas pakendis!<\/p>\n<p><strong>doTERRA toidulisandite pikaealisuse kompleks &#8211; LLV elukestva eluj\u00f5u paketi kasutamise n\u00e4pun\u00e4ited:<\/strong><\/p>\n<p>V\u00f5tke iga valemit hommikul ja \u00f5htul koos toiduga v\u00f5i k\u00f5ik koos toiduga, nagu on n\u00e4idatud pudelil. V\u00f5ite v\u00f5tta kuni neli annust iga toidulisandit p\u00e4evas. Toidulisandite maksimaalse annuse v\u00f5tmine on piisav kuu aega.<\/p>\n<p>Lisateavet selle lisakompleksi <strong><br \/>\n kohta <a href=\"https:\/\/mamaterra.lt\/doterra-lifelong-vitality-pack-ilgaamziskumo-kompleksas-omega3-antioksidantai-vitaminai-mineralai-augalinesomega3\/\" target=\"_blank\" rel=\"noopener\">leiate siit<\/a><br \/>\n  <\/strong>.<\/p>\n","protected":false},"excerpt":{"rendered":"<ul>\n<li>doTERRA elukestev eluj\u00f5u pakett &#8211; pikaealisuse kompleks &#8211; on \u00fcks populaarsemaid doTERRA tooteid, mis sisaldab palju olulisi toitaineid, ainevahetust soodustavaid aineid ja v\u00f5imsaid antioks\u00fcdante, et edendada energiat, tervist ja elukestvat eluj\u00f5udu<\/li>\n<li>Kompleks koosneb 3 erinevast doTERRA toidulisandist:<\/li>\n<\/ul>\n<ol>\n<li style=\"list-style-type: none;\">\n<ol>\n<li>doTERRA eeterlikud \u00f5lid ja omega rasvhapete kompleks xEO MEGA\u2122 (120 kapslit)<\/li>\n<li>doTERRA toidulisandite kompleks rakkude eluj\u00f5ulisuse tagamiseks Alpha CRS\u2122 +<\/li>\n<li>doTERRA toitainete kompleks Microplex VMz\u2122<\/li>\n<\/ol>\n<\/li>\n<\/ol>\n","protected":false},"featured_media":13481,"template":"","meta":{"site-sidebar-layout":"default","site-content-layout":"default","ast-site-content-layout":"default","site-content-style":"default","site-sidebar-style":"default","ast-global-header-display":"","ast-banner-title-visibility":"","ast-main-header-display":"","ast-hfb-above-header-display":"","ast-hfb-below-header-display":"","ast-hfb-mobile-header-display":"","site-post-title":"","ast-breadcrumbs-content":"","ast-featured-img":"","footer-sml-layout":"","ast-disable-related-posts":"","theme-transparent-header-meta":"default","adv-header-id-meta":"","stick-header-meta":"","header-above-stick-meta":"","header-main-stick-meta":"","header-below-stick-meta":"","astra-migrate-meta-layouts":"default","ast-page-background-enabled":"default","ast-page-background-meta":{"desktop":{"background-color":"","background-image":"","background-repeat":"repeat","background-position":"center center","background-size":"auto","background-attachment":"scroll","background-type":"","background-media":"","overlay-type":"","overlay-color":"","overlay-opacity":"","overlay-gradient":""},"tablet":{"background-color":"","background-image":"","background-repeat":"repeat","background-position":"center center","background-size":"auto","background-attachment":"scroll","background-type":"","background-media":"","overlay-type":"","overlay-color":"","overlay-opacity":"","overlay-gradient":""},"mobile":{"background-color":"","background-image":"","background-repeat":"repeat","background-position":"center center","background-size":"auto","background-attachment":"scroll","background-type":"","background-media":"","overlay-type":"","overlay-color":"","overlay-opacity":"","overlay-gradient":""}},"ast-content-background-meta":{"desktop":{"background-color":"var(--ast-global-color-5)","background-image":"","background-repeat":"repeat","background-position":"center center","background-size":"auto","background-attachment":"scroll","background-type":"","background-media":"","overlay-type":"","overlay-color":"","overlay-opacity":"","overlay-gradient":""},"tablet":{"background-color":"var(--ast-global-color-5)","background-image":"","background-repeat":"repeat","background-position":"center center","background-size":"auto","background-attachment":"scroll","background-type":"","background-media":"","overlay-type":"","overlay-color":"","overlay-opacity":"","overlay-gradient":""},"mobile":{"background-color":"var(--ast-global-color-5)","background-image":"","background-repeat":"repeat","background-position":"center center","background-size":"auto","background-attachment":"scroll","background-type":"","background-media":"","overlay-type":"","overlay-color":"","overlay-opacity":"","overlay-gradient":""}}},"product_brand":[],"product_cat":[1761],"product_tag":[1221,1579],"class_list":{"0":"post-15949","1":"product","2":"type-product","3":"status-publish","4":"has-post-thumbnail","6":"product_cat-vitamiinid-ja-toidulisandid","7":"product_tag-doterra-et","8":"product_tag-populaarne","9":"desktop-align-left","10":"tablet-align-left","11":"mobile-align-left","13":"first","14":"instock","15":"taxable","16":"shipping-taxable","17":"purchasable","18":"product-type-simple"},"_links":{"self":[{"href":"https:\/\/mamaterra.lt\/et\/wp-json\/wp\/v2\/product\/15949","targetHints":{"allow":["GET"]}}],"collection":[{"href":"https:\/\/mamaterra.lt\/et\/wp-json\/wp\/v2\/product"}],"about":[{"href":"https:\/\/mamaterra.lt\/et\/wp-json\/wp\/v2\/types\/product"}],"wp:featuredmedia":[{"embeddable":true,"href":"https:\/\/mamaterra.lt\/et\/wp-json\/wp\/v2\/media\/13481"}],"wp:attachment":[{"href":"https:\/\/mamaterra.lt\/et\/wp-json\/wp\/v2\/media?parent=15949"}],"wp:term":[{"taxonomy":"product_brand","embeddable":true,"href":"https:\/\/mamaterra.lt\/et\/wp-json\/wp\/v2\/product_brand?post=15949"},{"taxonomy":"product_cat","embeddable":true,"href":"https:\/\/mamaterra.lt\/et\/wp-json\/wp\/v2\/product_cat?post=15949"},{"taxonomy":"product_tag","embeddable":true,"href":"https:\/\/mamaterra.lt\/et\/wp-json\/wp\/v2\/product_tag?post=15949"}],"curies":[{"name":"wp","href":"https:\/\/api.w.org\/{rel}","templated":true}]}}