{"id":15945,"date":"2022-07-01T09:40:24","date_gmt":"2022-07-01T08:40:24","guid":{"rendered":"https:\/\/mamaterra.lt\/parduotuve\/maaratlemata\/doterra-amber-colours-sadelev-kasipesu-dosaator-amber-foaming-hand-wash-dosator-236-5ml\/"},"modified":"2022-07-01T09:40:24","modified_gmt":"2022-07-01T08:40:24","slug":"doterra-merevaigukollane-varviline-vahutav-puhastaja-dosaator-merevaik-vahutav-kasipesu-dosaator-236ml","status":"publish","type":"product","link":"https:\/\/mamaterra.lt\/et\/parduotuve\/hugieen-ja-nahahooldus\/doterra-merevaigukollane-varviline-vahutav-puhastaja-dosaator-merevaik-vahutav-kasipesu-dosaator-236ml\/","title":{"rendered":"doTERRA Amber Colours s\u00e4delev k\u00e4sipesu dosaator (Amber Foaming Hand Wash Dosator) 236.5ml"},"content":{"rendered":"<p><strong>doTERRA Amber Colours s\u00e4delev k\u00e4sipesu dosaator (Amber Foaming Hand Wash Dosator) 236ml<\/strong><\/p>\n<ul>\n<li>Merevaiguv\u00e4rvi vahutav k\u00e4tepesumasin on ideaalne viis nautida oma lemmikuid doTERRA s\u00e4delevaid k\u00e4teseepe.<\/li>\n<li>Ainulaadse stiilse disainiga<b> 236,5 ml <\/b>dosaator t\u00e4iendab suurep\u00e4raselt iga k\u00f6\u00f6ki v\u00f5i vannituba: t\u00e4nu lihtsale t\u00e4iustatud pumbale saate j\u00e4tkata oma lemmikaroomide nautimist kodus v\u00f5i kontoris!<\/li>\n<\/ul>\n<p>Alates t\u00e4nasest m\u00e4rkate, et On Guard\u2122 k\u00e4sipesu dosaator asendatakse selle t\u00e4iustatud tarvikuga, mis sisaldub valitud doTERRA komplektides. On Guard\u2122 k\u00e4sipesulaparaadi ei ole enam tootmises ja seda ei lisata alates t\u00e4nasest enam komplektidesse. Saate selle jaoturi eraldi osta, kuni meil on nende kaupade saldo.<\/p>\n<p>&nbsp;<\/p>\n","protected":false},"excerpt":{"rendered":"<ul>\n<li>Merevaiguv\u00e4rvi vahutav k\u00e4tepesumasin on ideaalne viis nautida oma lemmikuid doTERRA s\u00e4delevaid k\u00e4teseepe.<\/li>\n<li>Ainulaadse stiilse disainiga<b> 236,5 ml <\/b>dosaator t\u00e4iendab suurep\u00e4raselt iga k\u00f6\u00f6ki v\u00f5i vannituba: t\u00e4nu lihtsale t\u00e4iustatud pumbale saate j\u00e4tkata oma lemmikaroomide nautimist kodus v\u00f5i kontoris!<\/li>\n<\/ul>\n","protected":false},"featured_media":13544,"template":"","meta":{"site-sidebar-layout":"default","site-content-layout":"default","ast-site-content-layout":"default","site-content-style":"default","site-sidebar-style":"default","ast-global-header-display":"","ast-banner-title-visibility":"","ast-main-header-display":"","ast-hfb-above-header-display":"","ast-hfb-below-header-display":"","ast-hfb-mobile-header-display":"","site-post-title":"","ast-breadcrumbs-content":"","ast-featured-img":"","footer-sml-layout":"","ast-disable-related-posts":"","theme-transparent-header-meta":"default","adv-header-id-meta":"","stick-header-meta":"","header-above-stick-meta":"","header-main-stick-meta":"","header-below-stick-meta":"","astra-migrate-meta-layouts":"default","ast-page-background-enabled":"default","ast-page-background-meta":{"desktop":{"background-color":"","background-image":"","background-repeat":"repeat","background-position":"center center","background-size":"auto","background-attachment":"scroll","background-type":"","background-media":"","overlay-type":"","overlay-color":"","overlay-opacity":"","overlay-gradient":""},"tablet":{"background-color":"","background-image":"","background-repeat":"repeat","background-position":"center center","background-size":"auto","background-attachment":"scroll","background-type":"","background-media":"","overlay-type":"","overlay-color":"","overlay-opacity":"","overlay-gradient":""},"mobile":{"background-color":"","background-image":"","background-repeat":"repeat","background-position":"center center","background-size":"auto","background-attachment":"scroll","background-type":"","background-media":"","overlay-type":"","overlay-color":"","overlay-opacity":"","overlay-gradient":""}},"ast-content-background-meta":{"desktop":{"background-color":"var(--ast-global-color-5)","background-image":"","background-repeat":"repeat","background-position":"center center","background-size":"auto","background-attachment":"scroll","background-type":"","background-media":"","overlay-type":"","overlay-color":"","overlay-opacity":"","overlay-gradient":""},"tablet":{"background-color":"var(--ast-global-color-5)","background-image":"","background-repeat":"repeat","background-position":"center center","background-size":"auto","background-attachment":"scroll","background-type":"","background-media":"","overlay-type":"","overlay-color":"","overlay-opacity":"","overlay-gradient":""},"mobile":{"background-color":"var(--ast-global-color-5)","background-image":"","background-repeat":"repeat","background-position":"center center","background-size":"auto","background-attachment":"scroll","background-type":"","background-media":"","overlay-type":"","overlay-color":"","overlay-opacity":"","overlay-gradient":""}}},"product_brand":[],"product_cat":[1710],"product_tag":[824,715,1620,1618],"class_list":{"0":"post-15945","1":"product","2":"type-product","3":"status-publish","4":"has-post-thumbnail","6":"product_cat-hugieen-ja-nahahooldus","7":"product_tag-236-et","8":"product_tag-5ml-et-2","9":"product_tag-dosaator-et","10":"product_tag-dosaator","11":"desktop-align-left","12":"tablet-align-left","13":"mobile-align-left","15":"first","16":"instock","17":"taxable","18":"shipping-taxable","19":"purchasable","20":"product-type-simple"},"_links":{"self":[{"href":"https:\/\/mamaterra.lt\/et\/wp-json\/wp\/v2\/product\/15945","targetHints":{"allow":["GET"]}}],"collection":[{"href":"https:\/\/mamaterra.lt\/et\/wp-json\/wp\/v2\/product"}],"about":[{"href":"https:\/\/mamaterra.lt\/et\/wp-json\/wp\/v2\/types\/product"}],"wp:featuredmedia":[{"embeddable":true,"href":"https:\/\/mamaterra.lt\/et\/wp-json\/wp\/v2\/media\/13544"}],"wp:attachment":[{"href":"https:\/\/mamaterra.lt\/et\/wp-json\/wp\/v2\/media?parent=15945"}],"wp:term":[{"taxonomy":"product_brand","embeddable":true,"href":"https:\/\/mamaterra.lt\/et\/wp-json\/wp\/v2\/product_brand?post=15945"},{"taxonomy":"product_cat","embeddable":true,"href":"https:\/\/mamaterra.lt\/et\/wp-json\/wp\/v2\/product_cat?post=15945"},{"taxonomy":"product_tag","embeddable":true,"href":"https:\/\/mamaterra.lt\/et\/wp-json\/wp\/v2\/product_tag?post=15945"}],"curies":[{"name":"wp","href":"https:\/\/api.w.org\/{rel}","templated":true}]}}